{"id":73062,"date":"2026-02-06T11:16:06","date_gmt":"2026-02-06T11:16:06","guid":{"rendered":"https:\/\/www.churchill1795.com\/?post_type=product&#038;p=73062"},"modified":"2026-02-06T11:16:11","modified_gmt":"2026-02-06T11:16:11","slug":"schale-opal-23cm-6","status":"publish","type":"product","link":"https:\/\/www.churchill1795.com\/de\/produkt\/schale-opal-23cm-6\/","title":{"rendered":"SCHALE OPAL 23CM"},"content":{"rendered":"<p>Opal ist eine Kollektion zeitgem\u00e4\u00dfer Formen, inspiriert von den organischen Linien der Natur. Erh\u00e4ltlich als Teller und Schalen eignet sich die dezente, zeitlose Form besonders f\u00fcr die Pr\u00e4sentation frischer und saisonaler Gerichte.<\/p>\n","protected":false},"excerpt":{"rendered":"<p>Opal ist eine Kollektion zeitgem\u00e4\u00dfer Formen, inspiriert von den organischen Linien der Natur.<\/p>\n","protected":false},"featured_media":72691,"template":"","meta":{"_acf_changed":false,"content-type":""},"product_brand":[],"product_cat":[3588,10325],"product_tag":[],"class_list":{"0":"post-73062","1":"product","2":"type-product","3":"status-publish","4":"has-post-thumbnail","6":"product_cat-schalen","7":"product_cat-something-different-bowls","8":"pa_colour-white-de","9":"pa_filter-capacity-31-60cl-10-4-20-2oz-de","10":"pa_filter-colour-weis","11":"pa_filter-material-keramik","12":"pa_filter-width-21-25cm-8-2-10-de","13":"pa_material-churchill-super-vitrified-de","14":"pa_shape-organisch","15":"pa_size-23cm-9-de","16":"range-opal","17":"brand-churchill-super-vitrified","18":"shape-code-obo8","20":"first","21":"instock","22":"purchasable","23":"product-type-simple","24":"add-to-wishlist-after_add_to_cart"},"acf":[],"yoast_head":"<!-- This site is optimized with the Yoast SEO plugin v27.3 - https:\/\/yoast.com\/product\/yoast-seo-wordpress\/ -->\n<title>Churchill White 23cm Opal-Schale<\/title>\n<meta name=\"description\" content=\"23cm wei\u00dfer Opal-Teller mit sanft geschwungenem Formdesign. Strapazierf\u00e4higes professionelles Geschirr. Mehr erfahren.\" \/>\n<meta name=\"robots\" content=\"index, follow, max-snippet:-1, max-image-preview:large, max-video-preview:-1\" \/>\n<link rel=\"canonical\" href=\"https:\/\/www.churchill1795.com\/en\/produkt\/opal-bowl-23cm-6\/\" \/>\n<meta property=\"og:locale\" content=\"de_DE\" \/>\n<meta property=\"og:type\" content=\"article\" \/>\n<meta property=\"og:title\" content=\"Churchill White 23cm Opal-Schale\" \/>\n<meta property=\"og:description\" content=\"23cm wei\u00dfer Opal-Teller mit sanft geschwungenem Formdesign. Strapazierf\u00e4higes professionelles Geschirr. Mehr erfahren.\" \/>\n<meta property=\"og:url\" content=\"https:\/\/www.churchill1795.com\/en\/produkt\/opal-bowl-23cm-6\/\" \/>\n<meta property=\"og:site_name\" content=\"Churchill\" \/>\n<meta property=\"article:modified_time\" content=\"2026-02-06T11:16:11+00:00\" \/>\n<meta property=\"og:image\" content=\"https:\/\/www.churchill1795.com\/wp-content\/uploads\/2026\/02\/WH-OBO81.png\" \/>\n\t<meta property=\"og:image:width\" content=\"500\" \/>\n\t<meta property=\"og:image:height\" content=\"500\" \/>\n\t<meta property=\"og:image:type\" content=\"image\/png\" \/>\n<meta name=\"twitter:card\" content=\"summary_large_image\" \/>\n<script type=\"application\/ld+json\" class=\"yoast-schema-graph\">{\"@context\":\"https:\\\/\\\/schema.org\",\"@graph\":[{\"@type\":\"WebPage\",\"@id\":\"https:\\\/\\\/www.churchill1795.com\\\/en\\\/produkt\\\/opal-bowl-23cm-6\\\/\",\"url\":\"https:\\\/\\\/www.churchill1795.com\\\/en\\\/produkt\\\/opal-bowl-23cm-6\\\/\",\"name\":\"Churchill White 23cm Opal-Schale\",\"isPartOf\":{\"@id\":\"https:\\\/\\\/www.churchill1795.com\\\/en\\\/#website\"},\"primaryImageOfPage\":{\"@id\":\"https:\\\/\\\/www.churchill1795.com\\\/en\\\/produkt\\\/opal-bowl-23cm-6\\\/#primaryimage\"},\"image\":{\"@id\":\"https:\\\/\\\/www.churchill1795.com\\\/en\\\/produkt\\\/opal-bowl-23cm-6\\\/#primaryimage\"},\"thumbnailUrl\":\"https:\\\/\\\/www.churchill1795.com\\\/wp-content\\\/uploads\\\/2026\\\/02\\\/WH-OBO81.png\",\"datePublished\":\"2026-02-06T11:16:06+00:00\",\"dateModified\":\"2026-02-06T11:16:11+00:00\",\"description\":\"23cm wei\u00dfer Opal-Teller mit sanft geschwungenem Formdesign. Strapazierf\u00e4higes professionelles Geschirr. Mehr erfahren.\",\"breadcrumb\":{\"@id\":\"https:\\\/\\\/www.churchill1795.com\\\/en\\\/produkt\\\/opal-bowl-23cm-6\\\/#breadcrumb\"},\"inLanguage\":\"de\",\"potentialAction\":[{\"@type\":\"ReadAction\",\"target\":[\"https:\\\/\\\/www.churchill1795.com\\\/en\\\/produkt\\\/opal-bowl-23cm-6\\\/\"]}]},{\"@type\":\"ImageObject\",\"inLanguage\":\"de\",\"@id\":\"https:\\\/\\\/www.churchill1795.com\\\/en\\\/produkt\\\/opal-bowl-23cm-6\\\/#primaryimage\",\"url\":\"https:\\\/\\\/www.churchill1795.com\\\/wp-content\\\/uploads\\\/2026\\\/02\\\/WH-OBO81.png\",\"contentUrl\":\"https:\\\/\\\/www.churchill1795.com\\\/wp-content\\\/uploads\\\/2026\\\/02\\\/WH-OBO81.png\",\"width\":500,\"height\":500},{\"@type\":\"BreadcrumbList\",\"@id\":\"https:\\\/\\\/www.churchill1795.com\\\/en\\\/produkt\\\/opal-bowl-23cm-6\\\/#breadcrumb\",\"itemListElement\":[{\"@type\":\"ListItem\",\"position\":1,\"name\":\"Home\",\"item\":\"https:\\\/\\\/www.churchill1795.com\\\/de\\\/\"},{\"@type\":\"ListItem\",\"position\":2,\"name\":\"SCHALE OPAL 23CM\"}]},{\"@type\":\"WebSite\",\"@id\":\"https:\\\/\\\/www.churchill1795.com\\\/en\\\/#website\",\"url\":\"https:\\\/\\\/www.churchill1795.com\\\/en\\\/\",\"name\":\"Churchill\",\"description\":\"Innovation, Passion &amp; expertise\",\"publisher\":{\"@id\":\"https:\\\/\\\/www.churchill1795.com\\\/en\\\/#organization\"},\"potentialAction\":[{\"@type\":\"SearchAction\",\"target\":{\"@type\":\"EntryPoint\",\"urlTemplate\":\"https:\\\/\\\/www.churchill1795.com\\\/en\\\/?s={search_term_string}\"},\"query-input\":{\"@type\":\"PropertyValueSpecification\",\"valueRequired\":true,\"valueName\":\"search_term_string\"}}],\"inLanguage\":\"de\"},{\"@type\":\"Organization\",\"@id\":\"https:\\\/\\\/www.churchill1795.com\\\/en\\\/#organization\",\"name\":\"Churchill\",\"url\":\"https:\\\/\\\/www.churchill1795.com\\\/en\\\/\",\"logo\":{\"@type\":\"ImageObject\",\"inLanguage\":\"de\",\"@id\":\"https:\\\/\\\/www.churchill1795.com\\\/en\\\/#\\\/schema\\\/logo\\\/image\\\/\",\"url\":\"https:\\\/\\\/www.churchill1795.com\\\/wp-content\\\/uploads\\\/2024\\\/09\\\/logo-1.webp\",\"contentUrl\":\"https:\\\/\\\/www.churchill1795.com\\\/wp-content\\\/uploads\\\/2024\\\/09\\\/logo-1.webp\",\"width\":240,\"height\":88,\"caption\":\"Churchill\"},\"image\":{\"@id\":\"https:\\\/\\\/www.churchill1795.com\\\/en\\\/#\\\/schema\\\/logo\\\/image\\\/\"}}]}<\/script>\n<!-- \/ Yoast SEO plugin. -->","yoast_head_json":{"title":"Churchill White 23cm Opal-Schale","description":"23cm wei\u00dfer Opal-Teller mit sanft geschwungenem Formdesign. Strapazierf\u00e4higes professionelles Geschirr. Mehr erfahren.","robots":{"index":"index","follow":"follow","max-snippet":"max-snippet:-1","max-image-preview":"max-image-preview:large","max-video-preview":"max-video-preview:-1"},"canonical":"https:\/\/www.churchill1795.com\/en\/produkt\/opal-bowl-23cm-6\/","og_locale":"de_DE","og_type":"article","og_title":"Churchill White 23cm Opal-Schale","og_description":"23cm wei\u00dfer Opal-Teller mit sanft geschwungenem Formdesign. Strapazierf\u00e4higes professionelles Geschirr. Mehr erfahren.","og_url":"https:\/\/www.churchill1795.com\/en\/produkt\/opal-bowl-23cm-6\/","og_site_name":"Churchill","article_modified_time":"2026-02-06T11:16:11+00:00","og_image":[{"width":500,"height":500,"url":"https:\/\/www.churchill1795.com\/wp-content\/uploads\/2026\/02\/WH-OBO81.png","type":"image\/png"}],"twitter_card":"summary_large_image","schema":{"@context":"https:\/\/schema.org","@graph":[{"@type":"WebPage","@id":"https:\/\/www.churchill1795.com\/en\/produkt\/opal-bowl-23cm-6\/","url":"https:\/\/www.churchill1795.com\/en\/produkt\/opal-bowl-23cm-6\/","name":"Churchill White 23cm Opal-Schale","isPartOf":{"@id":"https:\/\/www.churchill1795.com\/en\/#website"},"primaryImageOfPage":{"@id":"https:\/\/www.churchill1795.com\/en\/produkt\/opal-bowl-23cm-6\/#primaryimage"},"image":{"@id":"https:\/\/www.churchill1795.com\/en\/produkt\/opal-bowl-23cm-6\/#primaryimage"},"thumbnailUrl":"https:\/\/www.churchill1795.com\/wp-content\/uploads\/2026\/02\/WH-OBO81.png","datePublished":"2026-02-06T11:16:06+00:00","dateModified":"2026-02-06T11:16:11+00:00","description":"23cm wei\u00dfer Opal-Teller mit sanft geschwungenem Formdesign. Strapazierf\u00e4higes professionelles Geschirr. Mehr erfahren.","breadcrumb":{"@id":"https:\/\/www.churchill1795.com\/en\/produkt\/opal-bowl-23cm-6\/#breadcrumb"},"inLanguage":"de","potentialAction":[{"@type":"ReadAction","target":["https:\/\/www.churchill1795.com\/en\/produkt\/opal-bowl-23cm-6\/"]}]},{"@type":"ImageObject","inLanguage":"de","@id":"https:\/\/www.churchill1795.com\/en\/produkt\/opal-bowl-23cm-6\/#primaryimage","url":"https:\/\/www.churchill1795.com\/wp-content\/uploads\/2026\/02\/WH-OBO81.png","contentUrl":"https:\/\/www.churchill1795.com\/wp-content\/uploads\/2026\/02\/WH-OBO81.png","width":500,"height":500},{"@type":"BreadcrumbList","@id":"https:\/\/www.churchill1795.com\/en\/produkt\/opal-bowl-23cm-6\/#breadcrumb","itemListElement":[{"@type":"ListItem","position":1,"name":"Home","item":"https:\/\/www.churchill1795.com\/de\/"},{"@type":"ListItem","position":2,"name":"SCHALE OPAL 23CM"}]},{"@type":"WebSite","@id":"https:\/\/www.churchill1795.com\/en\/#website","url":"https:\/\/www.churchill1795.com\/en\/","name":"Churchill","description":"Innovation, Passion &amp; expertise","publisher":{"@id":"https:\/\/www.churchill1795.com\/en\/#organization"},"potentialAction":[{"@type":"SearchAction","target":{"@type":"EntryPoint","urlTemplate":"https:\/\/www.churchill1795.com\/en\/?s={search_term_string}"},"query-input":{"@type":"PropertyValueSpecification","valueRequired":true,"valueName":"search_term_string"}}],"inLanguage":"de"},{"@type":"Organization","@id":"https:\/\/www.churchill1795.com\/en\/#organization","name":"Churchill","url":"https:\/\/www.churchill1795.com\/en\/","logo":{"@type":"ImageObject","inLanguage":"de","@id":"https:\/\/www.churchill1795.com\/en\/#\/schema\/logo\/image\/","url":"https:\/\/www.churchill1795.com\/wp-content\/uploads\/2024\/09\/logo-1.webp","contentUrl":"https:\/\/www.churchill1795.com\/wp-content\/uploads\/2024\/09\/logo-1.webp","width":240,"height":88,"caption":"Churchill"},"image":{"@id":"https:\/\/www.churchill1795.com\/en\/#\/schema\/logo\/image\/"}}]}},"_links":{"self":[{"href":"https:\/\/www.churchill1795.com\/de\/wp-json\/wp\/v2\/product\/73062","targetHints":{"allow":["GET"]}}],"collection":[{"href":"https:\/\/www.churchill1795.com\/de\/wp-json\/wp\/v2\/product"}],"about":[{"href":"https:\/\/www.churchill1795.com\/de\/wp-json\/wp\/v2\/types\/product"}],"wp:featuredmedia":[{"embeddable":true,"href":"https:\/\/www.churchill1795.com\/de\/wp-json\/wp\/v2\/media\/72691"}],"wp:attachment":[{"href":"https:\/\/www.churchill1795.com\/de\/wp-json\/wp\/v2\/media?parent=73062"}],"wp:term":[{"taxonomy":"product_brand","embeddable":true,"href":"https:\/\/www.churchill1795.com\/de\/wp-json\/wp\/v2\/product_brand?post=73062"},{"taxonomy":"product_cat","embeddable":true,"href":"https:\/\/www.churchill1795.com\/de\/wp-json\/wp\/v2\/product_cat?post=73062"},{"taxonomy":"product_tag","embeddable":true,"href":"https:\/\/www.churchill1795.com\/de\/wp-json\/wp\/v2\/product_tag?post=73062"}],"curies":[{"name":"wp","href":"https:\/\/api.w.org\/{rel}","templated":true}]}}