{"id":73056,"date":"2026-02-06T11:15:29","date_gmt":"2026-02-06T11:15:29","guid":{"rendered":"https:\/\/www.churchill1795.com\/?post_type=product&#038;p=73056"},"modified":"2026-02-06T11:15:34","modified_gmt":"2026-02-06T11:15:34","slug":"schale-opal-15cm-4","status":"publish","type":"product","link":"https:\/\/www.churchill1795.com\/de\/produkt\/schale-opal-15cm-4\/","title":{"rendered":"SCHALE OPAL 15CM"},"content":{"rendered":"<p>Inspiriert von saisonalen Zutaten wird Stonecast Truffle von Hand dekoriert \u0096 so wird jedes St\u00fcck zum Unikat. Das ikonische Stonecast Design \u00fcberzeugt mit handaufgetragenem Spinwash, feiner Sprenkelung und rustikalem Rand, unterglasur dekoriert f\u00fcr maximale Langlebigkeit.<\/p>\n","protected":false},"excerpt":{"rendered":"<p>Inspiriert von saisonalen Zutaten wird Stonecast Truffle von Hand dekoriert \u0096 dadurch ist jedes St\u00fcck ein Unikat.<\/p>\n","protected":false},"featured_media":72569,"template":"","meta":{"_acf_changed":false,"content-type":""},"product_brand":[],"product_cat":[3588,10325],"product_tag":[],"class_list":{"0":"post-73056","1":"product","2":"type-product","3":"status-publish","4":"has-post-thumbnail","6":"product_cat-schalen","7":"product_cat-something-different-bowls","8":"pa_colour-truffle","9":"pa_filter-capacity-18-30cl-6-10oz-de","10":"pa_filter-colour-braun-de","11":"pa_filter-material-keramik","12":"pa_filter-width-15-20cm-6-8-de","13":"pa_material-churchill-super-vitrified-de","14":"pa_shape-organisch","15":"pa_size-15cm-5-7-8-de","16":"range-stonecast","17":"range-stonecast-truffle","18":"brand-churchill-super-vitrified","19":"brand-stonecast","20":"tabletop-botanicals-de","21":"tabletop-earthy-naturals-de","22":"shape-code-obo6","24":"first","25":"instock","26":"purchasable","27":"product-type-simple","28":"add-to-wishlist-after_add_to_cart"},"acf":[],"yoast_head":"<!-- This site is optimized with the Yoast SEO plugin v27.3 - https:\/\/yoast.com\/product\/yoast-seo-wordpress\/ -->\n<title>Churchill Truffle Stonecast 15cm Opal-Schale<\/title>\n<meta name=\"description\" content=\"15cm Opal-Teller mit handdekoriertem, warmem Truffle-inspiriertem Farbdesign. Strapazierf\u00e4higes professionelles Geschirr. Mehr erfahren.\" \/>\n<meta name=\"robots\" content=\"index, follow, max-snippet:-1, max-image-preview:large, max-video-preview:-1\" \/>\n<link rel=\"canonical\" href=\"https:\/\/www.churchill1795.com\/en\/produkt\/opal-bowl-15cm-4\/\" \/>\n<meta property=\"og:locale\" content=\"de_DE\" \/>\n<meta property=\"og:type\" content=\"article\" \/>\n<meta property=\"og:title\" content=\"Churchill Truffle Stonecast 15cm Opal-Schale\" \/>\n<meta property=\"og:description\" content=\"15cm Opal-Teller mit handdekoriertem, warmem Truffle-inspiriertem Farbdesign. Strapazierf\u00e4higes professionelles Geschirr. Mehr erfahren.\" \/>\n<meta property=\"og:url\" content=\"https:\/\/www.churchill1795.com\/en\/produkt\/opal-bowl-15cm-4\/\" \/>\n<meta property=\"og:site_name\" content=\"Churchill\" \/>\n<meta property=\"article:modified_time\" content=\"2026-02-06T11:15:34+00:00\" \/>\n<meta property=\"og:image\" content=\"https:\/\/www.churchill1795.com\/wp-content\/uploads\/2026\/02\/STUSOBO61.png\" \/>\n\t<meta property=\"og:image:width\" content=\"500\" \/>\n\t<meta property=\"og:image:height\" content=\"500\" \/>\n\t<meta property=\"og:image:type\" content=\"image\/png\" \/>\n<meta name=\"twitter:card\" content=\"summary_large_image\" \/>\n<script type=\"application\/ld+json\" class=\"yoast-schema-graph\">{\"@context\":\"https:\\\/\\\/schema.org\",\"@graph\":[{\"@type\":\"WebPage\",\"@id\":\"https:\\\/\\\/www.churchill1795.com\\\/en\\\/produkt\\\/opal-bowl-15cm-4\\\/\",\"url\":\"https:\\\/\\\/www.churchill1795.com\\\/en\\\/produkt\\\/opal-bowl-15cm-4\\\/\",\"name\":\"Churchill Truffle Stonecast 15cm Opal-Schale\",\"isPartOf\":{\"@id\":\"https:\\\/\\\/www.churchill1795.com\\\/en\\\/#website\"},\"primaryImageOfPage\":{\"@id\":\"https:\\\/\\\/www.churchill1795.com\\\/en\\\/produkt\\\/opal-bowl-15cm-4\\\/#primaryimage\"},\"image\":{\"@id\":\"https:\\\/\\\/www.churchill1795.com\\\/en\\\/produkt\\\/opal-bowl-15cm-4\\\/#primaryimage\"},\"thumbnailUrl\":\"https:\\\/\\\/www.churchill1795.com\\\/wp-content\\\/uploads\\\/2026\\\/02\\\/STUSOBO61.png\",\"datePublished\":\"2026-02-06T11:15:29+00:00\",\"dateModified\":\"2026-02-06T11:15:34+00:00\",\"description\":\"15cm Opal-Teller mit handdekoriertem, warmem Truffle-inspiriertem Farbdesign. Strapazierf\u00e4higes professionelles Geschirr. Mehr erfahren.\",\"breadcrumb\":{\"@id\":\"https:\\\/\\\/www.churchill1795.com\\\/en\\\/produkt\\\/opal-bowl-15cm-4\\\/#breadcrumb\"},\"inLanguage\":\"de\",\"potentialAction\":[{\"@type\":\"ReadAction\",\"target\":[\"https:\\\/\\\/www.churchill1795.com\\\/en\\\/produkt\\\/opal-bowl-15cm-4\\\/\"]}]},{\"@type\":\"ImageObject\",\"inLanguage\":\"de\",\"@id\":\"https:\\\/\\\/www.churchill1795.com\\\/en\\\/produkt\\\/opal-bowl-15cm-4\\\/#primaryimage\",\"url\":\"https:\\\/\\\/www.churchill1795.com\\\/wp-content\\\/uploads\\\/2026\\\/02\\\/STUSOBO61.png\",\"contentUrl\":\"https:\\\/\\\/www.churchill1795.com\\\/wp-content\\\/uploads\\\/2026\\\/02\\\/STUSOBO61.png\",\"width\":500,\"height\":500},{\"@type\":\"BreadcrumbList\",\"@id\":\"https:\\\/\\\/www.churchill1795.com\\\/en\\\/produkt\\\/opal-bowl-15cm-4\\\/#breadcrumb\",\"itemListElement\":[{\"@type\":\"ListItem\",\"position\":1,\"name\":\"Home\",\"item\":\"https:\\\/\\\/www.churchill1795.com\\\/de\\\/\"},{\"@type\":\"ListItem\",\"position\":2,\"name\":\"SCHALE OPAL 15CM\"}]},{\"@type\":\"WebSite\",\"@id\":\"https:\\\/\\\/www.churchill1795.com\\\/en\\\/#website\",\"url\":\"https:\\\/\\\/www.churchill1795.com\\\/en\\\/\",\"name\":\"Churchill\",\"description\":\"Innovation, Passion &amp; expertise\",\"publisher\":{\"@id\":\"https:\\\/\\\/www.churchill1795.com\\\/en\\\/#organization\"},\"potentialAction\":[{\"@type\":\"SearchAction\",\"target\":{\"@type\":\"EntryPoint\",\"urlTemplate\":\"https:\\\/\\\/www.churchill1795.com\\\/en\\\/?s={search_term_string}\"},\"query-input\":{\"@type\":\"PropertyValueSpecification\",\"valueRequired\":true,\"valueName\":\"search_term_string\"}}],\"inLanguage\":\"de\"},{\"@type\":\"Organization\",\"@id\":\"https:\\\/\\\/www.churchill1795.com\\\/en\\\/#organization\",\"name\":\"Churchill\",\"url\":\"https:\\\/\\\/www.churchill1795.com\\\/en\\\/\",\"logo\":{\"@type\":\"ImageObject\",\"inLanguage\":\"de\",\"@id\":\"https:\\\/\\\/www.churchill1795.com\\\/en\\\/#\\\/schema\\\/logo\\\/image\\\/\",\"url\":\"https:\\\/\\\/www.churchill1795.com\\\/wp-content\\\/uploads\\\/2024\\\/09\\\/logo-1.webp\",\"contentUrl\":\"https:\\\/\\\/www.churchill1795.com\\\/wp-content\\\/uploads\\\/2024\\\/09\\\/logo-1.webp\",\"width\":240,\"height\":88,\"caption\":\"Churchill\"},\"image\":{\"@id\":\"https:\\\/\\\/www.churchill1795.com\\\/en\\\/#\\\/schema\\\/logo\\\/image\\\/\"}}]}<\/script>\n<!-- \/ Yoast SEO plugin. -->","yoast_head_json":{"title":"Churchill Truffle Stonecast 15cm Opal-Schale","description":"15cm Opal-Teller mit handdekoriertem, warmem Truffle-inspiriertem Farbdesign. Strapazierf\u00e4higes professionelles Geschirr. Mehr erfahren.","robots":{"index":"index","follow":"follow","max-snippet":"max-snippet:-1","max-image-preview":"max-image-preview:large","max-video-preview":"max-video-preview:-1"},"canonical":"https:\/\/www.churchill1795.com\/en\/produkt\/opal-bowl-15cm-4\/","og_locale":"de_DE","og_type":"article","og_title":"Churchill Truffle Stonecast 15cm Opal-Schale","og_description":"15cm Opal-Teller mit handdekoriertem, warmem Truffle-inspiriertem Farbdesign. Strapazierf\u00e4higes professionelles Geschirr. Mehr erfahren.","og_url":"https:\/\/www.churchill1795.com\/en\/produkt\/opal-bowl-15cm-4\/","og_site_name":"Churchill","article_modified_time":"2026-02-06T11:15:34+00:00","og_image":[{"width":500,"height":500,"url":"https:\/\/www.churchill1795.com\/wp-content\/uploads\/2026\/02\/STUSOBO61.png","type":"image\/png"}],"twitter_card":"summary_large_image","schema":{"@context":"https:\/\/schema.org","@graph":[{"@type":"WebPage","@id":"https:\/\/www.churchill1795.com\/en\/produkt\/opal-bowl-15cm-4\/","url":"https:\/\/www.churchill1795.com\/en\/produkt\/opal-bowl-15cm-4\/","name":"Churchill Truffle Stonecast 15cm Opal-Schale","isPartOf":{"@id":"https:\/\/www.churchill1795.com\/en\/#website"},"primaryImageOfPage":{"@id":"https:\/\/www.churchill1795.com\/en\/produkt\/opal-bowl-15cm-4\/#primaryimage"},"image":{"@id":"https:\/\/www.churchill1795.com\/en\/produkt\/opal-bowl-15cm-4\/#primaryimage"},"thumbnailUrl":"https:\/\/www.churchill1795.com\/wp-content\/uploads\/2026\/02\/STUSOBO61.png","datePublished":"2026-02-06T11:15:29+00:00","dateModified":"2026-02-06T11:15:34+00:00","description":"15cm Opal-Teller mit handdekoriertem, warmem Truffle-inspiriertem Farbdesign. Strapazierf\u00e4higes professionelles Geschirr. Mehr erfahren.","breadcrumb":{"@id":"https:\/\/www.churchill1795.com\/en\/produkt\/opal-bowl-15cm-4\/#breadcrumb"},"inLanguage":"de","potentialAction":[{"@type":"ReadAction","target":["https:\/\/www.churchill1795.com\/en\/produkt\/opal-bowl-15cm-4\/"]}]},{"@type":"ImageObject","inLanguage":"de","@id":"https:\/\/www.churchill1795.com\/en\/produkt\/opal-bowl-15cm-4\/#primaryimage","url":"https:\/\/www.churchill1795.com\/wp-content\/uploads\/2026\/02\/STUSOBO61.png","contentUrl":"https:\/\/www.churchill1795.com\/wp-content\/uploads\/2026\/02\/STUSOBO61.png","width":500,"height":500},{"@type":"BreadcrumbList","@id":"https:\/\/www.churchill1795.com\/en\/produkt\/opal-bowl-15cm-4\/#breadcrumb","itemListElement":[{"@type":"ListItem","position":1,"name":"Home","item":"https:\/\/www.churchill1795.com\/de\/"},{"@type":"ListItem","position":2,"name":"SCHALE OPAL 15CM"}]},{"@type":"WebSite","@id":"https:\/\/www.churchill1795.com\/en\/#website","url":"https:\/\/www.churchill1795.com\/en\/","name":"Churchill","description":"Innovation, Passion &amp; expertise","publisher":{"@id":"https:\/\/www.churchill1795.com\/en\/#organization"},"potentialAction":[{"@type":"SearchAction","target":{"@type":"EntryPoint","urlTemplate":"https:\/\/www.churchill1795.com\/en\/?s={search_term_string}"},"query-input":{"@type":"PropertyValueSpecification","valueRequired":true,"valueName":"search_term_string"}}],"inLanguage":"de"},{"@type":"Organization","@id":"https:\/\/www.churchill1795.com\/en\/#organization","name":"Churchill","url":"https:\/\/www.churchill1795.com\/en\/","logo":{"@type":"ImageObject","inLanguage":"de","@id":"https:\/\/www.churchill1795.com\/en\/#\/schema\/logo\/image\/","url":"https:\/\/www.churchill1795.com\/wp-content\/uploads\/2024\/09\/logo-1.webp","contentUrl":"https:\/\/www.churchill1795.com\/wp-content\/uploads\/2024\/09\/logo-1.webp","width":240,"height":88,"caption":"Churchill"},"image":{"@id":"https:\/\/www.churchill1795.com\/en\/#\/schema\/logo\/image\/"}}]}},"_links":{"self":[{"href":"https:\/\/www.churchill1795.com\/de\/wp-json\/wp\/v2\/product\/73056","targetHints":{"allow":["GET"]}}],"collection":[{"href":"https:\/\/www.churchill1795.com\/de\/wp-json\/wp\/v2\/product"}],"about":[{"href":"https:\/\/www.churchill1795.com\/de\/wp-json\/wp\/v2\/types\/product"}],"wp:featuredmedia":[{"embeddable":true,"href":"https:\/\/www.churchill1795.com\/de\/wp-json\/wp\/v2\/media\/72569"}],"wp:attachment":[{"href":"https:\/\/www.churchill1795.com\/de\/wp-json\/wp\/v2\/media?parent=73056"}],"wp:term":[{"taxonomy":"product_brand","embeddable":true,"href":"https:\/\/www.churchill1795.com\/de\/wp-json\/wp\/v2\/product_brand?post=73056"},{"taxonomy":"product_cat","embeddable":true,"href":"https:\/\/www.churchill1795.com\/de\/wp-json\/wp\/v2\/product_cat?post=73056"},{"taxonomy":"product_tag","embeddable":true,"href":"https:\/\/www.churchill1795.com\/de\/wp-json\/wp\/v2\/product_tag?post=73056"}],"curies":[{"name":"wp","href":"https:\/\/api.w.org\/{rel}","templated":true}]}}