{"id":73028,"date":"2026-02-06T11:11:00","date_gmt":"2026-02-06T11:11:00","guid":{"rendered":"https:\/\/www.churchill1795.com\/?post_type=product&#038;p=73028"},"modified":"2026-02-06T11:11:06","modified_gmt":"2026-02-06T11:11:06","slug":"teller-mit-rand-17cm-19","status":"publish","type":"product","link":"https:\/\/www.churchill1795.com\/de\/produkt\/teller-mit-rand-17cm-19\/","title":{"rendered":"TELLER MIT RAND 17CM"},"content":{"rendered":"<p>Inspiriert von saisonalen Zutaten wird Stonecast Duck Egg Blue von Hand dekoriert \u0096 so wird jedes St\u00fcck zum Unikat. Das ikonische Stonecast Design \u00fcberzeugt mit handaufgetragenem Spinwash, feiner Sprenkelung und rustikalem Rand, unterglasur dekoriert f\u00fcr maximale Langlebigkeit.<\/p>\n","protected":false},"excerpt":{"rendered":"<p>Inspiriert von saisonalen Zutaten wird Stonecast Duck Egg Blue von Hand dekoriert \u0096 dadurch ist jedes St\u00fcck ein Unikat.<\/p>\n","protected":false},"featured_media":72451,"template":"","meta":{"_acf_changed":false,"content-type":""},"product_brand":[],"product_cat":[3597,3600],"product_tag":[],"class_list":{"0":"post-73028","1":"product","2":"type-product","3":"status-publish","4":"has-post-thumbnail","6":"product_cat-teller","7":"product_cat-teller-mit-rand","8":"pa_colour-duck-egg-blue","9":"pa_filter-colour-blau-de","10":"pa_filter-material-keramik","11":"pa_filter-width-15-20cm-6-8-de","12":"pa_material-churchill-super-vitrified-de","13":"pa_shape-rund","14":"pa_size-17cm-6-5-8-de","15":"range-stonecast","16":"range-stonecast-duck-egg-blue","17":"brand-churchill-super-vitrified","18":"brand-stonecast","19":"tabletop-pastels-de","20":"tabletop-soft-brights-de","21":"shape-code-vp65","23":"first","24":"instock","25":"purchasable","26":"product-type-simple","27":"add-to-wishlist-after_add_to_cart"},"acf":[],"yoast_head":"<!-- This site is optimized with the Yoast SEO plugin v27.3 - https:\/\/yoast.com\/product\/yoast-seo-wordpress\/ -->\n<title>Churchill Duck Egg Blue Stonecast 17cm Teller mit Rand<\/title>\n<meta name=\"description\" content=\"17cm Teller mit Rand, handdekoriert in der sanften Farbe Duck Egg Blue. Strapazierf\u00e4higes professionelles Geschirr. Mehr erfahren.\" \/>\n<meta name=\"robots\" content=\"index, follow, max-snippet:-1, max-image-preview:large, max-video-preview:-1\" \/>\n<link rel=\"canonical\" href=\"https:\/\/www.churchill1795.com\/en\/produkt\/rimmed-plate-17cm-19\/\" \/>\n<meta property=\"og:locale\" content=\"de_DE\" \/>\n<meta property=\"og:type\" content=\"article\" \/>\n<meta property=\"og:title\" content=\"Churchill Duck Egg Blue Stonecast 17cm Teller mit Rand\" \/>\n<meta property=\"og:description\" content=\"17cm Teller mit Rand, handdekoriert in der sanften Farbe Duck Egg Blue. Strapazierf\u00e4higes professionelles Geschirr. Mehr erfahren.\" \/>\n<meta property=\"og:url\" content=\"https:\/\/www.churchill1795.com\/en\/produkt\/rimmed-plate-17cm-19\/\" \/>\n<meta property=\"og:site_name\" content=\"Churchill\" \/>\n<meta property=\"article:modified_time\" content=\"2026-02-06T11:11:06+00:00\" \/>\n<meta property=\"og:image\" content=\"https:\/\/www.churchill1795.com\/wp-content\/uploads\/2026\/02\/SDESVP651.png\" \/>\n\t<meta property=\"og:image:width\" content=\"500\" \/>\n\t<meta property=\"og:image:height\" content=\"500\" \/>\n\t<meta property=\"og:image:type\" content=\"image\/png\" \/>\n<meta name=\"twitter:card\" content=\"summary_large_image\" \/>\n<script type=\"application\/ld+json\" class=\"yoast-schema-graph\">{\"@context\":\"https:\\\/\\\/schema.org\",\"@graph\":[{\"@type\":\"WebPage\",\"@id\":\"https:\\\/\\\/www.churchill1795.com\\\/en\\\/produkt\\\/rimmed-plate-17cm-19\\\/\",\"url\":\"https:\\\/\\\/www.churchill1795.com\\\/en\\\/produkt\\\/rimmed-plate-17cm-19\\\/\",\"name\":\"Churchill Duck Egg Blue Stonecast 17cm Teller mit Rand\",\"isPartOf\":{\"@id\":\"https:\\\/\\\/www.churchill1795.com\\\/en\\\/#website\"},\"primaryImageOfPage\":{\"@id\":\"https:\\\/\\\/www.churchill1795.com\\\/en\\\/produkt\\\/rimmed-plate-17cm-19\\\/#primaryimage\"},\"image\":{\"@id\":\"https:\\\/\\\/www.churchill1795.com\\\/en\\\/produkt\\\/rimmed-plate-17cm-19\\\/#primaryimage\"},\"thumbnailUrl\":\"https:\\\/\\\/www.churchill1795.com\\\/wp-content\\\/uploads\\\/2026\\\/02\\\/SDESVP651.png\",\"datePublished\":\"2026-02-06T11:11:00+00:00\",\"dateModified\":\"2026-02-06T11:11:06+00:00\",\"description\":\"17cm Teller mit Rand, handdekoriert in der sanften Farbe Duck Egg Blue. Strapazierf\u00e4higes professionelles Geschirr. Mehr erfahren.\",\"breadcrumb\":{\"@id\":\"https:\\\/\\\/www.churchill1795.com\\\/en\\\/produkt\\\/rimmed-plate-17cm-19\\\/#breadcrumb\"},\"inLanguage\":\"de\",\"potentialAction\":[{\"@type\":\"ReadAction\",\"target\":[\"https:\\\/\\\/www.churchill1795.com\\\/en\\\/produkt\\\/rimmed-plate-17cm-19\\\/\"]}]},{\"@type\":\"ImageObject\",\"inLanguage\":\"de\",\"@id\":\"https:\\\/\\\/www.churchill1795.com\\\/en\\\/produkt\\\/rimmed-plate-17cm-19\\\/#primaryimage\",\"url\":\"https:\\\/\\\/www.churchill1795.com\\\/wp-content\\\/uploads\\\/2026\\\/02\\\/SDESVP651.png\",\"contentUrl\":\"https:\\\/\\\/www.churchill1795.com\\\/wp-content\\\/uploads\\\/2026\\\/02\\\/SDESVP651.png\",\"width\":500,\"height\":500},{\"@type\":\"BreadcrumbList\",\"@id\":\"https:\\\/\\\/www.churchill1795.com\\\/en\\\/produkt\\\/rimmed-plate-17cm-19\\\/#breadcrumb\",\"itemListElement\":[{\"@type\":\"ListItem\",\"position\":1,\"name\":\"Home\",\"item\":\"https:\\\/\\\/www.churchill1795.com\\\/de\\\/\"},{\"@type\":\"ListItem\",\"position\":2,\"name\":\"TELLER MIT RAND 17CM\"}]},{\"@type\":\"WebSite\",\"@id\":\"https:\\\/\\\/www.churchill1795.com\\\/en\\\/#website\",\"url\":\"https:\\\/\\\/www.churchill1795.com\\\/en\\\/\",\"name\":\"Churchill\",\"description\":\"Innovation, Passion &amp; expertise\",\"publisher\":{\"@id\":\"https:\\\/\\\/www.churchill1795.com\\\/en\\\/#organization\"},\"potentialAction\":[{\"@type\":\"SearchAction\",\"target\":{\"@type\":\"EntryPoint\",\"urlTemplate\":\"https:\\\/\\\/www.churchill1795.com\\\/en\\\/?s={search_term_string}\"},\"query-input\":{\"@type\":\"PropertyValueSpecification\",\"valueRequired\":true,\"valueName\":\"search_term_string\"}}],\"inLanguage\":\"de\"},{\"@type\":\"Organization\",\"@id\":\"https:\\\/\\\/www.churchill1795.com\\\/en\\\/#organization\",\"name\":\"Churchill\",\"url\":\"https:\\\/\\\/www.churchill1795.com\\\/en\\\/\",\"logo\":{\"@type\":\"ImageObject\",\"inLanguage\":\"de\",\"@id\":\"https:\\\/\\\/www.churchill1795.com\\\/en\\\/#\\\/schema\\\/logo\\\/image\\\/\",\"url\":\"https:\\\/\\\/www.churchill1795.com\\\/wp-content\\\/uploads\\\/2024\\\/09\\\/logo-1.webp\",\"contentUrl\":\"https:\\\/\\\/www.churchill1795.com\\\/wp-content\\\/uploads\\\/2024\\\/09\\\/logo-1.webp\",\"width\":240,\"height\":88,\"caption\":\"Churchill\"},\"image\":{\"@id\":\"https:\\\/\\\/www.churchill1795.com\\\/en\\\/#\\\/schema\\\/logo\\\/image\\\/\"}}]}<\/script>\n<!-- \/ Yoast SEO plugin. -->","yoast_head_json":{"title":"Churchill Duck Egg Blue Stonecast 17cm Teller mit Rand","description":"17cm Teller mit Rand, handdekoriert in der sanften Farbe Duck Egg Blue. Strapazierf\u00e4higes professionelles Geschirr. Mehr erfahren.","robots":{"index":"index","follow":"follow","max-snippet":"max-snippet:-1","max-image-preview":"max-image-preview:large","max-video-preview":"max-video-preview:-1"},"canonical":"https:\/\/www.churchill1795.com\/en\/produkt\/rimmed-plate-17cm-19\/","og_locale":"de_DE","og_type":"article","og_title":"Churchill Duck Egg Blue Stonecast 17cm Teller mit Rand","og_description":"17cm Teller mit Rand, handdekoriert in der sanften Farbe Duck Egg Blue. Strapazierf\u00e4higes professionelles Geschirr. Mehr erfahren.","og_url":"https:\/\/www.churchill1795.com\/en\/produkt\/rimmed-plate-17cm-19\/","og_site_name":"Churchill","article_modified_time":"2026-02-06T11:11:06+00:00","og_image":[{"width":500,"height":500,"url":"https:\/\/www.churchill1795.com\/wp-content\/uploads\/2026\/02\/SDESVP651.png","type":"image\/png"}],"twitter_card":"summary_large_image","schema":{"@context":"https:\/\/schema.org","@graph":[{"@type":"WebPage","@id":"https:\/\/www.churchill1795.com\/en\/produkt\/rimmed-plate-17cm-19\/","url":"https:\/\/www.churchill1795.com\/en\/produkt\/rimmed-plate-17cm-19\/","name":"Churchill Duck Egg Blue Stonecast 17cm Teller mit Rand","isPartOf":{"@id":"https:\/\/www.churchill1795.com\/en\/#website"},"primaryImageOfPage":{"@id":"https:\/\/www.churchill1795.com\/en\/produkt\/rimmed-plate-17cm-19\/#primaryimage"},"image":{"@id":"https:\/\/www.churchill1795.com\/en\/produkt\/rimmed-plate-17cm-19\/#primaryimage"},"thumbnailUrl":"https:\/\/www.churchill1795.com\/wp-content\/uploads\/2026\/02\/SDESVP651.png","datePublished":"2026-02-06T11:11:00+00:00","dateModified":"2026-02-06T11:11:06+00:00","description":"17cm Teller mit Rand, handdekoriert in der sanften Farbe Duck Egg Blue. Strapazierf\u00e4higes professionelles Geschirr. Mehr erfahren.","breadcrumb":{"@id":"https:\/\/www.churchill1795.com\/en\/produkt\/rimmed-plate-17cm-19\/#breadcrumb"},"inLanguage":"de","potentialAction":[{"@type":"ReadAction","target":["https:\/\/www.churchill1795.com\/en\/produkt\/rimmed-plate-17cm-19\/"]}]},{"@type":"ImageObject","inLanguage":"de","@id":"https:\/\/www.churchill1795.com\/en\/produkt\/rimmed-plate-17cm-19\/#primaryimage","url":"https:\/\/www.churchill1795.com\/wp-content\/uploads\/2026\/02\/SDESVP651.png","contentUrl":"https:\/\/www.churchill1795.com\/wp-content\/uploads\/2026\/02\/SDESVP651.png","width":500,"height":500},{"@type":"BreadcrumbList","@id":"https:\/\/www.churchill1795.com\/en\/produkt\/rimmed-plate-17cm-19\/#breadcrumb","itemListElement":[{"@type":"ListItem","position":1,"name":"Home","item":"https:\/\/www.churchill1795.com\/de\/"},{"@type":"ListItem","position":2,"name":"TELLER MIT RAND 17CM"}]},{"@type":"WebSite","@id":"https:\/\/www.churchill1795.com\/en\/#website","url":"https:\/\/www.churchill1795.com\/en\/","name":"Churchill","description":"Innovation, Passion &amp; expertise","publisher":{"@id":"https:\/\/www.churchill1795.com\/en\/#organization"},"potentialAction":[{"@type":"SearchAction","target":{"@type":"EntryPoint","urlTemplate":"https:\/\/www.churchill1795.com\/en\/?s={search_term_string}"},"query-input":{"@type":"PropertyValueSpecification","valueRequired":true,"valueName":"search_term_string"}}],"inLanguage":"de"},{"@type":"Organization","@id":"https:\/\/www.churchill1795.com\/en\/#organization","name":"Churchill","url":"https:\/\/www.churchill1795.com\/en\/","logo":{"@type":"ImageObject","inLanguage":"de","@id":"https:\/\/www.churchill1795.com\/en\/#\/schema\/logo\/image\/","url":"https:\/\/www.churchill1795.com\/wp-content\/uploads\/2024\/09\/logo-1.webp","contentUrl":"https:\/\/www.churchill1795.com\/wp-content\/uploads\/2024\/09\/logo-1.webp","width":240,"height":88,"caption":"Churchill"},"image":{"@id":"https:\/\/www.churchill1795.com\/en\/#\/schema\/logo\/image\/"}}]}},"_links":{"self":[{"href":"https:\/\/www.churchill1795.com\/de\/wp-json\/wp\/v2\/product\/73028","targetHints":{"allow":["GET"]}}],"collection":[{"href":"https:\/\/www.churchill1795.com\/de\/wp-json\/wp\/v2\/product"}],"about":[{"href":"https:\/\/www.churchill1795.com\/de\/wp-json\/wp\/v2\/types\/product"}],"wp:featuredmedia":[{"embeddable":true,"href":"https:\/\/www.churchill1795.com\/de\/wp-json\/wp\/v2\/media\/72451"}],"wp:attachment":[{"href":"https:\/\/www.churchill1795.com\/de\/wp-json\/wp\/v2\/media?parent=73028"}],"wp:term":[{"taxonomy":"product_brand","embeddable":true,"href":"https:\/\/www.churchill1795.com\/de\/wp-json\/wp\/v2\/product_brand?post=73028"},{"taxonomy":"product_cat","embeddable":true,"href":"https:\/\/www.churchill1795.com\/de\/wp-json\/wp\/v2\/product_cat?post=73028"},{"taxonomy":"product_tag","embeddable":true,"href":"https:\/\/www.churchill1795.com\/de\/wp-json\/wp\/v2\/product_tag?post=73028"}],"curies":[{"name":"wp","href":"https:\/\/api.w.org\/{rel}","templated":true}]}}