{"id":73001,"date":"2026-02-06T10:42:15","date_gmt":"2026-02-06T10:42:15","guid":{"rendered":"https:\/\/www.churchill1795.com\/?post_type=product&#038;p=73001"},"modified":"2026-02-06T10:42:21","modified_gmt":"2026-02-06T10:42:21","slug":"naturliche-bio-tiefe-schussel-25cm","status":"publish","type":"product","link":"https:\/\/www.churchill1795.com\/de\/produkt\/naturliche-bio-tiefe-schussel-25cm\/","title":{"rendered":"NAT\u00dcRLICHE BIO-TIEFE SCH\u00dcSSEL 25CM"},"content":{"rendered":"<p>Inked Fresco greift auf Jahrhunderte keramischer und druckgrafischer Tradition zur\u00fcck und zeigt ein stilvolles Fischmotiv \u0096 ein Symbol f\u00fcr Wohlstand, F\u00fclle und Gl\u00fcck, das bereits auf Keramiken des 18. Jahrhunderts Verwendung fand. Inked Fresco ist eine vielseitige Serie, die sich ideal mit anderen Inked Designs kombinieren l\u00e4sst.<\/p>\n","protected":false},"excerpt":{"rendered":"<p>Inked Fresco vereint keramische und grafische Tradition mit modernem Design \u0096 neu interpretiert durch ein ikonisches Fischmotiv.<\/p>\n","protected":false},"featured_media":72311,"template":"","meta":{"_acf_changed":false,"content-type":""},"product_brand":[],"product_cat":[3588,10325],"product_tag":[],"class_list":{"0":"post-73001","1":"product","2":"type-product","3":"status-publish","4":"has-post-thumbnail","6":"product_cat-schalen","7":"product_cat-something-different-bowls","8":"pa_colour-blue-de","9":"pa_filter-capacity-116cl-39oz-de","10":"pa_filter-colour-blau-de","11":"pa_filter-material-keramik","12":"pa_filter-width-21-25cm-8-2-10-de","13":"pa_material-churchill-super-vitrified-de","14":"pa_shape-organisch","15":"pa_size-25cm-9-7-8","16":"range-inked-fresco","17":"brand-churchill-super-vitrified","18":"brand-inked-de","19":"tabletop-azures-de","20":"tabletop-blues-de","21":"shape-code-pwb2","23":"first","24":"instock","25":"purchasable","26":"product-type-simple","27":"add-to-wishlist-after_add_to_cart"},"acf":[],"yoast_head":"<!-- This site is optimized with the Yoast SEO plugin v27.3 - https:\/\/yoast.com\/product\/yoast-seo-wordpress\/ -->\n<title>hurchill Blue Inked Fresco Natural 26x18cm tiefe Platte<\/title>\n<meta name=\"description\" content=\"Die 25.5cm tiefe Schale in nat\u00fcrlicher Form besticht durch ein lebendiges blaues Fischdesign f\u00fcr eine ausdrucksstarke Speisenpr\u00e4sentation. Strapazierf\u00e4higes professionelles Geschirr. Mehr erfahren.\" \/>\n<meta name=\"robots\" content=\"index, follow, max-snippet:-1, max-image-preview:large, max-video-preview:-1\" \/>\n<link rel=\"canonical\" href=\"https:\/\/www.churchill1795.com\/en\/produkt\/natural-organic-deep-bowl-25cm-8\/\" \/>\n<meta property=\"og:locale\" content=\"de_DE\" \/>\n<meta property=\"og:type\" content=\"article\" \/>\n<meta property=\"og:title\" content=\"hurchill Blue Inked Fresco Natural 26x18cm tiefe Platte\" \/>\n<meta property=\"og:description\" content=\"Die 25.5cm tiefe Schale in nat\u00fcrlicher Form besticht durch ein lebendiges blaues Fischdesign f\u00fcr eine ausdrucksstarke Speisenpr\u00e4sentation. Strapazierf\u00e4higes professionelles Geschirr. Mehr erfahren.\" \/>\n<meta property=\"og:url\" content=\"https:\/\/www.churchill1795.com\/en\/produkt\/natural-organic-deep-bowl-25cm-8\/\" \/>\n<meta property=\"og:site_name\" content=\"Churchill\" \/>\n<meta property=\"article:modified_time\" content=\"2026-02-06T10:42:21+00:00\" \/>\n<meta property=\"og:image\" content=\"https:\/\/www.churchill1795.com\/wp-content\/uploads\/2026\/02\/FRBLPWB21.png\" \/>\n\t<meta property=\"og:image:width\" content=\"500\" \/>\n\t<meta property=\"og:image:height\" content=\"500\" \/>\n\t<meta property=\"og:image:type\" content=\"image\/png\" \/>\n<meta name=\"twitter:card\" content=\"summary_large_image\" \/>\n<script type=\"application\/ld+json\" class=\"yoast-schema-graph\">{\"@context\":\"https:\\\/\\\/schema.org\",\"@graph\":[{\"@type\":\"WebPage\",\"@id\":\"https:\\\/\\\/www.churchill1795.com\\\/en\\\/produkt\\\/natural-organic-deep-bowl-25cm-8\\\/\",\"url\":\"https:\\\/\\\/www.churchill1795.com\\\/en\\\/produkt\\\/natural-organic-deep-bowl-25cm-8\\\/\",\"name\":\"hurchill Blue Inked Fresco Natural 26x18cm tiefe Platte\",\"isPartOf\":{\"@id\":\"https:\\\/\\\/www.churchill1795.com\\\/en\\\/#website\"},\"primaryImageOfPage\":{\"@id\":\"https:\\\/\\\/www.churchill1795.com\\\/en\\\/produkt\\\/natural-organic-deep-bowl-25cm-8\\\/#primaryimage\"},\"image\":{\"@id\":\"https:\\\/\\\/www.churchill1795.com\\\/en\\\/produkt\\\/natural-organic-deep-bowl-25cm-8\\\/#primaryimage\"},\"thumbnailUrl\":\"https:\\\/\\\/www.churchill1795.com\\\/wp-content\\\/uploads\\\/2026\\\/02\\\/FRBLPWB21.png\",\"datePublished\":\"2026-02-06T10:42:15+00:00\",\"dateModified\":\"2026-02-06T10:42:21+00:00\",\"description\":\"Die 25.5cm tiefe Schale in nat\u00fcrlicher Form besticht durch ein lebendiges blaues Fischdesign f\u00fcr eine ausdrucksstarke Speisenpr\u00e4sentation. Strapazierf\u00e4higes professionelles Geschirr. Mehr erfahren.\",\"breadcrumb\":{\"@id\":\"https:\\\/\\\/www.churchill1795.com\\\/en\\\/produkt\\\/natural-organic-deep-bowl-25cm-8\\\/#breadcrumb\"},\"inLanguage\":\"de\",\"potentialAction\":[{\"@type\":\"ReadAction\",\"target\":[\"https:\\\/\\\/www.churchill1795.com\\\/en\\\/produkt\\\/natural-organic-deep-bowl-25cm-8\\\/\"]}]},{\"@type\":\"ImageObject\",\"inLanguage\":\"de\",\"@id\":\"https:\\\/\\\/www.churchill1795.com\\\/en\\\/produkt\\\/natural-organic-deep-bowl-25cm-8\\\/#primaryimage\",\"url\":\"https:\\\/\\\/www.churchill1795.com\\\/wp-content\\\/uploads\\\/2026\\\/02\\\/FRBLPWB21.png\",\"contentUrl\":\"https:\\\/\\\/www.churchill1795.com\\\/wp-content\\\/uploads\\\/2026\\\/02\\\/FRBLPWB21.png\",\"width\":500,\"height\":500},{\"@type\":\"BreadcrumbList\",\"@id\":\"https:\\\/\\\/www.churchill1795.com\\\/en\\\/produkt\\\/natural-organic-deep-bowl-25cm-8\\\/#breadcrumb\",\"itemListElement\":[{\"@type\":\"ListItem\",\"position\":1,\"name\":\"Home\",\"item\":\"https:\\\/\\\/www.churchill1795.com\\\/de\\\/\"},{\"@type\":\"ListItem\",\"position\":2,\"name\":\"NAT\u00dcRLICHE BIO-TIEFE SCH\u00dcSSEL 25CM\"}]},{\"@type\":\"WebSite\",\"@id\":\"https:\\\/\\\/www.churchill1795.com\\\/en\\\/#website\",\"url\":\"https:\\\/\\\/www.churchill1795.com\\\/en\\\/\",\"name\":\"Churchill\",\"description\":\"Innovation, Passion &amp; expertise\",\"publisher\":{\"@id\":\"https:\\\/\\\/www.churchill1795.com\\\/en\\\/#organization\"},\"potentialAction\":[{\"@type\":\"SearchAction\",\"target\":{\"@type\":\"EntryPoint\",\"urlTemplate\":\"https:\\\/\\\/www.churchill1795.com\\\/en\\\/?s={search_term_string}\"},\"query-input\":{\"@type\":\"PropertyValueSpecification\",\"valueRequired\":true,\"valueName\":\"search_term_string\"}}],\"inLanguage\":\"de\"},{\"@type\":\"Organization\",\"@id\":\"https:\\\/\\\/www.churchill1795.com\\\/en\\\/#organization\",\"name\":\"Churchill\",\"url\":\"https:\\\/\\\/www.churchill1795.com\\\/en\\\/\",\"logo\":{\"@type\":\"ImageObject\",\"inLanguage\":\"de\",\"@id\":\"https:\\\/\\\/www.churchill1795.com\\\/en\\\/#\\\/schema\\\/logo\\\/image\\\/\",\"url\":\"https:\\\/\\\/www.churchill1795.com\\\/wp-content\\\/uploads\\\/2024\\\/09\\\/logo-1.webp\",\"contentUrl\":\"https:\\\/\\\/www.churchill1795.com\\\/wp-content\\\/uploads\\\/2024\\\/09\\\/logo-1.webp\",\"width\":240,\"height\":88,\"caption\":\"Churchill\"},\"image\":{\"@id\":\"https:\\\/\\\/www.churchill1795.com\\\/en\\\/#\\\/schema\\\/logo\\\/image\\\/\"}}]}<\/script>\n<!-- \/ Yoast SEO plugin. -->","yoast_head_json":{"title":"hurchill Blue Inked Fresco Natural 26x18cm tiefe Platte","description":"Die 25.5cm tiefe Schale in nat\u00fcrlicher Form besticht durch ein lebendiges blaues Fischdesign f\u00fcr eine ausdrucksstarke Speisenpr\u00e4sentation. Strapazierf\u00e4higes professionelles Geschirr. Mehr erfahren.","robots":{"index":"index","follow":"follow","max-snippet":"max-snippet:-1","max-image-preview":"max-image-preview:large","max-video-preview":"max-video-preview:-1"},"canonical":"https:\/\/www.churchill1795.com\/en\/produkt\/natural-organic-deep-bowl-25cm-8\/","og_locale":"de_DE","og_type":"article","og_title":"hurchill Blue Inked Fresco Natural 26x18cm tiefe Platte","og_description":"Die 25.5cm tiefe Schale in nat\u00fcrlicher Form besticht durch ein lebendiges blaues Fischdesign f\u00fcr eine ausdrucksstarke Speisenpr\u00e4sentation. Strapazierf\u00e4higes professionelles Geschirr. Mehr erfahren.","og_url":"https:\/\/www.churchill1795.com\/en\/produkt\/natural-organic-deep-bowl-25cm-8\/","og_site_name":"Churchill","article_modified_time":"2026-02-06T10:42:21+00:00","og_image":[{"width":500,"height":500,"url":"https:\/\/www.churchill1795.com\/wp-content\/uploads\/2026\/02\/FRBLPWB21.png","type":"image\/png"}],"twitter_card":"summary_large_image","schema":{"@context":"https:\/\/schema.org","@graph":[{"@type":"WebPage","@id":"https:\/\/www.churchill1795.com\/en\/produkt\/natural-organic-deep-bowl-25cm-8\/","url":"https:\/\/www.churchill1795.com\/en\/produkt\/natural-organic-deep-bowl-25cm-8\/","name":"hurchill Blue Inked Fresco Natural 26x18cm tiefe Platte","isPartOf":{"@id":"https:\/\/www.churchill1795.com\/en\/#website"},"primaryImageOfPage":{"@id":"https:\/\/www.churchill1795.com\/en\/produkt\/natural-organic-deep-bowl-25cm-8\/#primaryimage"},"image":{"@id":"https:\/\/www.churchill1795.com\/en\/produkt\/natural-organic-deep-bowl-25cm-8\/#primaryimage"},"thumbnailUrl":"https:\/\/www.churchill1795.com\/wp-content\/uploads\/2026\/02\/FRBLPWB21.png","datePublished":"2026-02-06T10:42:15+00:00","dateModified":"2026-02-06T10:42:21+00:00","description":"Die 25.5cm tiefe Schale in nat\u00fcrlicher Form besticht durch ein lebendiges blaues Fischdesign f\u00fcr eine ausdrucksstarke Speisenpr\u00e4sentation. Strapazierf\u00e4higes professionelles Geschirr. Mehr erfahren.","breadcrumb":{"@id":"https:\/\/www.churchill1795.com\/en\/produkt\/natural-organic-deep-bowl-25cm-8\/#breadcrumb"},"inLanguage":"de","potentialAction":[{"@type":"ReadAction","target":["https:\/\/www.churchill1795.com\/en\/produkt\/natural-organic-deep-bowl-25cm-8\/"]}]},{"@type":"ImageObject","inLanguage":"de","@id":"https:\/\/www.churchill1795.com\/en\/produkt\/natural-organic-deep-bowl-25cm-8\/#primaryimage","url":"https:\/\/www.churchill1795.com\/wp-content\/uploads\/2026\/02\/FRBLPWB21.png","contentUrl":"https:\/\/www.churchill1795.com\/wp-content\/uploads\/2026\/02\/FRBLPWB21.png","width":500,"height":500},{"@type":"BreadcrumbList","@id":"https:\/\/www.churchill1795.com\/en\/produkt\/natural-organic-deep-bowl-25cm-8\/#breadcrumb","itemListElement":[{"@type":"ListItem","position":1,"name":"Home","item":"https:\/\/www.churchill1795.com\/de\/"},{"@type":"ListItem","position":2,"name":"NAT\u00dcRLICHE BIO-TIEFE SCH\u00dcSSEL 25CM"}]},{"@type":"WebSite","@id":"https:\/\/www.churchill1795.com\/en\/#website","url":"https:\/\/www.churchill1795.com\/en\/","name":"Churchill","description":"Innovation, Passion &amp; expertise","publisher":{"@id":"https:\/\/www.churchill1795.com\/en\/#organization"},"potentialAction":[{"@type":"SearchAction","target":{"@type":"EntryPoint","urlTemplate":"https:\/\/www.churchill1795.com\/en\/?s={search_term_string}"},"query-input":{"@type":"PropertyValueSpecification","valueRequired":true,"valueName":"search_term_string"}}],"inLanguage":"de"},{"@type":"Organization","@id":"https:\/\/www.churchill1795.com\/en\/#organization","name":"Churchill","url":"https:\/\/www.churchill1795.com\/en\/","logo":{"@type":"ImageObject","inLanguage":"de","@id":"https:\/\/www.churchill1795.com\/en\/#\/schema\/logo\/image\/","url":"https:\/\/www.churchill1795.com\/wp-content\/uploads\/2024\/09\/logo-1.webp","contentUrl":"https:\/\/www.churchill1795.com\/wp-content\/uploads\/2024\/09\/logo-1.webp","width":240,"height":88,"caption":"Churchill"},"image":{"@id":"https:\/\/www.churchill1795.com\/en\/#\/schema\/logo\/image\/"}}]}},"_links":{"self":[{"href":"https:\/\/www.churchill1795.com\/de\/wp-json\/wp\/v2\/product\/73001","targetHints":{"allow":["GET"]}}],"collection":[{"href":"https:\/\/www.churchill1795.com\/de\/wp-json\/wp\/v2\/product"}],"about":[{"href":"https:\/\/www.churchill1795.com\/de\/wp-json\/wp\/v2\/types\/product"}],"wp:featuredmedia":[{"embeddable":true,"href":"https:\/\/www.churchill1795.com\/de\/wp-json\/wp\/v2\/media\/72311"}],"wp:attachment":[{"href":"https:\/\/www.churchill1795.com\/de\/wp-json\/wp\/v2\/media?parent=73001"}],"wp:term":[{"taxonomy":"product_brand","embeddable":true,"href":"https:\/\/www.churchill1795.com\/de\/wp-json\/wp\/v2\/product_brand?post=73001"},{"taxonomy":"product_cat","embeddable":true,"href":"https:\/\/www.churchill1795.com\/de\/wp-json\/wp\/v2\/product_cat?post=73001"},{"taxonomy":"product_tag","embeddable":true,"href":"https:\/\/www.churchill1795.com\/de\/wp-json\/wp\/v2\/product_tag?post=73001"}],"curies":[{"name":"wp","href":"https:\/\/api.w.org\/{rel}","templated":true}]}}