{"id":72992,"date":"2026-02-06T10:39:54","date_gmt":"2026-02-06T10:39:54","guid":{"rendered":"https:\/\/www.churchill1795.com\/?post_type=product&#038;p=72992"},"modified":"2026-02-06T10:40:00","modified_gmt":"2026-02-06T10:40:00","slug":"schale-mit-erhohtem-rand-20cm-2","status":"publish","type":"product","link":"https:\/\/www.churchill1795.com\/de\/produkt\/schale-mit-erhohtem-rand-20cm-2\/","title":{"rendered":"SCHALE MIT ERH\u00d6HTEM RAND 20CM"},"content":{"rendered":"<p>Inked Tide Accents ist eine reduzierte Weiterentwicklung des urspr\u00fcnglichen Inked Tide Designs. Das ikonische, flie\u00dfende Muster in Wei\u00df wird durch einen markanten, zeitgem\u00e4\u00dfen Farbakzent veredelt \u0096 ideal f\u00fcr modernes Anrichten und anspruchsvolle Dining-Konzepte.<\/p>\n","protected":false},"excerpt":{"rendered":"<p>Inked Tide Accents ist eine reduzierte Weiterentwicklung des urspr\u00fcnglichen Tide Designs.<\/p>\n","protected":false},"featured_media":72617,"template":"","meta":{"_acf_changed":false,"content-type":""},"product_brand":[],"product_cat":[3588,10325],"product_tag":[],"class_list":{"0":"post-72992","1":"product","2":"type-product","3":"status-publish","4":"has-post-thumbnail","6":"product_cat-schalen","7":"product_cat-something-different-bowls","8":"pa_colour-green-de","9":"pa_filter-colour-grun","10":"pa_filter-material-keramik","11":"pa_filter-width-15-20cm-6-8-de","12":"pa_material-churchill-super-vitrified-de","13":"pa_shape-rund","14":"pa_size-20cm-7-7-8-de","15":"range-inked-tide-accents","16":"brand-churchill-super-vitrified","17":"brand-inked-de","18":"shape-code-wob1","20":"first","21":"instock","22":"purchasable","23":"product-type-simple","24":"add-to-wishlist-after_add_to_cart"},"acf":[],"yoast_head":"<!-- This site is optimized with the Yoast SEO plugin v27.3 - https:\/\/yoast.com\/product\/yoast-seo-wordpress\/ -->\n<title>Churchill Green Inked Tide Accents 20cm Schale mit hohem Rand<\/title>\n<meta name=\"description\" content=\"Die 20cm Schale mit hohem Rand \u00fcberzeugt durch freien Raum auf einem Wei\u00df-auf-Wei\u00df-Druck mit einem dramatischen gr\u00fcnen Akzent. Strapazierf\u00e4higes professionelles Geschirr. Mehr erfahren.\" \/>\n<meta name=\"robots\" content=\"index, follow, max-snippet:-1, max-image-preview:large, max-video-preview:-1\" \/>\n<link rel=\"canonical\" href=\"https:\/\/www.churchill1795.com\/en\/produkt\/walled-bowl-20cm-4\/\" \/>\n<meta property=\"og:locale\" content=\"de_DE\" \/>\n<meta property=\"og:type\" content=\"article\" \/>\n<meta property=\"og:title\" content=\"Churchill Green Inked Tide Accents 20cm Schale mit hohem Rand\" \/>\n<meta property=\"og:description\" content=\"Die 20cm Schale mit hohem Rand \u00fcberzeugt durch freien Raum auf einem Wei\u00df-auf-Wei\u00df-Druck mit einem dramatischen gr\u00fcnen Akzent. Strapazierf\u00e4higes professionelles Geschirr. Mehr erfahren.\" \/>\n<meta property=\"og:url\" content=\"https:\/\/www.churchill1795.com\/en\/produkt\/walled-bowl-20cm-4\/\" \/>\n<meta property=\"og:site_name\" content=\"Churchill\" \/>\n<meta property=\"article:modified_time\" content=\"2026-02-06T10:40:00+00:00\" \/>\n<meta property=\"og:image\" content=\"https:\/\/www.churchill1795.com\/wp-content\/uploads\/2026\/02\/TDAGWOB11.png\" \/>\n\t<meta property=\"og:image:width\" content=\"500\" \/>\n\t<meta property=\"og:image:height\" content=\"500\" \/>\n\t<meta property=\"og:image:type\" content=\"image\/png\" \/>\n<meta name=\"twitter:card\" content=\"summary_large_image\" \/>\n<script type=\"application\/ld+json\" class=\"yoast-schema-graph\">{\"@context\":\"https:\\\/\\\/schema.org\",\"@graph\":[{\"@type\":\"WebPage\",\"@id\":\"https:\\\/\\\/www.churchill1795.com\\\/en\\\/produkt\\\/walled-bowl-20cm-4\\\/\",\"url\":\"https:\\\/\\\/www.churchill1795.com\\\/en\\\/produkt\\\/walled-bowl-20cm-4\\\/\",\"name\":\"Churchill Green Inked Tide Accents 20cm Schale mit hohem Rand\",\"isPartOf\":{\"@id\":\"https:\\\/\\\/www.churchill1795.com\\\/en\\\/#website\"},\"primaryImageOfPage\":{\"@id\":\"https:\\\/\\\/www.churchill1795.com\\\/en\\\/produkt\\\/walled-bowl-20cm-4\\\/#primaryimage\"},\"image\":{\"@id\":\"https:\\\/\\\/www.churchill1795.com\\\/en\\\/produkt\\\/walled-bowl-20cm-4\\\/#primaryimage\"},\"thumbnailUrl\":\"https:\\\/\\\/www.churchill1795.com\\\/wp-content\\\/uploads\\\/2026\\\/02\\\/TDAGWOB11.png\",\"datePublished\":\"2026-02-06T10:39:54+00:00\",\"dateModified\":\"2026-02-06T10:40:00+00:00\",\"description\":\"Die 20cm Schale mit hohem Rand \u00fcberzeugt durch freien Raum auf einem Wei\u00df-auf-Wei\u00df-Druck mit einem dramatischen gr\u00fcnen Akzent. Strapazierf\u00e4higes professionelles Geschirr. Mehr erfahren.\",\"breadcrumb\":{\"@id\":\"https:\\\/\\\/www.churchill1795.com\\\/en\\\/produkt\\\/walled-bowl-20cm-4\\\/#breadcrumb\"},\"inLanguage\":\"de\",\"potentialAction\":[{\"@type\":\"ReadAction\",\"target\":[\"https:\\\/\\\/www.churchill1795.com\\\/en\\\/produkt\\\/walled-bowl-20cm-4\\\/\"]}]},{\"@type\":\"ImageObject\",\"inLanguage\":\"de\",\"@id\":\"https:\\\/\\\/www.churchill1795.com\\\/en\\\/produkt\\\/walled-bowl-20cm-4\\\/#primaryimage\",\"url\":\"https:\\\/\\\/www.churchill1795.com\\\/wp-content\\\/uploads\\\/2026\\\/02\\\/TDAGWOB11.png\",\"contentUrl\":\"https:\\\/\\\/www.churchill1795.com\\\/wp-content\\\/uploads\\\/2026\\\/02\\\/TDAGWOB11.png\",\"width\":500,\"height\":500},{\"@type\":\"BreadcrumbList\",\"@id\":\"https:\\\/\\\/www.churchill1795.com\\\/en\\\/produkt\\\/walled-bowl-20cm-4\\\/#breadcrumb\",\"itemListElement\":[{\"@type\":\"ListItem\",\"position\":1,\"name\":\"Home\",\"item\":\"https:\\\/\\\/www.churchill1795.com\\\/de\\\/\"},{\"@type\":\"ListItem\",\"position\":2,\"name\":\"SCHALE MIT ERH\u00d6HTEM RAND 20CM\"}]},{\"@type\":\"WebSite\",\"@id\":\"https:\\\/\\\/www.churchill1795.com\\\/en\\\/#website\",\"url\":\"https:\\\/\\\/www.churchill1795.com\\\/en\\\/\",\"name\":\"Churchill\",\"description\":\"Innovation, Passion &amp; expertise\",\"publisher\":{\"@id\":\"https:\\\/\\\/www.churchill1795.com\\\/en\\\/#organization\"},\"potentialAction\":[{\"@type\":\"SearchAction\",\"target\":{\"@type\":\"EntryPoint\",\"urlTemplate\":\"https:\\\/\\\/www.churchill1795.com\\\/en\\\/?s={search_term_string}\"},\"query-input\":{\"@type\":\"PropertyValueSpecification\",\"valueRequired\":true,\"valueName\":\"search_term_string\"}}],\"inLanguage\":\"de\"},{\"@type\":\"Organization\",\"@id\":\"https:\\\/\\\/www.churchill1795.com\\\/en\\\/#organization\",\"name\":\"Churchill\",\"url\":\"https:\\\/\\\/www.churchill1795.com\\\/en\\\/\",\"logo\":{\"@type\":\"ImageObject\",\"inLanguage\":\"de\",\"@id\":\"https:\\\/\\\/www.churchill1795.com\\\/en\\\/#\\\/schema\\\/logo\\\/image\\\/\",\"url\":\"https:\\\/\\\/www.churchill1795.com\\\/wp-content\\\/uploads\\\/2024\\\/09\\\/logo-1.webp\",\"contentUrl\":\"https:\\\/\\\/www.churchill1795.com\\\/wp-content\\\/uploads\\\/2024\\\/09\\\/logo-1.webp\",\"width\":240,\"height\":88,\"caption\":\"Churchill\"},\"image\":{\"@id\":\"https:\\\/\\\/www.churchill1795.com\\\/en\\\/#\\\/schema\\\/logo\\\/image\\\/\"}}]}<\/script>\n<!-- \/ Yoast SEO plugin. -->","yoast_head_json":{"title":"Churchill Green Inked Tide Accents 20cm Schale mit hohem Rand","description":"Die 20cm Schale mit hohem Rand \u00fcberzeugt durch freien Raum auf einem Wei\u00df-auf-Wei\u00df-Druck mit einem dramatischen gr\u00fcnen Akzent. Strapazierf\u00e4higes professionelles Geschirr. Mehr erfahren.","robots":{"index":"index","follow":"follow","max-snippet":"max-snippet:-1","max-image-preview":"max-image-preview:large","max-video-preview":"max-video-preview:-1"},"canonical":"https:\/\/www.churchill1795.com\/en\/produkt\/walled-bowl-20cm-4\/","og_locale":"de_DE","og_type":"article","og_title":"Churchill Green Inked Tide Accents 20cm Schale mit hohem Rand","og_description":"Die 20cm Schale mit hohem Rand \u00fcberzeugt durch freien Raum auf einem Wei\u00df-auf-Wei\u00df-Druck mit einem dramatischen gr\u00fcnen Akzent. Strapazierf\u00e4higes professionelles Geschirr. Mehr erfahren.","og_url":"https:\/\/www.churchill1795.com\/en\/produkt\/walled-bowl-20cm-4\/","og_site_name":"Churchill","article_modified_time":"2026-02-06T10:40:00+00:00","og_image":[{"width":500,"height":500,"url":"https:\/\/www.churchill1795.com\/wp-content\/uploads\/2026\/02\/TDAGWOB11.png","type":"image\/png"}],"twitter_card":"summary_large_image","schema":{"@context":"https:\/\/schema.org","@graph":[{"@type":"WebPage","@id":"https:\/\/www.churchill1795.com\/en\/produkt\/walled-bowl-20cm-4\/","url":"https:\/\/www.churchill1795.com\/en\/produkt\/walled-bowl-20cm-4\/","name":"Churchill Green Inked Tide Accents 20cm Schale mit hohem Rand","isPartOf":{"@id":"https:\/\/www.churchill1795.com\/en\/#website"},"primaryImageOfPage":{"@id":"https:\/\/www.churchill1795.com\/en\/produkt\/walled-bowl-20cm-4\/#primaryimage"},"image":{"@id":"https:\/\/www.churchill1795.com\/en\/produkt\/walled-bowl-20cm-4\/#primaryimage"},"thumbnailUrl":"https:\/\/www.churchill1795.com\/wp-content\/uploads\/2026\/02\/TDAGWOB11.png","datePublished":"2026-02-06T10:39:54+00:00","dateModified":"2026-02-06T10:40:00+00:00","description":"Die 20cm Schale mit hohem Rand \u00fcberzeugt durch freien Raum auf einem Wei\u00df-auf-Wei\u00df-Druck mit einem dramatischen gr\u00fcnen Akzent. Strapazierf\u00e4higes professionelles Geschirr. Mehr erfahren.","breadcrumb":{"@id":"https:\/\/www.churchill1795.com\/en\/produkt\/walled-bowl-20cm-4\/#breadcrumb"},"inLanguage":"de","potentialAction":[{"@type":"ReadAction","target":["https:\/\/www.churchill1795.com\/en\/produkt\/walled-bowl-20cm-4\/"]}]},{"@type":"ImageObject","inLanguage":"de","@id":"https:\/\/www.churchill1795.com\/en\/produkt\/walled-bowl-20cm-4\/#primaryimage","url":"https:\/\/www.churchill1795.com\/wp-content\/uploads\/2026\/02\/TDAGWOB11.png","contentUrl":"https:\/\/www.churchill1795.com\/wp-content\/uploads\/2026\/02\/TDAGWOB11.png","width":500,"height":500},{"@type":"BreadcrumbList","@id":"https:\/\/www.churchill1795.com\/en\/produkt\/walled-bowl-20cm-4\/#breadcrumb","itemListElement":[{"@type":"ListItem","position":1,"name":"Home","item":"https:\/\/www.churchill1795.com\/de\/"},{"@type":"ListItem","position":2,"name":"SCHALE MIT ERH\u00d6HTEM RAND 20CM"}]},{"@type":"WebSite","@id":"https:\/\/www.churchill1795.com\/en\/#website","url":"https:\/\/www.churchill1795.com\/en\/","name":"Churchill","description":"Innovation, Passion &amp; expertise","publisher":{"@id":"https:\/\/www.churchill1795.com\/en\/#organization"},"potentialAction":[{"@type":"SearchAction","target":{"@type":"EntryPoint","urlTemplate":"https:\/\/www.churchill1795.com\/en\/?s={search_term_string}"},"query-input":{"@type":"PropertyValueSpecification","valueRequired":true,"valueName":"search_term_string"}}],"inLanguage":"de"},{"@type":"Organization","@id":"https:\/\/www.churchill1795.com\/en\/#organization","name":"Churchill","url":"https:\/\/www.churchill1795.com\/en\/","logo":{"@type":"ImageObject","inLanguage":"de","@id":"https:\/\/www.churchill1795.com\/en\/#\/schema\/logo\/image\/","url":"https:\/\/www.churchill1795.com\/wp-content\/uploads\/2024\/09\/logo-1.webp","contentUrl":"https:\/\/www.churchill1795.com\/wp-content\/uploads\/2024\/09\/logo-1.webp","width":240,"height":88,"caption":"Churchill"},"image":{"@id":"https:\/\/www.churchill1795.com\/en\/#\/schema\/logo\/image\/"}}]}},"_links":{"self":[{"href":"https:\/\/www.churchill1795.com\/de\/wp-json\/wp\/v2\/product\/72992","targetHints":{"allow":["GET"]}}],"collection":[{"href":"https:\/\/www.churchill1795.com\/de\/wp-json\/wp\/v2\/product"}],"about":[{"href":"https:\/\/www.churchill1795.com\/de\/wp-json\/wp\/v2\/types\/product"}],"wp:featuredmedia":[{"embeddable":true,"href":"https:\/\/www.churchill1795.com\/de\/wp-json\/wp\/v2\/media\/72617"}],"wp:attachment":[{"href":"https:\/\/www.churchill1795.com\/de\/wp-json\/wp\/v2\/media?parent=72992"}],"wp:term":[{"taxonomy":"product_brand","embeddable":true,"href":"https:\/\/www.churchill1795.com\/de\/wp-json\/wp\/v2\/product_brand?post=72992"},{"taxonomy":"product_cat","embeddable":true,"href":"https:\/\/www.churchill1795.com\/de\/wp-json\/wp\/v2\/product_cat?post=72992"},{"taxonomy":"product_tag","embeddable":true,"href":"https:\/\/www.churchill1795.com\/de\/wp-json\/wp\/v2\/product_tag?post=72992"}],"curies":[{"name":"wp","href":"https:\/\/api.w.org\/{rel}","templated":true}]}}