{"id":72981,"date":"2026-02-06T10:37:26","date_gmt":"2026-02-06T10:37:26","guid":{"rendered":"https:\/\/www.churchill1795.com\/?post_type=product&#038;p=72981"},"modified":"2026-02-06T10:37:33","modified_gmt":"2026-02-06T10:37:33","slug":"coupe-schalen-18-2cm-2","status":"publish","type":"product","link":"https:\/\/www.churchill1795.com\/de\/produkt\/coupe-schalen-18-2cm-2\/","title":{"rendered":"COUPE SCHALEN 18.2CM"},"content":{"rendered":"<p>Inked Tide Accents ist eine reduzierte Weiterentwicklung des urspr\u00fcnglichen Inked Tide Designs. Das ikonische, flie\u00dfende Muster in Wei\u00df wird durch einen markanten, zeitgem\u00e4\u00dfen Farbakzent veredelt \u0096 ideal f\u00fcr modernes Anrichten und anspruchsvolle Dining-Konzepte.<\/p>\n","protected":false},"excerpt":{"rendered":"<p>Inked Tide Accents ist eine reduzierte Weiterentwicklung des urspr\u00fcnglichen Tide Designs.<\/p>\n","protected":false},"featured_media":72599,"template":"","meta":{"_acf_changed":false,"content-type":""},"product_brand":[],"product_cat":[3589,3588],"product_tag":[],"class_list":{"0":"post-72981","1":"product","2":"type-product","3":"status-publish","4":"has-post-thumbnail","6":"product_cat-coupe-schalen","7":"product_cat-schalen","8":"pa_colour-blue-de","9":"pa_filter-capacity-31-60cl-10-4-20-2oz-de","10":"pa_filter-colour-blau-de","11":"pa_filter-material-keramik","12":"pa_filter-width-15-20cm-6-8-de","13":"pa_material-churchill-super-vitrified-de","14":"pa_shape-rund","15":"pa_size-18-2cm-7-1-4-de-2","16":"range-inked-tide-accents","17":"brand-churchill-super-vitrified","18":"brand-inked-de","19":"shape-code-evb7","21":"first","22":"instock","23":"purchasable","24":"product-type-simple","25":"add-to-wishlist-after_add_to_cart"},"acf":[],"yoast_head":"<!-- This site is optimized with the Yoast SEO plugin v27.3 - https:\/\/yoast.com\/product\/yoast-seo-wordpress\/ -->\n<title>Churchill Blue Inked Tide Accents 18.2cm Schale<\/title>\n<meta name=\"description\" content=\"Die 18.2cm Coupeschale \u00fcberzeugt durch freien Raum auf einem Wei\u00df-auf-Wei\u00df-Druck mit einem dramatischen blauen Akzent. Strapazierf\u00e4higes professionelles Geschirr. Mehr erfahren.\" \/>\n<meta name=\"robots\" content=\"index, follow, max-snippet:-1, max-image-preview:large, max-video-preview:-1\" \/>\n<link rel=\"canonical\" href=\"https:\/\/www.churchill1795.com\/en\/produkt\/coupe-bowl-18-2cm-50\/\" \/>\n<meta property=\"og:locale\" content=\"de_DE\" \/>\n<meta property=\"og:type\" content=\"article\" \/>\n<meta property=\"og:title\" content=\"Churchill Blue Inked Tide Accents 18.2cm Schale\" \/>\n<meta property=\"og:description\" content=\"Die 18.2cm Coupeschale \u00fcberzeugt durch freien Raum auf einem Wei\u00df-auf-Wei\u00df-Druck mit einem dramatischen blauen Akzent. Strapazierf\u00e4higes professionelles Geschirr. Mehr erfahren.\" \/>\n<meta property=\"og:url\" content=\"https:\/\/www.churchill1795.com\/en\/produkt\/coupe-bowl-18-2cm-50\/\" \/>\n<meta property=\"og:site_name\" content=\"Churchill\" \/>\n<meta property=\"article:modified_time\" content=\"2026-02-06T10:37:33+00:00\" \/>\n<meta property=\"og:image\" content=\"https:\/\/www.churchill1795.com\/wp-content\/uploads\/2026\/02\/TDABEVB71.png\" \/>\n\t<meta property=\"og:image:width\" content=\"500\" \/>\n\t<meta property=\"og:image:height\" content=\"500\" \/>\n\t<meta property=\"og:image:type\" content=\"image\/png\" \/>\n<meta name=\"twitter:card\" content=\"summary_large_image\" \/>\n<script type=\"application\/ld+json\" class=\"yoast-schema-graph\">{\"@context\":\"https:\\\/\\\/schema.org\",\"@graph\":[{\"@type\":\"WebPage\",\"@id\":\"https:\\\/\\\/www.churchill1795.com\\\/en\\\/produkt\\\/coupe-bowl-18-2cm-50\\\/\",\"url\":\"https:\\\/\\\/www.churchill1795.com\\\/en\\\/produkt\\\/coupe-bowl-18-2cm-50\\\/\",\"name\":\"Churchill Blue Inked Tide Accents 18.2cm Schale\",\"isPartOf\":{\"@id\":\"https:\\\/\\\/www.churchill1795.com\\\/en\\\/#website\"},\"primaryImageOfPage\":{\"@id\":\"https:\\\/\\\/www.churchill1795.com\\\/en\\\/produkt\\\/coupe-bowl-18-2cm-50\\\/#primaryimage\"},\"image\":{\"@id\":\"https:\\\/\\\/www.churchill1795.com\\\/en\\\/produkt\\\/coupe-bowl-18-2cm-50\\\/#primaryimage\"},\"thumbnailUrl\":\"https:\\\/\\\/www.churchill1795.com\\\/wp-content\\\/uploads\\\/2026\\\/02\\\/TDABEVB71.png\",\"datePublished\":\"2026-02-06T10:37:26+00:00\",\"dateModified\":\"2026-02-06T10:37:33+00:00\",\"description\":\"Die 18.2cm Coupeschale \u00fcberzeugt durch freien Raum auf einem Wei\u00df-auf-Wei\u00df-Druck mit einem dramatischen blauen Akzent. Strapazierf\u00e4higes professionelles Geschirr. Mehr erfahren.\",\"breadcrumb\":{\"@id\":\"https:\\\/\\\/www.churchill1795.com\\\/en\\\/produkt\\\/coupe-bowl-18-2cm-50\\\/#breadcrumb\"},\"inLanguage\":\"de\",\"potentialAction\":[{\"@type\":\"ReadAction\",\"target\":[\"https:\\\/\\\/www.churchill1795.com\\\/en\\\/produkt\\\/coupe-bowl-18-2cm-50\\\/\"]}]},{\"@type\":\"ImageObject\",\"inLanguage\":\"de\",\"@id\":\"https:\\\/\\\/www.churchill1795.com\\\/en\\\/produkt\\\/coupe-bowl-18-2cm-50\\\/#primaryimage\",\"url\":\"https:\\\/\\\/www.churchill1795.com\\\/wp-content\\\/uploads\\\/2026\\\/02\\\/TDABEVB71.png\",\"contentUrl\":\"https:\\\/\\\/www.churchill1795.com\\\/wp-content\\\/uploads\\\/2026\\\/02\\\/TDABEVB71.png\",\"width\":500,\"height\":500},{\"@type\":\"BreadcrumbList\",\"@id\":\"https:\\\/\\\/www.churchill1795.com\\\/en\\\/produkt\\\/coupe-bowl-18-2cm-50\\\/#breadcrumb\",\"itemListElement\":[{\"@type\":\"ListItem\",\"position\":1,\"name\":\"Home\",\"item\":\"https:\\\/\\\/www.churchill1795.com\\\/de\\\/\"},{\"@type\":\"ListItem\",\"position\":2,\"name\":\"COUPE SCHALEN 18.2CM\"}]},{\"@type\":\"WebSite\",\"@id\":\"https:\\\/\\\/www.churchill1795.com\\\/en\\\/#website\",\"url\":\"https:\\\/\\\/www.churchill1795.com\\\/en\\\/\",\"name\":\"Churchill\",\"description\":\"Innovation, Passion &amp; expertise\",\"publisher\":{\"@id\":\"https:\\\/\\\/www.churchill1795.com\\\/en\\\/#organization\"},\"potentialAction\":[{\"@type\":\"SearchAction\",\"target\":{\"@type\":\"EntryPoint\",\"urlTemplate\":\"https:\\\/\\\/www.churchill1795.com\\\/en\\\/?s={search_term_string}\"},\"query-input\":{\"@type\":\"PropertyValueSpecification\",\"valueRequired\":true,\"valueName\":\"search_term_string\"}}],\"inLanguage\":\"de\"},{\"@type\":\"Organization\",\"@id\":\"https:\\\/\\\/www.churchill1795.com\\\/en\\\/#organization\",\"name\":\"Churchill\",\"url\":\"https:\\\/\\\/www.churchill1795.com\\\/en\\\/\",\"logo\":{\"@type\":\"ImageObject\",\"inLanguage\":\"de\",\"@id\":\"https:\\\/\\\/www.churchill1795.com\\\/en\\\/#\\\/schema\\\/logo\\\/image\\\/\",\"url\":\"https:\\\/\\\/www.churchill1795.com\\\/wp-content\\\/uploads\\\/2024\\\/09\\\/logo-1.webp\",\"contentUrl\":\"https:\\\/\\\/www.churchill1795.com\\\/wp-content\\\/uploads\\\/2024\\\/09\\\/logo-1.webp\",\"width\":240,\"height\":88,\"caption\":\"Churchill\"},\"image\":{\"@id\":\"https:\\\/\\\/www.churchill1795.com\\\/en\\\/#\\\/schema\\\/logo\\\/image\\\/\"}}]}<\/script>\n<!-- \/ Yoast SEO plugin. -->","yoast_head_json":{"title":"Churchill Blue Inked Tide Accents 18.2cm Schale","description":"Die 18.2cm Coupeschale \u00fcberzeugt durch freien Raum auf einem Wei\u00df-auf-Wei\u00df-Druck mit einem dramatischen blauen Akzent. Strapazierf\u00e4higes professionelles Geschirr. Mehr erfahren.","robots":{"index":"index","follow":"follow","max-snippet":"max-snippet:-1","max-image-preview":"max-image-preview:large","max-video-preview":"max-video-preview:-1"},"canonical":"https:\/\/www.churchill1795.com\/en\/produkt\/coupe-bowl-18-2cm-50\/","og_locale":"de_DE","og_type":"article","og_title":"Churchill Blue Inked Tide Accents 18.2cm Schale","og_description":"Die 18.2cm Coupeschale \u00fcberzeugt durch freien Raum auf einem Wei\u00df-auf-Wei\u00df-Druck mit einem dramatischen blauen Akzent. Strapazierf\u00e4higes professionelles Geschirr. Mehr erfahren.","og_url":"https:\/\/www.churchill1795.com\/en\/produkt\/coupe-bowl-18-2cm-50\/","og_site_name":"Churchill","article_modified_time":"2026-02-06T10:37:33+00:00","og_image":[{"width":500,"height":500,"url":"https:\/\/www.churchill1795.com\/wp-content\/uploads\/2026\/02\/TDABEVB71.png","type":"image\/png"}],"twitter_card":"summary_large_image","schema":{"@context":"https:\/\/schema.org","@graph":[{"@type":"WebPage","@id":"https:\/\/www.churchill1795.com\/en\/produkt\/coupe-bowl-18-2cm-50\/","url":"https:\/\/www.churchill1795.com\/en\/produkt\/coupe-bowl-18-2cm-50\/","name":"Churchill Blue Inked Tide Accents 18.2cm Schale","isPartOf":{"@id":"https:\/\/www.churchill1795.com\/en\/#website"},"primaryImageOfPage":{"@id":"https:\/\/www.churchill1795.com\/en\/produkt\/coupe-bowl-18-2cm-50\/#primaryimage"},"image":{"@id":"https:\/\/www.churchill1795.com\/en\/produkt\/coupe-bowl-18-2cm-50\/#primaryimage"},"thumbnailUrl":"https:\/\/www.churchill1795.com\/wp-content\/uploads\/2026\/02\/TDABEVB71.png","datePublished":"2026-02-06T10:37:26+00:00","dateModified":"2026-02-06T10:37:33+00:00","description":"Die 18.2cm Coupeschale \u00fcberzeugt durch freien Raum auf einem Wei\u00df-auf-Wei\u00df-Druck mit einem dramatischen blauen Akzent. Strapazierf\u00e4higes professionelles Geschirr. Mehr erfahren.","breadcrumb":{"@id":"https:\/\/www.churchill1795.com\/en\/produkt\/coupe-bowl-18-2cm-50\/#breadcrumb"},"inLanguage":"de","potentialAction":[{"@type":"ReadAction","target":["https:\/\/www.churchill1795.com\/en\/produkt\/coupe-bowl-18-2cm-50\/"]}]},{"@type":"ImageObject","inLanguage":"de","@id":"https:\/\/www.churchill1795.com\/en\/produkt\/coupe-bowl-18-2cm-50\/#primaryimage","url":"https:\/\/www.churchill1795.com\/wp-content\/uploads\/2026\/02\/TDABEVB71.png","contentUrl":"https:\/\/www.churchill1795.com\/wp-content\/uploads\/2026\/02\/TDABEVB71.png","width":500,"height":500},{"@type":"BreadcrumbList","@id":"https:\/\/www.churchill1795.com\/en\/produkt\/coupe-bowl-18-2cm-50\/#breadcrumb","itemListElement":[{"@type":"ListItem","position":1,"name":"Home","item":"https:\/\/www.churchill1795.com\/de\/"},{"@type":"ListItem","position":2,"name":"COUPE SCHALEN 18.2CM"}]},{"@type":"WebSite","@id":"https:\/\/www.churchill1795.com\/en\/#website","url":"https:\/\/www.churchill1795.com\/en\/","name":"Churchill","description":"Innovation, Passion &amp; expertise","publisher":{"@id":"https:\/\/www.churchill1795.com\/en\/#organization"},"potentialAction":[{"@type":"SearchAction","target":{"@type":"EntryPoint","urlTemplate":"https:\/\/www.churchill1795.com\/en\/?s={search_term_string}"},"query-input":{"@type":"PropertyValueSpecification","valueRequired":true,"valueName":"search_term_string"}}],"inLanguage":"de"},{"@type":"Organization","@id":"https:\/\/www.churchill1795.com\/en\/#organization","name":"Churchill","url":"https:\/\/www.churchill1795.com\/en\/","logo":{"@type":"ImageObject","inLanguage":"de","@id":"https:\/\/www.churchill1795.com\/en\/#\/schema\/logo\/image\/","url":"https:\/\/www.churchill1795.com\/wp-content\/uploads\/2024\/09\/logo-1.webp","contentUrl":"https:\/\/www.churchill1795.com\/wp-content\/uploads\/2024\/09\/logo-1.webp","width":240,"height":88,"caption":"Churchill"},"image":{"@id":"https:\/\/www.churchill1795.com\/en\/#\/schema\/logo\/image\/"}}]}},"_links":{"self":[{"href":"https:\/\/www.churchill1795.com\/de\/wp-json\/wp\/v2\/product\/72981","targetHints":{"allow":["GET"]}}],"collection":[{"href":"https:\/\/www.churchill1795.com\/de\/wp-json\/wp\/v2\/product"}],"about":[{"href":"https:\/\/www.churchill1795.com\/de\/wp-json\/wp\/v2\/types\/product"}],"wp:featuredmedia":[{"embeddable":true,"href":"https:\/\/www.churchill1795.com\/de\/wp-json\/wp\/v2\/media\/72599"}],"wp:attachment":[{"href":"https:\/\/www.churchill1795.com\/de\/wp-json\/wp\/v2\/media?parent=72981"}],"wp:term":[{"taxonomy":"product_brand","embeddable":true,"href":"https:\/\/www.churchill1795.com\/de\/wp-json\/wp\/v2\/product_brand?post=72981"},{"taxonomy":"product_cat","embeddable":true,"href":"https:\/\/www.churchill1795.com\/de\/wp-json\/wp\/v2\/product_cat?post=72981"},{"taxonomy":"product_tag","embeddable":true,"href":"https:\/\/www.churchill1795.com\/de\/wp-json\/wp\/v2\/product_tag?post=72981"}],"curies":[{"name":"wp","href":"https:\/\/api.w.org\/{rel}","templated":true}]}}