{"id":70384,"date":"2025-10-22T10:51:20","date_gmt":"2025-10-22T09:51:20","guid":{"rendered":"https:\/\/www.churchill1795.com\/?post_type=product&#038;p=70384"},"modified":"2026-01-14T13:17:06","modified_gmt":"2026-01-14T13:17:06","slug":"servierplatte-opal-26-x-15cm-2","status":"publish","type":"product","link":"https:\/\/www.churchill1795.com\/de\/produkt\/servierplatte-opal-26-x-15cm-2\/","title":{"rendered":"SERVIERPLATTE OPAL 26 X 15CM"},"content":{"rendered":"<p>Opal ist eine Kollektion zeitgem\u00e4\u00dfer Formen, inspiriert von den organischen Linien der Natur. Erh\u00e4ltlich in Tellern und Schalen, eignet sich die subtile und zeitlose Form ideal zur Pr\u00e4sentation frischer und saisonaler Gerichte.<\/p>\n","protected":false},"excerpt":{"rendered":"<p>Opal ist eine Kollektion zeitgem\u00e4\u00dfer Formen, inspiriert von den organischen Linien der Natur.<\/p>\n","protected":false},"featured_media":69604,"template":"","meta":{"_acf_changed":false,"content-type":""},"product_brand":[],"product_cat":[3602,3597],"product_tag":[],"class_list":{"0":"post-70384","1":"product","2":"type-product","3":"status-publish","4":"has-post-thumbnail","6":"product_cat-etwas-besonders","7":"product_cat-teller","8":"pa_colour-white-de","9":"pa_filter-colour-weis","10":"pa_filter-material-keramik","11":"pa_filter-width-26-32cm-10-2-12-5-de","12":"pa_material-churchill-super-vitrified-de","13":"pa_shape-organisch","14":"pa_size-26cm-10-1-4-de","15":"range-opal","16":"brand-churchill-super-vitrified","17":"shape-code-oo261","19":"first","20":"instock","21":"purchasable","22":"product-type-simple","23":"add-to-wishlist-after_add_to_cart"},"acf":[],"yoast_head":"<!-- This site is optimized with the Yoast SEO plugin v27.3 - https:\/\/yoast.com\/product\/yoast-seo-wordpress\/ -->\n<title>White Opal Platte 26x15cm | Churchill<\/title>\n<meta name=\"description\" content=\"Sanfte Linien und runde Formen f\u00fcr modernen Service; aus supervitrifiziertem Keramik, langlebig.\" \/>\n<meta name=\"robots\" content=\"index, follow, max-snippet:-1, max-image-preview:large, max-video-preview:-1\" \/>\n<link rel=\"canonical\" href=\"https:\/\/www.churchill1795.com\/de\/produkt\/servierplatte-opal-26-x-15cm-2\/\" \/>\n<meta property=\"og:locale\" content=\"de_DE\" \/>\n<meta property=\"og:type\" content=\"article\" \/>\n<meta property=\"og:title\" content=\"White Opal Platte 26x15cm | Churchill\" \/>\n<meta property=\"og:description\" content=\"Sanfte Linien und runde Formen f\u00fcr modernen Service; aus supervitrifiziertem Keramik, langlebig.\" \/>\n<meta property=\"og:url\" content=\"https:\/\/www.churchill1795.com\/de\/produkt\/servierplatte-opal-26-x-15cm-2\/\" \/>\n<meta property=\"og:site_name\" content=\"Churchill\" \/>\n<meta property=\"article:modified_time\" content=\"2026-01-14T13:17:06+00:00\" \/>\n<meta property=\"og:image\" content=\"https:\/\/www.churchill1795.com\/wp-content\/uploads\/2025\/10\/WH-OO261.png\" \/>\n\t<meta property=\"og:image:width\" content=\"500\" \/>\n\t<meta property=\"og:image:height\" content=\"500\" \/>\n\t<meta property=\"og:image:type\" content=\"image\/png\" \/>\n<meta name=\"twitter:card\" content=\"summary_large_image\" \/>\n<script type=\"application\/ld+json\" class=\"yoast-schema-graph\">{\"@context\":\"https:\\\/\\\/schema.org\",\"@graph\":[{\"@type\":\"WebPage\",\"@id\":\"https:\\\/\\\/www.churchill1795.com\\\/de\\\/produkt\\\/servierplatte-opal-26-x-15cm-2\\\/\",\"url\":\"https:\\\/\\\/www.churchill1795.com\\\/de\\\/produkt\\\/servierplatte-opal-26-x-15cm-2\\\/\",\"name\":\"White Opal Platte 26x15cm | Churchill\",\"isPartOf\":{\"@id\":\"https:\\\/\\\/www.churchill1795.com\\\/en\\\/#website\"},\"primaryImageOfPage\":{\"@id\":\"https:\\\/\\\/www.churchill1795.com\\\/de\\\/produkt\\\/servierplatte-opal-26-x-15cm-2\\\/#primaryimage\"},\"image\":{\"@id\":\"https:\\\/\\\/www.churchill1795.com\\\/de\\\/produkt\\\/servierplatte-opal-26-x-15cm-2\\\/#primaryimage\"},\"thumbnailUrl\":\"https:\\\/\\\/www.churchill1795.com\\\/wp-content\\\/uploads\\\/2025\\\/10\\\/WH-OO261.png\",\"datePublished\":\"2025-10-22T09:51:20+00:00\",\"dateModified\":\"2026-01-14T13:17:06+00:00\",\"description\":\"Sanfte Linien und runde Formen f\u00fcr modernen Service; aus supervitrifiziertem Keramik, langlebig.\",\"breadcrumb\":{\"@id\":\"https:\\\/\\\/www.churchill1795.com\\\/de\\\/produkt\\\/servierplatte-opal-26-x-15cm-2\\\/#breadcrumb\"},\"inLanguage\":\"de\",\"potentialAction\":[{\"@type\":\"ReadAction\",\"target\":[\"https:\\\/\\\/www.churchill1795.com\\\/de\\\/produkt\\\/servierplatte-opal-26-x-15cm-2\\\/\"]}]},{\"@type\":\"ImageObject\",\"inLanguage\":\"de\",\"@id\":\"https:\\\/\\\/www.churchill1795.com\\\/de\\\/produkt\\\/servierplatte-opal-26-x-15cm-2\\\/#primaryimage\",\"url\":\"https:\\\/\\\/www.churchill1795.com\\\/wp-content\\\/uploads\\\/2025\\\/10\\\/WH-OO261.png\",\"contentUrl\":\"https:\\\/\\\/www.churchill1795.com\\\/wp-content\\\/uploads\\\/2025\\\/10\\\/WH-OO261.png\",\"width\":500,\"height\":500,\"caption\":\"Churchill Opal White 26 x 15cm Opal-Platte auf wei\u00dfem Hintergrund\"},{\"@type\":\"BreadcrumbList\",\"@id\":\"https:\\\/\\\/www.churchill1795.com\\\/de\\\/produkt\\\/servierplatte-opal-26-x-15cm-2\\\/#breadcrumb\",\"itemListElement\":[{\"@type\":\"ListItem\",\"position\":1,\"name\":\"Home\",\"item\":\"https:\\\/\\\/www.churchill1795.com\\\/de\\\/\"},{\"@type\":\"ListItem\",\"position\":2,\"name\":\"SERVIERPLATTE OPAL 26 X 15CM\"}]},{\"@type\":\"WebSite\",\"@id\":\"https:\\\/\\\/www.churchill1795.com\\\/en\\\/#website\",\"url\":\"https:\\\/\\\/www.churchill1795.com\\\/en\\\/\",\"name\":\"Churchill\",\"description\":\"Innovation, Passion &amp; expertise\",\"publisher\":{\"@id\":\"https:\\\/\\\/www.churchill1795.com\\\/en\\\/#organization\"},\"potentialAction\":[{\"@type\":\"SearchAction\",\"target\":{\"@type\":\"EntryPoint\",\"urlTemplate\":\"https:\\\/\\\/www.churchill1795.com\\\/en\\\/?s={search_term_string}\"},\"query-input\":{\"@type\":\"PropertyValueSpecification\",\"valueRequired\":true,\"valueName\":\"search_term_string\"}}],\"inLanguage\":\"de\"},{\"@type\":\"Organization\",\"@id\":\"https:\\\/\\\/www.churchill1795.com\\\/en\\\/#organization\",\"name\":\"Churchill\",\"url\":\"https:\\\/\\\/www.churchill1795.com\\\/en\\\/\",\"logo\":{\"@type\":\"ImageObject\",\"inLanguage\":\"de\",\"@id\":\"https:\\\/\\\/www.churchill1795.com\\\/en\\\/#\\\/schema\\\/logo\\\/image\\\/\",\"url\":\"https:\\\/\\\/www.churchill1795.com\\\/wp-content\\\/uploads\\\/2024\\\/09\\\/logo-1.webp\",\"contentUrl\":\"https:\\\/\\\/www.churchill1795.com\\\/wp-content\\\/uploads\\\/2024\\\/09\\\/logo-1.webp\",\"width\":240,\"height\":88,\"caption\":\"Churchill\"},\"image\":{\"@id\":\"https:\\\/\\\/www.churchill1795.com\\\/en\\\/#\\\/schema\\\/logo\\\/image\\\/\"}}]}<\/script>\n<!-- \/ Yoast SEO plugin. -->","yoast_head_json":{"title":"White Opal Platte 26x15cm | Churchill","description":"Sanfte Linien und runde Formen f\u00fcr modernen Service; aus supervitrifiziertem Keramik, langlebig.","robots":{"index":"index","follow":"follow","max-snippet":"max-snippet:-1","max-image-preview":"max-image-preview:large","max-video-preview":"max-video-preview:-1"},"canonical":"https:\/\/www.churchill1795.com\/de\/produkt\/servierplatte-opal-26-x-15cm-2\/","og_locale":"de_DE","og_type":"article","og_title":"White Opal Platte 26x15cm | Churchill","og_description":"Sanfte Linien und runde Formen f\u00fcr modernen Service; aus supervitrifiziertem Keramik, langlebig.","og_url":"https:\/\/www.churchill1795.com\/de\/produkt\/servierplatte-opal-26-x-15cm-2\/","og_site_name":"Churchill","article_modified_time":"2026-01-14T13:17:06+00:00","og_image":[{"width":500,"height":500,"url":"https:\/\/www.churchill1795.com\/wp-content\/uploads\/2025\/10\/WH-OO261.png","type":"image\/png"}],"twitter_card":"summary_large_image","schema":{"@context":"https:\/\/schema.org","@graph":[{"@type":"WebPage","@id":"https:\/\/www.churchill1795.com\/de\/produkt\/servierplatte-opal-26-x-15cm-2\/","url":"https:\/\/www.churchill1795.com\/de\/produkt\/servierplatte-opal-26-x-15cm-2\/","name":"White Opal Platte 26x15cm | Churchill","isPartOf":{"@id":"https:\/\/www.churchill1795.com\/en\/#website"},"primaryImageOfPage":{"@id":"https:\/\/www.churchill1795.com\/de\/produkt\/servierplatte-opal-26-x-15cm-2\/#primaryimage"},"image":{"@id":"https:\/\/www.churchill1795.com\/de\/produkt\/servierplatte-opal-26-x-15cm-2\/#primaryimage"},"thumbnailUrl":"https:\/\/www.churchill1795.com\/wp-content\/uploads\/2025\/10\/WH-OO261.png","datePublished":"2025-10-22T09:51:20+00:00","dateModified":"2026-01-14T13:17:06+00:00","description":"Sanfte Linien und runde Formen f\u00fcr modernen Service; aus supervitrifiziertem Keramik, langlebig.","breadcrumb":{"@id":"https:\/\/www.churchill1795.com\/de\/produkt\/servierplatte-opal-26-x-15cm-2\/#breadcrumb"},"inLanguage":"de","potentialAction":[{"@type":"ReadAction","target":["https:\/\/www.churchill1795.com\/de\/produkt\/servierplatte-opal-26-x-15cm-2\/"]}]},{"@type":"ImageObject","inLanguage":"de","@id":"https:\/\/www.churchill1795.com\/de\/produkt\/servierplatte-opal-26-x-15cm-2\/#primaryimage","url":"https:\/\/www.churchill1795.com\/wp-content\/uploads\/2025\/10\/WH-OO261.png","contentUrl":"https:\/\/www.churchill1795.com\/wp-content\/uploads\/2025\/10\/WH-OO261.png","width":500,"height":500,"caption":"Churchill Opal White 26 x 15cm Opal-Platte auf wei\u00dfem Hintergrund"},{"@type":"BreadcrumbList","@id":"https:\/\/www.churchill1795.com\/de\/produkt\/servierplatte-opal-26-x-15cm-2\/#breadcrumb","itemListElement":[{"@type":"ListItem","position":1,"name":"Home","item":"https:\/\/www.churchill1795.com\/de\/"},{"@type":"ListItem","position":2,"name":"SERVIERPLATTE OPAL 26 X 15CM"}]},{"@type":"WebSite","@id":"https:\/\/www.churchill1795.com\/en\/#website","url":"https:\/\/www.churchill1795.com\/en\/","name":"Churchill","description":"Innovation, Passion &amp; expertise","publisher":{"@id":"https:\/\/www.churchill1795.com\/en\/#organization"},"potentialAction":[{"@type":"SearchAction","target":{"@type":"EntryPoint","urlTemplate":"https:\/\/www.churchill1795.com\/en\/?s={search_term_string}"},"query-input":{"@type":"PropertyValueSpecification","valueRequired":true,"valueName":"search_term_string"}}],"inLanguage":"de"},{"@type":"Organization","@id":"https:\/\/www.churchill1795.com\/en\/#organization","name":"Churchill","url":"https:\/\/www.churchill1795.com\/en\/","logo":{"@type":"ImageObject","inLanguage":"de","@id":"https:\/\/www.churchill1795.com\/en\/#\/schema\/logo\/image\/","url":"https:\/\/www.churchill1795.com\/wp-content\/uploads\/2024\/09\/logo-1.webp","contentUrl":"https:\/\/www.churchill1795.com\/wp-content\/uploads\/2024\/09\/logo-1.webp","width":240,"height":88,"caption":"Churchill"},"image":{"@id":"https:\/\/www.churchill1795.com\/en\/#\/schema\/logo\/image\/"}}]}},"_links":{"self":[{"href":"https:\/\/www.churchill1795.com\/de\/wp-json\/wp\/v2\/product\/70384","targetHints":{"allow":["GET"]}}],"collection":[{"href":"https:\/\/www.churchill1795.com\/de\/wp-json\/wp\/v2\/product"}],"about":[{"href":"https:\/\/www.churchill1795.com\/de\/wp-json\/wp\/v2\/types\/product"}],"wp:featuredmedia":[{"embeddable":true,"href":"https:\/\/www.churchill1795.com\/de\/wp-json\/wp\/v2\/media\/69604"}],"wp:attachment":[{"href":"https:\/\/www.churchill1795.com\/de\/wp-json\/wp\/v2\/media?parent=70384"}],"wp:term":[{"taxonomy":"product_brand","embeddable":true,"href":"https:\/\/www.churchill1795.com\/de\/wp-json\/wp\/v2\/product_brand?post=70384"},{"taxonomy":"product_cat","embeddable":true,"href":"https:\/\/www.churchill1795.com\/de\/wp-json\/wp\/v2\/product_cat?post=70384"},{"taxonomy":"product_tag","embeddable":true,"href":"https:\/\/www.churchill1795.com\/de\/wp-json\/wp\/v2\/product_tag?post=70384"}],"curies":[{"name":"wp","href":"https:\/\/api.w.org\/{rel}","templated":true}]}}