{"id":70283,"date":"2025-10-22T11:11:38","date_gmt":"2025-10-22T10:11:38","guid":{"rendered":"https:\/\/www.churchill1795.com\/?post_type=product&#038;p=70283"},"modified":"2026-01-14T13:05:14","modified_gmt":"2026-01-14T13:05:14","slug":"schale-opal-20cm-6","status":"publish","type":"product","link":"https:\/\/www.churchill1795.com\/de\/produkt\/schale-opal-20cm-6\/","title":{"rendered":"SCHALE OPAL 20CM"},"content":{"rendered":"<p>Dieses himmlisch inspirierte Inked Design tr\u00e4gt den Namen des Sternbildes Lyra. Mit einem ausgewogenen Verh\u00e4ltnis von Wei\u00dfraum und Farbe strahlt das lineare Muster von einem zentralen Punkt aus und schafft so einen dynamischen Blickfang auf dem Teller.<\/p>\n","protected":false},"excerpt":{"rendered":"<p>Das vom Firmanent inspirierte Inked Design tr\u00e4gt den Namen des Sternbildes Lyra.<\/p>\n","protected":false},"featured_media":69338,"template":"","meta":{"_acf_changed":false,"content-type":""},"product_brand":[],"product_cat":[3588,10325],"product_tag":[],"class_list":{"0":"post-70283","1":"product","2":"type-product","3":"status-publish","4":"has-post-thumbnail","6":"product_cat-schalen","7":"product_cat-something-different-bowls","8":"pa_colour-blue-de","9":"pa_filter-capacity-31-60cl-10-4-20-2oz-de","10":"pa_filter-colour-blau-de","11":"pa_filter-material-keramik","12":"pa_filter-width-15-20cm-6-8-de","13":"pa_material-churchill-super-vitrified-de","14":"pa_shape-organisch","15":"pa_size-20cm-7-4-5-de","16":"range-inked-lyra-de","17":"brand-churchill-super-vitrified","18":"brand-inked-de","19":"tabletop-blues-de","20":"tabletop-moody-blues-de","21":"shape-code-obo71","23":"first","24":"instock","25":"purchasable","26":"product-type-simple","27":"add-to-wishlist-after_add_to_cart"},"acf":[],"yoast_head":"<!-- This site is optimized with the Yoast SEO plugin v27.3 - https:\/\/yoast.com\/product\/yoast-seo-wordpress\/ -->\n<title>Inked Lyra Blue Opal Schale 20cm | Churchill<\/title>\n<meta name=\"description\" content=\"F\u00fcr den professionellen Einsatz entwickelt; langlebig und zur Aufwertung der Pr\u00e4sentation.\" \/>\n<meta name=\"robots\" content=\"index, follow, max-snippet:-1, max-image-preview:large, max-video-preview:-1\" \/>\n<link rel=\"canonical\" href=\"https:\/\/www.churchill1795.com\/de\/produkt\/schale-opal-20cm-6\/\" \/>\n<meta property=\"og:locale\" content=\"de_DE\" \/>\n<meta property=\"og:type\" content=\"article\" \/>\n<meta property=\"og:title\" content=\"Inked Lyra Blue Opal Schale 20cm | Churchill\" \/>\n<meta property=\"og:description\" content=\"F\u00fcr den professionellen Einsatz entwickelt; langlebig und zur Aufwertung der Pr\u00e4sentation.\" \/>\n<meta property=\"og:url\" content=\"https:\/\/www.churchill1795.com\/de\/produkt\/schale-opal-20cm-6\/\" \/>\n<meta property=\"og:site_name\" content=\"Churchill\" \/>\n<meta property=\"article:modified_time\" content=\"2026-01-14T13:05:14+00:00\" \/>\n<meta property=\"og:image\" content=\"https:\/\/www.churchill1795.com\/wp-content\/uploads\/2025\/10\/ILYBOBO71.png\" \/>\n\t<meta property=\"og:image:width\" content=\"500\" \/>\n\t<meta property=\"og:image:height\" content=\"500\" \/>\n\t<meta property=\"og:image:type\" content=\"image\/png\" \/>\n<meta name=\"twitter:card\" content=\"summary_large_image\" \/>\n<script type=\"application\/ld+json\" class=\"yoast-schema-graph\">{\"@context\":\"https:\\\/\\\/schema.org\",\"@graph\":[{\"@type\":\"WebPage\",\"@id\":\"https:\\\/\\\/www.churchill1795.com\\\/de\\\/produkt\\\/schale-opal-20cm-6\\\/\",\"url\":\"https:\\\/\\\/www.churchill1795.com\\\/de\\\/produkt\\\/schale-opal-20cm-6\\\/\",\"name\":\"Inked Lyra Blue Opal Schale 20cm | Churchill\",\"isPartOf\":{\"@id\":\"https:\\\/\\\/www.churchill1795.com\\\/en\\\/#website\"},\"primaryImageOfPage\":{\"@id\":\"https:\\\/\\\/www.churchill1795.com\\\/de\\\/produkt\\\/schale-opal-20cm-6\\\/#primaryimage\"},\"image\":{\"@id\":\"https:\\\/\\\/www.churchill1795.com\\\/de\\\/produkt\\\/schale-opal-20cm-6\\\/#primaryimage\"},\"thumbnailUrl\":\"https:\\\/\\\/www.churchill1795.com\\\/wp-content\\\/uploads\\\/2025\\\/10\\\/ILYBOBO71.png\",\"datePublished\":\"2025-10-22T10:11:38+00:00\",\"dateModified\":\"2026-01-14T13:05:14+00:00\",\"description\":\"F\u00fcr den professionellen Einsatz entwickelt; langlebig und zur Aufwertung der Pr\u00e4sentation.\",\"breadcrumb\":{\"@id\":\"https:\\\/\\\/www.churchill1795.com\\\/de\\\/produkt\\\/schale-opal-20cm-6\\\/#breadcrumb\"},\"inLanguage\":\"de\",\"potentialAction\":[{\"@type\":\"ReadAction\",\"target\":[\"https:\\\/\\\/www.churchill1795.com\\\/de\\\/produkt\\\/schale-opal-20cm-6\\\/\"]}]},{\"@type\":\"ImageObject\",\"inLanguage\":\"de\",\"@id\":\"https:\\\/\\\/www.churchill1795.com\\\/de\\\/produkt\\\/schale-opal-20cm-6\\\/#primaryimage\",\"url\":\"https:\\\/\\\/www.churchill1795.com\\\/wp-content\\\/uploads\\\/2025\\\/10\\\/ILYBOBO71.png\",\"contentUrl\":\"https:\\\/\\\/www.churchill1795.com\\\/wp-content\\\/uploads\\\/2025\\\/10\\\/ILYBOBO71.png\",\"width\":500,\"height\":500,\"caption\":\"Churchill Inked Lyra Blue 20cm Opal-Sch\u00fcssel auf wei\u00dfem Hintergrund\"},{\"@type\":\"BreadcrumbList\",\"@id\":\"https:\\\/\\\/www.churchill1795.com\\\/de\\\/produkt\\\/schale-opal-20cm-6\\\/#breadcrumb\",\"itemListElement\":[{\"@type\":\"ListItem\",\"position\":1,\"name\":\"Home\",\"item\":\"https:\\\/\\\/www.churchill1795.com\\\/de\\\/\"},{\"@type\":\"ListItem\",\"position\":2,\"name\":\"SCHALE OPAL 20CM\"}]},{\"@type\":\"WebSite\",\"@id\":\"https:\\\/\\\/www.churchill1795.com\\\/en\\\/#website\",\"url\":\"https:\\\/\\\/www.churchill1795.com\\\/en\\\/\",\"name\":\"Churchill\",\"description\":\"Innovation, Passion &amp; expertise\",\"publisher\":{\"@id\":\"https:\\\/\\\/www.churchill1795.com\\\/en\\\/#organization\"},\"potentialAction\":[{\"@type\":\"SearchAction\",\"target\":{\"@type\":\"EntryPoint\",\"urlTemplate\":\"https:\\\/\\\/www.churchill1795.com\\\/en\\\/?s={search_term_string}\"},\"query-input\":{\"@type\":\"PropertyValueSpecification\",\"valueRequired\":true,\"valueName\":\"search_term_string\"}}],\"inLanguage\":\"de\"},{\"@type\":\"Organization\",\"@id\":\"https:\\\/\\\/www.churchill1795.com\\\/en\\\/#organization\",\"name\":\"Churchill\",\"url\":\"https:\\\/\\\/www.churchill1795.com\\\/en\\\/\",\"logo\":{\"@type\":\"ImageObject\",\"inLanguage\":\"de\",\"@id\":\"https:\\\/\\\/www.churchill1795.com\\\/en\\\/#\\\/schema\\\/logo\\\/image\\\/\",\"url\":\"https:\\\/\\\/www.churchill1795.com\\\/wp-content\\\/uploads\\\/2024\\\/09\\\/logo-1.webp\",\"contentUrl\":\"https:\\\/\\\/www.churchill1795.com\\\/wp-content\\\/uploads\\\/2024\\\/09\\\/logo-1.webp\",\"width\":240,\"height\":88,\"caption\":\"Churchill\"},\"image\":{\"@id\":\"https:\\\/\\\/www.churchill1795.com\\\/en\\\/#\\\/schema\\\/logo\\\/image\\\/\"}}]}<\/script>\n<!-- \/ Yoast SEO plugin. -->","yoast_head_json":{"title":"Inked Lyra Blue Opal Schale 20cm | Churchill","description":"F\u00fcr den professionellen Einsatz entwickelt; langlebig und zur Aufwertung der Pr\u00e4sentation.","robots":{"index":"index","follow":"follow","max-snippet":"max-snippet:-1","max-image-preview":"max-image-preview:large","max-video-preview":"max-video-preview:-1"},"canonical":"https:\/\/www.churchill1795.com\/de\/produkt\/schale-opal-20cm-6\/","og_locale":"de_DE","og_type":"article","og_title":"Inked Lyra Blue Opal Schale 20cm | Churchill","og_description":"F\u00fcr den professionellen Einsatz entwickelt; langlebig und zur Aufwertung der Pr\u00e4sentation.","og_url":"https:\/\/www.churchill1795.com\/de\/produkt\/schale-opal-20cm-6\/","og_site_name":"Churchill","article_modified_time":"2026-01-14T13:05:14+00:00","og_image":[{"width":500,"height":500,"url":"https:\/\/www.churchill1795.com\/wp-content\/uploads\/2025\/10\/ILYBOBO71.png","type":"image\/png"}],"twitter_card":"summary_large_image","schema":{"@context":"https:\/\/schema.org","@graph":[{"@type":"WebPage","@id":"https:\/\/www.churchill1795.com\/de\/produkt\/schale-opal-20cm-6\/","url":"https:\/\/www.churchill1795.com\/de\/produkt\/schale-opal-20cm-6\/","name":"Inked Lyra Blue Opal Schale 20cm | Churchill","isPartOf":{"@id":"https:\/\/www.churchill1795.com\/en\/#website"},"primaryImageOfPage":{"@id":"https:\/\/www.churchill1795.com\/de\/produkt\/schale-opal-20cm-6\/#primaryimage"},"image":{"@id":"https:\/\/www.churchill1795.com\/de\/produkt\/schale-opal-20cm-6\/#primaryimage"},"thumbnailUrl":"https:\/\/www.churchill1795.com\/wp-content\/uploads\/2025\/10\/ILYBOBO71.png","datePublished":"2025-10-22T10:11:38+00:00","dateModified":"2026-01-14T13:05:14+00:00","description":"F\u00fcr den professionellen Einsatz entwickelt; langlebig und zur Aufwertung der Pr\u00e4sentation.","breadcrumb":{"@id":"https:\/\/www.churchill1795.com\/de\/produkt\/schale-opal-20cm-6\/#breadcrumb"},"inLanguage":"de","potentialAction":[{"@type":"ReadAction","target":["https:\/\/www.churchill1795.com\/de\/produkt\/schale-opal-20cm-6\/"]}]},{"@type":"ImageObject","inLanguage":"de","@id":"https:\/\/www.churchill1795.com\/de\/produkt\/schale-opal-20cm-6\/#primaryimage","url":"https:\/\/www.churchill1795.com\/wp-content\/uploads\/2025\/10\/ILYBOBO71.png","contentUrl":"https:\/\/www.churchill1795.com\/wp-content\/uploads\/2025\/10\/ILYBOBO71.png","width":500,"height":500,"caption":"Churchill Inked Lyra Blue 20cm Opal-Sch\u00fcssel auf wei\u00dfem Hintergrund"},{"@type":"BreadcrumbList","@id":"https:\/\/www.churchill1795.com\/de\/produkt\/schale-opal-20cm-6\/#breadcrumb","itemListElement":[{"@type":"ListItem","position":1,"name":"Home","item":"https:\/\/www.churchill1795.com\/de\/"},{"@type":"ListItem","position":2,"name":"SCHALE OPAL 20CM"}]},{"@type":"WebSite","@id":"https:\/\/www.churchill1795.com\/en\/#website","url":"https:\/\/www.churchill1795.com\/en\/","name":"Churchill","description":"Innovation, Passion &amp; expertise","publisher":{"@id":"https:\/\/www.churchill1795.com\/en\/#organization"},"potentialAction":[{"@type":"SearchAction","target":{"@type":"EntryPoint","urlTemplate":"https:\/\/www.churchill1795.com\/en\/?s={search_term_string}"},"query-input":{"@type":"PropertyValueSpecification","valueRequired":true,"valueName":"search_term_string"}}],"inLanguage":"de"},{"@type":"Organization","@id":"https:\/\/www.churchill1795.com\/en\/#organization","name":"Churchill","url":"https:\/\/www.churchill1795.com\/en\/","logo":{"@type":"ImageObject","inLanguage":"de","@id":"https:\/\/www.churchill1795.com\/en\/#\/schema\/logo\/image\/","url":"https:\/\/www.churchill1795.com\/wp-content\/uploads\/2024\/09\/logo-1.webp","contentUrl":"https:\/\/www.churchill1795.com\/wp-content\/uploads\/2024\/09\/logo-1.webp","width":240,"height":88,"caption":"Churchill"},"image":{"@id":"https:\/\/www.churchill1795.com\/en\/#\/schema\/logo\/image\/"}}]}},"_links":{"self":[{"href":"https:\/\/www.churchill1795.com\/de\/wp-json\/wp\/v2\/product\/70283","targetHints":{"allow":["GET"]}}],"collection":[{"href":"https:\/\/www.churchill1795.com\/de\/wp-json\/wp\/v2\/product"}],"about":[{"href":"https:\/\/www.churchill1795.com\/de\/wp-json\/wp\/v2\/types\/product"}],"wp:featuredmedia":[{"embeddable":true,"href":"https:\/\/www.churchill1795.com\/de\/wp-json\/wp\/v2\/media\/69338"}],"wp:attachment":[{"href":"https:\/\/www.churchill1795.com\/de\/wp-json\/wp\/v2\/media?parent=70283"}],"wp:term":[{"taxonomy":"product_brand","embeddable":true,"href":"https:\/\/www.churchill1795.com\/de\/wp-json\/wp\/v2\/product_brand?post=70283"},{"taxonomy":"product_cat","embeddable":true,"href":"https:\/\/www.churchill1795.com\/de\/wp-json\/wp\/v2\/product_cat?post=70283"},{"taxonomy":"product_tag","embeddable":true,"href":"https:\/\/www.churchill1795.com\/de\/wp-json\/wp\/v2\/product_tag?post=70283"}],"curies":[{"name":"wp","href":"https:\/\/api.w.org\/{rel}","templated":true}]}}