{"id":65702,"date":"2025-05-20T10:17:37","date_gmt":"2025-05-20T09:17:37","guid":{"rendered":"https:\/\/www.churchill1795.com\/?post_type=product&#038;p=65702"},"modified":"2026-01-14T13:51:57","modified_gmt":"2026-01-14T13:51:57","slug":"tiefer-teller-mit-breiter-fahne-28cm","status":"publish","type":"product","link":"https:\/\/www.churchill1795.com\/de\/produkt\/tiefer-teller-mit-breiter-fahne-28cm\/","title":{"rendered":"TIEFER TELLER MIT BREITER FAHNE 28CM"},"content":{"rendered":"<p>Das unverwechselbare Viana-Design ist dem zeitlosen und historischen Charme nachempfunden, den man h\u00e4ufig bei traditionellen Terrassenfliesen in C\u00f3rdoba, Spanien, findet. Viana, das in einer breiten Palette von Geschirrformen und Getr\u00e4nkeartikeln zu finden ist, verbindet die Essenz komplizierter Kunstfertigkeit mit funktionellem Design und verleiht modernen Esserlebnissen eine gehobene und raffinierte Note.<\/p>\n","protected":false},"excerpt":{"rendered":"<p>Die unverwechselbare Viana imitiert den zeitlosen und historischen Charme, den man oft auf traditionellen Terrassenfliesen in C\u00f3rdoba, Spanien, sieht.<\/p>\n","protected":false},"featured_media":65794,"template":"","meta":{"_acf_changed":false,"content-type":""},"product_brand":[],"product_cat":[3588,3590],"product_tag":[],"class_list":{"0":"post-65702","1":"product","2":"type-product","3":"status-publish","4":"has-post-thumbnail","6":"product_cat-schalen","7":"product_cat-schalen-mit-rand","8":"pa_colour-charcoal-grey","9":"pa_filter-capacity-31-60cl-10-4-20-2oz-de","10":"pa_filter-colour-grau-de","11":"pa_filter-material-keramik","12":"pa_filter-width-26-32cm-10-2-12-5-de","13":"pa_material-churchill-super-vitrified-de","14":"pa_shape-rund","15":"pa_size-28cm-11-de","16":"range-viana","17":"brand-churchill-super-vitrified","18":"tabletop-industrial-de","19":"tabletop-minimal-greys-de","20":"shape-code-vwbl1","22":"first","23":"instock","24":"purchasable","25":"product-type-simple","26":"add-to-wishlist-after_add_to_cart"},"acf":[],"yoast_head":"<!-- This site is optimized with the Yoast SEO plugin v27.3 - https:\/\/yoast.com\/product\/yoast-seo-wordpress\/ -->\n<title>Viana Prints Charcoal Grey Schale Mit Breitem Rand 28cm<\/title>\n<meta name=\"description\" content=\"Der weiche, grau bedruckte Rand umrahmt und unterstreicht die professionelle Pr\u00e4sentation von Lebensmitteln. Strapazierf\u00e4hig und langlebig. Erfahren Sie mehr.\" \/>\n<meta name=\"robots\" content=\"index, follow, max-snippet:-1, max-image-preview:large, max-video-preview:-1\" \/>\n<link rel=\"canonical\" href=\"https:\/\/www.churchill1795.com\/de\/produkt\/tiefer-teller-mit-breiter-fahne-28cm\/\" \/>\n<meta property=\"og:locale\" content=\"de_DE\" \/>\n<meta property=\"og:type\" content=\"article\" \/>\n<meta property=\"og:title\" content=\"Viana Prints Charcoal Grey Schale Mit Breitem Rand 28cm\" \/>\n<meta property=\"og:description\" content=\"Der weiche, grau bedruckte Rand umrahmt und unterstreicht die professionelle Pr\u00e4sentation von Lebensmitteln. Strapazierf\u00e4hig und langlebig. Erfahren Sie mehr.\" \/>\n<meta property=\"og:url\" content=\"https:\/\/www.churchill1795.com\/de\/produkt\/tiefer-teller-mit-breiter-fahne-28cm\/\" \/>\n<meta property=\"og:site_name\" content=\"Churchill\" \/>\n<meta property=\"article:modified_time\" content=\"2026-01-14T13:51:57+00:00\" \/>\n<meta property=\"og:image\" content=\"https:\/\/www.churchill1795.com\/wp-content\/uploads\/2025\/05\/CGVIVWBL1.png\" \/>\n\t<meta property=\"og:image:width\" content=\"500\" \/>\n\t<meta property=\"og:image:height\" content=\"500\" \/>\n\t<meta property=\"og:image:type\" content=\"image\/png\" \/>\n<meta name=\"twitter:card\" content=\"summary_large_image\" \/>\n<script type=\"application\/ld+json\" class=\"yoast-schema-graph\">{\"@context\":\"https:\\\/\\\/schema.org\",\"@graph\":[{\"@type\":\"WebPage\",\"@id\":\"https:\\\/\\\/www.churchill1795.com\\\/de\\\/produkt\\\/tiefer-teller-mit-breiter-fahne-28cm\\\/\",\"url\":\"https:\\\/\\\/www.churchill1795.com\\\/de\\\/produkt\\\/tiefer-teller-mit-breiter-fahne-28cm\\\/\",\"name\":\"Viana Prints Charcoal Grey Schale Mit Breitem Rand 28cm\",\"isPartOf\":{\"@id\":\"https:\\\/\\\/www.churchill1795.com\\\/en\\\/#website\"},\"primaryImageOfPage\":{\"@id\":\"https:\\\/\\\/www.churchill1795.com\\\/de\\\/produkt\\\/tiefer-teller-mit-breiter-fahne-28cm\\\/#primaryimage\"},\"image\":{\"@id\":\"https:\\\/\\\/www.churchill1795.com\\\/de\\\/produkt\\\/tiefer-teller-mit-breiter-fahne-28cm\\\/#primaryimage\"},\"thumbnailUrl\":\"https:\\\/\\\/www.churchill1795.com\\\/wp-content\\\/uploads\\\/2025\\\/05\\\/CGVIVWBL1.png\",\"datePublished\":\"2025-05-20T09:17:37+00:00\",\"dateModified\":\"2026-01-14T13:51:57+00:00\",\"description\":\"Der weiche, grau bedruckte Rand umrahmt und unterstreicht die professionelle Pr\u00e4sentation von Lebensmitteln. Strapazierf\u00e4hig und langlebig. Erfahren Sie mehr.\",\"breadcrumb\":{\"@id\":\"https:\\\/\\\/www.churchill1795.com\\\/de\\\/produkt\\\/tiefer-teller-mit-breiter-fahne-28cm\\\/#breadcrumb\"},\"inLanguage\":\"de\",\"potentialAction\":[{\"@type\":\"ReadAction\",\"target\":[\"https:\\\/\\\/www.churchill1795.com\\\/de\\\/produkt\\\/tiefer-teller-mit-breiter-fahne-28cm\\\/\"]}]},{\"@type\":\"ImageObject\",\"inLanguage\":\"de\",\"@id\":\"https:\\\/\\\/www.churchill1795.com\\\/de\\\/produkt\\\/tiefer-teller-mit-breiter-fahne-28cm\\\/#primaryimage\",\"url\":\"https:\\\/\\\/www.churchill1795.com\\\/wp-content\\\/uploads\\\/2025\\\/05\\\/CGVIVWBL1.png\",\"contentUrl\":\"https:\\\/\\\/www.churchill1795.com\\\/wp-content\\\/uploads\\\/2025\\\/05\\\/CGVIVWBL1.png\",\"width\":500,\"height\":500},{\"@type\":\"BreadcrumbList\",\"@id\":\"https:\\\/\\\/www.churchill1795.com\\\/de\\\/produkt\\\/tiefer-teller-mit-breiter-fahne-28cm\\\/#breadcrumb\",\"itemListElement\":[{\"@type\":\"ListItem\",\"position\":1,\"name\":\"Home\",\"item\":\"https:\\\/\\\/www.churchill1795.com\\\/de\\\/\"},{\"@type\":\"ListItem\",\"position\":2,\"name\":\"TIEFER TELLER MIT BREITER FAHNE 28CM\"}]},{\"@type\":\"WebSite\",\"@id\":\"https:\\\/\\\/www.churchill1795.com\\\/en\\\/#website\",\"url\":\"https:\\\/\\\/www.churchill1795.com\\\/en\\\/\",\"name\":\"Churchill\",\"description\":\"Innovation, Passion &amp; expertise\",\"publisher\":{\"@id\":\"https:\\\/\\\/www.churchill1795.com\\\/en\\\/#organization\"},\"potentialAction\":[{\"@type\":\"SearchAction\",\"target\":{\"@type\":\"EntryPoint\",\"urlTemplate\":\"https:\\\/\\\/www.churchill1795.com\\\/en\\\/?s={search_term_string}\"},\"query-input\":{\"@type\":\"PropertyValueSpecification\",\"valueRequired\":true,\"valueName\":\"search_term_string\"}}],\"inLanguage\":\"de\"},{\"@type\":\"Organization\",\"@id\":\"https:\\\/\\\/www.churchill1795.com\\\/en\\\/#organization\",\"name\":\"Churchill\",\"url\":\"https:\\\/\\\/www.churchill1795.com\\\/en\\\/\",\"logo\":{\"@type\":\"ImageObject\",\"inLanguage\":\"de\",\"@id\":\"https:\\\/\\\/www.churchill1795.com\\\/en\\\/#\\\/schema\\\/logo\\\/image\\\/\",\"url\":\"https:\\\/\\\/www.churchill1795.com\\\/wp-content\\\/uploads\\\/2024\\\/09\\\/logo-1.webp\",\"contentUrl\":\"https:\\\/\\\/www.churchill1795.com\\\/wp-content\\\/uploads\\\/2024\\\/09\\\/logo-1.webp\",\"width\":240,\"height\":88,\"caption\":\"Churchill\"},\"image\":{\"@id\":\"https:\\\/\\\/www.churchill1795.com\\\/en\\\/#\\\/schema\\\/logo\\\/image\\\/\"}}]}<\/script>\n<!-- \/ Yoast SEO plugin. -->","yoast_head_json":{"title":"Viana Prints Charcoal Grey Schale Mit Breitem Rand 28cm","description":"Der weiche, grau bedruckte Rand umrahmt und unterstreicht die professionelle Pr\u00e4sentation von Lebensmitteln. Strapazierf\u00e4hig und langlebig. Erfahren Sie mehr.","robots":{"index":"index","follow":"follow","max-snippet":"max-snippet:-1","max-image-preview":"max-image-preview:large","max-video-preview":"max-video-preview:-1"},"canonical":"https:\/\/www.churchill1795.com\/de\/produkt\/tiefer-teller-mit-breiter-fahne-28cm\/","og_locale":"de_DE","og_type":"article","og_title":"Viana Prints Charcoal Grey Schale Mit Breitem Rand 28cm","og_description":"Der weiche, grau bedruckte Rand umrahmt und unterstreicht die professionelle Pr\u00e4sentation von Lebensmitteln. Strapazierf\u00e4hig und langlebig. Erfahren Sie mehr.","og_url":"https:\/\/www.churchill1795.com\/de\/produkt\/tiefer-teller-mit-breiter-fahne-28cm\/","og_site_name":"Churchill","article_modified_time":"2026-01-14T13:51:57+00:00","og_image":[{"width":500,"height":500,"url":"https:\/\/www.churchill1795.com\/wp-content\/uploads\/2025\/05\/CGVIVWBL1.png","type":"image\/png"}],"twitter_card":"summary_large_image","schema":{"@context":"https:\/\/schema.org","@graph":[{"@type":"WebPage","@id":"https:\/\/www.churchill1795.com\/de\/produkt\/tiefer-teller-mit-breiter-fahne-28cm\/","url":"https:\/\/www.churchill1795.com\/de\/produkt\/tiefer-teller-mit-breiter-fahne-28cm\/","name":"Viana Prints Charcoal Grey Schale Mit Breitem Rand 28cm","isPartOf":{"@id":"https:\/\/www.churchill1795.com\/en\/#website"},"primaryImageOfPage":{"@id":"https:\/\/www.churchill1795.com\/de\/produkt\/tiefer-teller-mit-breiter-fahne-28cm\/#primaryimage"},"image":{"@id":"https:\/\/www.churchill1795.com\/de\/produkt\/tiefer-teller-mit-breiter-fahne-28cm\/#primaryimage"},"thumbnailUrl":"https:\/\/www.churchill1795.com\/wp-content\/uploads\/2025\/05\/CGVIVWBL1.png","datePublished":"2025-05-20T09:17:37+00:00","dateModified":"2026-01-14T13:51:57+00:00","description":"Der weiche, grau bedruckte Rand umrahmt und unterstreicht die professionelle Pr\u00e4sentation von Lebensmitteln. Strapazierf\u00e4hig und langlebig. Erfahren Sie mehr.","breadcrumb":{"@id":"https:\/\/www.churchill1795.com\/de\/produkt\/tiefer-teller-mit-breiter-fahne-28cm\/#breadcrumb"},"inLanguage":"de","potentialAction":[{"@type":"ReadAction","target":["https:\/\/www.churchill1795.com\/de\/produkt\/tiefer-teller-mit-breiter-fahne-28cm\/"]}]},{"@type":"ImageObject","inLanguage":"de","@id":"https:\/\/www.churchill1795.com\/de\/produkt\/tiefer-teller-mit-breiter-fahne-28cm\/#primaryimage","url":"https:\/\/www.churchill1795.com\/wp-content\/uploads\/2025\/05\/CGVIVWBL1.png","contentUrl":"https:\/\/www.churchill1795.com\/wp-content\/uploads\/2025\/05\/CGVIVWBL1.png","width":500,"height":500},{"@type":"BreadcrumbList","@id":"https:\/\/www.churchill1795.com\/de\/produkt\/tiefer-teller-mit-breiter-fahne-28cm\/#breadcrumb","itemListElement":[{"@type":"ListItem","position":1,"name":"Home","item":"https:\/\/www.churchill1795.com\/de\/"},{"@type":"ListItem","position":2,"name":"TIEFER TELLER MIT BREITER FAHNE 28CM"}]},{"@type":"WebSite","@id":"https:\/\/www.churchill1795.com\/en\/#website","url":"https:\/\/www.churchill1795.com\/en\/","name":"Churchill","description":"Innovation, Passion &amp; expertise","publisher":{"@id":"https:\/\/www.churchill1795.com\/en\/#organization"},"potentialAction":[{"@type":"SearchAction","target":{"@type":"EntryPoint","urlTemplate":"https:\/\/www.churchill1795.com\/en\/?s={search_term_string}"},"query-input":{"@type":"PropertyValueSpecification","valueRequired":true,"valueName":"search_term_string"}}],"inLanguage":"de"},{"@type":"Organization","@id":"https:\/\/www.churchill1795.com\/en\/#organization","name":"Churchill","url":"https:\/\/www.churchill1795.com\/en\/","logo":{"@type":"ImageObject","inLanguage":"de","@id":"https:\/\/www.churchill1795.com\/en\/#\/schema\/logo\/image\/","url":"https:\/\/www.churchill1795.com\/wp-content\/uploads\/2024\/09\/logo-1.webp","contentUrl":"https:\/\/www.churchill1795.com\/wp-content\/uploads\/2024\/09\/logo-1.webp","width":240,"height":88,"caption":"Churchill"},"image":{"@id":"https:\/\/www.churchill1795.com\/en\/#\/schema\/logo\/image\/"}}]}},"_links":{"self":[{"href":"https:\/\/www.churchill1795.com\/de\/wp-json\/wp\/v2\/product\/65702","targetHints":{"allow":["GET"]}}],"collection":[{"href":"https:\/\/www.churchill1795.com\/de\/wp-json\/wp\/v2\/product"}],"about":[{"href":"https:\/\/www.churchill1795.com\/de\/wp-json\/wp\/v2\/types\/product"}],"wp:featuredmedia":[{"embeddable":true,"href":"https:\/\/www.churchill1795.com\/de\/wp-json\/wp\/v2\/media\/65794"}],"wp:attachment":[{"href":"https:\/\/www.churchill1795.com\/de\/wp-json\/wp\/v2\/media?parent=65702"}],"wp:term":[{"taxonomy":"product_brand","embeddable":true,"href":"https:\/\/www.churchill1795.com\/de\/wp-json\/wp\/v2\/product_brand?post=65702"},{"taxonomy":"product_cat","embeddable":true,"href":"https:\/\/www.churchill1795.com\/de\/wp-json\/wp\/v2\/product_cat?post=65702"},{"taxonomy":"product_tag","embeddable":true,"href":"https:\/\/www.churchill1795.com\/de\/wp-json\/wp\/v2\/product_tag?post=65702"}],"curies":[{"name":"wp","href":"https:\/\/api.w.org\/{rel}","templated":true}]}}