{"id":65685,"date":"2025-05-20T10:11:26","date_gmt":"2025-05-20T09:11:26","guid":{"rendered":"https:\/\/www.churchill1795.com\/?post_type=product&#038;p=65685"},"modified":"2026-01-22T20:30:43","modified_gmt":"2026-01-22T20:30:43","slug":"tulip-becher-34cl-2","status":"publish","type":"product","link":"https:\/\/www.churchill1795.com\/de\/produkt\/tulip-becher-34cl-2\/","title":{"rendered":"TULIP BECHER 34CL"},"content":{"rendered":"<p>Die Blends-Kollektion ist inspiriert von der Kunst, Kaffeearten mit der perfekten Tassengr\u00f6\u00dfe zu kombinieren, die sorgf\u00e4ltig hergestellt wird, um jedes Trinkerlebnis zu verbessern. Inspiriert von der eleganten, nat\u00fcrlichen Form einer Tulpe, hat jeder Becher einen sanft ausgestellten Rand, der sich zum Boden hin verj\u00fcngt, um die Aromen jedes Getr\u00e4nks zu verst\u00e4rken.<\/p>\n","protected":false},"excerpt":{"rendered":"<p>Die Blends-Kollektion ist von der Kunst inspiriert, Kaffeearten mit der perfekten Tassengr\u00f6\u00dfe zu kombinieren, die sorgf\u00e4ltig hergestellt werden, um jedes Trinkerlebnis zu verbessern.<\/p>\n","protected":false},"featured_media":65774,"template":"","meta":{"_acf_changed":false,"content-type":""},"product_brand":[],"product_cat":[3582,3583],"product_tag":[],"class_list":{"0":"post-65685","1":"product","2":"type-product","3":"status-publish","4":"has-post-thumbnail","6":"product_cat-getraenke","7":"product_cat-tassen-und-untertassen","8":"pa_colour-paprika-de","9":"pa_filter-capacity-31-60cl-10-4-20-2oz-de","10":"pa_filter-colour-orangefarben","11":"pa_filter-material-keramik","12":"pa_filter-width-1-9cm-0-3-3-5-de","13":"pa_material-churchill-super-vitrified-de","14":"pa_shape-rund","15":"pa_size-34cl-12oz-de-2","16":"range-blends","17":"brand-churchill-super-vitrified","18":"tabletop-boho-warmth-de","19":"tabletop-retro-de","20":"shape-code-tu121","22":"first","23":"instock","24":"purchasable","25":"product-type-simple","26":"add-to-wishlist-after_add_to_cart"},"acf":[],"yoast_head":"<!-- This site is optimized with the Yoast SEO plugin v27.3 - https:\/\/yoast.com\/product\/yoast-seo-wordpress\/ -->\n<title>Churchill Blends Paprika Tulip Becher 34cl<\/title>\n<meta name=\"description\" content=\"Getr\u00e4nkeformen, die Aromen verst\u00e4rken und das Trinkerlebnis verbessern. Perfekt f\u00fcr die Kaffeehauskultur. Hergestellt f\u00fcr den professionellen Gebrauch - Paprika 34cl Becher. Mehr erfahren\" \/>\n<meta name=\"robots\" content=\"index, follow, max-snippet:-1, max-image-preview:large, max-video-preview:-1\" \/>\n<link rel=\"canonical\" href=\"https:\/\/www.churchill1795.com\/de\/produkt\/tulip-becher-34cl-2\/\" \/>\n<meta property=\"og:locale\" content=\"de_DE\" \/>\n<meta property=\"og:type\" content=\"article\" \/>\n<meta property=\"og:title\" content=\"Churchill Blends Paprika Tulip Becher 34cl\" \/>\n<meta property=\"og:description\" content=\"Getr\u00e4nkeformen, die Aromen verst\u00e4rken und das Trinkerlebnis verbessern. Perfekt f\u00fcr die Kaffeehauskultur. Hergestellt f\u00fcr den professionellen Gebrauch - Paprika 34cl Becher. Mehr erfahren\" \/>\n<meta property=\"og:url\" content=\"https:\/\/www.churchill1795.com\/de\/produkt\/tulip-becher-34cl-2\/\" \/>\n<meta property=\"og:site_name\" content=\"Churchill\" \/>\n<meta property=\"article:modified_time\" content=\"2026-01-22T20:30:43+00:00\" \/>\n<meta property=\"og:image\" content=\"https:\/\/www.churchill1795.com\/wp-content\/uploads\/2025\/05\/BLPATU121.png\" \/>\n\t<meta property=\"og:image:width\" content=\"500\" \/>\n\t<meta property=\"og:image:height\" content=\"500\" \/>\n\t<meta property=\"og:image:type\" content=\"image\/png\" \/>\n<meta name=\"twitter:card\" content=\"summary_large_image\" \/>\n<script type=\"application\/ld+json\" class=\"yoast-schema-graph\">{\"@context\":\"https:\\\/\\\/schema.org\",\"@graph\":[{\"@type\":\"WebPage\",\"@id\":\"https:\\\/\\\/www.churchill1795.com\\\/de\\\/produkt\\\/tulip-becher-34cl-2\\\/\",\"url\":\"https:\\\/\\\/www.churchill1795.com\\\/de\\\/produkt\\\/tulip-becher-34cl-2\\\/\",\"name\":\"Churchill Blends Paprika Tulip Becher 34cl\",\"isPartOf\":{\"@id\":\"https:\\\/\\\/www.churchill1795.com\\\/en\\\/#website\"},\"primaryImageOfPage\":{\"@id\":\"https:\\\/\\\/www.churchill1795.com\\\/de\\\/produkt\\\/tulip-becher-34cl-2\\\/#primaryimage\"},\"image\":{\"@id\":\"https:\\\/\\\/www.churchill1795.com\\\/de\\\/produkt\\\/tulip-becher-34cl-2\\\/#primaryimage\"},\"thumbnailUrl\":\"https:\\\/\\\/www.churchill1795.com\\\/wp-content\\\/uploads\\\/2025\\\/05\\\/BLPATU121.png\",\"datePublished\":\"2025-05-20T09:11:26+00:00\",\"dateModified\":\"2026-01-22T20:30:43+00:00\",\"description\":\"Getr\u00e4nkeformen, die Aromen verst\u00e4rken und das Trinkerlebnis verbessern. Perfekt f\u00fcr die Kaffeehauskultur. Hergestellt f\u00fcr den professionellen Gebrauch - Paprika 34cl Becher. Mehr erfahren\",\"breadcrumb\":{\"@id\":\"https:\\\/\\\/www.churchill1795.com\\\/de\\\/produkt\\\/tulip-becher-34cl-2\\\/#breadcrumb\"},\"inLanguage\":\"de\",\"potentialAction\":[{\"@type\":\"ReadAction\",\"target\":[\"https:\\\/\\\/www.churchill1795.com\\\/de\\\/produkt\\\/tulip-becher-34cl-2\\\/\"]}]},{\"@type\":\"ImageObject\",\"inLanguage\":\"de\",\"@id\":\"https:\\\/\\\/www.churchill1795.com\\\/de\\\/produkt\\\/tulip-becher-34cl-2\\\/#primaryimage\",\"url\":\"https:\\\/\\\/www.churchill1795.com\\\/wp-content\\\/uploads\\\/2025\\\/05\\\/BLPATU121.png\",\"contentUrl\":\"https:\\\/\\\/www.churchill1795.com\\\/wp-content\\\/uploads\\\/2025\\\/05\\\/BLPATU121.png\",\"width\":500,\"height\":500},{\"@type\":\"BreadcrumbList\",\"@id\":\"https:\\\/\\\/www.churchill1795.com\\\/de\\\/produkt\\\/tulip-becher-34cl-2\\\/#breadcrumb\",\"itemListElement\":[{\"@type\":\"ListItem\",\"position\":1,\"name\":\"Home\",\"item\":\"https:\\\/\\\/www.churchill1795.com\\\/de\\\/\"},{\"@type\":\"ListItem\",\"position\":2,\"name\":\"TULIP BECHER 34CL\"}]},{\"@type\":\"WebSite\",\"@id\":\"https:\\\/\\\/www.churchill1795.com\\\/en\\\/#website\",\"url\":\"https:\\\/\\\/www.churchill1795.com\\\/en\\\/\",\"name\":\"Churchill\",\"description\":\"Innovation, Passion &amp; expertise\",\"publisher\":{\"@id\":\"https:\\\/\\\/www.churchill1795.com\\\/en\\\/#organization\"},\"potentialAction\":[{\"@type\":\"SearchAction\",\"target\":{\"@type\":\"EntryPoint\",\"urlTemplate\":\"https:\\\/\\\/www.churchill1795.com\\\/en\\\/?s={search_term_string}\"},\"query-input\":{\"@type\":\"PropertyValueSpecification\",\"valueRequired\":true,\"valueName\":\"search_term_string\"}}],\"inLanguage\":\"de\"},{\"@type\":\"Organization\",\"@id\":\"https:\\\/\\\/www.churchill1795.com\\\/en\\\/#organization\",\"name\":\"Churchill\",\"url\":\"https:\\\/\\\/www.churchill1795.com\\\/en\\\/\",\"logo\":{\"@type\":\"ImageObject\",\"inLanguage\":\"de\",\"@id\":\"https:\\\/\\\/www.churchill1795.com\\\/en\\\/#\\\/schema\\\/logo\\\/image\\\/\",\"url\":\"https:\\\/\\\/www.churchill1795.com\\\/wp-content\\\/uploads\\\/2024\\\/09\\\/logo-1.webp\",\"contentUrl\":\"https:\\\/\\\/www.churchill1795.com\\\/wp-content\\\/uploads\\\/2024\\\/09\\\/logo-1.webp\",\"width\":240,\"height\":88,\"caption\":\"Churchill\"},\"image\":{\"@id\":\"https:\\\/\\\/www.churchill1795.com\\\/en\\\/#\\\/schema\\\/logo\\\/image\\\/\"}}]}<\/script>\n<!-- \/ Yoast SEO plugin. -->","yoast_head_json":{"title":"Churchill Blends Paprika Tulip Becher 34cl","description":"Getr\u00e4nkeformen, die Aromen verst\u00e4rken und das Trinkerlebnis verbessern. Perfekt f\u00fcr die Kaffeehauskultur. Hergestellt f\u00fcr den professionellen Gebrauch - Paprika 34cl Becher. Mehr erfahren","robots":{"index":"index","follow":"follow","max-snippet":"max-snippet:-1","max-image-preview":"max-image-preview:large","max-video-preview":"max-video-preview:-1"},"canonical":"https:\/\/www.churchill1795.com\/de\/produkt\/tulip-becher-34cl-2\/","og_locale":"de_DE","og_type":"article","og_title":"Churchill Blends Paprika Tulip Becher 34cl","og_description":"Getr\u00e4nkeformen, die Aromen verst\u00e4rken und das Trinkerlebnis verbessern. Perfekt f\u00fcr die Kaffeehauskultur. Hergestellt f\u00fcr den professionellen Gebrauch - Paprika 34cl Becher. Mehr erfahren","og_url":"https:\/\/www.churchill1795.com\/de\/produkt\/tulip-becher-34cl-2\/","og_site_name":"Churchill","article_modified_time":"2026-01-22T20:30:43+00:00","og_image":[{"width":500,"height":500,"url":"https:\/\/www.churchill1795.com\/wp-content\/uploads\/2025\/05\/BLPATU121.png","type":"image\/png"}],"twitter_card":"summary_large_image","schema":{"@context":"https:\/\/schema.org","@graph":[{"@type":"WebPage","@id":"https:\/\/www.churchill1795.com\/de\/produkt\/tulip-becher-34cl-2\/","url":"https:\/\/www.churchill1795.com\/de\/produkt\/tulip-becher-34cl-2\/","name":"Churchill Blends Paprika Tulip Becher 34cl","isPartOf":{"@id":"https:\/\/www.churchill1795.com\/en\/#website"},"primaryImageOfPage":{"@id":"https:\/\/www.churchill1795.com\/de\/produkt\/tulip-becher-34cl-2\/#primaryimage"},"image":{"@id":"https:\/\/www.churchill1795.com\/de\/produkt\/tulip-becher-34cl-2\/#primaryimage"},"thumbnailUrl":"https:\/\/www.churchill1795.com\/wp-content\/uploads\/2025\/05\/BLPATU121.png","datePublished":"2025-05-20T09:11:26+00:00","dateModified":"2026-01-22T20:30:43+00:00","description":"Getr\u00e4nkeformen, die Aromen verst\u00e4rken und das Trinkerlebnis verbessern. Perfekt f\u00fcr die Kaffeehauskultur. Hergestellt f\u00fcr den professionellen Gebrauch - Paprika 34cl Becher. Mehr erfahren","breadcrumb":{"@id":"https:\/\/www.churchill1795.com\/de\/produkt\/tulip-becher-34cl-2\/#breadcrumb"},"inLanguage":"de","potentialAction":[{"@type":"ReadAction","target":["https:\/\/www.churchill1795.com\/de\/produkt\/tulip-becher-34cl-2\/"]}]},{"@type":"ImageObject","inLanguage":"de","@id":"https:\/\/www.churchill1795.com\/de\/produkt\/tulip-becher-34cl-2\/#primaryimage","url":"https:\/\/www.churchill1795.com\/wp-content\/uploads\/2025\/05\/BLPATU121.png","contentUrl":"https:\/\/www.churchill1795.com\/wp-content\/uploads\/2025\/05\/BLPATU121.png","width":500,"height":500},{"@type":"BreadcrumbList","@id":"https:\/\/www.churchill1795.com\/de\/produkt\/tulip-becher-34cl-2\/#breadcrumb","itemListElement":[{"@type":"ListItem","position":1,"name":"Home","item":"https:\/\/www.churchill1795.com\/de\/"},{"@type":"ListItem","position":2,"name":"TULIP BECHER 34CL"}]},{"@type":"WebSite","@id":"https:\/\/www.churchill1795.com\/en\/#website","url":"https:\/\/www.churchill1795.com\/en\/","name":"Churchill","description":"Innovation, Passion &amp; expertise","publisher":{"@id":"https:\/\/www.churchill1795.com\/en\/#organization"},"potentialAction":[{"@type":"SearchAction","target":{"@type":"EntryPoint","urlTemplate":"https:\/\/www.churchill1795.com\/en\/?s={search_term_string}"},"query-input":{"@type":"PropertyValueSpecification","valueRequired":true,"valueName":"search_term_string"}}],"inLanguage":"de"},{"@type":"Organization","@id":"https:\/\/www.churchill1795.com\/en\/#organization","name":"Churchill","url":"https:\/\/www.churchill1795.com\/en\/","logo":{"@type":"ImageObject","inLanguage":"de","@id":"https:\/\/www.churchill1795.com\/en\/#\/schema\/logo\/image\/","url":"https:\/\/www.churchill1795.com\/wp-content\/uploads\/2024\/09\/logo-1.webp","contentUrl":"https:\/\/www.churchill1795.com\/wp-content\/uploads\/2024\/09\/logo-1.webp","width":240,"height":88,"caption":"Churchill"},"image":{"@id":"https:\/\/www.churchill1795.com\/en\/#\/schema\/logo\/image\/"}}]}},"_links":{"self":[{"href":"https:\/\/www.churchill1795.com\/de\/wp-json\/wp\/v2\/product\/65685","targetHints":{"allow":["GET"]}}],"collection":[{"href":"https:\/\/www.churchill1795.com\/de\/wp-json\/wp\/v2\/product"}],"about":[{"href":"https:\/\/www.churchill1795.com\/de\/wp-json\/wp\/v2\/types\/product"}],"wp:featuredmedia":[{"embeddable":true,"href":"https:\/\/www.churchill1795.com\/de\/wp-json\/wp\/v2\/media\/65774"}],"wp:attachment":[{"href":"https:\/\/www.churchill1795.com\/de\/wp-json\/wp\/v2\/media?parent=65685"}],"wp:term":[{"taxonomy":"product_brand","embeddable":true,"href":"https:\/\/www.churchill1795.com\/de\/wp-json\/wp\/v2\/product_brand?post=65685"},{"taxonomy":"product_cat","embeddable":true,"href":"https:\/\/www.churchill1795.com\/de\/wp-json\/wp\/v2\/product_cat?post=65685"},{"taxonomy":"product_tag","embeddable":true,"href":"https:\/\/www.churchill1795.com\/de\/wp-json\/wp\/v2\/product_tag?post=65685"}],"curies":[{"name":"wp","href":"https:\/\/api.w.org\/{rel}","templated":true}]}}