{"id":65668,"date":"2025-05-20T10:13:43","date_gmt":"2025-05-20T09:13:43","guid":{"rendered":"https:\/\/www.churchill1795.com\/?post_type=product&#038;p=65668"},"modified":"2026-01-22T20:29:05","modified_gmt":"2026-01-22T20:29:05","slug":"diptopf-7cm-2","status":"publish","type":"product","link":"https:\/\/www.churchill1795.com\/de\/produkt\/diptopf-7cm-2\/","title":{"rendered":"DIPTOPF 7CM"},"content":{"rendered":"<p>Das moderne und markante Design von Tide ist von den flie\u00dfenden und organischen Formen der K\u00fcstenlandschaften inspiriert. Das Gleichgewicht zwischen wei\u00dfem Raum und reaktiver Farbe in den Zubeh\u00f6rschalen bedeutet, dass Tide perfekt f\u00fcr die Pr\u00e4sentation von hochwertigen Lebensmitteln und die moderne Gastronomie geeignet ist.<\/p>\n","protected":false},"excerpt":{"rendered":"<p>Das moderne und auff\u00e4llige Design von Tide ist von den flie\u00dfenden und organischen Formen der K\u00fcstenlandschaften inspiriert.<\/p>\n","protected":false},"featured_media":66004,"template":"","meta":{"_acf_changed":false,"content-type":""},"product_brand":[],"product_cat":[3596],"product_tag":[],"class_list":{"0":"post-65668","1":"product","2":"type-product","3":"status-publish","4":"has-post-thumbnail","6":"product_cat-dipbecher-und-seitenplatten","7":"pa_colour-black-de","8":"pa_filter-capacity-5-11cl-1-7-3-7oz-de","9":"pa_filter-colour-schwarz-de","10":"pa_filter-material-keramik","11":"pa_filter-width-1-9cm-0-3-3-5-de","12":"pa_material-churchill-super-vitrified-de","13":"pa_shape-rund","14":"pa_size-7cm-2-3-4-de","15":"range-inked-tide","16":"brand-churchill-super-vitrified","17":"brand-inked-de","18":"tabletop-bold-darks-de","19":"tabletop-industrial-de","20":"shape-code-bsd21","22":"first","23":"instock","24":"purchasable","25":"product-type-simple","26":"add-to-wishlist-after_add_to_cart"},"acf":[],"yoast_head":"<!-- This site is optimized with the Yoast SEO plugin v27.3 - https:\/\/yoast.com\/product\/yoast-seo-wordpress\/ -->\n<title>Churchill Tide Black Diptopf 7cm<\/title>\n<meta name=\"description\" content=\"Auffallendes Design und vielseitige Formen f\u00fcr Beilagen, Snacks und kleine Teller. Auff\u00e4llige St\u00fccke f\u00fcr die Pr\u00e4sentation von Speisen. F\u00fcr den professionellen Einsatz gemacht.\" \/>\n<meta name=\"robots\" content=\"index, follow, max-snippet:-1, max-image-preview:large, max-video-preview:-1\" \/>\n<link rel=\"canonical\" href=\"https:\/\/www.churchill1795.com\/de\/produkt\/diptopf-7cm-2\/\" \/>\n<meta property=\"og:locale\" content=\"de_DE\" \/>\n<meta property=\"og:type\" content=\"article\" \/>\n<meta property=\"og:title\" content=\"Churchill Tide Black Diptopf 7cm\" \/>\n<meta property=\"og:description\" content=\"Auffallendes Design und vielseitige Formen f\u00fcr Beilagen, Snacks und kleine Teller. Auff\u00e4llige St\u00fccke f\u00fcr die Pr\u00e4sentation von Speisen. F\u00fcr den professionellen Einsatz gemacht.\" \/>\n<meta property=\"og:url\" content=\"https:\/\/www.churchill1795.com\/de\/produkt\/diptopf-7cm-2\/\" \/>\n<meta property=\"og:site_name\" content=\"Churchill\" \/>\n<meta property=\"article:modified_time\" content=\"2026-01-22T20:29:05+00:00\" \/>\n<meta property=\"og:image\" content=\"https:\/\/www.churchill1795.com\/wp-content\/uploads\/2025\/05\/TDBKBSD21.png\" \/>\n\t<meta property=\"og:image:width\" content=\"500\" \/>\n\t<meta property=\"og:image:height\" content=\"500\" \/>\n\t<meta property=\"og:image:type\" content=\"image\/png\" \/>\n<meta name=\"twitter:card\" content=\"summary_large_image\" \/>\n<script type=\"application\/ld+json\" class=\"yoast-schema-graph\">{\"@context\":\"https:\\\/\\\/schema.org\",\"@graph\":[{\"@type\":\"WebPage\",\"@id\":\"https:\\\/\\\/www.churchill1795.com\\\/de\\\/produkt\\\/diptopf-7cm-2\\\/\",\"url\":\"https:\\\/\\\/www.churchill1795.com\\\/de\\\/produkt\\\/diptopf-7cm-2\\\/\",\"name\":\"Churchill Tide Black Diptopf 7cm\",\"isPartOf\":{\"@id\":\"https:\\\/\\\/www.churchill1795.com\\\/en\\\/#website\"},\"primaryImageOfPage\":{\"@id\":\"https:\\\/\\\/www.churchill1795.com\\\/de\\\/produkt\\\/diptopf-7cm-2\\\/#primaryimage\"},\"image\":{\"@id\":\"https:\\\/\\\/www.churchill1795.com\\\/de\\\/produkt\\\/diptopf-7cm-2\\\/#primaryimage\"},\"thumbnailUrl\":\"https:\\\/\\\/www.churchill1795.com\\\/wp-content\\\/uploads\\\/2025\\\/05\\\/TDBKBSD21.png\",\"datePublished\":\"2025-05-20T09:13:43+00:00\",\"dateModified\":\"2026-01-22T20:29:05+00:00\",\"description\":\"Auffallendes Design und vielseitige Formen f\u00fcr Beilagen, Snacks und kleine Teller. Auff\u00e4llige St\u00fccke f\u00fcr die Pr\u00e4sentation von Speisen. F\u00fcr den professionellen Einsatz gemacht.\",\"breadcrumb\":{\"@id\":\"https:\\\/\\\/www.churchill1795.com\\\/de\\\/produkt\\\/diptopf-7cm-2\\\/#breadcrumb\"},\"inLanguage\":\"de\",\"potentialAction\":[{\"@type\":\"ReadAction\",\"target\":[\"https:\\\/\\\/www.churchill1795.com\\\/de\\\/produkt\\\/diptopf-7cm-2\\\/\"]}]},{\"@type\":\"ImageObject\",\"inLanguage\":\"de\",\"@id\":\"https:\\\/\\\/www.churchill1795.com\\\/de\\\/produkt\\\/diptopf-7cm-2\\\/#primaryimage\",\"url\":\"https:\\\/\\\/www.churchill1795.com\\\/wp-content\\\/uploads\\\/2025\\\/05\\\/TDBKBSD21.png\",\"contentUrl\":\"https:\\\/\\\/www.churchill1795.com\\\/wp-content\\\/uploads\\\/2025\\\/05\\\/TDBKBSD21.png\",\"width\":500,\"height\":500},{\"@type\":\"BreadcrumbList\",\"@id\":\"https:\\\/\\\/www.churchill1795.com\\\/de\\\/produkt\\\/diptopf-7cm-2\\\/#breadcrumb\",\"itemListElement\":[{\"@type\":\"ListItem\",\"position\":1,\"name\":\"Home\",\"item\":\"https:\\\/\\\/www.churchill1795.com\\\/de\\\/\"},{\"@type\":\"ListItem\",\"position\":2,\"name\":\"DIPTOPF 7CM\"}]},{\"@type\":\"WebSite\",\"@id\":\"https:\\\/\\\/www.churchill1795.com\\\/en\\\/#website\",\"url\":\"https:\\\/\\\/www.churchill1795.com\\\/en\\\/\",\"name\":\"Churchill\",\"description\":\"Innovation, Passion &amp; expertise\",\"publisher\":{\"@id\":\"https:\\\/\\\/www.churchill1795.com\\\/en\\\/#organization\"},\"potentialAction\":[{\"@type\":\"SearchAction\",\"target\":{\"@type\":\"EntryPoint\",\"urlTemplate\":\"https:\\\/\\\/www.churchill1795.com\\\/en\\\/?s={search_term_string}\"},\"query-input\":{\"@type\":\"PropertyValueSpecification\",\"valueRequired\":true,\"valueName\":\"search_term_string\"}}],\"inLanguage\":\"de\"},{\"@type\":\"Organization\",\"@id\":\"https:\\\/\\\/www.churchill1795.com\\\/en\\\/#organization\",\"name\":\"Churchill\",\"url\":\"https:\\\/\\\/www.churchill1795.com\\\/en\\\/\",\"logo\":{\"@type\":\"ImageObject\",\"inLanguage\":\"de\",\"@id\":\"https:\\\/\\\/www.churchill1795.com\\\/en\\\/#\\\/schema\\\/logo\\\/image\\\/\",\"url\":\"https:\\\/\\\/www.churchill1795.com\\\/wp-content\\\/uploads\\\/2024\\\/09\\\/logo-1.webp\",\"contentUrl\":\"https:\\\/\\\/www.churchill1795.com\\\/wp-content\\\/uploads\\\/2024\\\/09\\\/logo-1.webp\",\"width\":240,\"height\":88,\"caption\":\"Churchill\"},\"image\":{\"@id\":\"https:\\\/\\\/www.churchill1795.com\\\/en\\\/#\\\/schema\\\/logo\\\/image\\\/\"}}]}<\/script>\n<!-- \/ Yoast SEO plugin. -->","yoast_head_json":{"title":"Churchill Tide Black Diptopf 7cm","description":"Auffallendes Design und vielseitige Formen f\u00fcr Beilagen, Snacks und kleine Teller. Auff\u00e4llige St\u00fccke f\u00fcr die Pr\u00e4sentation von Speisen. F\u00fcr den professionellen Einsatz gemacht.","robots":{"index":"index","follow":"follow","max-snippet":"max-snippet:-1","max-image-preview":"max-image-preview:large","max-video-preview":"max-video-preview:-1"},"canonical":"https:\/\/www.churchill1795.com\/de\/produkt\/diptopf-7cm-2\/","og_locale":"de_DE","og_type":"article","og_title":"Churchill Tide Black Diptopf 7cm","og_description":"Auffallendes Design und vielseitige Formen f\u00fcr Beilagen, Snacks und kleine Teller. Auff\u00e4llige St\u00fccke f\u00fcr die Pr\u00e4sentation von Speisen. F\u00fcr den professionellen Einsatz gemacht.","og_url":"https:\/\/www.churchill1795.com\/de\/produkt\/diptopf-7cm-2\/","og_site_name":"Churchill","article_modified_time":"2026-01-22T20:29:05+00:00","og_image":[{"width":500,"height":500,"url":"https:\/\/www.churchill1795.com\/wp-content\/uploads\/2025\/05\/TDBKBSD21.png","type":"image\/png"}],"twitter_card":"summary_large_image","schema":{"@context":"https:\/\/schema.org","@graph":[{"@type":"WebPage","@id":"https:\/\/www.churchill1795.com\/de\/produkt\/diptopf-7cm-2\/","url":"https:\/\/www.churchill1795.com\/de\/produkt\/diptopf-7cm-2\/","name":"Churchill Tide Black Diptopf 7cm","isPartOf":{"@id":"https:\/\/www.churchill1795.com\/en\/#website"},"primaryImageOfPage":{"@id":"https:\/\/www.churchill1795.com\/de\/produkt\/diptopf-7cm-2\/#primaryimage"},"image":{"@id":"https:\/\/www.churchill1795.com\/de\/produkt\/diptopf-7cm-2\/#primaryimage"},"thumbnailUrl":"https:\/\/www.churchill1795.com\/wp-content\/uploads\/2025\/05\/TDBKBSD21.png","datePublished":"2025-05-20T09:13:43+00:00","dateModified":"2026-01-22T20:29:05+00:00","description":"Auffallendes Design und vielseitige Formen f\u00fcr Beilagen, Snacks und kleine Teller. Auff\u00e4llige St\u00fccke f\u00fcr die Pr\u00e4sentation von Speisen. F\u00fcr den professionellen Einsatz gemacht.","breadcrumb":{"@id":"https:\/\/www.churchill1795.com\/de\/produkt\/diptopf-7cm-2\/#breadcrumb"},"inLanguage":"de","potentialAction":[{"@type":"ReadAction","target":["https:\/\/www.churchill1795.com\/de\/produkt\/diptopf-7cm-2\/"]}]},{"@type":"ImageObject","inLanguage":"de","@id":"https:\/\/www.churchill1795.com\/de\/produkt\/diptopf-7cm-2\/#primaryimage","url":"https:\/\/www.churchill1795.com\/wp-content\/uploads\/2025\/05\/TDBKBSD21.png","contentUrl":"https:\/\/www.churchill1795.com\/wp-content\/uploads\/2025\/05\/TDBKBSD21.png","width":500,"height":500},{"@type":"BreadcrumbList","@id":"https:\/\/www.churchill1795.com\/de\/produkt\/diptopf-7cm-2\/#breadcrumb","itemListElement":[{"@type":"ListItem","position":1,"name":"Home","item":"https:\/\/www.churchill1795.com\/de\/"},{"@type":"ListItem","position":2,"name":"DIPTOPF 7CM"}]},{"@type":"WebSite","@id":"https:\/\/www.churchill1795.com\/en\/#website","url":"https:\/\/www.churchill1795.com\/en\/","name":"Churchill","description":"Innovation, Passion &amp; expertise","publisher":{"@id":"https:\/\/www.churchill1795.com\/en\/#organization"},"potentialAction":[{"@type":"SearchAction","target":{"@type":"EntryPoint","urlTemplate":"https:\/\/www.churchill1795.com\/en\/?s={search_term_string}"},"query-input":{"@type":"PropertyValueSpecification","valueRequired":true,"valueName":"search_term_string"}}],"inLanguage":"de"},{"@type":"Organization","@id":"https:\/\/www.churchill1795.com\/en\/#organization","name":"Churchill","url":"https:\/\/www.churchill1795.com\/en\/","logo":{"@type":"ImageObject","inLanguage":"de","@id":"https:\/\/www.churchill1795.com\/en\/#\/schema\/logo\/image\/","url":"https:\/\/www.churchill1795.com\/wp-content\/uploads\/2024\/09\/logo-1.webp","contentUrl":"https:\/\/www.churchill1795.com\/wp-content\/uploads\/2024\/09\/logo-1.webp","width":240,"height":88,"caption":"Churchill"},"image":{"@id":"https:\/\/www.churchill1795.com\/en\/#\/schema\/logo\/image\/"}}]}},"_links":{"self":[{"href":"https:\/\/www.churchill1795.com\/de\/wp-json\/wp\/v2\/product\/65668","targetHints":{"allow":["GET"]}}],"collection":[{"href":"https:\/\/www.churchill1795.com\/de\/wp-json\/wp\/v2\/product"}],"about":[{"href":"https:\/\/www.churchill1795.com\/de\/wp-json\/wp\/v2\/types\/product"}],"wp:featuredmedia":[{"embeddable":true,"href":"https:\/\/www.churchill1795.com\/de\/wp-json\/wp\/v2\/media\/66004"}],"wp:attachment":[{"href":"https:\/\/www.churchill1795.com\/de\/wp-json\/wp\/v2\/media?parent=65668"}],"wp:term":[{"taxonomy":"product_brand","embeddable":true,"href":"https:\/\/www.churchill1795.com\/de\/wp-json\/wp\/v2\/product_brand?post=65668"},{"taxonomy":"product_cat","embeddable":true,"href":"https:\/\/www.churchill1795.com\/de\/wp-json\/wp\/v2\/product_cat?post=65668"},{"taxonomy":"product_tag","embeddable":true,"href":"https:\/\/www.churchill1795.com\/de\/wp-json\/wp\/v2\/product_tag?post=65668"}],"curies":[{"name":"wp","href":"https:\/\/api.w.org\/{rel}","templated":true}]}}