{"id":65571,"date":"2025-05-20T10:26:05","date_gmt":"2025-05-20T09:26:05","guid":{"rendered":"https:\/\/www.churchill1795.com\/?post_type=product&#038;p=65571"},"modified":"2026-01-22T20:25:50","modified_gmt":"2026-01-22T20:25:50","slug":"bubble-becher-34cl-3","status":"publish","type":"product","link":"https:\/\/www.churchill1795.com\/de\/produkt\/bubble-becher-34cl-3\/","title":{"rendered":"BUBBLE BECHER 34CL"},"content":{"rendered":"<p>Die Stonecast Barley White Seifenblasenbecher sind von saisonalen Zutaten inspiriert und lassen sich vielseitig mit anderen Stonecast-Farben kombinieren. So entsteht eine weiche, pastellfarbene Getr\u00e4nkepalette, die die aktuellen Einrichtungstrends erg\u00e4nzt.<\/p>\n","protected":false},"excerpt":{"rendered":"<p>Inspiriert von saisonalen Zutaten bietet Stonecast Barley White ein perfektes Zusammenspiel von Einfachheit und Stil.<\/p>\n","protected":false},"featured_media":65930,"template":"","meta":{"_acf_changed":false,"content-type":""},"product_brand":[],"product_cat":[3585,3582],"product_tag":[],"class_list":{"0":"post-65571","1":"product","2":"type-product","3":"status-publish","4":"has-post-thumbnail","6":"product_cat-becher","7":"product_cat-getraenke","8":"pa_colour-barley-white-de","9":"pa_filter-capacity-31-60cl-10-4-20-2oz-de","10":"pa_filter-colour-weis","11":"pa_filter-material-keramik","12":"pa_filter-width-1-9cm-0-3-3-5-de","13":"pa_material-churchill-super-vitrified-de","14":"pa_shape-rund","15":"pa_size-34cl-12oz-de-2","16":"range-stonecast","17":"range-stonecast-barley-white","18":"brand-churchill-super-vitrified","19":"brand-stonecast","20":"tabletop-neutrals-de","21":"tabletop-off-whites-de","22":"shape-code-sc121","24":"first","25":"instock","26":"purchasable","27":"product-type-simple","28":"add-to-wishlist-after_add_to_cart"},"acf":[],"yoast_head":"<!-- This site is optimized with the Yoast SEO plugin v27.3 - https:\/\/yoast.com\/product\/yoast-seo-wordpress\/ -->\n<title>Churchill Stonecast Barley White Bubble Becher 34cl<\/title>\n<meta name=\"description\" content=\"Gem\u00fctliche, weiche Becherformen. Handdekoriert in beliebten Stonecast-Farben. F\u00fcr den professionellen Gebrauch hergestellt und in verschiedenen Gr\u00f6\u00dfen erh\u00e4ltlich. Erfahren Sie mehr.\" \/>\n<meta name=\"robots\" content=\"index, follow, max-snippet:-1, max-image-preview:large, max-video-preview:-1\" \/>\n<link rel=\"canonical\" href=\"https:\/\/www.churchill1795.com\/de\/produkt\/bubble-becher-34cl-3\/\" \/>\n<meta property=\"og:locale\" content=\"de_DE\" \/>\n<meta property=\"og:type\" content=\"article\" \/>\n<meta property=\"og:title\" content=\"Churchill Stonecast Barley White Bubble Becher 34cl\" \/>\n<meta property=\"og:description\" content=\"Gem\u00fctliche, weiche Becherformen. Handdekoriert in beliebten Stonecast-Farben. F\u00fcr den professionellen Gebrauch hergestellt und in verschiedenen Gr\u00f6\u00dfen erh\u00e4ltlich. Erfahren Sie mehr.\" \/>\n<meta property=\"og:url\" content=\"https:\/\/www.churchill1795.com\/de\/produkt\/bubble-becher-34cl-3\/\" \/>\n<meta property=\"og:site_name\" content=\"Churchill\" \/>\n<meta property=\"article:modified_time\" content=\"2026-01-22T20:25:50+00:00\" \/>\n<meta property=\"og:image\" content=\"https:\/\/www.churchill1795.com\/wp-content\/uploads\/2025\/05\/SWHSSC121.png\" \/>\n\t<meta property=\"og:image:width\" content=\"500\" \/>\n\t<meta property=\"og:image:height\" content=\"500\" \/>\n\t<meta property=\"og:image:type\" content=\"image\/png\" \/>\n<meta name=\"twitter:card\" content=\"summary_large_image\" \/>\n<script type=\"application\/ld+json\" class=\"yoast-schema-graph\">{\"@context\":\"https:\\\/\\\/schema.org\",\"@graph\":[{\"@type\":\"WebPage\",\"@id\":\"https:\\\/\\\/www.churchill1795.com\\\/de\\\/produkt\\\/bubble-becher-34cl-3\\\/\",\"url\":\"https:\\\/\\\/www.churchill1795.com\\\/de\\\/produkt\\\/bubble-becher-34cl-3\\\/\",\"name\":\"Churchill Stonecast Barley White Bubble Becher 34cl\",\"isPartOf\":{\"@id\":\"https:\\\/\\\/www.churchill1795.com\\\/en\\\/#website\"},\"primaryImageOfPage\":{\"@id\":\"https:\\\/\\\/www.churchill1795.com\\\/de\\\/produkt\\\/bubble-becher-34cl-3\\\/#primaryimage\"},\"image\":{\"@id\":\"https:\\\/\\\/www.churchill1795.com\\\/de\\\/produkt\\\/bubble-becher-34cl-3\\\/#primaryimage\"},\"thumbnailUrl\":\"https:\\\/\\\/www.churchill1795.com\\\/wp-content\\\/uploads\\\/2025\\\/05\\\/SWHSSC121.png\",\"datePublished\":\"2025-05-20T09:26:05+00:00\",\"dateModified\":\"2026-01-22T20:25:50+00:00\",\"description\":\"Gem\u00fctliche, weiche Becherformen. Handdekoriert in beliebten Stonecast-Farben. F\u00fcr den professionellen Gebrauch hergestellt und in verschiedenen Gr\u00f6\u00dfen erh\u00e4ltlich. Erfahren Sie mehr.\",\"breadcrumb\":{\"@id\":\"https:\\\/\\\/www.churchill1795.com\\\/de\\\/produkt\\\/bubble-becher-34cl-3\\\/#breadcrumb\"},\"inLanguage\":\"de\",\"potentialAction\":[{\"@type\":\"ReadAction\",\"target\":[\"https:\\\/\\\/www.churchill1795.com\\\/de\\\/produkt\\\/bubble-becher-34cl-3\\\/\"]}]},{\"@type\":\"ImageObject\",\"inLanguage\":\"de\",\"@id\":\"https:\\\/\\\/www.churchill1795.com\\\/de\\\/produkt\\\/bubble-becher-34cl-3\\\/#primaryimage\",\"url\":\"https:\\\/\\\/www.churchill1795.com\\\/wp-content\\\/uploads\\\/2025\\\/05\\\/SWHSSC121.png\",\"contentUrl\":\"https:\\\/\\\/www.churchill1795.com\\\/wp-content\\\/uploads\\\/2025\\\/05\\\/SWHSSC121.png\",\"width\":500,\"height\":500},{\"@type\":\"BreadcrumbList\",\"@id\":\"https:\\\/\\\/www.churchill1795.com\\\/de\\\/produkt\\\/bubble-becher-34cl-3\\\/#breadcrumb\",\"itemListElement\":[{\"@type\":\"ListItem\",\"position\":1,\"name\":\"Home\",\"item\":\"https:\\\/\\\/www.churchill1795.com\\\/de\\\/\"},{\"@type\":\"ListItem\",\"position\":2,\"name\":\"BUBBLE BECHER 34CL\"}]},{\"@type\":\"WebSite\",\"@id\":\"https:\\\/\\\/www.churchill1795.com\\\/en\\\/#website\",\"url\":\"https:\\\/\\\/www.churchill1795.com\\\/en\\\/\",\"name\":\"Churchill\",\"description\":\"Innovation, Passion &amp; expertise\",\"publisher\":{\"@id\":\"https:\\\/\\\/www.churchill1795.com\\\/en\\\/#organization\"},\"potentialAction\":[{\"@type\":\"SearchAction\",\"target\":{\"@type\":\"EntryPoint\",\"urlTemplate\":\"https:\\\/\\\/www.churchill1795.com\\\/en\\\/?s={search_term_string}\"},\"query-input\":{\"@type\":\"PropertyValueSpecification\",\"valueRequired\":true,\"valueName\":\"search_term_string\"}}],\"inLanguage\":\"de\"},{\"@type\":\"Organization\",\"@id\":\"https:\\\/\\\/www.churchill1795.com\\\/en\\\/#organization\",\"name\":\"Churchill\",\"url\":\"https:\\\/\\\/www.churchill1795.com\\\/en\\\/\",\"logo\":{\"@type\":\"ImageObject\",\"inLanguage\":\"de\",\"@id\":\"https:\\\/\\\/www.churchill1795.com\\\/en\\\/#\\\/schema\\\/logo\\\/image\\\/\",\"url\":\"https:\\\/\\\/www.churchill1795.com\\\/wp-content\\\/uploads\\\/2024\\\/09\\\/logo-1.webp\",\"contentUrl\":\"https:\\\/\\\/www.churchill1795.com\\\/wp-content\\\/uploads\\\/2024\\\/09\\\/logo-1.webp\",\"width\":240,\"height\":88,\"caption\":\"Churchill\"},\"image\":{\"@id\":\"https:\\\/\\\/www.churchill1795.com\\\/en\\\/#\\\/schema\\\/logo\\\/image\\\/\"}}]}<\/script>\n<!-- \/ Yoast SEO plugin. -->","yoast_head_json":{"title":"Churchill Stonecast Barley White Bubble Becher 34cl","description":"Gem\u00fctliche, weiche Becherformen. Handdekoriert in beliebten Stonecast-Farben. F\u00fcr den professionellen Gebrauch hergestellt und in verschiedenen Gr\u00f6\u00dfen erh\u00e4ltlich. Erfahren Sie mehr.","robots":{"index":"index","follow":"follow","max-snippet":"max-snippet:-1","max-image-preview":"max-image-preview:large","max-video-preview":"max-video-preview:-1"},"canonical":"https:\/\/www.churchill1795.com\/de\/produkt\/bubble-becher-34cl-3\/","og_locale":"de_DE","og_type":"article","og_title":"Churchill Stonecast Barley White Bubble Becher 34cl","og_description":"Gem\u00fctliche, weiche Becherformen. Handdekoriert in beliebten Stonecast-Farben. F\u00fcr den professionellen Gebrauch hergestellt und in verschiedenen Gr\u00f6\u00dfen erh\u00e4ltlich. Erfahren Sie mehr.","og_url":"https:\/\/www.churchill1795.com\/de\/produkt\/bubble-becher-34cl-3\/","og_site_name":"Churchill","article_modified_time":"2026-01-22T20:25:50+00:00","og_image":[{"width":500,"height":500,"url":"https:\/\/www.churchill1795.com\/wp-content\/uploads\/2025\/05\/SWHSSC121.png","type":"image\/png"}],"twitter_card":"summary_large_image","schema":{"@context":"https:\/\/schema.org","@graph":[{"@type":"WebPage","@id":"https:\/\/www.churchill1795.com\/de\/produkt\/bubble-becher-34cl-3\/","url":"https:\/\/www.churchill1795.com\/de\/produkt\/bubble-becher-34cl-3\/","name":"Churchill Stonecast Barley White Bubble Becher 34cl","isPartOf":{"@id":"https:\/\/www.churchill1795.com\/en\/#website"},"primaryImageOfPage":{"@id":"https:\/\/www.churchill1795.com\/de\/produkt\/bubble-becher-34cl-3\/#primaryimage"},"image":{"@id":"https:\/\/www.churchill1795.com\/de\/produkt\/bubble-becher-34cl-3\/#primaryimage"},"thumbnailUrl":"https:\/\/www.churchill1795.com\/wp-content\/uploads\/2025\/05\/SWHSSC121.png","datePublished":"2025-05-20T09:26:05+00:00","dateModified":"2026-01-22T20:25:50+00:00","description":"Gem\u00fctliche, weiche Becherformen. Handdekoriert in beliebten Stonecast-Farben. F\u00fcr den professionellen Gebrauch hergestellt und in verschiedenen Gr\u00f6\u00dfen erh\u00e4ltlich. Erfahren Sie mehr.","breadcrumb":{"@id":"https:\/\/www.churchill1795.com\/de\/produkt\/bubble-becher-34cl-3\/#breadcrumb"},"inLanguage":"de","potentialAction":[{"@type":"ReadAction","target":["https:\/\/www.churchill1795.com\/de\/produkt\/bubble-becher-34cl-3\/"]}]},{"@type":"ImageObject","inLanguage":"de","@id":"https:\/\/www.churchill1795.com\/de\/produkt\/bubble-becher-34cl-3\/#primaryimage","url":"https:\/\/www.churchill1795.com\/wp-content\/uploads\/2025\/05\/SWHSSC121.png","contentUrl":"https:\/\/www.churchill1795.com\/wp-content\/uploads\/2025\/05\/SWHSSC121.png","width":500,"height":500},{"@type":"BreadcrumbList","@id":"https:\/\/www.churchill1795.com\/de\/produkt\/bubble-becher-34cl-3\/#breadcrumb","itemListElement":[{"@type":"ListItem","position":1,"name":"Home","item":"https:\/\/www.churchill1795.com\/de\/"},{"@type":"ListItem","position":2,"name":"BUBBLE BECHER 34CL"}]},{"@type":"WebSite","@id":"https:\/\/www.churchill1795.com\/en\/#website","url":"https:\/\/www.churchill1795.com\/en\/","name":"Churchill","description":"Innovation, Passion &amp; expertise","publisher":{"@id":"https:\/\/www.churchill1795.com\/en\/#organization"},"potentialAction":[{"@type":"SearchAction","target":{"@type":"EntryPoint","urlTemplate":"https:\/\/www.churchill1795.com\/en\/?s={search_term_string}"},"query-input":{"@type":"PropertyValueSpecification","valueRequired":true,"valueName":"search_term_string"}}],"inLanguage":"de"},{"@type":"Organization","@id":"https:\/\/www.churchill1795.com\/en\/#organization","name":"Churchill","url":"https:\/\/www.churchill1795.com\/en\/","logo":{"@type":"ImageObject","inLanguage":"de","@id":"https:\/\/www.churchill1795.com\/en\/#\/schema\/logo\/image\/","url":"https:\/\/www.churchill1795.com\/wp-content\/uploads\/2024\/09\/logo-1.webp","contentUrl":"https:\/\/www.churchill1795.com\/wp-content\/uploads\/2024\/09\/logo-1.webp","width":240,"height":88,"caption":"Churchill"},"image":{"@id":"https:\/\/www.churchill1795.com\/en\/#\/schema\/logo\/image\/"}}]}},"_links":{"self":[{"href":"https:\/\/www.churchill1795.com\/de\/wp-json\/wp\/v2\/product\/65571","targetHints":{"allow":["GET"]}}],"collection":[{"href":"https:\/\/www.churchill1795.com\/de\/wp-json\/wp\/v2\/product"}],"about":[{"href":"https:\/\/www.churchill1795.com\/de\/wp-json\/wp\/v2\/types\/product"}],"wp:featuredmedia":[{"embeddable":true,"href":"https:\/\/www.churchill1795.com\/de\/wp-json\/wp\/v2\/media\/65930"}],"wp:attachment":[{"href":"https:\/\/www.churchill1795.com\/de\/wp-json\/wp\/v2\/media?parent=65571"}],"wp:term":[{"taxonomy":"product_brand","embeddable":true,"href":"https:\/\/www.churchill1795.com\/de\/wp-json\/wp\/v2\/product_brand?post=65571"},{"taxonomy":"product_cat","embeddable":true,"href":"https:\/\/www.churchill1795.com\/de\/wp-json\/wp\/v2\/product_cat?post=65571"},{"taxonomy":"product_tag","embeddable":true,"href":"https:\/\/www.churchill1795.com\/de\/wp-json\/wp\/v2\/product_tag?post=65571"}],"curies":[{"name":"wp","href":"https:\/\/api.w.org\/{rel}","templated":true}]}}