{"id":65552,"date":"2025-05-20T10:15:53","date_gmt":"2025-05-20T09:15:53","guid":{"rendered":"https:\/\/www.churchill1795.com\/?post_type=product&#038;p=65552"},"modified":"2026-01-15T08:25:41","modified_gmt":"2026-01-15T08:25:41","slug":"teekanne-42-6cl-20","status":"publish","type":"product","link":"https:\/\/www.churchill1795.com\/de\/produkt\/teekanne-42-6cl-20\/","title":{"rendered":"TEEKANNE 42.6CL"},"content":{"rendered":"<p>Die unverwechselbare Viana-Pr\u00e4gung ist dem zeitlosen und historischen Charme nachempfunden, den man h\u00e4ufig bei traditionellen Terrassenfliesen in C\u00f3rdoba, Spanien, findet. Viana ist in einer breiten Palette von Geschirrformen und Getr\u00e4nkeartikeln zu finden und verbindet die Essenz komplizierter Kunstfertigkeit mit funktionellem Design und verleiht modernen Esserlebnissen eine gehobene und raffinierte Note.<\/p>\n","protected":false},"excerpt":{"rendered":"<p>Die unverwechselbare Viana imitiert den zeitlosen und historischen Charme, den man oft auf traditionellen Terrassenfliesen in C\u00f3rdoba, Spanien, sieht.<\/p>\n","protected":false},"featured_media":66108,"template":"","meta":{"_acf_changed":false,"content-type":""},"product_brand":[],"product_cat":[3582,3587],"product_tag":[],"class_list":{"0":"post-65552","1":"product","2":"type-product","3":"status-publish","4":"has-post-thumbnail","6":"product_cat-getraenke","7":"product_cat-teekanne-und-kaffeekanne","8":"pa_colour-white-de","9":"pa_filter-capacity-31-60cl-10-4-20-2oz-de","10":"pa_filter-colour-weis","11":"pa_filter-material-keramik","12":"pa_filter-width-10-14cm-4-5-5-de","13":"pa_material-churchill-super-vitrified-de","14":"pa_shape-rund","15":"pa_size-42-6cl-15oz-de","16":"range-viana","17":"brand-churchill-super-vitrified","18":"shape-code-nt151","20":"first","21":"instock","22":"purchasable","23":"product-type-simple","24":"add-to-wishlist-after_add_to_cart"},"acf":[],"yoast_head":"<!-- This site is optimized with the Yoast SEO plugin v27.3 - https:\/\/yoast.com\/product\/yoast-seo-wordpress\/ -->\n<title>Churchill Viana White Teekanne 42.6cl<\/title>\n<meta name=\"description\" content=\"Verleihen Sie Ihrem Getr\u00e4nkeservice eine elegante Note mit dezentem Design. Die Kollektion Viana zeichnet sich durch eine Teekanne mit gepr\u00e4gtem Rand aus. Erfahren Sie mehr \u00fcber die Serie.\" \/>\n<meta name=\"robots\" content=\"index, follow, max-snippet:-1, max-image-preview:large, max-video-preview:-1\" \/>\n<link rel=\"canonical\" href=\"https:\/\/www.churchill1795.com\/de\/produkt\/teekanne-42-6cl-20\/\" \/>\n<meta property=\"og:locale\" content=\"de_DE\" \/>\n<meta property=\"og:type\" content=\"article\" \/>\n<meta property=\"og:title\" content=\"Churchill Viana White Teekanne 42.6cl\" \/>\n<meta property=\"og:description\" content=\"Verleihen Sie Ihrem Getr\u00e4nkeservice eine elegante Note mit dezentem Design. Die Kollektion Viana zeichnet sich durch eine Teekanne mit gepr\u00e4gtem Rand aus. Erfahren Sie mehr \u00fcber die Serie.\" \/>\n<meta property=\"og:url\" content=\"https:\/\/www.churchill1795.com\/de\/produkt\/teekanne-42-6cl-20\/\" \/>\n<meta property=\"og:site_name\" content=\"Churchill\" \/>\n<meta property=\"article:modified_time\" content=\"2026-01-15T08:25:41+00:00\" \/>\n<meta property=\"og:image\" content=\"https:\/\/www.churchill1795.com\/wp-content\/uploads\/2025\/05\/WHVINT151.png\" \/>\n\t<meta property=\"og:image:width\" content=\"500\" \/>\n\t<meta property=\"og:image:height\" content=\"500\" \/>\n\t<meta property=\"og:image:type\" content=\"image\/png\" \/>\n<meta name=\"twitter:card\" content=\"summary_large_image\" \/>\n<script type=\"application\/ld+json\" class=\"yoast-schema-graph\">{\"@context\":\"https:\\\/\\\/schema.org\",\"@graph\":[{\"@type\":\"WebPage\",\"@id\":\"https:\\\/\\\/www.churchill1795.com\\\/de\\\/produkt\\\/teekanne-42-6cl-20\\\/\",\"url\":\"https:\\\/\\\/www.churchill1795.com\\\/de\\\/produkt\\\/teekanne-42-6cl-20\\\/\",\"name\":\"Churchill Viana White Teekanne 42.6cl\",\"isPartOf\":{\"@id\":\"https:\\\/\\\/www.churchill1795.com\\\/en\\\/#website\"},\"primaryImageOfPage\":{\"@id\":\"https:\\\/\\\/www.churchill1795.com\\\/de\\\/produkt\\\/teekanne-42-6cl-20\\\/#primaryimage\"},\"image\":{\"@id\":\"https:\\\/\\\/www.churchill1795.com\\\/de\\\/produkt\\\/teekanne-42-6cl-20\\\/#primaryimage\"},\"thumbnailUrl\":\"https:\\\/\\\/www.churchill1795.com\\\/wp-content\\\/uploads\\\/2025\\\/05\\\/WHVINT151.png\",\"datePublished\":\"2025-05-20T09:15:53+00:00\",\"dateModified\":\"2026-01-15T08:25:41+00:00\",\"description\":\"Verleihen Sie Ihrem Getr\u00e4nkeservice eine elegante Note mit dezentem Design. Die Kollektion Viana zeichnet sich durch eine Teekanne mit gepr\u00e4gtem Rand aus. Erfahren Sie mehr \u00fcber die Serie.\",\"breadcrumb\":{\"@id\":\"https:\\\/\\\/www.churchill1795.com\\\/de\\\/produkt\\\/teekanne-42-6cl-20\\\/#breadcrumb\"},\"inLanguage\":\"de\",\"potentialAction\":[{\"@type\":\"ReadAction\",\"target\":[\"https:\\\/\\\/www.churchill1795.com\\\/de\\\/produkt\\\/teekanne-42-6cl-20\\\/\"]}]},{\"@type\":\"ImageObject\",\"inLanguage\":\"de\",\"@id\":\"https:\\\/\\\/www.churchill1795.com\\\/de\\\/produkt\\\/teekanne-42-6cl-20\\\/#primaryimage\",\"url\":\"https:\\\/\\\/www.churchill1795.com\\\/wp-content\\\/uploads\\\/2025\\\/05\\\/WHVINT151.png\",\"contentUrl\":\"https:\\\/\\\/www.churchill1795.com\\\/wp-content\\\/uploads\\\/2025\\\/05\\\/WHVINT151.png\",\"width\":500,\"height\":500},{\"@type\":\"BreadcrumbList\",\"@id\":\"https:\\\/\\\/www.churchill1795.com\\\/de\\\/produkt\\\/teekanne-42-6cl-20\\\/#breadcrumb\",\"itemListElement\":[{\"@type\":\"ListItem\",\"position\":1,\"name\":\"Home\",\"item\":\"https:\\\/\\\/www.churchill1795.com\\\/de\\\/\"},{\"@type\":\"ListItem\",\"position\":2,\"name\":\"TEEKANNE 42.6CL\"}]},{\"@type\":\"WebSite\",\"@id\":\"https:\\\/\\\/www.churchill1795.com\\\/en\\\/#website\",\"url\":\"https:\\\/\\\/www.churchill1795.com\\\/en\\\/\",\"name\":\"Churchill\",\"description\":\"Innovation, Passion &amp; expertise\",\"publisher\":{\"@id\":\"https:\\\/\\\/www.churchill1795.com\\\/en\\\/#organization\"},\"potentialAction\":[{\"@type\":\"SearchAction\",\"target\":{\"@type\":\"EntryPoint\",\"urlTemplate\":\"https:\\\/\\\/www.churchill1795.com\\\/en\\\/?s={search_term_string}\"},\"query-input\":{\"@type\":\"PropertyValueSpecification\",\"valueRequired\":true,\"valueName\":\"search_term_string\"}}],\"inLanguage\":\"de\"},{\"@type\":\"Organization\",\"@id\":\"https:\\\/\\\/www.churchill1795.com\\\/en\\\/#organization\",\"name\":\"Churchill\",\"url\":\"https:\\\/\\\/www.churchill1795.com\\\/en\\\/\",\"logo\":{\"@type\":\"ImageObject\",\"inLanguage\":\"de\",\"@id\":\"https:\\\/\\\/www.churchill1795.com\\\/en\\\/#\\\/schema\\\/logo\\\/image\\\/\",\"url\":\"https:\\\/\\\/www.churchill1795.com\\\/wp-content\\\/uploads\\\/2024\\\/09\\\/logo-1.webp\",\"contentUrl\":\"https:\\\/\\\/www.churchill1795.com\\\/wp-content\\\/uploads\\\/2024\\\/09\\\/logo-1.webp\",\"width\":240,\"height\":88,\"caption\":\"Churchill\"},\"image\":{\"@id\":\"https:\\\/\\\/www.churchill1795.com\\\/en\\\/#\\\/schema\\\/logo\\\/image\\\/\"}}]}<\/script>\n<!-- \/ Yoast SEO plugin. -->","yoast_head_json":{"title":"Churchill Viana White Teekanne 42.6cl","description":"Verleihen Sie Ihrem Getr\u00e4nkeservice eine elegante Note mit dezentem Design. Die Kollektion Viana zeichnet sich durch eine Teekanne mit gepr\u00e4gtem Rand aus. Erfahren Sie mehr \u00fcber die Serie.","robots":{"index":"index","follow":"follow","max-snippet":"max-snippet:-1","max-image-preview":"max-image-preview:large","max-video-preview":"max-video-preview:-1"},"canonical":"https:\/\/www.churchill1795.com\/de\/produkt\/teekanne-42-6cl-20\/","og_locale":"de_DE","og_type":"article","og_title":"Churchill Viana White Teekanne 42.6cl","og_description":"Verleihen Sie Ihrem Getr\u00e4nkeservice eine elegante Note mit dezentem Design. Die Kollektion Viana zeichnet sich durch eine Teekanne mit gepr\u00e4gtem Rand aus. Erfahren Sie mehr \u00fcber die Serie.","og_url":"https:\/\/www.churchill1795.com\/de\/produkt\/teekanne-42-6cl-20\/","og_site_name":"Churchill","article_modified_time":"2026-01-15T08:25:41+00:00","og_image":[{"width":500,"height":500,"url":"https:\/\/www.churchill1795.com\/wp-content\/uploads\/2025\/05\/WHVINT151.png","type":"image\/png"}],"twitter_card":"summary_large_image","schema":{"@context":"https:\/\/schema.org","@graph":[{"@type":"WebPage","@id":"https:\/\/www.churchill1795.com\/de\/produkt\/teekanne-42-6cl-20\/","url":"https:\/\/www.churchill1795.com\/de\/produkt\/teekanne-42-6cl-20\/","name":"Churchill Viana White Teekanne 42.6cl","isPartOf":{"@id":"https:\/\/www.churchill1795.com\/en\/#website"},"primaryImageOfPage":{"@id":"https:\/\/www.churchill1795.com\/de\/produkt\/teekanne-42-6cl-20\/#primaryimage"},"image":{"@id":"https:\/\/www.churchill1795.com\/de\/produkt\/teekanne-42-6cl-20\/#primaryimage"},"thumbnailUrl":"https:\/\/www.churchill1795.com\/wp-content\/uploads\/2025\/05\/WHVINT151.png","datePublished":"2025-05-20T09:15:53+00:00","dateModified":"2026-01-15T08:25:41+00:00","description":"Verleihen Sie Ihrem Getr\u00e4nkeservice eine elegante Note mit dezentem Design. Die Kollektion Viana zeichnet sich durch eine Teekanne mit gepr\u00e4gtem Rand aus. Erfahren Sie mehr \u00fcber die Serie.","breadcrumb":{"@id":"https:\/\/www.churchill1795.com\/de\/produkt\/teekanne-42-6cl-20\/#breadcrumb"},"inLanguage":"de","potentialAction":[{"@type":"ReadAction","target":["https:\/\/www.churchill1795.com\/de\/produkt\/teekanne-42-6cl-20\/"]}]},{"@type":"ImageObject","inLanguage":"de","@id":"https:\/\/www.churchill1795.com\/de\/produkt\/teekanne-42-6cl-20\/#primaryimage","url":"https:\/\/www.churchill1795.com\/wp-content\/uploads\/2025\/05\/WHVINT151.png","contentUrl":"https:\/\/www.churchill1795.com\/wp-content\/uploads\/2025\/05\/WHVINT151.png","width":500,"height":500},{"@type":"BreadcrumbList","@id":"https:\/\/www.churchill1795.com\/de\/produkt\/teekanne-42-6cl-20\/#breadcrumb","itemListElement":[{"@type":"ListItem","position":1,"name":"Home","item":"https:\/\/www.churchill1795.com\/de\/"},{"@type":"ListItem","position":2,"name":"TEEKANNE 42.6CL"}]},{"@type":"WebSite","@id":"https:\/\/www.churchill1795.com\/en\/#website","url":"https:\/\/www.churchill1795.com\/en\/","name":"Churchill","description":"Innovation, Passion &amp; expertise","publisher":{"@id":"https:\/\/www.churchill1795.com\/en\/#organization"},"potentialAction":[{"@type":"SearchAction","target":{"@type":"EntryPoint","urlTemplate":"https:\/\/www.churchill1795.com\/en\/?s={search_term_string}"},"query-input":{"@type":"PropertyValueSpecification","valueRequired":true,"valueName":"search_term_string"}}],"inLanguage":"de"},{"@type":"Organization","@id":"https:\/\/www.churchill1795.com\/en\/#organization","name":"Churchill","url":"https:\/\/www.churchill1795.com\/en\/","logo":{"@type":"ImageObject","inLanguage":"de","@id":"https:\/\/www.churchill1795.com\/en\/#\/schema\/logo\/image\/","url":"https:\/\/www.churchill1795.com\/wp-content\/uploads\/2024\/09\/logo-1.webp","contentUrl":"https:\/\/www.churchill1795.com\/wp-content\/uploads\/2024\/09\/logo-1.webp","width":240,"height":88,"caption":"Churchill"},"image":{"@id":"https:\/\/www.churchill1795.com\/en\/#\/schema\/logo\/image\/"}}]}},"_links":{"self":[{"href":"https:\/\/www.churchill1795.com\/de\/wp-json\/wp\/v2\/product\/65552","targetHints":{"allow":["GET"]}}],"collection":[{"href":"https:\/\/www.churchill1795.com\/de\/wp-json\/wp\/v2\/product"}],"about":[{"href":"https:\/\/www.churchill1795.com\/de\/wp-json\/wp\/v2\/types\/product"}],"wp:featuredmedia":[{"embeddable":true,"href":"https:\/\/www.churchill1795.com\/de\/wp-json\/wp\/v2\/media\/66108"}],"wp:attachment":[{"href":"https:\/\/www.churchill1795.com\/de\/wp-json\/wp\/v2\/media?parent=65552"}],"wp:term":[{"taxonomy":"product_brand","embeddable":true,"href":"https:\/\/www.churchill1795.com\/de\/wp-json\/wp\/v2\/product_brand?post=65552"},{"taxonomy":"product_cat","embeddable":true,"href":"https:\/\/www.churchill1795.com\/de\/wp-json\/wp\/v2\/product_cat?post=65552"},{"taxonomy":"product_tag","embeddable":true,"href":"https:\/\/www.churchill1795.com\/de\/wp-json\/wp\/v2\/product_tag?post=65552"}],"curies":[{"name":"wp","href":"https:\/\/api.w.org\/{rel}","templated":true}]}}