{"id":51722,"date":"2025-02-04T17:39:17","date_gmt":"2025-02-04T17:39:17","guid":{"rendered":"https:\/\/www.churchill1795.com\/?post_type=product&#038;p=51722"},"modified":"2025-02-05T17:29:40","modified_gmt":"2025-02-05T17:29:40","slug":"tiefe-schale-28-5cm-2","status":"publish","type":"product","link":"https:\/\/www.churchill1795.com\/de\/produkt\/tiefe-schale-28-5cm-2\/","title":{"rendered":"TIEFE SCHALE 28.5CM"},"content":{"rendered":"<p>Emerge Melamin eignet sich perfekt f\u00fcr alle Bed\u00fcrfnisse der Gastfreundschaft und ist ideal f\u00fcr gro\u00dfe Buffets. Kombinieren Sie es mit den vorhandenen Geschirrteilen, um eine stilvolle Tischpr\u00e4sentation zu schaffen.<\/p>\n","protected":false},"excerpt":{"rendered":"<p>Eine Kombination aus der beliebten Emerge-Kollektion in Melamin f\u00fcr die anspruchsvolle Pr\u00e4sentation von Speisen auf Buffets und Theken.<\/p>\n","protected":false},"featured_media":49512,"template":"","meta":{"_acf_changed":false,"content-type":""},"product_brand":[],"product_cat":[3605,10326,3603],"product_tag":[],"class_list":{"0":"post-51722","1":"product","2":"type-product","3":"status-publish","4":"has-post-thumbnail","6":"product_cat-arbeitsflaeche","7":"product_cat-buffet","8":"product_cat-serviergeschirr","9":"pa_colour-oslo-blue-de","10":"pa_filter-capacity-4604","11":"pa_filter-colour-blau-de","12":"pa_filter-material-melamin","13":"pa_material-melamine-de","14":"pa_shape-rund","15":"pa_size-28-5cm-11-1-4-de","16":"range-emerge-melamine","17":"brand-churchill-super-vitrified","19":"first","20":"instock","21":"purchasable","22":"product-type-simple","23":"add-to-wishlist-after_add_to_cart"},"acf":[],"yoast_head":"<!-- This site is optimized with the Yoast SEO plugin v27.3 - https:\/\/yoast.com\/product\/yoast-seo-wordpress\/ -->\n<title>Emerge Melamine Tiefe Schale 28.5cm<\/title>\n<meta name=\"description\" content=\"Eine Kombination aus der beliebten Emerge-Kollektion in Melamin f\u00fcr die anspruchsvolle Pr\u00e4sentation von Speisen auf Buffets und Theken.\" \/>\n<meta name=\"robots\" content=\"index, follow, max-snippet:-1, max-image-preview:large, max-video-preview:-1\" \/>\n<link rel=\"canonical\" href=\"https:\/\/www.churchill1795.com\/de\/produkt\/tiefe-schale-28-5cm-2\/\" \/>\n<meta property=\"og:locale\" content=\"de_DE\" \/>\n<meta property=\"og:type\" content=\"article\" \/>\n<meta property=\"og:title\" content=\"Emerge Melamine Tiefe Schale 28.5cm\" \/>\n<meta property=\"og:description\" content=\"Eine Kombination aus der beliebten Emerge-Kollektion in Melamin f\u00fcr die anspruchsvolle Pr\u00e4sentation von Speisen auf Buffets und Theken.\" \/>\n<meta property=\"og:url\" content=\"https:\/\/www.churchill1795.com\/de\/produkt\/tiefe-schale-28-5cm-2\/\" \/>\n<meta property=\"og:site_name\" content=\"Churchill\" \/>\n<meta property=\"article:modified_time\" content=\"2025-02-05T17:29:40+00:00\" \/>\n<meta property=\"og:image\" content=\"https:\/\/churchill1795website.s3.eu-west-2.amazonaws.com\/wp-content\/uploads\/2025\/01\/EMBL28DB1.png\" \/>\n\t<meta property=\"og:image:width\" content=\"500\" \/>\n\t<meta property=\"og:image:height\" content=\"500\" \/>\n\t<meta property=\"og:image:type\" content=\"image\/png\" \/>\n<meta name=\"twitter:card\" content=\"summary_large_image\" \/>\n<script type=\"application\/ld+json\" class=\"yoast-schema-graph\">{\"@context\":\"https:\\\/\\\/schema.org\",\"@graph\":[{\"@type\":\"WebPage\",\"@id\":\"https:\\\/\\\/www.churchill1795.com\\\/de\\\/produkt\\\/tiefe-schale-28-5cm-2\\\/\",\"url\":\"https:\\\/\\\/www.churchill1795.com\\\/de\\\/produkt\\\/tiefe-schale-28-5cm-2\\\/\",\"name\":\"Emerge Melamine Tiefe Schale 28.5cm\",\"isPartOf\":{\"@id\":\"https:\\\/\\\/www.churchill1795.com\\\/en\\\/#website\"},\"primaryImageOfPage\":{\"@id\":\"https:\\\/\\\/www.churchill1795.com\\\/de\\\/produkt\\\/tiefe-schale-28-5cm-2\\\/#primaryimage\"},\"image\":{\"@id\":\"https:\\\/\\\/www.churchill1795.com\\\/de\\\/produkt\\\/tiefe-schale-28-5cm-2\\\/#primaryimage\"},\"thumbnailUrl\":\"https:\\\/\\\/www.churchill1795.com\\\/wp-content\\\/uploads\\\/2025\\\/01\\\/EMBL28DB1.png\",\"datePublished\":\"2025-02-04T17:39:17+00:00\",\"dateModified\":\"2025-02-05T17:29:40+00:00\",\"description\":\"Eine Kombination aus der beliebten Emerge-Kollektion in Melamin f\u00fcr die anspruchsvolle Pr\u00e4sentation von Speisen auf Buffets und Theken.\",\"breadcrumb\":{\"@id\":\"https:\\\/\\\/www.churchill1795.com\\\/de\\\/produkt\\\/tiefe-schale-28-5cm-2\\\/#breadcrumb\"},\"inLanguage\":\"de\",\"potentialAction\":[{\"@type\":\"ReadAction\",\"target\":[\"https:\\\/\\\/www.churchill1795.com\\\/de\\\/produkt\\\/tiefe-schale-28-5cm-2\\\/\"]}]},{\"@type\":\"ImageObject\",\"inLanguage\":\"de\",\"@id\":\"https:\\\/\\\/www.churchill1795.com\\\/de\\\/produkt\\\/tiefe-schale-28-5cm-2\\\/#primaryimage\",\"url\":\"https:\\\/\\\/www.churchill1795.com\\\/wp-content\\\/uploads\\\/2025\\\/01\\\/EMBL28DB1.png\",\"contentUrl\":\"https:\\\/\\\/www.churchill1795.com\\\/wp-content\\\/uploads\\\/2025\\\/01\\\/EMBL28DB1.png\",\"width\":500,\"height\":500},{\"@type\":\"BreadcrumbList\",\"@id\":\"https:\\\/\\\/www.churchill1795.com\\\/de\\\/produkt\\\/tiefe-schale-28-5cm-2\\\/#breadcrumb\",\"itemListElement\":[{\"@type\":\"ListItem\",\"position\":1,\"name\":\"Home\",\"item\":\"https:\\\/\\\/www.churchill1795.com\\\/de\\\/\"},{\"@type\":\"ListItem\",\"position\":2,\"name\":\"TIEFE SCHALE 28.5CM\"}]},{\"@type\":\"WebSite\",\"@id\":\"https:\\\/\\\/www.churchill1795.com\\\/en\\\/#website\",\"url\":\"https:\\\/\\\/www.churchill1795.com\\\/en\\\/\",\"name\":\"Churchill\",\"description\":\"Innovation, Passion &amp; expertise\",\"publisher\":{\"@id\":\"https:\\\/\\\/www.churchill1795.com\\\/en\\\/#organization\"},\"potentialAction\":[{\"@type\":\"SearchAction\",\"target\":{\"@type\":\"EntryPoint\",\"urlTemplate\":\"https:\\\/\\\/www.churchill1795.com\\\/en\\\/?s={search_term_string}\"},\"query-input\":{\"@type\":\"PropertyValueSpecification\",\"valueRequired\":true,\"valueName\":\"search_term_string\"}}],\"inLanguage\":\"de\"},{\"@type\":\"Organization\",\"@id\":\"https:\\\/\\\/www.churchill1795.com\\\/en\\\/#organization\",\"name\":\"Churchill\",\"url\":\"https:\\\/\\\/www.churchill1795.com\\\/en\\\/\",\"logo\":{\"@type\":\"ImageObject\",\"inLanguage\":\"de\",\"@id\":\"https:\\\/\\\/www.churchill1795.com\\\/en\\\/#\\\/schema\\\/logo\\\/image\\\/\",\"url\":\"https:\\\/\\\/www.churchill1795.com\\\/wp-content\\\/uploads\\\/2024\\\/09\\\/logo-1.webp\",\"contentUrl\":\"https:\\\/\\\/www.churchill1795.com\\\/wp-content\\\/uploads\\\/2024\\\/09\\\/logo-1.webp\",\"width\":240,\"height\":88,\"caption\":\"Churchill\"},\"image\":{\"@id\":\"https:\\\/\\\/www.churchill1795.com\\\/en\\\/#\\\/schema\\\/logo\\\/image\\\/\"}}]}<\/script>\n<!-- \/ Yoast SEO plugin. -->","yoast_head_json":{"title":"Emerge Melamine Tiefe Schale 28.5cm","description":"Eine Kombination aus der beliebten Emerge-Kollektion in Melamin f\u00fcr die anspruchsvolle Pr\u00e4sentation von Speisen auf Buffets und Theken.","robots":{"index":"index","follow":"follow","max-snippet":"max-snippet:-1","max-image-preview":"max-image-preview:large","max-video-preview":"max-video-preview:-1"},"canonical":"https:\/\/www.churchill1795.com\/de\/produkt\/tiefe-schale-28-5cm-2\/","og_locale":"de_DE","og_type":"article","og_title":"Emerge Melamine Tiefe Schale 28.5cm","og_description":"Eine Kombination aus der beliebten Emerge-Kollektion in Melamin f\u00fcr die anspruchsvolle Pr\u00e4sentation von Speisen auf Buffets und Theken.","og_url":"https:\/\/www.churchill1795.com\/de\/produkt\/tiefe-schale-28-5cm-2\/","og_site_name":"Churchill","article_modified_time":"2025-02-05T17:29:40+00:00","og_image":[{"width":500,"height":500,"url":"https:\/\/churchill1795website.s3.eu-west-2.amazonaws.com\/wp-content\/uploads\/2025\/01\/EMBL28DB1.png","type":"image\/png"}],"twitter_card":"summary_large_image","schema":{"@context":"https:\/\/schema.org","@graph":[{"@type":"WebPage","@id":"https:\/\/www.churchill1795.com\/de\/produkt\/tiefe-schale-28-5cm-2\/","url":"https:\/\/www.churchill1795.com\/de\/produkt\/tiefe-schale-28-5cm-2\/","name":"Emerge Melamine Tiefe Schale 28.5cm","isPartOf":{"@id":"https:\/\/www.churchill1795.com\/en\/#website"},"primaryImageOfPage":{"@id":"https:\/\/www.churchill1795.com\/de\/produkt\/tiefe-schale-28-5cm-2\/#primaryimage"},"image":{"@id":"https:\/\/www.churchill1795.com\/de\/produkt\/tiefe-schale-28-5cm-2\/#primaryimage"},"thumbnailUrl":"https:\/\/www.churchill1795.com\/wp-content\/uploads\/2025\/01\/EMBL28DB1.png","datePublished":"2025-02-04T17:39:17+00:00","dateModified":"2025-02-05T17:29:40+00:00","description":"Eine Kombination aus der beliebten Emerge-Kollektion in Melamin f\u00fcr die anspruchsvolle Pr\u00e4sentation von Speisen auf Buffets und Theken.","breadcrumb":{"@id":"https:\/\/www.churchill1795.com\/de\/produkt\/tiefe-schale-28-5cm-2\/#breadcrumb"},"inLanguage":"de","potentialAction":[{"@type":"ReadAction","target":["https:\/\/www.churchill1795.com\/de\/produkt\/tiefe-schale-28-5cm-2\/"]}]},{"@type":"ImageObject","inLanguage":"de","@id":"https:\/\/www.churchill1795.com\/de\/produkt\/tiefe-schale-28-5cm-2\/#primaryimage","url":"https:\/\/www.churchill1795.com\/wp-content\/uploads\/2025\/01\/EMBL28DB1.png","contentUrl":"https:\/\/www.churchill1795.com\/wp-content\/uploads\/2025\/01\/EMBL28DB1.png","width":500,"height":500},{"@type":"BreadcrumbList","@id":"https:\/\/www.churchill1795.com\/de\/produkt\/tiefe-schale-28-5cm-2\/#breadcrumb","itemListElement":[{"@type":"ListItem","position":1,"name":"Home","item":"https:\/\/www.churchill1795.com\/de\/"},{"@type":"ListItem","position":2,"name":"TIEFE SCHALE 28.5CM"}]},{"@type":"WebSite","@id":"https:\/\/www.churchill1795.com\/en\/#website","url":"https:\/\/www.churchill1795.com\/en\/","name":"Churchill","description":"Innovation, Passion &amp; expertise","publisher":{"@id":"https:\/\/www.churchill1795.com\/en\/#organization"},"potentialAction":[{"@type":"SearchAction","target":{"@type":"EntryPoint","urlTemplate":"https:\/\/www.churchill1795.com\/en\/?s={search_term_string}"},"query-input":{"@type":"PropertyValueSpecification","valueRequired":true,"valueName":"search_term_string"}}],"inLanguage":"de"},{"@type":"Organization","@id":"https:\/\/www.churchill1795.com\/en\/#organization","name":"Churchill","url":"https:\/\/www.churchill1795.com\/en\/","logo":{"@type":"ImageObject","inLanguage":"de","@id":"https:\/\/www.churchill1795.com\/en\/#\/schema\/logo\/image\/","url":"https:\/\/www.churchill1795.com\/wp-content\/uploads\/2024\/09\/logo-1.webp","contentUrl":"https:\/\/www.churchill1795.com\/wp-content\/uploads\/2024\/09\/logo-1.webp","width":240,"height":88,"caption":"Churchill"},"image":{"@id":"https:\/\/www.churchill1795.com\/en\/#\/schema\/logo\/image\/"}}]}},"_links":{"self":[{"href":"https:\/\/www.churchill1795.com\/de\/wp-json\/wp\/v2\/product\/51722","targetHints":{"allow":["GET"]}}],"collection":[{"href":"https:\/\/www.churchill1795.com\/de\/wp-json\/wp\/v2\/product"}],"about":[{"href":"https:\/\/www.churchill1795.com\/de\/wp-json\/wp\/v2\/types\/product"}],"wp:featuredmedia":[{"embeddable":true,"href":"https:\/\/www.churchill1795.com\/de\/wp-json\/wp\/v2\/media\/49512"}],"wp:attachment":[{"href":"https:\/\/www.churchill1795.com\/de\/wp-json\/wp\/v2\/media?parent=51722"}],"wp:term":[{"taxonomy":"product_brand","embeddable":true,"href":"https:\/\/www.churchill1795.com\/de\/wp-json\/wp\/v2\/product_brand?post=51722"},{"taxonomy":"product_cat","embeddable":true,"href":"https:\/\/www.churchill1795.com\/de\/wp-json\/wp\/v2\/product_cat?post=51722"},{"taxonomy":"product_tag","embeddable":true,"href":"https:\/\/www.churchill1795.com\/de\/wp-json\/wp\/v2\/product_tag?post=51722"}],"curies":[{"name":"wp","href":"https:\/\/api.w.org\/{rel}","templated":true}]}}