{"id":51641,"date":"2025-02-04T17:15:31","date_gmt":"2025-02-04T17:15:31","guid":{"rendered":"https:\/\/www.churchill1795.com\/?post_type=product&#038;p=51641"},"modified":"2025-02-05T17:08:33","modified_gmt":"2025-02-05T17:08:33","slug":"verkostungstablett-29-5-x-8-8cm-15","status":"publish","type":"product","link":"https:\/\/www.churchill1795.com\/de\/produkt\/verkostungstablett-29-5-x-8-8cm-15\/","title":{"rendered":"VERKOSTUNGSTABLETT 29.5 X 8.8CM"},"content":{"rendered":"<p>Umrahmt von seinem kosmischen Muster, l\u00e4sst Lyra kreativen Freiraum, indem es dekorative Muster mit wei\u00dfem Raum kombiniert. Das lineare Design, das von himmlischen Formen inspiriert ist, f\u00e4ngt die Essenz des Sternenlichts ein und verleiht ihm einen visuell symmetrischen Reiz.<\/p>\n","protected":false},"excerpt":{"rendered":"<p>Die Kollektion ist nach dem Sternbild Lyra benannt und zeichnet sich durch ein ausgepr\u00e4gtes Sternenstaub-Design aus.<\/p>\n","protected":false},"featured_media":49738,"template":"","meta":{"_acf_changed":false,"content-type":""},"product_brand":[],"product_cat":[3599,3597],"product_tag":[],"class_list":{"0":"post-51641","1":"product","2":"type-product","3":"status-publish","4":"has-post-thumbnail","6":"product_cat-rechteckige-teller","7":"product_cat-teller","8":"pa_colour-pink","9":"pa_filter-colour-rosa","10":"pa_filter-material-keramik","11":"pa_material-churchill-super-vitrified-de","12":"pa_shape-rechteckig","13":"pa_size-29-5cm-11-1-2-de","14":"range-inked-lyra-de","15":"brand-churchill-super-vitrified","16":"brand-inked-de","17":"tabletop-blush-neutrals-de","18":"tabletop-pastels-de","20":"first","21":"instock","22":"purchasable","23":"product-type-simple","24":"add-to-wishlist-after_add_to_cart"},"acf":[],"yoast_head":"<!-- This site is optimized with the Yoast SEO plugin v27.3 - https:\/\/yoast.com\/product\/yoast-seo-wordpress\/ -->\n<title>Churchill Lyra Pink Verkostungstablett 29.5 x 8.8cm<\/title>\n<meta name=\"description\" content=\"Die Kollektion ist nach dem Sternbild Lyra benannt und zeichnet sich durch ein ausgepr\u00e4gtes Sternenstaub-Design aus.\" \/>\n<meta name=\"robots\" content=\"index, follow, max-snippet:-1, max-image-preview:large, max-video-preview:-1\" \/>\n<link rel=\"canonical\" href=\"https:\/\/www.churchill1795.com\/de\/produkt\/verkostungstablett-29-5-x-8-8cm-15\/\" \/>\n<meta property=\"og:locale\" content=\"de_DE\" \/>\n<meta property=\"og:type\" content=\"article\" \/>\n<meta property=\"og:title\" content=\"Churchill Lyra Pink Verkostungstablett 29.5 x 8.8cm\" \/>\n<meta property=\"og:description\" content=\"Die Kollektion ist nach dem Sternbild Lyra benannt und zeichnet sich durch ein ausgepr\u00e4gtes Sternenstaub-Design aus.\" \/>\n<meta property=\"og:url\" content=\"https:\/\/www.churchill1795.com\/de\/produkt\/verkostungstablett-29-5-x-8-8cm-15\/\" \/>\n<meta property=\"og:site_name\" content=\"Churchill\" \/>\n<meta property=\"article:modified_time\" content=\"2025-02-05T17:08:33+00:00\" \/>\n<meta property=\"og:image\" content=\"https:\/\/churchill1795website.s3.eu-west-2.amazonaws.com\/wp-content\/uploads\/2025\/01\/ILYPOF301.png\" \/>\n\t<meta property=\"og:image:width\" content=\"500\" \/>\n\t<meta property=\"og:image:height\" content=\"500\" \/>\n\t<meta property=\"og:image:type\" content=\"image\/png\" \/>\n<meta name=\"twitter:card\" content=\"summary_large_image\" \/>\n<script type=\"application\/ld+json\" class=\"yoast-schema-graph\">{\"@context\":\"https:\\\/\\\/schema.org\",\"@graph\":[{\"@type\":\"WebPage\",\"@id\":\"https:\\\/\\\/www.churchill1795.com\\\/de\\\/produkt\\\/verkostungstablett-29-5-x-8-8cm-15\\\/\",\"url\":\"https:\\\/\\\/www.churchill1795.com\\\/de\\\/produkt\\\/verkostungstablett-29-5-x-8-8cm-15\\\/\",\"name\":\"Churchill Lyra Pink Verkostungstablett 29.5 x 8.8cm\",\"isPartOf\":{\"@id\":\"https:\\\/\\\/www.churchill1795.com\\\/en\\\/#website\"},\"primaryImageOfPage\":{\"@id\":\"https:\\\/\\\/www.churchill1795.com\\\/de\\\/produkt\\\/verkostungstablett-29-5-x-8-8cm-15\\\/#primaryimage\"},\"image\":{\"@id\":\"https:\\\/\\\/www.churchill1795.com\\\/de\\\/produkt\\\/verkostungstablett-29-5-x-8-8cm-15\\\/#primaryimage\"},\"thumbnailUrl\":\"https:\\\/\\\/www.churchill1795.com\\\/wp-content\\\/uploads\\\/2025\\\/01\\\/ILYPOF301.png\",\"datePublished\":\"2025-02-04T17:15:31+00:00\",\"dateModified\":\"2025-02-05T17:08:33+00:00\",\"description\":\"Die Kollektion ist nach dem Sternbild Lyra benannt und zeichnet sich durch ein ausgepr\u00e4gtes Sternenstaub-Design aus.\",\"breadcrumb\":{\"@id\":\"https:\\\/\\\/www.churchill1795.com\\\/de\\\/produkt\\\/verkostungstablett-29-5-x-8-8cm-15\\\/#breadcrumb\"},\"inLanguage\":\"de\",\"potentialAction\":[{\"@type\":\"ReadAction\",\"target\":[\"https:\\\/\\\/www.churchill1795.com\\\/de\\\/produkt\\\/verkostungstablett-29-5-x-8-8cm-15\\\/\"]}]},{\"@type\":\"ImageObject\",\"inLanguage\":\"de\",\"@id\":\"https:\\\/\\\/www.churchill1795.com\\\/de\\\/produkt\\\/verkostungstablett-29-5-x-8-8cm-15\\\/#primaryimage\",\"url\":\"https:\\\/\\\/www.churchill1795.com\\\/wp-content\\\/uploads\\\/2025\\\/01\\\/ILYPOF301.png\",\"contentUrl\":\"https:\\\/\\\/www.churchill1795.com\\\/wp-content\\\/uploads\\\/2025\\\/01\\\/ILYPOF301.png\",\"width\":500,\"height\":500},{\"@type\":\"BreadcrumbList\",\"@id\":\"https:\\\/\\\/www.churchill1795.com\\\/de\\\/produkt\\\/verkostungstablett-29-5-x-8-8cm-15\\\/#breadcrumb\",\"itemListElement\":[{\"@type\":\"ListItem\",\"position\":1,\"name\":\"Home\",\"item\":\"https:\\\/\\\/www.churchill1795.com\\\/de\\\/\"},{\"@type\":\"ListItem\",\"position\":2,\"name\":\"VERKOSTUNGSTABLETT 29.5 X 8.8CM\"}]},{\"@type\":\"WebSite\",\"@id\":\"https:\\\/\\\/www.churchill1795.com\\\/en\\\/#website\",\"url\":\"https:\\\/\\\/www.churchill1795.com\\\/en\\\/\",\"name\":\"Churchill\",\"description\":\"Innovation, Passion &amp; expertise\",\"publisher\":{\"@id\":\"https:\\\/\\\/www.churchill1795.com\\\/en\\\/#organization\"},\"potentialAction\":[{\"@type\":\"SearchAction\",\"target\":{\"@type\":\"EntryPoint\",\"urlTemplate\":\"https:\\\/\\\/www.churchill1795.com\\\/en\\\/?s={search_term_string}\"},\"query-input\":{\"@type\":\"PropertyValueSpecification\",\"valueRequired\":true,\"valueName\":\"search_term_string\"}}],\"inLanguage\":\"de\"},{\"@type\":\"Organization\",\"@id\":\"https:\\\/\\\/www.churchill1795.com\\\/en\\\/#organization\",\"name\":\"Churchill\",\"url\":\"https:\\\/\\\/www.churchill1795.com\\\/en\\\/\",\"logo\":{\"@type\":\"ImageObject\",\"inLanguage\":\"de\",\"@id\":\"https:\\\/\\\/www.churchill1795.com\\\/en\\\/#\\\/schema\\\/logo\\\/image\\\/\",\"url\":\"https:\\\/\\\/www.churchill1795.com\\\/wp-content\\\/uploads\\\/2024\\\/09\\\/logo-1.webp\",\"contentUrl\":\"https:\\\/\\\/www.churchill1795.com\\\/wp-content\\\/uploads\\\/2024\\\/09\\\/logo-1.webp\",\"width\":240,\"height\":88,\"caption\":\"Churchill\"},\"image\":{\"@id\":\"https:\\\/\\\/www.churchill1795.com\\\/en\\\/#\\\/schema\\\/logo\\\/image\\\/\"}}]}<\/script>\n<!-- \/ Yoast SEO plugin. -->","yoast_head_json":{"title":"Churchill Lyra Pink Verkostungstablett 29.5 x 8.8cm","description":"Die Kollektion ist nach dem Sternbild Lyra benannt und zeichnet sich durch ein ausgepr\u00e4gtes Sternenstaub-Design aus.","robots":{"index":"index","follow":"follow","max-snippet":"max-snippet:-1","max-image-preview":"max-image-preview:large","max-video-preview":"max-video-preview:-1"},"canonical":"https:\/\/www.churchill1795.com\/de\/produkt\/verkostungstablett-29-5-x-8-8cm-15\/","og_locale":"de_DE","og_type":"article","og_title":"Churchill Lyra Pink Verkostungstablett 29.5 x 8.8cm","og_description":"Die Kollektion ist nach dem Sternbild Lyra benannt und zeichnet sich durch ein ausgepr\u00e4gtes Sternenstaub-Design aus.","og_url":"https:\/\/www.churchill1795.com\/de\/produkt\/verkostungstablett-29-5-x-8-8cm-15\/","og_site_name":"Churchill","article_modified_time":"2025-02-05T17:08:33+00:00","og_image":[{"width":500,"height":500,"url":"https:\/\/churchill1795website.s3.eu-west-2.amazonaws.com\/wp-content\/uploads\/2025\/01\/ILYPOF301.png","type":"image\/png"}],"twitter_card":"summary_large_image","schema":{"@context":"https:\/\/schema.org","@graph":[{"@type":"WebPage","@id":"https:\/\/www.churchill1795.com\/de\/produkt\/verkostungstablett-29-5-x-8-8cm-15\/","url":"https:\/\/www.churchill1795.com\/de\/produkt\/verkostungstablett-29-5-x-8-8cm-15\/","name":"Churchill Lyra Pink Verkostungstablett 29.5 x 8.8cm","isPartOf":{"@id":"https:\/\/www.churchill1795.com\/en\/#website"},"primaryImageOfPage":{"@id":"https:\/\/www.churchill1795.com\/de\/produkt\/verkostungstablett-29-5-x-8-8cm-15\/#primaryimage"},"image":{"@id":"https:\/\/www.churchill1795.com\/de\/produkt\/verkostungstablett-29-5-x-8-8cm-15\/#primaryimage"},"thumbnailUrl":"https:\/\/www.churchill1795.com\/wp-content\/uploads\/2025\/01\/ILYPOF301.png","datePublished":"2025-02-04T17:15:31+00:00","dateModified":"2025-02-05T17:08:33+00:00","description":"Die Kollektion ist nach dem Sternbild Lyra benannt und zeichnet sich durch ein ausgepr\u00e4gtes Sternenstaub-Design aus.","breadcrumb":{"@id":"https:\/\/www.churchill1795.com\/de\/produkt\/verkostungstablett-29-5-x-8-8cm-15\/#breadcrumb"},"inLanguage":"de","potentialAction":[{"@type":"ReadAction","target":["https:\/\/www.churchill1795.com\/de\/produkt\/verkostungstablett-29-5-x-8-8cm-15\/"]}]},{"@type":"ImageObject","inLanguage":"de","@id":"https:\/\/www.churchill1795.com\/de\/produkt\/verkostungstablett-29-5-x-8-8cm-15\/#primaryimage","url":"https:\/\/www.churchill1795.com\/wp-content\/uploads\/2025\/01\/ILYPOF301.png","contentUrl":"https:\/\/www.churchill1795.com\/wp-content\/uploads\/2025\/01\/ILYPOF301.png","width":500,"height":500},{"@type":"BreadcrumbList","@id":"https:\/\/www.churchill1795.com\/de\/produkt\/verkostungstablett-29-5-x-8-8cm-15\/#breadcrumb","itemListElement":[{"@type":"ListItem","position":1,"name":"Home","item":"https:\/\/www.churchill1795.com\/de\/"},{"@type":"ListItem","position":2,"name":"VERKOSTUNGSTABLETT 29.5 X 8.8CM"}]},{"@type":"WebSite","@id":"https:\/\/www.churchill1795.com\/en\/#website","url":"https:\/\/www.churchill1795.com\/en\/","name":"Churchill","description":"Innovation, Passion &amp; expertise","publisher":{"@id":"https:\/\/www.churchill1795.com\/en\/#organization"},"potentialAction":[{"@type":"SearchAction","target":{"@type":"EntryPoint","urlTemplate":"https:\/\/www.churchill1795.com\/en\/?s={search_term_string}"},"query-input":{"@type":"PropertyValueSpecification","valueRequired":true,"valueName":"search_term_string"}}],"inLanguage":"de"},{"@type":"Organization","@id":"https:\/\/www.churchill1795.com\/en\/#organization","name":"Churchill","url":"https:\/\/www.churchill1795.com\/en\/","logo":{"@type":"ImageObject","inLanguage":"de","@id":"https:\/\/www.churchill1795.com\/en\/#\/schema\/logo\/image\/","url":"https:\/\/www.churchill1795.com\/wp-content\/uploads\/2024\/09\/logo-1.webp","contentUrl":"https:\/\/www.churchill1795.com\/wp-content\/uploads\/2024\/09\/logo-1.webp","width":240,"height":88,"caption":"Churchill"},"image":{"@id":"https:\/\/www.churchill1795.com\/en\/#\/schema\/logo\/image\/"}}]}},"_links":{"self":[{"href":"https:\/\/www.churchill1795.com\/de\/wp-json\/wp\/v2\/product\/51641","targetHints":{"allow":["GET"]}}],"collection":[{"href":"https:\/\/www.churchill1795.com\/de\/wp-json\/wp\/v2\/product"}],"about":[{"href":"https:\/\/www.churchill1795.com\/de\/wp-json\/wp\/v2\/types\/product"}],"wp:featuredmedia":[{"embeddable":true,"href":"https:\/\/www.churchill1795.com\/de\/wp-json\/wp\/v2\/media\/49738"}],"wp:attachment":[{"href":"https:\/\/www.churchill1795.com\/de\/wp-json\/wp\/v2\/media?parent=51641"}],"wp:term":[{"taxonomy":"product_brand","embeddable":true,"href":"https:\/\/www.churchill1795.com\/de\/wp-json\/wp\/v2\/product_brand?post=51641"},{"taxonomy":"product_cat","embeddable":true,"href":"https:\/\/www.churchill1795.com\/de\/wp-json\/wp\/v2\/product_cat?post=51641"},{"taxonomy":"product_tag","embeddable":true,"href":"https:\/\/www.churchill1795.com\/de\/wp-json\/wp\/v2\/product_tag?post=51641"}],"curies":[{"name":"wp","href":"https:\/\/api.w.org\/{rel}","templated":true}]}}