{"id":51639,"date":"2025-02-04T17:14:52","date_gmt":"2025-02-04T17:14:52","guid":{"rendered":"https:\/\/www.churchill1795.com\/?post_type=product&#038;p=51639"},"modified":"2025-12-19T14:11:58","modified_gmt":"2025-12-19T14:11:58","slug":"organische-schale-mit-erhoehtem-rand-20cm-10","status":"publish","type":"product","link":"https:\/\/www.churchill1795.com\/de\/produkt\/organische-schale-mit-erhoehtem-rand-20cm-10\/","title":{"rendered":"ORGANISCHE SCHALE MIT ERH\u00d6HTEM RAND 20CM"},"content":{"rendered":"<p>Umrahmt von seinem kosmischen Muster, l\u00e4sst Lyra kreativen Freiraum, indem es dekorative Muster mit wei\u00dfem Raum kombiniert. Das lineare Design, das von himmlischen Formen inspiriert ist, f\u00e4ngt die Essenz des Sternenlichts ein und verleiht ihm einen visuell symmetrischen Reiz.<\/p>\n","protected":false},"excerpt":{"rendered":"<p>Die Kollektion ist nach dem Sternbild Lyra benannt und zeichnet sich durch ein ausgepr\u00e4gtes Sternenstaub-Design aus.<\/p>\n","protected":false},"featured_media":49742,"template":"","meta":{"_acf_changed":false,"content-type":""},"product_brand":[],"product_cat":[3588,10325],"product_tag":[],"class_list":{"0":"post-51639","1":"product","2":"type-product","3":"status-publish","4":"has-post-thumbnail","6":"product_cat-schalen","7":"product_cat-something-different-bowls","8":"pa_colour-pink","9":"pa_filter-colour-rosa","10":"pa_filter-material-keramik","11":"pa_material-churchill-super-vitrified-de","12":"pa_shape-rund","13":"pa_size-20cm-7-4-5-de","14":"range-inked-lyra-de","15":"brand-churchill-super-vitrified","16":"brand-inked-de","17":"tabletop-blush-neutrals-de","18":"tabletop-pastels-de","19":"shape-code-wob11","21":"first","22":"instock","23":"purchasable","24":"product-type-simple","25":"add-to-wishlist-after_add_to_cart"},"acf":[],"yoast_head":"<!-- This site is optimized with the Yoast SEO plugin v27.3 - https:\/\/yoast.com\/product\/yoast-seo-wordpress\/ -->\n<title>Churchill Lyra Pink Organische Schale Mit Erh\u00f6otem 20cm<\/title>\n<meta name=\"description\" content=\"Die Kollektion ist nach dem Sternbild Lyra benannt und zeichnet sich durch ein ausgepr\u00e4gtes Sternenstaub-Design aus.\" \/>\n<meta name=\"robots\" content=\"index, follow, max-snippet:-1, max-image-preview:large, max-video-preview:-1\" \/>\n<link rel=\"canonical\" href=\"https:\/\/www.churchill1795.com\/de\/produkt\/organische-schale-mit-erhoehtem-rand-20cm-10\/\" \/>\n<meta property=\"og:locale\" content=\"de_DE\" \/>\n<meta property=\"og:type\" content=\"article\" \/>\n<meta property=\"og:title\" content=\"Churchill Lyra Pink Organische Schale Mit Erh\u00f6otem 20cm\" \/>\n<meta property=\"og:description\" content=\"Die Kollektion ist nach dem Sternbild Lyra benannt und zeichnet sich durch ein ausgepr\u00e4gtes Sternenstaub-Design aus.\" \/>\n<meta property=\"og:url\" content=\"https:\/\/www.churchill1795.com\/de\/produkt\/organische-schale-mit-erhoehtem-rand-20cm-10\/\" \/>\n<meta property=\"og:site_name\" content=\"Churchill\" \/>\n<meta property=\"article:modified_time\" content=\"2025-12-19T14:11:58+00:00\" \/>\n<meta property=\"og:image\" content=\"https:\/\/www.churchill1795.com\/wp-content\/uploads\/2025\/01\/ILYPWOB11.png\" \/>\n\t<meta property=\"og:image:width\" content=\"500\" \/>\n\t<meta property=\"og:image:height\" content=\"500\" \/>\n\t<meta property=\"og:image:type\" content=\"image\/png\" \/>\n<meta name=\"twitter:card\" content=\"summary_large_image\" \/>\n<script type=\"application\/ld+json\" class=\"yoast-schema-graph\">{\"@context\":\"https:\\\/\\\/schema.org\",\"@graph\":[{\"@type\":\"WebPage\",\"@id\":\"https:\\\/\\\/www.churchill1795.com\\\/de\\\/produkt\\\/organische-schale-mit-erhoehtem-rand-20cm-10\\\/\",\"url\":\"https:\\\/\\\/www.churchill1795.com\\\/de\\\/produkt\\\/organische-schale-mit-erhoehtem-rand-20cm-10\\\/\",\"name\":\"Churchill Lyra Pink Organische Schale Mit Erh\u00f6otem 20cm\",\"isPartOf\":{\"@id\":\"https:\\\/\\\/www.churchill1795.com\\\/en\\\/#website\"},\"primaryImageOfPage\":{\"@id\":\"https:\\\/\\\/www.churchill1795.com\\\/de\\\/produkt\\\/organische-schale-mit-erhoehtem-rand-20cm-10\\\/#primaryimage\"},\"image\":{\"@id\":\"https:\\\/\\\/www.churchill1795.com\\\/de\\\/produkt\\\/organische-schale-mit-erhoehtem-rand-20cm-10\\\/#primaryimage\"},\"thumbnailUrl\":\"https:\\\/\\\/www.churchill1795.com\\\/wp-content\\\/uploads\\\/2025\\\/01\\\/ILYPWOB11.png\",\"datePublished\":\"2025-02-04T17:14:52+00:00\",\"dateModified\":\"2025-12-19T14:11:58+00:00\",\"description\":\"Die Kollektion ist nach dem Sternbild Lyra benannt und zeichnet sich durch ein ausgepr\u00e4gtes Sternenstaub-Design aus.\",\"breadcrumb\":{\"@id\":\"https:\\\/\\\/www.churchill1795.com\\\/de\\\/produkt\\\/organische-schale-mit-erhoehtem-rand-20cm-10\\\/#breadcrumb\"},\"inLanguage\":\"de\",\"potentialAction\":[{\"@type\":\"ReadAction\",\"target\":[\"https:\\\/\\\/www.churchill1795.com\\\/de\\\/produkt\\\/organische-schale-mit-erhoehtem-rand-20cm-10\\\/\"]}]},{\"@type\":\"ImageObject\",\"inLanguage\":\"de\",\"@id\":\"https:\\\/\\\/www.churchill1795.com\\\/de\\\/produkt\\\/organische-schale-mit-erhoehtem-rand-20cm-10\\\/#primaryimage\",\"url\":\"https:\\\/\\\/www.churchill1795.com\\\/wp-content\\\/uploads\\\/2025\\\/01\\\/ILYPWOB11.png\",\"contentUrl\":\"https:\\\/\\\/www.churchill1795.com\\\/wp-content\\\/uploads\\\/2025\\\/01\\\/ILYPWOB11.png\",\"width\":500,\"height\":500},{\"@type\":\"BreadcrumbList\",\"@id\":\"https:\\\/\\\/www.churchill1795.com\\\/de\\\/produkt\\\/organische-schale-mit-erhoehtem-rand-20cm-10\\\/#breadcrumb\",\"itemListElement\":[{\"@type\":\"ListItem\",\"position\":1,\"name\":\"Home\",\"item\":\"https:\\\/\\\/www.churchill1795.com\\\/de\\\/\"},{\"@type\":\"ListItem\",\"position\":2,\"name\":\"ORGANISCHE SCHALE MIT ERH\u00d6HTEM RAND 20CM\"}]},{\"@type\":\"WebSite\",\"@id\":\"https:\\\/\\\/www.churchill1795.com\\\/en\\\/#website\",\"url\":\"https:\\\/\\\/www.churchill1795.com\\\/en\\\/\",\"name\":\"Churchill\",\"description\":\"Innovation, Passion &amp; expertise\",\"publisher\":{\"@id\":\"https:\\\/\\\/www.churchill1795.com\\\/en\\\/#organization\"},\"potentialAction\":[{\"@type\":\"SearchAction\",\"target\":{\"@type\":\"EntryPoint\",\"urlTemplate\":\"https:\\\/\\\/www.churchill1795.com\\\/en\\\/?s={search_term_string}\"},\"query-input\":{\"@type\":\"PropertyValueSpecification\",\"valueRequired\":true,\"valueName\":\"search_term_string\"}}],\"inLanguage\":\"de\"},{\"@type\":\"Organization\",\"@id\":\"https:\\\/\\\/www.churchill1795.com\\\/en\\\/#organization\",\"name\":\"Churchill\",\"url\":\"https:\\\/\\\/www.churchill1795.com\\\/en\\\/\",\"logo\":{\"@type\":\"ImageObject\",\"inLanguage\":\"de\",\"@id\":\"https:\\\/\\\/www.churchill1795.com\\\/en\\\/#\\\/schema\\\/logo\\\/image\\\/\",\"url\":\"https:\\\/\\\/www.churchill1795.com\\\/wp-content\\\/uploads\\\/2024\\\/09\\\/logo-1.webp\",\"contentUrl\":\"https:\\\/\\\/www.churchill1795.com\\\/wp-content\\\/uploads\\\/2024\\\/09\\\/logo-1.webp\",\"width\":240,\"height\":88,\"caption\":\"Churchill\"},\"image\":{\"@id\":\"https:\\\/\\\/www.churchill1795.com\\\/en\\\/#\\\/schema\\\/logo\\\/image\\\/\"}}]}<\/script>\n<!-- \/ Yoast SEO plugin. -->","yoast_head_json":{"title":"Churchill Lyra Pink Organische Schale Mit Erh\u00f6otem 20cm","description":"Die Kollektion ist nach dem Sternbild Lyra benannt und zeichnet sich durch ein ausgepr\u00e4gtes Sternenstaub-Design aus.","robots":{"index":"index","follow":"follow","max-snippet":"max-snippet:-1","max-image-preview":"max-image-preview:large","max-video-preview":"max-video-preview:-1"},"canonical":"https:\/\/www.churchill1795.com\/de\/produkt\/organische-schale-mit-erhoehtem-rand-20cm-10\/","og_locale":"de_DE","og_type":"article","og_title":"Churchill Lyra Pink Organische Schale Mit Erh\u00f6otem 20cm","og_description":"Die Kollektion ist nach dem Sternbild Lyra benannt und zeichnet sich durch ein ausgepr\u00e4gtes Sternenstaub-Design aus.","og_url":"https:\/\/www.churchill1795.com\/de\/produkt\/organische-schale-mit-erhoehtem-rand-20cm-10\/","og_site_name":"Churchill","article_modified_time":"2025-12-19T14:11:58+00:00","og_image":[{"width":500,"height":500,"url":"https:\/\/www.churchill1795.com\/wp-content\/uploads\/2025\/01\/ILYPWOB11.png","type":"image\/png"}],"twitter_card":"summary_large_image","schema":{"@context":"https:\/\/schema.org","@graph":[{"@type":"WebPage","@id":"https:\/\/www.churchill1795.com\/de\/produkt\/organische-schale-mit-erhoehtem-rand-20cm-10\/","url":"https:\/\/www.churchill1795.com\/de\/produkt\/organische-schale-mit-erhoehtem-rand-20cm-10\/","name":"Churchill Lyra Pink Organische Schale Mit Erh\u00f6otem 20cm","isPartOf":{"@id":"https:\/\/www.churchill1795.com\/en\/#website"},"primaryImageOfPage":{"@id":"https:\/\/www.churchill1795.com\/de\/produkt\/organische-schale-mit-erhoehtem-rand-20cm-10\/#primaryimage"},"image":{"@id":"https:\/\/www.churchill1795.com\/de\/produkt\/organische-schale-mit-erhoehtem-rand-20cm-10\/#primaryimage"},"thumbnailUrl":"https:\/\/www.churchill1795.com\/wp-content\/uploads\/2025\/01\/ILYPWOB11.png","datePublished":"2025-02-04T17:14:52+00:00","dateModified":"2025-12-19T14:11:58+00:00","description":"Die Kollektion ist nach dem Sternbild Lyra benannt und zeichnet sich durch ein ausgepr\u00e4gtes Sternenstaub-Design aus.","breadcrumb":{"@id":"https:\/\/www.churchill1795.com\/de\/produkt\/organische-schale-mit-erhoehtem-rand-20cm-10\/#breadcrumb"},"inLanguage":"de","potentialAction":[{"@type":"ReadAction","target":["https:\/\/www.churchill1795.com\/de\/produkt\/organische-schale-mit-erhoehtem-rand-20cm-10\/"]}]},{"@type":"ImageObject","inLanguage":"de","@id":"https:\/\/www.churchill1795.com\/de\/produkt\/organische-schale-mit-erhoehtem-rand-20cm-10\/#primaryimage","url":"https:\/\/www.churchill1795.com\/wp-content\/uploads\/2025\/01\/ILYPWOB11.png","contentUrl":"https:\/\/www.churchill1795.com\/wp-content\/uploads\/2025\/01\/ILYPWOB11.png","width":500,"height":500},{"@type":"BreadcrumbList","@id":"https:\/\/www.churchill1795.com\/de\/produkt\/organische-schale-mit-erhoehtem-rand-20cm-10\/#breadcrumb","itemListElement":[{"@type":"ListItem","position":1,"name":"Home","item":"https:\/\/www.churchill1795.com\/de\/"},{"@type":"ListItem","position":2,"name":"ORGANISCHE SCHALE MIT ERH\u00d6HTEM RAND 20CM"}]},{"@type":"WebSite","@id":"https:\/\/www.churchill1795.com\/en\/#website","url":"https:\/\/www.churchill1795.com\/en\/","name":"Churchill","description":"Innovation, Passion &amp; expertise","publisher":{"@id":"https:\/\/www.churchill1795.com\/en\/#organization"},"potentialAction":[{"@type":"SearchAction","target":{"@type":"EntryPoint","urlTemplate":"https:\/\/www.churchill1795.com\/en\/?s={search_term_string}"},"query-input":{"@type":"PropertyValueSpecification","valueRequired":true,"valueName":"search_term_string"}}],"inLanguage":"de"},{"@type":"Organization","@id":"https:\/\/www.churchill1795.com\/en\/#organization","name":"Churchill","url":"https:\/\/www.churchill1795.com\/en\/","logo":{"@type":"ImageObject","inLanguage":"de","@id":"https:\/\/www.churchill1795.com\/en\/#\/schema\/logo\/image\/","url":"https:\/\/www.churchill1795.com\/wp-content\/uploads\/2024\/09\/logo-1.webp","contentUrl":"https:\/\/www.churchill1795.com\/wp-content\/uploads\/2024\/09\/logo-1.webp","width":240,"height":88,"caption":"Churchill"},"image":{"@id":"https:\/\/www.churchill1795.com\/en\/#\/schema\/logo\/image\/"}}]}},"_links":{"self":[{"href":"https:\/\/www.churchill1795.com\/de\/wp-json\/wp\/v2\/product\/51639","targetHints":{"allow":["GET"]}}],"collection":[{"href":"https:\/\/www.churchill1795.com\/de\/wp-json\/wp\/v2\/product"}],"about":[{"href":"https:\/\/www.churchill1795.com\/de\/wp-json\/wp\/v2\/types\/product"}],"wp:featuredmedia":[{"embeddable":true,"href":"https:\/\/www.churchill1795.com\/de\/wp-json\/wp\/v2\/media\/49742"}],"wp:attachment":[{"href":"https:\/\/www.churchill1795.com\/de\/wp-json\/wp\/v2\/media?parent=51639"}],"wp:term":[{"taxonomy":"product_brand","embeddable":true,"href":"https:\/\/www.churchill1795.com\/de\/wp-json\/wp\/v2\/product_brand?post=51639"},{"taxonomy":"product_cat","embeddable":true,"href":"https:\/\/www.churchill1795.com\/de\/wp-json\/wp\/v2\/product_cat?post=51639"},{"taxonomy":"product_tag","embeddable":true,"href":"https:\/\/www.churchill1795.com\/de\/wp-json\/wp\/v2\/product_tag?post=51639"}],"curies":[{"name":"wp","href":"https:\/\/api.w.org\/{rel}","templated":true}]}}