{"id":48453,"date":"2024-09-20T10:48:05","date_gmt":"2024-09-20T09:48:05","guid":{"rendered":"https:\/\/www.churchill1795.com\/?post_type=product&#038;p=48453"},"modified":"2025-12-19T14:08:37","modified_gmt":"2025-12-19T14:08:37","slug":"teller-mit-breiter-fahne-28cm","status":"publish","type":"product","link":"https:\/\/www.churchill1795.com\/de\/produkt\/teller-mit-breiter-fahne-28cm\/","title":{"rendered":"TELLER MIT BREITER FAHNE 28CM"},"content":{"rendered":"<p>Ambience ist eine stilvolle und elegante Serie von eleganten, leichteren Alchemy-Tellern, -Schalen und -Getr\u00e4nkeschalen, die besonders f\u00fcr die feine K\u00fcche entwickelt wurde und die perfekte Leinwand f\u00fcr die Pr\u00e4sentation von Speisen bildet. Sie l\u00e4sst sich hervorragend mit der bestehenden Alchemy-Serie kombinieren.<\/p>\n","protected":false},"excerpt":{"rendered":"<p>Ambience ist eine stilvolle und elegante Serie raffinierter, leichter Alchemy-Teller, -Schalen und -Getr\u00e4nkeschalen, die besonders f\u00fcr die feine K\u00fcche geeignet ist.<\/p>\n","protected":false},"featured_media":10176,"template":"","meta":{"_acf_changed":false,"content-type":""},"product_brand":[],"product_cat":[3597,3600],"product_tag":[],"class_list":{"0":"post-48453","1":"product","2":"type-product","3":"status-publish","4":"has-post-thumbnail","6":"product_cat-teller","7":"product_cat-teller-mit-rand","8":"pa_colour-white-de","9":"pa_filter-colour-weis","10":"pa_filter-material-keramik","11":"pa_filter-width-26-32cm-10-2-12-5-de","12":"pa_material-alchemy-fine-china-de","13":"pa_shape-rund","14":"pa_size-28cm-11-de","15":"range-ambience","16":"brand-alchemy-ambience","17":"shape-code-f1191","19":"first","20":"instock","21":"purchasable","22":"product-type-simple","23":"add-to-wishlist-after_add_to_cart"},"acf":[],"yoast_head":"<!-- This site is optimized with the Yoast SEO plugin v27.3 - https:\/\/yoast.com\/product\/yoast-seo-wordpress\/ -->\n<title>Churchill Ambience Teller mit breitem Rand 28cm<\/title>\n<meta name=\"description\" content=\"Eine stilvolle und elegante Reihe von feineren, leichteren Alchemy-Tellern, -Schalen und -Getr\u00e4nkeprodukten. Ambience wurde besonders f\u00fcr die feine K\u00fcche entwickelt und bietet den perfekten Rahmen f\u00fcr die Pr\u00e4sentation von Speisen.\" \/>\n<meta name=\"robots\" content=\"index, follow, max-snippet:-1, max-image-preview:large, max-video-preview:-1\" \/>\n<link rel=\"canonical\" href=\"https:\/\/www.churchill1795.com\/de\/produkt\/teller-mit-breiter-fahne-28cm\/\" \/>\n<meta property=\"og:locale\" content=\"de_DE\" \/>\n<meta property=\"og:type\" content=\"article\" \/>\n<meta property=\"og:title\" content=\"Churchill Ambience Teller mit breitem Rand 28cm\" \/>\n<meta property=\"og:description\" content=\"Eine stilvolle und elegante Reihe von feineren, leichteren Alchemy-Tellern, -Schalen und -Getr\u00e4nkeprodukten. Ambience wurde besonders f\u00fcr die feine K\u00fcche entwickelt und bietet den perfekten Rahmen f\u00fcr die Pr\u00e4sentation von Speisen.\" \/>\n<meta property=\"og:url\" content=\"https:\/\/www.churchill1795.com\/de\/produkt\/teller-mit-breiter-fahne-28cm\/\" \/>\n<meta property=\"og:site_name\" content=\"Churchill\" \/>\n<meta property=\"article:modified_time\" content=\"2025-12-19T14:08:37+00:00\" \/>\n<meta property=\"og:image\" content=\"https:\/\/www.churchill1795.com\/wp-content\/uploads\/2024\/05\/APRAF1191.png\" \/>\n\t<meta property=\"og:image:width\" content=\"1000\" \/>\n\t<meta property=\"og:image:height\" content=\"1000\" \/>\n\t<meta property=\"og:image:type\" content=\"image\/png\" \/>\n<meta name=\"twitter:card\" content=\"summary_large_image\" \/>\n<script type=\"application\/ld+json\" class=\"yoast-schema-graph\">{\"@context\":\"https:\\\/\\\/schema.org\",\"@graph\":[{\"@type\":\"WebPage\",\"@id\":\"https:\\\/\\\/www.churchill1795.com\\\/de\\\/produkt\\\/teller-mit-breiter-fahne-28cm\\\/\",\"url\":\"https:\\\/\\\/www.churchill1795.com\\\/de\\\/produkt\\\/teller-mit-breiter-fahne-28cm\\\/\",\"name\":\"Churchill Ambience Teller mit breitem Rand 28cm\",\"isPartOf\":{\"@id\":\"https:\\\/\\\/www.churchill1795.com\\\/en\\\/#website\"},\"primaryImageOfPage\":{\"@id\":\"https:\\\/\\\/www.churchill1795.com\\\/de\\\/produkt\\\/teller-mit-breiter-fahne-28cm\\\/#primaryimage\"},\"image\":{\"@id\":\"https:\\\/\\\/www.churchill1795.com\\\/de\\\/produkt\\\/teller-mit-breiter-fahne-28cm\\\/#primaryimage\"},\"thumbnailUrl\":\"https:\\\/\\\/www.churchill1795.com\\\/wp-content\\\/uploads\\\/2024\\\/05\\\/APRAF1191.png\",\"datePublished\":\"2024-09-20T09:48:05+00:00\",\"dateModified\":\"2025-12-19T14:08:37+00:00\",\"description\":\"Eine stilvolle und elegante Reihe von feineren, leichteren Alchemy-Tellern, -Schalen und -Getr\u00e4nkeprodukten. Ambience wurde besonders f\u00fcr die feine K\u00fcche entwickelt und bietet den perfekten Rahmen f\u00fcr die Pr\u00e4sentation von Speisen.\",\"breadcrumb\":{\"@id\":\"https:\\\/\\\/www.churchill1795.com\\\/de\\\/produkt\\\/teller-mit-breiter-fahne-28cm\\\/#breadcrumb\"},\"inLanguage\":\"de\",\"potentialAction\":[{\"@type\":\"ReadAction\",\"target\":[\"https:\\\/\\\/www.churchill1795.com\\\/de\\\/produkt\\\/teller-mit-breiter-fahne-28cm\\\/\"]}]},{\"@type\":\"ImageObject\",\"inLanguage\":\"de\",\"@id\":\"https:\\\/\\\/www.churchill1795.com\\\/de\\\/produkt\\\/teller-mit-breiter-fahne-28cm\\\/#primaryimage\",\"url\":\"https:\\\/\\\/www.churchill1795.com\\\/wp-content\\\/uploads\\\/2024\\\/05\\\/APRAF1191.png\",\"contentUrl\":\"https:\\\/\\\/www.churchill1795.com\\\/wp-content\\\/uploads\\\/2024\\\/05\\\/APRAF1191.png\",\"width\":1000,\"height\":1000},{\"@type\":\"BreadcrumbList\",\"@id\":\"https:\\\/\\\/www.churchill1795.com\\\/de\\\/produkt\\\/teller-mit-breiter-fahne-28cm\\\/#breadcrumb\",\"itemListElement\":[{\"@type\":\"ListItem\",\"position\":1,\"name\":\"Home\",\"item\":\"https:\\\/\\\/www.churchill1795.com\\\/de\\\/\"},{\"@type\":\"ListItem\",\"position\":2,\"name\":\"TELLER MIT BREITER FAHNE 28CM\"}]},{\"@type\":\"WebSite\",\"@id\":\"https:\\\/\\\/www.churchill1795.com\\\/en\\\/#website\",\"url\":\"https:\\\/\\\/www.churchill1795.com\\\/en\\\/\",\"name\":\"Churchill\",\"description\":\"Innovation, Passion &amp; expertise\",\"publisher\":{\"@id\":\"https:\\\/\\\/www.churchill1795.com\\\/en\\\/#organization\"},\"potentialAction\":[{\"@type\":\"SearchAction\",\"target\":{\"@type\":\"EntryPoint\",\"urlTemplate\":\"https:\\\/\\\/www.churchill1795.com\\\/en\\\/?s={search_term_string}\"},\"query-input\":{\"@type\":\"PropertyValueSpecification\",\"valueRequired\":true,\"valueName\":\"search_term_string\"}}],\"inLanguage\":\"de\"},{\"@type\":\"Organization\",\"@id\":\"https:\\\/\\\/www.churchill1795.com\\\/en\\\/#organization\",\"name\":\"Churchill\",\"url\":\"https:\\\/\\\/www.churchill1795.com\\\/en\\\/\",\"logo\":{\"@type\":\"ImageObject\",\"inLanguage\":\"de\",\"@id\":\"https:\\\/\\\/www.churchill1795.com\\\/en\\\/#\\\/schema\\\/logo\\\/image\\\/\",\"url\":\"https:\\\/\\\/www.churchill1795.com\\\/wp-content\\\/uploads\\\/2024\\\/09\\\/logo-1.webp\",\"contentUrl\":\"https:\\\/\\\/www.churchill1795.com\\\/wp-content\\\/uploads\\\/2024\\\/09\\\/logo-1.webp\",\"width\":240,\"height\":88,\"caption\":\"Churchill\"},\"image\":{\"@id\":\"https:\\\/\\\/www.churchill1795.com\\\/en\\\/#\\\/schema\\\/logo\\\/image\\\/\"}}]}<\/script>\n<!-- \/ Yoast SEO plugin. -->","yoast_head_json":{"title":"Churchill Ambience Teller mit breitem Rand 28cm","description":"Eine stilvolle und elegante Reihe von feineren, leichteren Alchemy-Tellern, -Schalen und -Getr\u00e4nkeprodukten. Ambience wurde besonders f\u00fcr die feine K\u00fcche entwickelt und bietet den perfekten Rahmen f\u00fcr die Pr\u00e4sentation von Speisen.","robots":{"index":"index","follow":"follow","max-snippet":"max-snippet:-1","max-image-preview":"max-image-preview:large","max-video-preview":"max-video-preview:-1"},"canonical":"https:\/\/www.churchill1795.com\/de\/produkt\/teller-mit-breiter-fahne-28cm\/","og_locale":"de_DE","og_type":"article","og_title":"Churchill Ambience Teller mit breitem Rand 28cm","og_description":"Eine stilvolle und elegante Reihe von feineren, leichteren Alchemy-Tellern, -Schalen und -Getr\u00e4nkeprodukten. Ambience wurde besonders f\u00fcr die feine K\u00fcche entwickelt und bietet den perfekten Rahmen f\u00fcr die Pr\u00e4sentation von Speisen.","og_url":"https:\/\/www.churchill1795.com\/de\/produkt\/teller-mit-breiter-fahne-28cm\/","og_site_name":"Churchill","article_modified_time":"2025-12-19T14:08:37+00:00","og_image":[{"width":1000,"height":1000,"url":"https:\/\/www.churchill1795.com\/wp-content\/uploads\/2024\/05\/APRAF1191.png","type":"image\/png"}],"twitter_card":"summary_large_image","schema":{"@context":"https:\/\/schema.org","@graph":[{"@type":"WebPage","@id":"https:\/\/www.churchill1795.com\/de\/produkt\/teller-mit-breiter-fahne-28cm\/","url":"https:\/\/www.churchill1795.com\/de\/produkt\/teller-mit-breiter-fahne-28cm\/","name":"Churchill Ambience Teller mit breitem Rand 28cm","isPartOf":{"@id":"https:\/\/www.churchill1795.com\/en\/#website"},"primaryImageOfPage":{"@id":"https:\/\/www.churchill1795.com\/de\/produkt\/teller-mit-breiter-fahne-28cm\/#primaryimage"},"image":{"@id":"https:\/\/www.churchill1795.com\/de\/produkt\/teller-mit-breiter-fahne-28cm\/#primaryimage"},"thumbnailUrl":"https:\/\/www.churchill1795.com\/wp-content\/uploads\/2024\/05\/APRAF1191.png","datePublished":"2024-09-20T09:48:05+00:00","dateModified":"2025-12-19T14:08:37+00:00","description":"Eine stilvolle und elegante Reihe von feineren, leichteren Alchemy-Tellern, -Schalen und -Getr\u00e4nkeprodukten. Ambience wurde besonders f\u00fcr die feine K\u00fcche entwickelt und bietet den perfekten Rahmen f\u00fcr die Pr\u00e4sentation von Speisen.","breadcrumb":{"@id":"https:\/\/www.churchill1795.com\/de\/produkt\/teller-mit-breiter-fahne-28cm\/#breadcrumb"},"inLanguage":"de","potentialAction":[{"@type":"ReadAction","target":["https:\/\/www.churchill1795.com\/de\/produkt\/teller-mit-breiter-fahne-28cm\/"]}]},{"@type":"ImageObject","inLanguage":"de","@id":"https:\/\/www.churchill1795.com\/de\/produkt\/teller-mit-breiter-fahne-28cm\/#primaryimage","url":"https:\/\/www.churchill1795.com\/wp-content\/uploads\/2024\/05\/APRAF1191.png","contentUrl":"https:\/\/www.churchill1795.com\/wp-content\/uploads\/2024\/05\/APRAF1191.png","width":1000,"height":1000},{"@type":"BreadcrumbList","@id":"https:\/\/www.churchill1795.com\/de\/produkt\/teller-mit-breiter-fahne-28cm\/#breadcrumb","itemListElement":[{"@type":"ListItem","position":1,"name":"Home","item":"https:\/\/www.churchill1795.com\/de\/"},{"@type":"ListItem","position":2,"name":"TELLER MIT BREITER FAHNE 28CM"}]},{"@type":"WebSite","@id":"https:\/\/www.churchill1795.com\/en\/#website","url":"https:\/\/www.churchill1795.com\/en\/","name":"Churchill","description":"Innovation, Passion &amp; expertise","publisher":{"@id":"https:\/\/www.churchill1795.com\/en\/#organization"},"potentialAction":[{"@type":"SearchAction","target":{"@type":"EntryPoint","urlTemplate":"https:\/\/www.churchill1795.com\/en\/?s={search_term_string}"},"query-input":{"@type":"PropertyValueSpecification","valueRequired":true,"valueName":"search_term_string"}}],"inLanguage":"de"},{"@type":"Organization","@id":"https:\/\/www.churchill1795.com\/en\/#organization","name":"Churchill","url":"https:\/\/www.churchill1795.com\/en\/","logo":{"@type":"ImageObject","inLanguage":"de","@id":"https:\/\/www.churchill1795.com\/en\/#\/schema\/logo\/image\/","url":"https:\/\/www.churchill1795.com\/wp-content\/uploads\/2024\/09\/logo-1.webp","contentUrl":"https:\/\/www.churchill1795.com\/wp-content\/uploads\/2024\/09\/logo-1.webp","width":240,"height":88,"caption":"Churchill"},"image":{"@id":"https:\/\/www.churchill1795.com\/en\/#\/schema\/logo\/image\/"}}]}},"_links":{"self":[{"href":"https:\/\/www.churchill1795.com\/de\/wp-json\/wp\/v2\/product\/48453","targetHints":{"allow":["GET"]}}],"collection":[{"href":"https:\/\/www.churchill1795.com\/de\/wp-json\/wp\/v2\/product"}],"about":[{"href":"https:\/\/www.churchill1795.com\/de\/wp-json\/wp\/v2\/types\/product"}],"wp:featuredmedia":[{"embeddable":true,"href":"https:\/\/www.churchill1795.com\/de\/wp-json\/wp\/v2\/media\/10176"}],"wp:attachment":[{"href":"https:\/\/www.churchill1795.com\/de\/wp-json\/wp\/v2\/media?parent=48453"}],"wp:term":[{"taxonomy":"product_brand","embeddable":true,"href":"https:\/\/www.churchill1795.com\/de\/wp-json\/wp\/v2\/product_brand?post=48453"},{"taxonomy":"product_cat","embeddable":true,"href":"https:\/\/www.churchill1795.com\/de\/wp-json\/wp\/v2\/product_cat?post=48453"},{"taxonomy":"product_tag","embeddable":true,"href":"https:\/\/www.churchill1795.com\/de\/wp-json\/wp\/v2\/product_tag?post=48453"}],"curies":[{"name":"wp","href":"https:\/\/api.w.org\/{rel}","templated":true}]}}