{"id":48440,"date":"2024-09-20T10:48:09","date_gmt":"2024-09-20T09:48:09","guid":{"rendered":"https:\/\/www.churchill1795.com\/?post_type=product&#038;p=48440"},"modified":"2025-12-19T14:07:23","modified_gmt":"2025-12-19T14:07:23","slug":"verkostungstablett-29-5-x-8-8cm-2","status":"publish","type":"product","link":"https:\/\/www.churchill1795.com\/de\/produkt\/verkostungstablett-29-5-x-8-8cm-2\/","title":{"rendered":"VERKOSTUNGSTABLETT 29.5 x 8.8CM"},"content":{"rendered":"<p>Delta wurde von den vom Wasser geformten Wegen inspiriert und verf\u00fcgt \u00fcber subtile Texturen und Farben, die daf\u00fcr sorgen, dass die K\u00fcche im Mittelpunkt steht. Die glasierte Oberfl\u00e4che bietet zus\u00e4tzliche Haltbarkeit und eignet sich perfekt f\u00fcr gesch\u00e4ftige K\u00fcchen, w\u00e4hrend die seidenmatte Oberfl\u00e4che ein modernes Gef\u00fchl vermittelt.<\/p>\n","protected":false},"excerpt":{"rendered":"<p>Delta verf\u00fcgt \u00fcber subtile Texturen und Farben, die sich an den vom Wasser geformten Wegen errinnern, so dass die K\u00fcche im Mittelpunkt steht.<\/p>\n","protected":false},"featured_media":37098,"template":"","meta":{"_acf_changed":false,"content-type":""},"product_brand":[],"product_cat":[3599,3597],"product_tag":[],"class_list":{"0":"post-48440","1":"product","2":"type-product","3":"status-publish","4":"has-post-thumbnail","6":"product_cat-rechteckige-teller","7":"product_cat-teller","8":"range-inked-delta","9":"brand-churchill-super-vitrified","10":"tabletop-azures-de","11":"tabletop-blues-de","12":"shape-code-of301","14":"first","15":"instock","16":"purchasable","17":"product-type-simple","18":"add-to-wishlist-after_add_to_cart"},"acf":[],"yoast_head":"<!-- This site is optimized with the Yoast SEO plugin v27.3 - https:\/\/yoast.com\/product\/yoast-seo-wordpress\/ -->\n<title>Churchill Delta Grey Teller mit Rand 29.5x8.8cm<\/title>\n<meta name=\"description\" content=\"Von den vom Wasser geschliffenen Wegen inspiriert, verf\u00fcgt Delta \u00fcber eine subtile Textur und Farbe, die die Gastronomie in den Mittelpunkt stellt.\" \/>\n<meta name=\"robots\" content=\"index, follow, max-snippet:-1, max-image-preview:large, max-video-preview:-1\" \/>\n<link rel=\"canonical\" href=\"https:\/\/www.churchill1795.com\/de\/produkt\/verkostungstablett-29-5-x-8-8cm-2\/\" \/>\n<meta property=\"og:locale\" content=\"de_DE\" \/>\n<meta property=\"og:type\" content=\"article\" \/>\n<meta property=\"og:title\" content=\"Churchill Delta Grey Teller mit Rand 29.5x8.8cm\" \/>\n<meta property=\"og:description\" content=\"Von den vom Wasser geschliffenen Wegen inspiriert, verf\u00fcgt Delta \u00fcber eine subtile Textur und Farbe, die die Gastronomie in den Mittelpunkt stellt.\" \/>\n<meta property=\"og:url\" content=\"https:\/\/www.churchill1795.com\/de\/produkt\/verkostungstablett-29-5-x-8-8cm-2\/\" \/>\n<meta property=\"og:site_name\" content=\"Churchill\" \/>\n<meta property=\"article:modified_time\" content=\"2025-12-19T14:07:23+00:00\" \/>\n<meta property=\"og:image\" content=\"https:\/\/www.churchill1795.com\/wp-content\/uploads\/2024\/09\/DELGOF301.png\" \/>\n\t<meta property=\"og:image:width\" content=\"1000\" \/>\n\t<meta property=\"og:image:height\" content=\"1000\" \/>\n\t<meta property=\"og:image:type\" content=\"image\/png\" \/>\n<meta name=\"twitter:card\" content=\"summary_large_image\" \/>\n<meta name=\"twitter:label1\" content=\"Gesch\u00e4tzte Lesezeit\" \/>\n\t<meta name=\"twitter:data1\" content=\"1\u00a0Minute\" \/>\n<script type=\"application\/ld+json\" class=\"yoast-schema-graph\">{\"@context\":\"https:\\\/\\\/schema.org\",\"@graph\":[{\"@type\":\"WebPage\",\"@id\":\"https:\\\/\\\/www.churchill1795.com\\\/de\\\/produkt\\\/verkostungstablett-29-5-x-8-8cm-2\\\/\",\"url\":\"https:\\\/\\\/www.churchill1795.com\\\/de\\\/produkt\\\/verkostungstablett-29-5-x-8-8cm-2\\\/\",\"name\":\"Churchill Delta Grey Teller mit Rand 29.5x8.8cm\",\"isPartOf\":{\"@id\":\"https:\\\/\\\/www.churchill1795.com\\\/en\\\/#website\"},\"primaryImageOfPage\":{\"@id\":\"https:\\\/\\\/www.churchill1795.com\\\/de\\\/produkt\\\/verkostungstablett-29-5-x-8-8cm-2\\\/#primaryimage\"},\"image\":{\"@id\":\"https:\\\/\\\/www.churchill1795.com\\\/de\\\/produkt\\\/verkostungstablett-29-5-x-8-8cm-2\\\/#primaryimage\"},\"thumbnailUrl\":\"https:\\\/\\\/www.churchill1795.com\\\/wp-content\\\/uploads\\\/2024\\\/09\\\/DELGOF301.png\",\"datePublished\":\"2024-09-20T09:48:09+00:00\",\"dateModified\":\"2025-12-19T14:07:23+00:00\",\"description\":\"Von den vom Wasser geschliffenen Wegen inspiriert, verf\u00fcgt Delta \u00fcber eine subtile Textur und Farbe, die die Gastronomie in den Mittelpunkt stellt.\",\"breadcrumb\":{\"@id\":\"https:\\\/\\\/www.churchill1795.com\\\/de\\\/produkt\\\/verkostungstablett-29-5-x-8-8cm-2\\\/#breadcrumb\"},\"inLanguage\":\"de\",\"potentialAction\":[{\"@type\":\"ReadAction\",\"target\":[\"https:\\\/\\\/www.churchill1795.com\\\/de\\\/produkt\\\/verkostungstablett-29-5-x-8-8cm-2\\\/\"]}]},{\"@type\":\"ImageObject\",\"inLanguage\":\"de\",\"@id\":\"https:\\\/\\\/www.churchill1795.com\\\/de\\\/produkt\\\/verkostungstablett-29-5-x-8-8cm-2\\\/#primaryimage\",\"url\":\"https:\\\/\\\/www.churchill1795.com\\\/wp-content\\\/uploads\\\/2024\\\/09\\\/DELGOF301.png\",\"contentUrl\":\"https:\\\/\\\/www.churchill1795.com\\\/wp-content\\\/uploads\\\/2024\\\/09\\\/DELGOF301.png\",\"width\":1000,\"height\":1000},{\"@type\":\"BreadcrumbList\",\"@id\":\"https:\\\/\\\/www.churchill1795.com\\\/de\\\/produkt\\\/verkostungstablett-29-5-x-8-8cm-2\\\/#breadcrumb\",\"itemListElement\":[{\"@type\":\"ListItem\",\"position\":1,\"name\":\"Home\",\"item\":\"https:\\\/\\\/www.churchill1795.com\\\/de\\\/\"},{\"@type\":\"ListItem\",\"position\":2,\"name\":\"VERKOSTUNGSTABLETT 29.5 x 8.8CM\"}]},{\"@type\":\"WebSite\",\"@id\":\"https:\\\/\\\/www.churchill1795.com\\\/en\\\/#website\",\"url\":\"https:\\\/\\\/www.churchill1795.com\\\/en\\\/\",\"name\":\"Churchill\",\"description\":\"Innovation, Passion &amp; expertise\",\"publisher\":{\"@id\":\"https:\\\/\\\/www.churchill1795.com\\\/en\\\/#organization\"},\"potentialAction\":[{\"@type\":\"SearchAction\",\"target\":{\"@type\":\"EntryPoint\",\"urlTemplate\":\"https:\\\/\\\/www.churchill1795.com\\\/en\\\/?s={search_term_string}\"},\"query-input\":{\"@type\":\"PropertyValueSpecification\",\"valueRequired\":true,\"valueName\":\"search_term_string\"}}],\"inLanguage\":\"de\"},{\"@type\":\"Organization\",\"@id\":\"https:\\\/\\\/www.churchill1795.com\\\/en\\\/#organization\",\"name\":\"Churchill\",\"url\":\"https:\\\/\\\/www.churchill1795.com\\\/en\\\/\",\"logo\":{\"@type\":\"ImageObject\",\"inLanguage\":\"de\",\"@id\":\"https:\\\/\\\/www.churchill1795.com\\\/en\\\/#\\\/schema\\\/logo\\\/image\\\/\",\"url\":\"https:\\\/\\\/www.churchill1795.com\\\/wp-content\\\/uploads\\\/2024\\\/09\\\/logo-1.webp\",\"contentUrl\":\"https:\\\/\\\/www.churchill1795.com\\\/wp-content\\\/uploads\\\/2024\\\/09\\\/logo-1.webp\",\"width\":240,\"height\":88,\"caption\":\"Churchill\"},\"image\":{\"@id\":\"https:\\\/\\\/www.churchill1795.com\\\/en\\\/#\\\/schema\\\/logo\\\/image\\\/\"}}]}<\/script>\n<!-- \/ Yoast SEO plugin. -->","yoast_head_json":{"title":"Churchill Delta Grey Teller mit Rand 29.5x8.8cm","description":"Von den vom Wasser geschliffenen Wegen inspiriert, verf\u00fcgt Delta \u00fcber eine subtile Textur und Farbe, die die Gastronomie in den Mittelpunkt stellt.","robots":{"index":"index","follow":"follow","max-snippet":"max-snippet:-1","max-image-preview":"max-image-preview:large","max-video-preview":"max-video-preview:-1"},"canonical":"https:\/\/www.churchill1795.com\/de\/produkt\/verkostungstablett-29-5-x-8-8cm-2\/","og_locale":"de_DE","og_type":"article","og_title":"Churchill Delta Grey Teller mit Rand 29.5x8.8cm","og_description":"Von den vom Wasser geschliffenen Wegen inspiriert, verf\u00fcgt Delta \u00fcber eine subtile Textur und Farbe, die die Gastronomie in den Mittelpunkt stellt.","og_url":"https:\/\/www.churchill1795.com\/de\/produkt\/verkostungstablett-29-5-x-8-8cm-2\/","og_site_name":"Churchill","article_modified_time":"2025-12-19T14:07:23+00:00","og_image":[{"width":1000,"height":1000,"url":"https:\/\/www.churchill1795.com\/wp-content\/uploads\/2024\/09\/DELGOF301.png","type":"image\/png"}],"twitter_card":"summary_large_image","twitter_misc":{"Gesch\u00e4tzte Lesezeit":"1\u00a0Minute"},"schema":{"@context":"https:\/\/schema.org","@graph":[{"@type":"WebPage","@id":"https:\/\/www.churchill1795.com\/de\/produkt\/verkostungstablett-29-5-x-8-8cm-2\/","url":"https:\/\/www.churchill1795.com\/de\/produkt\/verkostungstablett-29-5-x-8-8cm-2\/","name":"Churchill Delta Grey Teller mit Rand 29.5x8.8cm","isPartOf":{"@id":"https:\/\/www.churchill1795.com\/en\/#website"},"primaryImageOfPage":{"@id":"https:\/\/www.churchill1795.com\/de\/produkt\/verkostungstablett-29-5-x-8-8cm-2\/#primaryimage"},"image":{"@id":"https:\/\/www.churchill1795.com\/de\/produkt\/verkostungstablett-29-5-x-8-8cm-2\/#primaryimage"},"thumbnailUrl":"https:\/\/www.churchill1795.com\/wp-content\/uploads\/2024\/09\/DELGOF301.png","datePublished":"2024-09-20T09:48:09+00:00","dateModified":"2025-12-19T14:07:23+00:00","description":"Von den vom Wasser geschliffenen Wegen inspiriert, verf\u00fcgt Delta \u00fcber eine subtile Textur und Farbe, die die Gastronomie in den Mittelpunkt stellt.","breadcrumb":{"@id":"https:\/\/www.churchill1795.com\/de\/produkt\/verkostungstablett-29-5-x-8-8cm-2\/#breadcrumb"},"inLanguage":"de","potentialAction":[{"@type":"ReadAction","target":["https:\/\/www.churchill1795.com\/de\/produkt\/verkostungstablett-29-5-x-8-8cm-2\/"]}]},{"@type":"ImageObject","inLanguage":"de","@id":"https:\/\/www.churchill1795.com\/de\/produkt\/verkostungstablett-29-5-x-8-8cm-2\/#primaryimage","url":"https:\/\/www.churchill1795.com\/wp-content\/uploads\/2024\/09\/DELGOF301.png","contentUrl":"https:\/\/www.churchill1795.com\/wp-content\/uploads\/2024\/09\/DELGOF301.png","width":1000,"height":1000},{"@type":"BreadcrumbList","@id":"https:\/\/www.churchill1795.com\/de\/produkt\/verkostungstablett-29-5-x-8-8cm-2\/#breadcrumb","itemListElement":[{"@type":"ListItem","position":1,"name":"Home","item":"https:\/\/www.churchill1795.com\/de\/"},{"@type":"ListItem","position":2,"name":"VERKOSTUNGSTABLETT 29.5 x 8.8CM"}]},{"@type":"WebSite","@id":"https:\/\/www.churchill1795.com\/en\/#website","url":"https:\/\/www.churchill1795.com\/en\/","name":"Churchill","description":"Innovation, Passion &amp; expertise","publisher":{"@id":"https:\/\/www.churchill1795.com\/en\/#organization"},"potentialAction":[{"@type":"SearchAction","target":{"@type":"EntryPoint","urlTemplate":"https:\/\/www.churchill1795.com\/en\/?s={search_term_string}"},"query-input":{"@type":"PropertyValueSpecification","valueRequired":true,"valueName":"search_term_string"}}],"inLanguage":"de"},{"@type":"Organization","@id":"https:\/\/www.churchill1795.com\/en\/#organization","name":"Churchill","url":"https:\/\/www.churchill1795.com\/en\/","logo":{"@type":"ImageObject","inLanguage":"de","@id":"https:\/\/www.churchill1795.com\/en\/#\/schema\/logo\/image\/","url":"https:\/\/www.churchill1795.com\/wp-content\/uploads\/2024\/09\/logo-1.webp","contentUrl":"https:\/\/www.churchill1795.com\/wp-content\/uploads\/2024\/09\/logo-1.webp","width":240,"height":88,"caption":"Churchill"},"image":{"@id":"https:\/\/www.churchill1795.com\/en\/#\/schema\/logo\/image\/"}}]}},"_links":{"self":[{"href":"https:\/\/www.churchill1795.com\/de\/wp-json\/wp\/v2\/product\/48440","targetHints":{"allow":["GET"]}}],"collection":[{"href":"https:\/\/www.churchill1795.com\/de\/wp-json\/wp\/v2\/product"}],"about":[{"href":"https:\/\/www.churchill1795.com\/de\/wp-json\/wp\/v2\/types\/product"}],"wp:featuredmedia":[{"embeddable":true,"href":"https:\/\/www.churchill1795.com\/de\/wp-json\/wp\/v2\/media\/37098"}],"wp:attachment":[{"href":"https:\/\/www.churchill1795.com\/de\/wp-json\/wp\/v2\/media?parent=48440"}],"wp:term":[{"taxonomy":"product_brand","embeddable":true,"href":"https:\/\/www.churchill1795.com\/de\/wp-json\/wp\/v2\/product_brand?post=48440"},{"taxonomy":"product_cat","embeddable":true,"href":"https:\/\/www.churchill1795.com\/de\/wp-json\/wp\/v2\/product_cat?post=48440"},{"taxonomy":"product_tag","embeddable":true,"href":"https:\/\/www.churchill1795.com\/de\/wp-json\/wp\/v2\/product_tag?post=48440"}],"curies":[{"name":"wp","href":"https:\/\/api.w.org\/{rel}","templated":true}]}}