{"id":48419,"date":"2024-09-20T10:48:15","date_gmt":"2024-09-20T09:48:15","guid":{"rendered":"https:\/\/www.churchill1795.com\/?post_type=product&#038;p=48419"},"modified":"2026-01-15T08:25:19","modified_gmt":"2026-01-15T08:25:19","slug":"organische-form-servierplatte-26-x-15cm","status":"publish","type":"product","link":"https:\/\/www.churchill1795.com\/de\/produkt\/organische-form-servierplatte-26-x-15cm\/","title":{"rendered":"ORGANISCHE FORM SERVIERPLATTE 26 X 15CM"},"content":{"rendered":"<p>Erosion ist eine Erforschung von Formdesign und Mustern, die durch zukunftsweisende Technologie erreicht wird und Churchills Ethos verk\u00f6rpert, sich eine bessere Zukunft vorzustellen und zu gestalten. Das Erosion-Design verf\u00fcgt \u00fcber ein abgetragenes, strukturiertes Muster, das an nat\u00fcrliche Landschaften erinnert und sich perfekt f\u00fcr die Pr\u00e4sentation von frischen Zutaten eignet.<\/p>\n","protected":false},"excerpt":{"rendered":"<p>Das Design von Erosion weist ein strukturiertes Muster auf, das an nat\u00fcrliche Landschaften erinnert. Die Geschirrserie eignet sich ideal f\u00fcr das Servieren von frischen und nat\u00fcrlichen Speisenkreationen, aller Richtungen. Die Herstellung von Erosion basiert auf einer neuen bahnbrechenden Technologie, die es erm\u00f6glicht, au\u00dfergew\u00f6hnliche Gestaltung von Formen und Mustern umzusetzen. Die nachhaltige Produktion dieser Kollektion entspricht Churchills Einstellung zu den Bed\u00fcrfnissen der Gegenwart dem Bestreben verantwortlich zu produzieren.<\/p>\n","protected":false},"featured_media":37012,"template":"","meta":{"_acf_changed":false,"content-type":""},"product_brand":[],"product_cat":[3599,3597],"product_tag":[],"class_list":{"0":"post-48419","1":"product","2":"type-product","3":"status-publish","4":"has-post-thumbnail","6":"product_cat-rechteckige-teller","7":"product_cat-teller","8":"range-inked-erosion","9":"brand-churchill-super-vitrified","10":"tabletop-botanicals-de","11":"tabletop-earthy-naturals-de","12":"shape-code-pla21","14":"first","15":"instock","16":"purchasable","17":"product-type-simple","18":"add-to-wishlist-after_add_to_cart"},"acf":[],"yoast_head":"<!-- This site is optimized with the Yoast SEO plugin v27.3 - https:\/\/yoast.com\/product\/yoast-seo-wordpress\/ -->\n<title>Churchill Envisage Erosion Natural Sand Organische Servierplatte 26cm<\/title>\n<meta name=\"description\" content=\"Eine Entwicklung des Formdesigns mit innovativen Herstellungsverfahren. Nat\u00fcrliche Farben und Effekte f\u00fcr eine vision\u00e4re Speisenpr\u00e4sentation. F\u00fcr den professionellen Einsatz geeignet.\" \/>\n<meta name=\"robots\" content=\"index, follow, max-snippet:-1, max-image-preview:large, max-video-preview:-1\" \/>\n<link rel=\"canonical\" href=\"https:\/\/www.churchill1795.com\/de\/produkt\/organische-form-servierplatte-26-x-15cm\/\" \/>\n<meta property=\"og:locale\" content=\"de_DE\" \/>\n<meta property=\"og:type\" content=\"article\" \/>\n<meta property=\"og:title\" content=\"Churchill Envisage Erosion Natural Sand Organische Servierplatte 26cm\" \/>\n<meta property=\"og:description\" content=\"Eine Entwicklung des Formdesigns mit innovativen Herstellungsverfahren. Nat\u00fcrliche Farben und Effekte f\u00fcr eine vision\u00e4re Speisenpr\u00e4sentation. F\u00fcr den professionellen Einsatz geeignet.\" \/>\n<meta property=\"og:url\" content=\"https:\/\/www.churchill1795.com\/de\/produkt\/organische-form-servierplatte-26-x-15cm\/\" \/>\n<meta property=\"og:site_name\" content=\"Churchill\" \/>\n<meta property=\"article:modified_time\" content=\"2026-01-15T08:25:19+00:00\" \/>\n<meta property=\"og:image\" content=\"https:\/\/www.churchill1795.com\/wp-content\/uploads\/2024\/09\/EROSPLA21.png\" \/>\n\t<meta property=\"og:image:width\" content=\"1000\" \/>\n\t<meta property=\"og:image:height\" content=\"1000\" \/>\n\t<meta property=\"og:image:type\" content=\"image\/png\" \/>\n<meta name=\"twitter:card\" content=\"summary_large_image\" \/>\n<meta name=\"twitter:label1\" content=\"Gesch\u00e4tzte Lesezeit\" \/>\n\t<meta name=\"twitter:data1\" content=\"1\u00a0Minute\" \/>\n<script type=\"application\/ld+json\" class=\"yoast-schema-graph\">{\"@context\":\"https:\\\/\\\/schema.org\",\"@graph\":[{\"@type\":\"WebPage\",\"@id\":\"https:\\\/\\\/www.churchill1795.com\\\/de\\\/produkt\\\/organische-form-servierplatte-26-x-15cm\\\/\",\"url\":\"https:\\\/\\\/www.churchill1795.com\\\/de\\\/produkt\\\/organische-form-servierplatte-26-x-15cm\\\/\",\"name\":\"Churchill Envisage Erosion Natural Sand Organische Servierplatte 26cm\",\"isPartOf\":{\"@id\":\"https:\\\/\\\/www.churchill1795.com\\\/en\\\/#website\"},\"primaryImageOfPage\":{\"@id\":\"https:\\\/\\\/www.churchill1795.com\\\/de\\\/produkt\\\/organische-form-servierplatte-26-x-15cm\\\/#primaryimage\"},\"image\":{\"@id\":\"https:\\\/\\\/www.churchill1795.com\\\/de\\\/produkt\\\/organische-form-servierplatte-26-x-15cm\\\/#primaryimage\"},\"thumbnailUrl\":\"https:\\\/\\\/www.churchill1795.com\\\/wp-content\\\/uploads\\\/2024\\\/09\\\/EROSPLA21.png\",\"datePublished\":\"2024-09-20T09:48:15+00:00\",\"dateModified\":\"2026-01-15T08:25:19+00:00\",\"description\":\"Eine Entwicklung des Formdesigns mit innovativen Herstellungsverfahren. Nat\u00fcrliche Farben und Effekte f\u00fcr eine vision\u00e4re Speisenpr\u00e4sentation. F\u00fcr den professionellen Einsatz geeignet.\",\"breadcrumb\":{\"@id\":\"https:\\\/\\\/www.churchill1795.com\\\/de\\\/produkt\\\/organische-form-servierplatte-26-x-15cm\\\/#breadcrumb\"},\"inLanguage\":\"de\",\"potentialAction\":[{\"@type\":\"ReadAction\",\"target\":[\"https:\\\/\\\/www.churchill1795.com\\\/de\\\/produkt\\\/organische-form-servierplatte-26-x-15cm\\\/\"]}]},{\"@type\":\"ImageObject\",\"inLanguage\":\"de\",\"@id\":\"https:\\\/\\\/www.churchill1795.com\\\/de\\\/produkt\\\/organische-form-servierplatte-26-x-15cm\\\/#primaryimage\",\"url\":\"https:\\\/\\\/www.churchill1795.com\\\/wp-content\\\/uploads\\\/2024\\\/09\\\/EROSPLA21.png\",\"contentUrl\":\"https:\\\/\\\/www.churchill1795.com\\\/wp-content\\\/uploads\\\/2024\\\/09\\\/EROSPLA21.png\",\"width\":1000,\"height\":1000},{\"@type\":\"BreadcrumbList\",\"@id\":\"https:\\\/\\\/www.churchill1795.com\\\/de\\\/produkt\\\/organische-form-servierplatte-26-x-15cm\\\/#breadcrumb\",\"itemListElement\":[{\"@type\":\"ListItem\",\"position\":1,\"name\":\"Home\",\"item\":\"https:\\\/\\\/www.churchill1795.com\\\/de\\\/\"},{\"@type\":\"ListItem\",\"position\":2,\"name\":\"ORGANISCHE FORM SERVIERPLATTE 26 X 15CM\"}]},{\"@type\":\"WebSite\",\"@id\":\"https:\\\/\\\/www.churchill1795.com\\\/en\\\/#website\",\"url\":\"https:\\\/\\\/www.churchill1795.com\\\/en\\\/\",\"name\":\"Churchill\",\"description\":\"Innovation, Passion &amp; expertise\",\"publisher\":{\"@id\":\"https:\\\/\\\/www.churchill1795.com\\\/en\\\/#organization\"},\"potentialAction\":[{\"@type\":\"SearchAction\",\"target\":{\"@type\":\"EntryPoint\",\"urlTemplate\":\"https:\\\/\\\/www.churchill1795.com\\\/en\\\/?s={search_term_string}\"},\"query-input\":{\"@type\":\"PropertyValueSpecification\",\"valueRequired\":true,\"valueName\":\"search_term_string\"}}],\"inLanguage\":\"de\"},{\"@type\":\"Organization\",\"@id\":\"https:\\\/\\\/www.churchill1795.com\\\/en\\\/#organization\",\"name\":\"Churchill\",\"url\":\"https:\\\/\\\/www.churchill1795.com\\\/en\\\/\",\"logo\":{\"@type\":\"ImageObject\",\"inLanguage\":\"de\",\"@id\":\"https:\\\/\\\/www.churchill1795.com\\\/en\\\/#\\\/schema\\\/logo\\\/image\\\/\",\"url\":\"https:\\\/\\\/www.churchill1795.com\\\/wp-content\\\/uploads\\\/2024\\\/09\\\/logo-1.webp\",\"contentUrl\":\"https:\\\/\\\/www.churchill1795.com\\\/wp-content\\\/uploads\\\/2024\\\/09\\\/logo-1.webp\",\"width\":240,\"height\":88,\"caption\":\"Churchill\"},\"image\":{\"@id\":\"https:\\\/\\\/www.churchill1795.com\\\/en\\\/#\\\/schema\\\/logo\\\/image\\\/\"}}]}<\/script>\n<!-- \/ Yoast SEO plugin. -->","yoast_head_json":{"title":"Churchill Envisage Erosion Natural Sand Organische Servierplatte 26cm","description":"Eine Entwicklung des Formdesigns mit innovativen Herstellungsverfahren. Nat\u00fcrliche Farben und Effekte f\u00fcr eine vision\u00e4re Speisenpr\u00e4sentation. F\u00fcr den professionellen Einsatz geeignet.","robots":{"index":"index","follow":"follow","max-snippet":"max-snippet:-1","max-image-preview":"max-image-preview:large","max-video-preview":"max-video-preview:-1"},"canonical":"https:\/\/www.churchill1795.com\/de\/produkt\/organische-form-servierplatte-26-x-15cm\/","og_locale":"de_DE","og_type":"article","og_title":"Churchill Envisage Erosion Natural Sand Organische Servierplatte 26cm","og_description":"Eine Entwicklung des Formdesigns mit innovativen Herstellungsverfahren. Nat\u00fcrliche Farben und Effekte f\u00fcr eine vision\u00e4re Speisenpr\u00e4sentation. F\u00fcr den professionellen Einsatz geeignet.","og_url":"https:\/\/www.churchill1795.com\/de\/produkt\/organische-form-servierplatte-26-x-15cm\/","og_site_name":"Churchill","article_modified_time":"2026-01-15T08:25:19+00:00","og_image":[{"width":1000,"height":1000,"url":"https:\/\/www.churchill1795.com\/wp-content\/uploads\/2024\/09\/EROSPLA21.png","type":"image\/png"}],"twitter_card":"summary_large_image","twitter_misc":{"Gesch\u00e4tzte Lesezeit":"1\u00a0Minute"},"schema":{"@context":"https:\/\/schema.org","@graph":[{"@type":"WebPage","@id":"https:\/\/www.churchill1795.com\/de\/produkt\/organische-form-servierplatte-26-x-15cm\/","url":"https:\/\/www.churchill1795.com\/de\/produkt\/organische-form-servierplatte-26-x-15cm\/","name":"Churchill Envisage Erosion Natural Sand Organische Servierplatte 26cm","isPartOf":{"@id":"https:\/\/www.churchill1795.com\/en\/#website"},"primaryImageOfPage":{"@id":"https:\/\/www.churchill1795.com\/de\/produkt\/organische-form-servierplatte-26-x-15cm\/#primaryimage"},"image":{"@id":"https:\/\/www.churchill1795.com\/de\/produkt\/organische-form-servierplatte-26-x-15cm\/#primaryimage"},"thumbnailUrl":"https:\/\/www.churchill1795.com\/wp-content\/uploads\/2024\/09\/EROSPLA21.png","datePublished":"2024-09-20T09:48:15+00:00","dateModified":"2026-01-15T08:25:19+00:00","description":"Eine Entwicklung des Formdesigns mit innovativen Herstellungsverfahren. Nat\u00fcrliche Farben und Effekte f\u00fcr eine vision\u00e4re Speisenpr\u00e4sentation. F\u00fcr den professionellen Einsatz geeignet.","breadcrumb":{"@id":"https:\/\/www.churchill1795.com\/de\/produkt\/organische-form-servierplatte-26-x-15cm\/#breadcrumb"},"inLanguage":"de","potentialAction":[{"@type":"ReadAction","target":["https:\/\/www.churchill1795.com\/de\/produkt\/organische-form-servierplatte-26-x-15cm\/"]}]},{"@type":"ImageObject","inLanguage":"de","@id":"https:\/\/www.churchill1795.com\/de\/produkt\/organische-form-servierplatte-26-x-15cm\/#primaryimage","url":"https:\/\/www.churchill1795.com\/wp-content\/uploads\/2024\/09\/EROSPLA21.png","contentUrl":"https:\/\/www.churchill1795.com\/wp-content\/uploads\/2024\/09\/EROSPLA21.png","width":1000,"height":1000},{"@type":"BreadcrumbList","@id":"https:\/\/www.churchill1795.com\/de\/produkt\/organische-form-servierplatte-26-x-15cm\/#breadcrumb","itemListElement":[{"@type":"ListItem","position":1,"name":"Home","item":"https:\/\/www.churchill1795.com\/de\/"},{"@type":"ListItem","position":2,"name":"ORGANISCHE FORM SERVIERPLATTE 26 X 15CM"}]},{"@type":"WebSite","@id":"https:\/\/www.churchill1795.com\/en\/#website","url":"https:\/\/www.churchill1795.com\/en\/","name":"Churchill","description":"Innovation, Passion &amp; expertise","publisher":{"@id":"https:\/\/www.churchill1795.com\/en\/#organization"},"potentialAction":[{"@type":"SearchAction","target":{"@type":"EntryPoint","urlTemplate":"https:\/\/www.churchill1795.com\/en\/?s={search_term_string}"},"query-input":{"@type":"PropertyValueSpecification","valueRequired":true,"valueName":"search_term_string"}}],"inLanguage":"de"},{"@type":"Organization","@id":"https:\/\/www.churchill1795.com\/en\/#organization","name":"Churchill","url":"https:\/\/www.churchill1795.com\/en\/","logo":{"@type":"ImageObject","inLanguage":"de","@id":"https:\/\/www.churchill1795.com\/en\/#\/schema\/logo\/image\/","url":"https:\/\/www.churchill1795.com\/wp-content\/uploads\/2024\/09\/logo-1.webp","contentUrl":"https:\/\/www.churchill1795.com\/wp-content\/uploads\/2024\/09\/logo-1.webp","width":240,"height":88,"caption":"Churchill"},"image":{"@id":"https:\/\/www.churchill1795.com\/en\/#\/schema\/logo\/image\/"}}]}},"_links":{"self":[{"href":"https:\/\/www.churchill1795.com\/de\/wp-json\/wp\/v2\/product\/48419","targetHints":{"allow":["GET"]}}],"collection":[{"href":"https:\/\/www.churchill1795.com\/de\/wp-json\/wp\/v2\/product"}],"about":[{"href":"https:\/\/www.churchill1795.com\/de\/wp-json\/wp\/v2\/types\/product"}],"wp:featuredmedia":[{"embeddable":true,"href":"https:\/\/www.churchill1795.com\/de\/wp-json\/wp\/v2\/media\/37012"}],"wp:attachment":[{"href":"https:\/\/www.churchill1795.com\/de\/wp-json\/wp\/v2\/media?parent=48419"}],"wp:term":[{"taxonomy":"product_brand","embeddable":true,"href":"https:\/\/www.churchill1795.com\/de\/wp-json\/wp\/v2\/product_brand?post=48419"},{"taxonomy":"product_cat","embeddable":true,"href":"https:\/\/www.churchill1795.com\/de\/wp-json\/wp\/v2\/product_cat?post=48419"},{"taxonomy":"product_tag","embeddable":true,"href":"https:\/\/www.churchill1795.com\/de\/wp-json\/wp\/v2\/product_tag?post=48419"}],"curies":[{"name":"wp","href":"https:\/\/api.w.org\/{rel}","templated":true}]}}