{"id":48413,"date":"2025-01-21T15:59:47","date_gmt":"2025-01-21T15:59:47","guid":{"rendered":"https:\/\/www.churchill1795.com\/?post_type=product&#038;p=48413"},"modified":"2026-01-15T08:25:08","modified_gmt":"2026-01-15T08:25:08","slug":"natural-organische-form-servierplatte-22-x-13cm","status":"publish","type":"product","link":"https:\/\/www.churchill1795.com\/de\/produkt\/natural-organische-form-servierplatte-22-x-13cm\/","title":{"rendered":"NATURAL ORGANISCHE FORM SERVIERPLATTE 22 X 13CM"},"content":{"rendered":"<p>Unsere Natural Serie ist ein Beispiel f\u00fcr vision\u00e4res Denken, Anpassungsf\u00e4higkeit und Innovationsgeist. Die Serie ist eine Erforschung des Formdesigns und wird durch zukunftsweisende Herstellungsprozesse erreicht, die als Teil des Churchill-Ethos entwickelt wurden, um eine bessere Zukunft zu schaffen.<\/p>\n","protected":false},"excerpt":{"rendered":"<p>Die Serie Natural wird durch neueste, modern und nachhaltig ausgerichtete Herstellungsprozesse produziert. Churchill sieht sich in der Verpflichtung f\u00fcr k\u00fcnftige Generation, so nachhaltig wie m\u00f6glich zu handeln und diese Innovation und Investition steht daf\u00fcr, dass dieser Verpflichtung nachgekommen wird.<\/p>\n","protected":false},"featured_media":36946,"template":"","meta":{"_acf_changed":false,"content-type":""},"product_brand":[],"product_cat":[3602,3597],"product_tag":[],"class_list":{"0":"post-48413","1":"product","2":"type-product","3":"status-publish","4":"has-post-thumbnail","6":"product_cat-etwas-besonders","7":"product_cat-teller","8":"pa_colour-white-de","9":"pa_filter-colour-weis","10":"pa_filter-material-keramik","11":"pa_material-churchill-super-vitrified-de","12":"pa_shape-organisch","13":"pa_size-22cm-8-5-8-de","14":"range-envisage-natural","15":"brand-churchill-super-vitrified","16":"tabletop-neutrals-de","17":"shape-code-pla11","19":"first","20":"instock","21":"purchasable","22":"product-type-simple","23":"add-to-wishlist-after_add_to_cart"},"acf":[],"yoast_head":"<!-- This site is optimized with the Yoast SEO plugin v27.3 - https:\/\/yoast.com\/product\/yoast-seo-wordpress\/ -->\n<title>Churchill Envisage Nat\u00fcrliche Organische Servierplatte 22cm<\/title>\n<meta name=\"description\" content=\"Eine Entwicklung des Formdesigns mit innovativen Herstellungsverfahren. Nat\u00fcrliche Farben und Effekte f\u00fcr eine vision\u00e4re Speisenpr\u00e4sentation. F\u00fcr den professionellen Einsatz geeignet.\" \/>\n<meta name=\"robots\" content=\"index, follow, max-snippet:-1, max-image-preview:large, max-video-preview:-1\" \/>\n<link rel=\"canonical\" href=\"https:\/\/www.churchill1795.com\/de\/produkt\/natural-organische-form-servierplatte-22-x-13cm\/\" \/>\n<meta property=\"og:locale\" content=\"de_DE\" \/>\n<meta property=\"og:type\" content=\"article\" \/>\n<meta property=\"og:title\" content=\"Churchill Envisage Nat\u00fcrliche Organische Servierplatte 22cm\" \/>\n<meta property=\"og:description\" content=\"Eine Entwicklung des Formdesigns mit innovativen Herstellungsverfahren. Nat\u00fcrliche Farben und Effekte f\u00fcr eine vision\u00e4re Speisenpr\u00e4sentation. F\u00fcr den professionellen Einsatz geeignet.\" \/>\n<meta property=\"og:url\" content=\"https:\/\/www.churchill1795.com\/de\/produkt\/natural-organische-form-servierplatte-22-x-13cm\/\" \/>\n<meta property=\"og:site_name\" content=\"Churchill\" \/>\n<meta property=\"article:modified_time\" content=\"2026-01-15T08:25:08+00:00\" \/>\n<meta property=\"og:image\" content=\"https:\/\/www.churchill1795.com\/wp-content\/uploads\/2024\/09\/WH-PLA11.png\" \/>\n\t<meta property=\"og:image:width\" content=\"1000\" \/>\n\t<meta property=\"og:image:height\" content=\"1000\" \/>\n\t<meta property=\"og:image:type\" content=\"image\/png\" \/>\n<meta name=\"twitter:card\" content=\"summary_large_image\" \/>\n<meta name=\"twitter:label1\" content=\"Gesch\u00e4tzte Lesezeit\" \/>\n\t<meta name=\"twitter:data1\" content=\"1\u00a0Minute\" \/>\n<script type=\"application\/ld+json\" class=\"yoast-schema-graph\">{\"@context\":\"https:\\\/\\\/schema.org\",\"@graph\":[{\"@type\":\"WebPage\",\"@id\":\"https:\\\/\\\/www.churchill1795.com\\\/de\\\/produkt\\\/natural-organische-form-servierplatte-22-x-13cm\\\/\",\"url\":\"https:\\\/\\\/www.churchill1795.com\\\/de\\\/produkt\\\/natural-organische-form-servierplatte-22-x-13cm\\\/\",\"name\":\"Churchill Envisage Nat\u00fcrliche Organische Servierplatte 22cm\",\"isPartOf\":{\"@id\":\"https:\\\/\\\/www.churchill1795.com\\\/en\\\/#website\"},\"primaryImageOfPage\":{\"@id\":\"https:\\\/\\\/www.churchill1795.com\\\/de\\\/produkt\\\/natural-organische-form-servierplatte-22-x-13cm\\\/#primaryimage\"},\"image\":{\"@id\":\"https:\\\/\\\/www.churchill1795.com\\\/de\\\/produkt\\\/natural-organische-form-servierplatte-22-x-13cm\\\/#primaryimage\"},\"thumbnailUrl\":\"https:\\\/\\\/www.churchill1795.com\\\/wp-content\\\/uploads\\\/2024\\\/09\\\/WH-PLA11.png\",\"datePublished\":\"2025-01-21T15:59:47+00:00\",\"dateModified\":\"2026-01-15T08:25:08+00:00\",\"description\":\"Eine Entwicklung des Formdesigns mit innovativen Herstellungsverfahren. Nat\u00fcrliche Farben und Effekte f\u00fcr eine vision\u00e4re Speisenpr\u00e4sentation. F\u00fcr den professionellen Einsatz geeignet.\",\"breadcrumb\":{\"@id\":\"https:\\\/\\\/www.churchill1795.com\\\/de\\\/produkt\\\/natural-organische-form-servierplatte-22-x-13cm\\\/#breadcrumb\"},\"inLanguage\":\"de\",\"potentialAction\":[{\"@type\":\"ReadAction\",\"target\":[\"https:\\\/\\\/www.churchill1795.com\\\/de\\\/produkt\\\/natural-organische-form-servierplatte-22-x-13cm\\\/\"]}]},{\"@type\":\"ImageObject\",\"inLanguage\":\"de\",\"@id\":\"https:\\\/\\\/www.churchill1795.com\\\/de\\\/produkt\\\/natural-organische-form-servierplatte-22-x-13cm\\\/#primaryimage\",\"url\":\"https:\\\/\\\/www.churchill1795.com\\\/wp-content\\\/uploads\\\/2024\\\/09\\\/WH-PLA11.png\",\"contentUrl\":\"https:\\\/\\\/www.churchill1795.com\\\/wp-content\\\/uploads\\\/2024\\\/09\\\/WH-PLA11.png\",\"width\":1000,\"height\":1000},{\"@type\":\"BreadcrumbList\",\"@id\":\"https:\\\/\\\/www.churchill1795.com\\\/de\\\/produkt\\\/natural-organische-form-servierplatte-22-x-13cm\\\/#breadcrumb\",\"itemListElement\":[{\"@type\":\"ListItem\",\"position\":1,\"name\":\"Home\",\"item\":\"https:\\\/\\\/www.churchill1795.com\\\/de\\\/\"},{\"@type\":\"ListItem\",\"position\":2,\"name\":\"NATURAL ORGANISCHE FORM SERVIERPLATTE 22 X 13CM\"}]},{\"@type\":\"WebSite\",\"@id\":\"https:\\\/\\\/www.churchill1795.com\\\/en\\\/#website\",\"url\":\"https:\\\/\\\/www.churchill1795.com\\\/en\\\/\",\"name\":\"Churchill\",\"description\":\"Innovation, Passion &amp; expertise\",\"publisher\":{\"@id\":\"https:\\\/\\\/www.churchill1795.com\\\/en\\\/#organization\"},\"potentialAction\":[{\"@type\":\"SearchAction\",\"target\":{\"@type\":\"EntryPoint\",\"urlTemplate\":\"https:\\\/\\\/www.churchill1795.com\\\/en\\\/?s={search_term_string}\"},\"query-input\":{\"@type\":\"PropertyValueSpecification\",\"valueRequired\":true,\"valueName\":\"search_term_string\"}}],\"inLanguage\":\"de\"},{\"@type\":\"Organization\",\"@id\":\"https:\\\/\\\/www.churchill1795.com\\\/en\\\/#organization\",\"name\":\"Churchill\",\"url\":\"https:\\\/\\\/www.churchill1795.com\\\/en\\\/\",\"logo\":{\"@type\":\"ImageObject\",\"inLanguage\":\"de\",\"@id\":\"https:\\\/\\\/www.churchill1795.com\\\/en\\\/#\\\/schema\\\/logo\\\/image\\\/\",\"url\":\"https:\\\/\\\/www.churchill1795.com\\\/wp-content\\\/uploads\\\/2024\\\/09\\\/logo-1.webp\",\"contentUrl\":\"https:\\\/\\\/www.churchill1795.com\\\/wp-content\\\/uploads\\\/2024\\\/09\\\/logo-1.webp\",\"width\":240,\"height\":88,\"caption\":\"Churchill\"},\"image\":{\"@id\":\"https:\\\/\\\/www.churchill1795.com\\\/en\\\/#\\\/schema\\\/logo\\\/image\\\/\"}}]}<\/script>\n<!-- \/ Yoast SEO plugin. -->","yoast_head_json":{"title":"Churchill Envisage Nat\u00fcrliche Organische Servierplatte 22cm","description":"Eine Entwicklung des Formdesigns mit innovativen Herstellungsverfahren. Nat\u00fcrliche Farben und Effekte f\u00fcr eine vision\u00e4re Speisenpr\u00e4sentation. F\u00fcr den professionellen Einsatz geeignet.","robots":{"index":"index","follow":"follow","max-snippet":"max-snippet:-1","max-image-preview":"max-image-preview:large","max-video-preview":"max-video-preview:-1"},"canonical":"https:\/\/www.churchill1795.com\/de\/produkt\/natural-organische-form-servierplatte-22-x-13cm\/","og_locale":"de_DE","og_type":"article","og_title":"Churchill Envisage Nat\u00fcrliche Organische Servierplatte 22cm","og_description":"Eine Entwicklung des Formdesigns mit innovativen Herstellungsverfahren. Nat\u00fcrliche Farben und Effekte f\u00fcr eine vision\u00e4re Speisenpr\u00e4sentation. F\u00fcr den professionellen Einsatz geeignet.","og_url":"https:\/\/www.churchill1795.com\/de\/produkt\/natural-organische-form-servierplatte-22-x-13cm\/","og_site_name":"Churchill","article_modified_time":"2026-01-15T08:25:08+00:00","og_image":[{"width":1000,"height":1000,"url":"https:\/\/www.churchill1795.com\/wp-content\/uploads\/2024\/09\/WH-PLA11.png","type":"image\/png"}],"twitter_card":"summary_large_image","twitter_misc":{"Gesch\u00e4tzte Lesezeit":"1\u00a0Minute"},"schema":{"@context":"https:\/\/schema.org","@graph":[{"@type":"WebPage","@id":"https:\/\/www.churchill1795.com\/de\/produkt\/natural-organische-form-servierplatte-22-x-13cm\/","url":"https:\/\/www.churchill1795.com\/de\/produkt\/natural-organische-form-servierplatte-22-x-13cm\/","name":"Churchill Envisage Nat\u00fcrliche Organische Servierplatte 22cm","isPartOf":{"@id":"https:\/\/www.churchill1795.com\/en\/#website"},"primaryImageOfPage":{"@id":"https:\/\/www.churchill1795.com\/de\/produkt\/natural-organische-form-servierplatte-22-x-13cm\/#primaryimage"},"image":{"@id":"https:\/\/www.churchill1795.com\/de\/produkt\/natural-organische-form-servierplatte-22-x-13cm\/#primaryimage"},"thumbnailUrl":"https:\/\/www.churchill1795.com\/wp-content\/uploads\/2024\/09\/WH-PLA11.png","datePublished":"2025-01-21T15:59:47+00:00","dateModified":"2026-01-15T08:25:08+00:00","description":"Eine Entwicklung des Formdesigns mit innovativen Herstellungsverfahren. Nat\u00fcrliche Farben und Effekte f\u00fcr eine vision\u00e4re Speisenpr\u00e4sentation. F\u00fcr den professionellen Einsatz geeignet.","breadcrumb":{"@id":"https:\/\/www.churchill1795.com\/de\/produkt\/natural-organische-form-servierplatte-22-x-13cm\/#breadcrumb"},"inLanguage":"de","potentialAction":[{"@type":"ReadAction","target":["https:\/\/www.churchill1795.com\/de\/produkt\/natural-organische-form-servierplatte-22-x-13cm\/"]}]},{"@type":"ImageObject","inLanguage":"de","@id":"https:\/\/www.churchill1795.com\/de\/produkt\/natural-organische-form-servierplatte-22-x-13cm\/#primaryimage","url":"https:\/\/www.churchill1795.com\/wp-content\/uploads\/2024\/09\/WH-PLA11.png","contentUrl":"https:\/\/www.churchill1795.com\/wp-content\/uploads\/2024\/09\/WH-PLA11.png","width":1000,"height":1000},{"@type":"BreadcrumbList","@id":"https:\/\/www.churchill1795.com\/de\/produkt\/natural-organische-form-servierplatte-22-x-13cm\/#breadcrumb","itemListElement":[{"@type":"ListItem","position":1,"name":"Home","item":"https:\/\/www.churchill1795.com\/de\/"},{"@type":"ListItem","position":2,"name":"NATURAL ORGANISCHE FORM SERVIERPLATTE 22 X 13CM"}]},{"@type":"WebSite","@id":"https:\/\/www.churchill1795.com\/en\/#website","url":"https:\/\/www.churchill1795.com\/en\/","name":"Churchill","description":"Innovation, Passion &amp; expertise","publisher":{"@id":"https:\/\/www.churchill1795.com\/en\/#organization"},"potentialAction":[{"@type":"SearchAction","target":{"@type":"EntryPoint","urlTemplate":"https:\/\/www.churchill1795.com\/en\/?s={search_term_string}"},"query-input":{"@type":"PropertyValueSpecification","valueRequired":true,"valueName":"search_term_string"}}],"inLanguage":"de"},{"@type":"Organization","@id":"https:\/\/www.churchill1795.com\/en\/#organization","name":"Churchill","url":"https:\/\/www.churchill1795.com\/en\/","logo":{"@type":"ImageObject","inLanguage":"de","@id":"https:\/\/www.churchill1795.com\/en\/#\/schema\/logo\/image\/","url":"https:\/\/www.churchill1795.com\/wp-content\/uploads\/2024\/09\/logo-1.webp","contentUrl":"https:\/\/www.churchill1795.com\/wp-content\/uploads\/2024\/09\/logo-1.webp","width":240,"height":88,"caption":"Churchill"},"image":{"@id":"https:\/\/www.churchill1795.com\/en\/#\/schema\/logo\/image\/"}}]}},"_links":{"self":[{"href":"https:\/\/www.churchill1795.com\/de\/wp-json\/wp\/v2\/product\/48413","targetHints":{"allow":["GET"]}}],"collection":[{"href":"https:\/\/www.churchill1795.com\/de\/wp-json\/wp\/v2\/product"}],"about":[{"href":"https:\/\/www.churchill1795.com\/de\/wp-json\/wp\/v2\/types\/product"}],"wp:featuredmedia":[{"embeddable":true,"href":"https:\/\/www.churchill1795.com\/de\/wp-json\/wp\/v2\/media\/36946"}],"wp:attachment":[{"href":"https:\/\/www.churchill1795.com\/de\/wp-json\/wp\/v2\/media?parent=48413"}],"wp:term":[{"taxonomy":"product_brand","embeddable":true,"href":"https:\/\/www.churchill1795.com\/de\/wp-json\/wp\/v2\/product_brand?post=48413"},{"taxonomy":"product_cat","embeddable":true,"href":"https:\/\/www.churchill1795.com\/de\/wp-json\/wp\/v2\/product_cat?post=48413"},{"taxonomy":"product_tag","embeddable":true,"href":"https:\/\/www.churchill1795.com\/de\/wp-json\/wp\/v2\/product_tag?post=48413"}],"curies":[{"name":"wp","href":"https:\/\/api.w.org\/{rel}","templated":true}]}}