{"id":48407,"date":"2024-09-20T10:48:19","date_gmt":"2024-09-20T09:48:19","guid":{"rendered":"https:\/\/www.churchill1795.com\/?post_type=product&#038;p=48407"},"modified":"2026-01-02T08:15:06","modified_gmt":"2026-01-02T08:15:06","slug":"laengliche-servierplatte-35-5-x-18-9cm-2","status":"publish","type":"product","link":"https:\/\/www.churchill1795.com\/de\/produkt\/laengliche-servierplatte-35-5-x-18-9cm-2\/","title":{"rendered":"L\u00c4NGLICHE SERVIERPLATTE 35.5 x 18.9CM"},"content":{"rendered":"<p>Homespun Accents ist eine moderne und minimalistische Weiterentwicklung des urspr\u00fcnglichen Designs. Homespun Accents bietet ein ausgewogenes Verh\u00e4ltnis zwischen Farbe und Textur und schlichtem Wei\u00dfraum. Der Unterglasurdruck sorgt f\u00fcr zus\u00e4tzliche Haltbarkeit, wird mit einem per Hand aufgebrachten Randstreifen veredelt und mit reaktiver Farbe bedruckt, so dass jedes St\u00fcck ein Einzelst\u00fcck wird.<\/p>\n","protected":false},"excerpt":{"rendered":"<p>Homespun ist eine moderne Darstellung von Studiokeramik mit einem konzentrischen Muster, das an handgedrehte T\u00f6pferware erinnert. Jedes St\u00fcck Homespun wir auf dem robusten Super Vitrified Scherben gebrannt und erh\u00e4lt dadurch eine besondere Robustheit. Jedes Teil ist ein Einzelst\u00fcck, da es unter Glasur gedruckt und mit einem handverzierten Randstreifen versehen ist.<\/p>\n","protected":false},"featured_media":36966,"template":"","meta":{"_acf_changed":false,"content-type":""},"product_brand":[],"product_cat":[3599,3597],"product_tag":[],"class_list":{"0":"post-48407","1":"product","2":"type-product","3":"status-publish","4":"has-post-thumbnail","6":"product_cat-rechteckige-teller","7":"product_cat-teller","8":"range-studio-prints-homespun-accents","9":"brand-churchill-super-vitrified","10":"brand-studio-prints","11":"tabletop-bold-darks-de","12":"tabletop-industrial-de","13":"shape-code-xo141","15":"first","16":"instock","17":"purchasable","18":"product-type-simple","19":"add-to-wishlist-after_add_to_cart"},"acf":[],"yoast_head":"<!-- This site is optimized with the Yoast SEO plugin v27.3 - https:\/\/yoast.com\/product\/yoast-seo-wordpress\/ -->\n<title>Churchill Homespun Accents Quartz Black L\u00e4ngliche Servierplatte 35.5cm<\/title>\n<meta name=\"description\" content=\"Ein ausgewogenes Verh\u00e4ltnis von Farbe, Textur und Wei\u00dfraum f\u00fcr sch\u00f6ne kulinarische Kreationen. F\u00fcr den professionellen Gebrauch entwickelt und vollst\u00e4ndig verglast. Erfahren Sie mehr.\" \/>\n<meta name=\"robots\" content=\"index, follow, max-snippet:-1, max-image-preview:large, max-video-preview:-1\" \/>\n<link rel=\"canonical\" href=\"https:\/\/www.churchill1795.com\/de\/produkt\/laengliche-servierplatte-35-5-x-18-9cm-2\/\" \/>\n<meta property=\"og:locale\" content=\"de_DE\" \/>\n<meta property=\"og:type\" content=\"article\" \/>\n<meta property=\"og:title\" content=\"Churchill Homespun Accents Quartz Black L\u00e4ngliche Servierplatte 35.5cm\" \/>\n<meta property=\"og:description\" content=\"Ein ausgewogenes Verh\u00e4ltnis von Farbe, Textur und Wei\u00dfraum f\u00fcr sch\u00f6ne kulinarische Kreationen. F\u00fcr den professionellen Gebrauch entwickelt und vollst\u00e4ndig verglast. Erfahren Sie mehr.\" \/>\n<meta property=\"og:url\" content=\"https:\/\/www.churchill1795.com\/de\/produkt\/laengliche-servierplatte-35-5-x-18-9cm-2\/\" \/>\n<meta property=\"og:site_name\" content=\"Churchill\" \/>\n<meta property=\"article:modified_time\" content=\"2026-01-02T08:15:06+00:00\" \/>\n<meta property=\"og:image\" content=\"https:\/\/www.churchill1795.com\/wp-content\/uploads\/2024\/09\/HABKXO141.png\" \/>\n\t<meta property=\"og:image:width\" content=\"1000\" \/>\n\t<meta property=\"og:image:height\" content=\"1000\" \/>\n\t<meta property=\"og:image:type\" content=\"image\/png\" \/>\n<meta name=\"twitter:card\" content=\"summary_large_image\" \/>\n<meta name=\"twitter:label1\" content=\"Gesch\u00e4tzte Lesezeit\" \/>\n\t<meta name=\"twitter:data1\" content=\"1\u00a0Minute\" \/>\n<script type=\"application\/ld+json\" class=\"yoast-schema-graph\">{\"@context\":\"https:\\\/\\\/schema.org\",\"@graph\":[{\"@type\":\"WebPage\",\"@id\":\"https:\\\/\\\/www.churchill1795.com\\\/de\\\/produkt\\\/laengliche-servierplatte-35-5-x-18-9cm-2\\\/\",\"url\":\"https:\\\/\\\/www.churchill1795.com\\\/de\\\/produkt\\\/laengliche-servierplatte-35-5-x-18-9cm-2\\\/\",\"name\":\"Churchill Homespun Accents Quartz Black L\u00e4ngliche Servierplatte 35.5cm\",\"isPartOf\":{\"@id\":\"https:\\\/\\\/www.churchill1795.com\\\/en\\\/#website\"},\"primaryImageOfPage\":{\"@id\":\"https:\\\/\\\/www.churchill1795.com\\\/de\\\/produkt\\\/laengliche-servierplatte-35-5-x-18-9cm-2\\\/#primaryimage\"},\"image\":{\"@id\":\"https:\\\/\\\/www.churchill1795.com\\\/de\\\/produkt\\\/laengliche-servierplatte-35-5-x-18-9cm-2\\\/#primaryimage\"},\"thumbnailUrl\":\"https:\\\/\\\/www.churchill1795.com\\\/wp-content\\\/uploads\\\/2024\\\/09\\\/HABKXO141.png\",\"datePublished\":\"2024-09-20T09:48:19+00:00\",\"dateModified\":\"2026-01-02T08:15:06+00:00\",\"description\":\"Ein ausgewogenes Verh\u00e4ltnis von Farbe, Textur und Wei\u00dfraum f\u00fcr sch\u00f6ne kulinarische Kreationen. F\u00fcr den professionellen Gebrauch entwickelt und vollst\u00e4ndig verglast. Erfahren Sie mehr.\",\"breadcrumb\":{\"@id\":\"https:\\\/\\\/www.churchill1795.com\\\/de\\\/produkt\\\/laengliche-servierplatte-35-5-x-18-9cm-2\\\/#breadcrumb\"},\"inLanguage\":\"de\",\"potentialAction\":[{\"@type\":\"ReadAction\",\"target\":[\"https:\\\/\\\/www.churchill1795.com\\\/de\\\/produkt\\\/laengliche-servierplatte-35-5-x-18-9cm-2\\\/\"]}]},{\"@type\":\"ImageObject\",\"inLanguage\":\"de\",\"@id\":\"https:\\\/\\\/www.churchill1795.com\\\/de\\\/produkt\\\/laengliche-servierplatte-35-5-x-18-9cm-2\\\/#primaryimage\",\"url\":\"https:\\\/\\\/www.churchill1795.com\\\/wp-content\\\/uploads\\\/2024\\\/09\\\/HABKXO141.png\",\"contentUrl\":\"https:\\\/\\\/www.churchill1795.com\\\/wp-content\\\/uploads\\\/2024\\\/09\\\/HABKXO141.png\",\"width\":1000,\"height\":1000},{\"@type\":\"BreadcrumbList\",\"@id\":\"https:\\\/\\\/www.churchill1795.com\\\/de\\\/produkt\\\/laengliche-servierplatte-35-5-x-18-9cm-2\\\/#breadcrumb\",\"itemListElement\":[{\"@type\":\"ListItem\",\"position\":1,\"name\":\"Home\",\"item\":\"https:\\\/\\\/www.churchill1795.com\\\/de\\\/\"},{\"@type\":\"ListItem\",\"position\":2,\"name\":\"L\u00c4NGLICHE SERVIERPLATTE 35.5 x 18.9CM\"}]},{\"@type\":\"WebSite\",\"@id\":\"https:\\\/\\\/www.churchill1795.com\\\/en\\\/#website\",\"url\":\"https:\\\/\\\/www.churchill1795.com\\\/en\\\/\",\"name\":\"Churchill\",\"description\":\"Innovation, Passion &amp; expertise\",\"publisher\":{\"@id\":\"https:\\\/\\\/www.churchill1795.com\\\/en\\\/#organization\"},\"potentialAction\":[{\"@type\":\"SearchAction\",\"target\":{\"@type\":\"EntryPoint\",\"urlTemplate\":\"https:\\\/\\\/www.churchill1795.com\\\/en\\\/?s={search_term_string}\"},\"query-input\":{\"@type\":\"PropertyValueSpecification\",\"valueRequired\":true,\"valueName\":\"search_term_string\"}}],\"inLanguage\":\"de\"},{\"@type\":\"Organization\",\"@id\":\"https:\\\/\\\/www.churchill1795.com\\\/en\\\/#organization\",\"name\":\"Churchill\",\"url\":\"https:\\\/\\\/www.churchill1795.com\\\/en\\\/\",\"logo\":{\"@type\":\"ImageObject\",\"inLanguage\":\"de\",\"@id\":\"https:\\\/\\\/www.churchill1795.com\\\/en\\\/#\\\/schema\\\/logo\\\/image\\\/\",\"url\":\"https:\\\/\\\/www.churchill1795.com\\\/wp-content\\\/uploads\\\/2024\\\/09\\\/logo-1.webp\",\"contentUrl\":\"https:\\\/\\\/www.churchill1795.com\\\/wp-content\\\/uploads\\\/2024\\\/09\\\/logo-1.webp\",\"width\":240,\"height\":88,\"caption\":\"Churchill\"},\"image\":{\"@id\":\"https:\\\/\\\/www.churchill1795.com\\\/en\\\/#\\\/schema\\\/logo\\\/image\\\/\"}}]}<\/script>\n<!-- \/ Yoast SEO plugin. -->","yoast_head_json":{"title":"Churchill Homespun Accents Quartz Black L\u00e4ngliche Servierplatte 35.5cm","description":"Ein ausgewogenes Verh\u00e4ltnis von Farbe, Textur und Wei\u00dfraum f\u00fcr sch\u00f6ne kulinarische Kreationen. F\u00fcr den professionellen Gebrauch entwickelt und vollst\u00e4ndig verglast. Erfahren Sie mehr.","robots":{"index":"index","follow":"follow","max-snippet":"max-snippet:-1","max-image-preview":"max-image-preview:large","max-video-preview":"max-video-preview:-1"},"canonical":"https:\/\/www.churchill1795.com\/de\/produkt\/laengliche-servierplatte-35-5-x-18-9cm-2\/","og_locale":"de_DE","og_type":"article","og_title":"Churchill Homespun Accents Quartz Black L\u00e4ngliche Servierplatte 35.5cm","og_description":"Ein ausgewogenes Verh\u00e4ltnis von Farbe, Textur und Wei\u00dfraum f\u00fcr sch\u00f6ne kulinarische Kreationen. F\u00fcr den professionellen Gebrauch entwickelt und vollst\u00e4ndig verglast. Erfahren Sie mehr.","og_url":"https:\/\/www.churchill1795.com\/de\/produkt\/laengliche-servierplatte-35-5-x-18-9cm-2\/","og_site_name":"Churchill","article_modified_time":"2026-01-02T08:15:06+00:00","og_image":[{"width":1000,"height":1000,"url":"https:\/\/www.churchill1795.com\/wp-content\/uploads\/2024\/09\/HABKXO141.png","type":"image\/png"}],"twitter_card":"summary_large_image","twitter_misc":{"Gesch\u00e4tzte Lesezeit":"1\u00a0Minute"},"schema":{"@context":"https:\/\/schema.org","@graph":[{"@type":"WebPage","@id":"https:\/\/www.churchill1795.com\/de\/produkt\/laengliche-servierplatte-35-5-x-18-9cm-2\/","url":"https:\/\/www.churchill1795.com\/de\/produkt\/laengliche-servierplatte-35-5-x-18-9cm-2\/","name":"Churchill Homespun Accents Quartz Black L\u00e4ngliche Servierplatte 35.5cm","isPartOf":{"@id":"https:\/\/www.churchill1795.com\/en\/#website"},"primaryImageOfPage":{"@id":"https:\/\/www.churchill1795.com\/de\/produkt\/laengliche-servierplatte-35-5-x-18-9cm-2\/#primaryimage"},"image":{"@id":"https:\/\/www.churchill1795.com\/de\/produkt\/laengliche-servierplatte-35-5-x-18-9cm-2\/#primaryimage"},"thumbnailUrl":"https:\/\/www.churchill1795.com\/wp-content\/uploads\/2024\/09\/HABKXO141.png","datePublished":"2024-09-20T09:48:19+00:00","dateModified":"2026-01-02T08:15:06+00:00","description":"Ein ausgewogenes Verh\u00e4ltnis von Farbe, Textur und Wei\u00dfraum f\u00fcr sch\u00f6ne kulinarische Kreationen. F\u00fcr den professionellen Gebrauch entwickelt und vollst\u00e4ndig verglast. Erfahren Sie mehr.","breadcrumb":{"@id":"https:\/\/www.churchill1795.com\/de\/produkt\/laengliche-servierplatte-35-5-x-18-9cm-2\/#breadcrumb"},"inLanguage":"de","potentialAction":[{"@type":"ReadAction","target":["https:\/\/www.churchill1795.com\/de\/produkt\/laengliche-servierplatte-35-5-x-18-9cm-2\/"]}]},{"@type":"ImageObject","inLanguage":"de","@id":"https:\/\/www.churchill1795.com\/de\/produkt\/laengliche-servierplatte-35-5-x-18-9cm-2\/#primaryimage","url":"https:\/\/www.churchill1795.com\/wp-content\/uploads\/2024\/09\/HABKXO141.png","contentUrl":"https:\/\/www.churchill1795.com\/wp-content\/uploads\/2024\/09\/HABKXO141.png","width":1000,"height":1000},{"@type":"BreadcrumbList","@id":"https:\/\/www.churchill1795.com\/de\/produkt\/laengliche-servierplatte-35-5-x-18-9cm-2\/#breadcrumb","itemListElement":[{"@type":"ListItem","position":1,"name":"Home","item":"https:\/\/www.churchill1795.com\/de\/"},{"@type":"ListItem","position":2,"name":"L\u00c4NGLICHE SERVIERPLATTE 35.5 x 18.9CM"}]},{"@type":"WebSite","@id":"https:\/\/www.churchill1795.com\/en\/#website","url":"https:\/\/www.churchill1795.com\/en\/","name":"Churchill","description":"Innovation, Passion &amp; expertise","publisher":{"@id":"https:\/\/www.churchill1795.com\/en\/#organization"},"potentialAction":[{"@type":"SearchAction","target":{"@type":"EntryPoint","urlTemplate":"https:\/\/www.churchill1795.com\/en\/?s={search_term_string}"},"query-input":{"@type":"PropertyValueSpecification","valueRequired":true,"valueName":"search_term_string"}}],"inLanguage":"de"},{"@type":"Organization","@id":"https:\/\/www.churchill1795.com\/en\/#organization","name":"Churchill","url":"https:\/\/www.churchill1795.com\/en\/","logo":{"@type":"ImageObject","inLanguage":"de","@id":"https:\/\/www.churchill1795.com\/en\/#\/schema\/logo\/image\/","url":"https:\/\/www.churchill1795.com\/wp-content\/uploads\/2024\/09\/logo-1.webp","contentUrl":"https:\/\/www.churchill1795.com\/wp-content\/uploads\/2024\/09\/logo-1.webp","width":240,"height":88,"caption":"Churchill"},"image":{"@id":"https:\/\/www.churchill1795.com\/en\/#\/schema\/logo\/image\/"}}]}},"_links":{"self":[{"href":"https:\/\/www.churchill1795.com\/de\/wp-json\/wp\/v2\/product\/48407","targetHints":{"allow":["GET"]}}],"collection":[{"href":"https:\/\/www.churchill1795.com\/de\/wp-json\/wp\/v2\/product"}],"about":[{"href":"https:\/\/www.churchill1795.com\/de\/wp-json\/wp\/v2\/types\/product"}],"wp:featuredmedia":[{"embeddable":true,"href":"https:\/\/www.churchill1795.com\/de\/wp-json\/wp\/v2\/media\/36966"}],"wp:attachment":[{"href":"https:\/\/www.churchill1795.com\/de\/wp-json\/wp\/v2\/media?parent=48407"}],"wp:term":[{"taxonomy":"product_brand","embeddable":true,"href":"https:\/\/www.churchill1795.com\/de\/wp-json\/wp\/v2\/product_brand?post=48407"},{"taxonomy":"product_cat","embeddable":true,"href":"https:\/\/www.churchill1795.com\/de\/wp-json\/wp\/v2\/product_cat?post=48407"},{"taxonomy":"product_tag","embeddable":true,"href":"https:\/\/www.churchill1795.com\/de\/wp-json\/wp\/v2\/product_tag?post=48407"}],"curies":[{"name":"wp","href":"https:\/\/api.w.org\/{rel}","templated":true}]}}