{"id":48398,"date":"2024-09-20T10:48:22","date_gmt":"2024-09-20T09:48:22","guid":{"rendered":"https:\/\/www.churchill1795.com\/?post_type=product&#038;p=48398"},"modified":"2025-12-19T14:03:09","modified_gmt":"2025-12-19T14:03:09","slug":"organische-schale-mit-erhoehtem-rand-20cm-2","status":"publish","type":"product","link":"https:\/\/www.churchill1795.com\/de\/produkt\/organische-schale-mit-erhoehtem-rand-20cm-2\/","title":{"rendered":"ORGANISCHE SCHALE MIT ERH\u00d6HTEM RAND 20CM"},"content":{"rendered":"<p>Das neue Design von Tide ist modern und auffallend. Es wurde von den flie\u00dfenden und organischen Formen der K\u00fcstenlandschaften inspiriert. Durch die Verbindung von wei\u00dfem Raum und reaktiven Farben eignet sich Tide perfekt f\u00fcr die Pr\u00e4sentation von hochwertigen Lebensmitteln in der modernen Gastronomie.<\/p>\n","protected":false},"excerpt":{"rendered":"<p>Das moderne und auff\u00e4llige Design von Tide wurde von den flie\u00dfenden und organischen Formen der K\u00fcstenlandschaften inspiriert. Tide eignet sich hervorragend um kulinarische Kreationen hochwertig anzurichten.<\/p>\n","protected":false},"featured_media":36956,"template":"","meta":{"_acf_changed":false,"content-type":""},"product_brand":[],"product_cat":[3588,10325],"product_tag":[],"class_list":{"0":"post-48398","1":"product","2":"type-product","3":"status-publish","4":"has-post-thumbnail","6":"product_cat-schalen","7":"product_cat-something-different-bowls","8":"pa_colour-gold-de","9":"pa_filter-colour-gelb-de","10":"pa_filter-material-keramik","11":"pa_filter-width-15-20cm-6-8-de","12":"pa_material-churchill-super-vitrified-de","13":"pa_shape-organisch","14":"pa_size-20cm-7-4-5-de","15":"range-inked-tide","16":"brand-churchill-super-vitrified","17":"tabletop-bold-darks-de","18":"tabletop-industrial-de","19":"shape-code-wob11","21":"first","22":"instock","23":"purchasable","24":"product-type-simple","25":"add-to-wishlist-after_add_to_cart"},"acf":[],"yoast_head":"<!-- This site is optimized with the Yoast SEO plugin v27.3 - https:\/\/yoast.com\/product\/yoast-seo-wordpress\/ -->\n<title>Churchill Tide Gold Organische Teller mit erh\u00f6htem Rand 20cm<\/title>\n<meta name=\"description\" content=\"Eindrucksvolle Designs, die von K\u00fcstenlandschaften inspiriert sind. F\u00fcr den professionellen Gebrauch hergestellt, vollst\u00e4ndig verglast und mit einer reaktiven Glasur f\u00fcr eine taktile Oberfl\u00e4che versehen. Erfahren Sie mehr.\" \/>\n<meta name=\"robots\" content=\"index, follow, max-snippet:-1, max-image-preview:large, max-video-preview:-1\" \/>\n<link rel=\"canonical\" href=\"https:\/\/www.churchill1795.com\/de\/produkt\/organische-schale-mit-erhoehtem-rand-20cm-2\/\" \/>\n<meta property=\"og:locale\" content=\"de_DE\" \/>\n<meta property=\"og:type\" content=\"article\" \/>\n<meta property=\"og:title\" content=\"Churchill Tide Gold Organische Teller mit erh\u00f6htem Rand 20cm\" \/>\n<meta property=\"og:description\" content=\"Eindrucksvolle Designs, die von K\u00fcstenlandschaften inspiriert sind. F\u00fcr den professionellen Gebrauch hergestellt, vollst\u00e4ndig verglast und mit einer reaktiven Glasur f\u00fcr eine taktile Oberfl\u00e4che versehen. Erfahren Sie mehr.\" \/>\n<meta property=\"og:url\" content=\"https:\/\/www.churchill1795.com\/de\/produkt\/organische-schale-mit-erhoehtem-rand-20cm-2\/\" \/>\n<meta property=\"og:site_name\" content=\"Churchill\" \/>\n<meta property=\"article:modified_time\" content=\"2025-12-19T14:03:09+00:00\" \/>\n<meta property=\"og:image\" content=\"https:\/\/www.churchill1795.com\/wp-content\/uploads\/2024\/09\/TDGDWOB11.png\" \/>\n\t<meta property=\"og:image:width\" content=\"1000\" \/>\n\t<meta property=\"og:image:height\" content=\"1000\" \/>\n\t<meta property=\"og:image:type\" content=\"image\/png\" \/>\n<meta name=\"twitter:card\" content=\"summary_large_image\" \/>\n<meta name=\"twitter:label1\" content=\"Gesch\u00e4tzte Lesezeit\" \/>\n\t<meta name=\"twitter:data1\" content=\"1\u00a0Minute\" \/>\n<script type=\"application\/ld+json\" class=\"yoast-schema-graph\">{\"@context\":\"https:\\\/\\\/schema.org\",\"@graph\":[{\"@type\":\"WebPage\",\"@id\":\"https:\\\/\\\/www.churchill1795.com\\\/de\\\/produkt\\\/organische-schale-mit-erhoehtem-rand-20cm-2\\\/\",\"url\":\"https:\\\/\\\/www.churchill1795.com\\\/de\\\/produkt\\\/organische-schale-mit-erhoehtem-rand-20cm-2\\\/\",\"name\":\"Churchill Tide Gold Organische Teller mit erh\u00f6htem Rand 20cm\",\"isPartOf\":{\"@id\":\"https:\\\/\\\/www.churchill1795.com\\\/en\\\/#website\"},\"primaryImageOfPage\":{\"@id\":\"https:\\\/\\\/www.churchill1795.com\\\/de\\\/produkt\\\/organische-schale-mit-erhoehtem-rand-20cm-2\\\/#primaryimage\"},\"image\":{\"@id\":\"https:\\\/\\\/www.churchill1795.com\\\/de\\\/produkt\\\/organische-schale-mit-erhoehtem-rand-20cm-2\\\/#primaryimage\"},\"thumbnailUrl\":\"https:\\\/\\\/www.churchill1795.com\\\/wp-content\\\/uploads\\\/2024\\\/09\\\/TDGDWOB11.png\",\"datePublished\":\"2024-09-20T09:48:22+00:00\",\"dateModified\":\"2025-12-19T14:03:09+00:00\",\"description\":\"Eindrucksvolle Designs, die von K\u00fcstenlandschaften inspiriert sind. F\u00fcr den professionellen Gebrauch hergestellt, vollst\u00e4ndig verglast und mit einer reaktiven Glasur f\u00fcr eine taktile Oberfl\u00e4che versehen. Erfahren Sie mehr.\",\"breadcrumb\":{\"@id\":\"https:\\\/\\\/www.churchill1795.com\\\/de\\\/produkt\\\/organische-schale-mit-erhoehtem-rand-20cm-2\\\/#breadcrumb\"},\"inLanguage\":\"de\",\"potentialAction\":[{\"@type\":\"ReadAction\",\"target\":[\"https:\\\/\\\/www.churchill1795.com\\\/de\\\/produkt\\\/organische-schale-mit-erhoehtem-rand-20cm-2\\\/\"]}]},{\"@type\":\"ImageObject\",\"inLanguage\":\"de\",\"@id\":\"https:\\\/\\\/www.churchill1795.com\\\/de\\\/produkt\\\/organische-schale-mit-erhoehtem-rand-20cm-2\\\/#primaryimage\",\"url\":\"https:\\\/\\\/www.churchill1795.com\\\/wp-content\\\/uploads\\\/2024\\\/09\\\/TDGDWOB11.png\",\"contentUrl\":\"https:\\\/\\\/www.churchill1795.com\\\/wp-content\\\/uploads\\\/2024\\\/09\\\/TDGDWOB11.png\",\"width\":1000,\"height\":1000},{\"@type\":\"BreadcrumbList\",\"@id\":\"https:\\\/\\\/www.churchill1795.com\\\/de\\\/produkt\\\/organische-schale-mit-erhoehtem-rand-20cm-2\\\/#breadcrumb\",\"itemListElement\":[{\"@type\":\"ListItem\",\"position\":1,\"name\":\"Home\",\"item\":\"https:\\\/\\\/www.churchill1795.com\\\/de\\\/\"},{\"@type\":\"ListItem\",\"position\":2,\"name\":\"ORGANISCHE SCHALE MIT ERH\u00d6HTEM RAND 20CM\"}]},{\"@type\":\"WebSite\",\"@id\":\"https:\\\/\\\/www.churchill1795.com\\\/en\\\/#website\",\"url\":\"https:\\\/\\\/www.churchill1795.com\\\/en\\\/\",\"name\":\"Churchill\",\"description\":\"Innovation, Passion &amp; expertise\",\"publisher\":{\"@id\":\"https:\\\/\\\/www.churchill1795.com\\\/en\\\/#organization\"},\"potentialAction\":[{\"@type\":\"SearchAction\",\"target\":{\"@type\":\"EntryPoint\",\"urlTemplate\":\"https:\\\/\\\/www.churchill1795.com\\\/en\\\/?s={search_term_string}\"},\"query-input\":{\"@type\":\"PropertyValueSpecification\",\"valueRequired\":true,\"valueName\":\"search_term_string\"}}],\"inLanguage\":\"de\"},{\"@type\":\"Organization\",\"@id\":\"https:\\\/\\\/www.churchill1795.com\\\/en\\\/#organization\",\"name\":\"Churchill\",\"url\":\"https:\\\/\\\/www.churchill1795.com\\\/en\\\/\",\"logo\":{\"@type\":\"ImageObject\",\"inLanguage\":\"de\",\"@id\":\"https:\\\/\\\/www.churchill1795.com\\\/en\\\/#\\\/schema\\\/logo\\\/image\\\/\",\"url\":\"https:\\\/\\\/www.churchill1795.com\\\/wp-content\\\/uploads\\\/2024\\\/09\\\/logo-1.webp\",\"contentUrl\":\"https:\\\/\\\/www.churchill1795.com\\\/wp-content\\\/uploads\\\/2024\\\/09\\\/logo-1.webp\",\"width\":240,\"height\":88,\"caption\":\"Churchill\"},\"image\":{\"@id\":\"https:\\\/\\\/www.churchill1795.com\\\/en\\\/#\\\/schema\\\/logo\\\/image\\\/\"}}]}<\/script>\n<!-- \/ Yoast SEO plugin. -->","yoast_head_json":{"title":"Churchill Tide Gold Organische Teller mit erh\u00f6htem Rand 20cm","description":"Eindrucksvolle Designs, die von K\u00fcstenlandschaften inspiriert sind. F\u00fcr den professionellen Gebrauch hergestellt, vollst\u00e4ndig verglast und mit einer reaktiven Glasur f\u00fcr eine taktile Oberfl\u00e4che versehen. Erfahren Sie mehr.","robots":{"index":"index","follow":"follow","max-snippet":"max-snippet:-1","max-image-preview":"max-image-preview:large","max-video-preview":"max-video-preview:-1"},"canonical":"https:\/\/www.churchill1795.com\/de\/produkt\/organische-schale-mit-erhoehtem-rand-20cm-2\/","og_locale":"de_DE","og_type":"article","og_title":"Churchill Tide Gold Organische Teller mit erh\u00f6htem Rand 20cm","og_description":"Eindrucksvolle Designs, die von K\u00fcstenlandschaften inspiriert sind. F\u00fcr den professionellen Gebrauch hergestellt, vollst\u00e4ndig verglast und mit einer reaktiven Glasur f\u00fcr eine taktile Oberfl\u00e4che versehen. Erfahren Sie mehr.","og_url":"https:\/\/www.churchill1795.com\/de\/produkt\/organische-schale-mit-erhoehtem-rand-20cm-2\/","og_site_name":"Churchill","article_modified_time":"2025-12-19T14:03:09+00:00","og_image":[{"width":1000,"height":1000,"url":"https:\/\/www.churchill1795.com\/wp-content\/uploads\/2024\/09\/TDGDWOB11.png","type":"image\/png"}],"twitter_card":"summary_large_image","twitter_misc":{"Gesch\u00e4tzte Lesezeit":"1\u00a0Minute"},"schema":{"@context":"https:\/\/schema.org","@graph":[{"@type":"WebPage","@id":"https:\/\/www.churchill1795.com\/de\/produkt\/organische-schale-mit-erhoehtem-rand-20cm-2\/","url":"https:\/\/www.churchill1795.com\/de\/produkt\/organische-schale-mit-erhoehtem-rand-20cm-2\/","name":"Churchill Tide Gold Organische Teller mit erh\u00f6htem Rand 20cm","isPartOf":{"@id":"https:\/\/www.churchill1795.com\/en\/#website"},"primaryImageOfPage":{"@id":"https:\/\/www.churchill1795.com\/de\/produkt\/organische-schale-mit-erhoehtem-rand-20cm-2\/#primaryimage"},"image":{"@id":"https:\/\/www.churchill1795.com\/de\/produkt\/organische-schale-mit-erhoehtem-rand-20cm-2\/#primaryimage"},"thumbnailUrl":"https:\/\/www.churchill1795.com\/wp-content\/uploads\/2024\/09\/TDGDWOB11.png","datePublished":"2024-09-20T09:48:22+00:00","dateModified":"2025-12-19T14:03:09+00:00","description":"Eindrucksvolle Designs, die von K\u00fcstenlandschaften inspiriert sind. F\u00fcr den professionellen Gebrauch hergestellt, vollst\u00e4ndig verglast und mit einer reaktiven Glasur f\u00fcr eine taktile Oberfl\u00e4che versehen. Erfahren Sie mehr.","breadcrumb":{"@id":"https:\/\/www.churchill1795.com\/de\/produkt\/organische-schale-mit-erhoehtem-rand-20cm-2\/#breadcrumb"},"inLanguage":"de","potentialAction":[{"@type":"ReadAction","target":["https:\/\/www.churchill1795.com\/de\/produkt\/organische-schale-mit-erhoehtem-rand-20cm-2\/"]}]},{"@type":"ImageObject","inLanguage":"de","@id":"https:\/\/www.churchill1795.com\/de\/produkt\/organische-schale-mit-erhoehtem-rand-20cm-2\/#primaryimage","url":"https:\/\/www.churchill1795.com\/wp-content\/uploads\/2024\/09\/TDGDWOB11.png","contentUrl":"https:\/\/www.churchill1795.com\/wp-content\/uploads\/2024\/09\/TDGDWOB11.png","width":1000,"height":1000},{"@type":"BreadcrumbList","@id":"https:\/\/www.churchill1795.com\/de\/produkt\/organische-schale-mit-erhoehtem-rand-20cm-2\/#breadcrumb","itemListElement":[{"@type":"ListItem","position":1,"name":"Home","item":"https:\/\/www.churchill1795.com\/de\/"},{"@type":"ListItem","position":2,"name":"ORGANISCHE SCHALE MIT ERH\u00d6HTEM RAND 20CM"}]},{"@type":"WebSite","@id":"https:\/\/www.churchill1795.com\/en\/#website","url":"https:\/\/www.churchill1795.com\/en\/","name":"Churchill","description":"Innovation, Passion &amp; expertise","publisher":{"@id":"https:\/\/www.churchill1795.com\/en\/#organization"},"potentialAction":[{"@type":"SearchAction","target":{"@type":"EntryPoint","urlTemplate":"https:\/\/www.churchill1795.com\/en\/?s={search_term_string}"},"query-input":{"@type":"PropertyValueSpecification","valueRequired":true,"valueName":"search_term_string"}}],"inLanguage":"de"},{"@type":"Organization","@id":"https:\/\/www.churchill1795.com\/en\/#organization","name":"Churchill","url":"https:\/\/www.churchill1795.com\/en\/","logo":{"@type":"ImageObject","inLanguage":"de","@id":"https:\/\/www.churchill1795.com\/en\/#\/schema\/logo\/image\/","url":"https:\/\/www.churchill1795.com\/wp-content\/uploads\/2024\/09\/logo-1.webp","contentUrl":"https:\/\/www.churchill1795.com\/wp-content\/uploads\/2024\/09\/logo-1.webp","width":240,"height":88,"caption":"Churchill"},"image":{"@id":"https:\/\/www.churchill1795.com\/en\/#\/schema\/logo\/image\/"}}]}},"_links":{"self":[{"href":"https:\/\/www.churchill1795.com\/de\/wp-json\/wp\/v2\/product\/48398","targetHints":{"allow":["GET"]}}],"collection":[{"href":"https:\/\/www.churchill1795.com\/de\/wp-json\/wp\/v2\/product"}],"about":[{"href":"https:\/\/www.churchill1795.com\/de\/wp-json\/wp\/v2\/types\/product"}],"wp:featuredmedia":[{"embeddable":true,"href":"https:\/\/www.churchill1795.com\/de\/wp-json\/wp\/v2\/media\/36956"}],"wp:attachment":[{"href":"https:\/\/www.churchill1795.com\/de\/wp-json\/wp\/v2\/media?parent=48398"}],"wp:term":[{"taxonomy":"product_brand","embeddable":true,"href":"https:\/\/www.churchill1795.com\/de\/wp-json\/wp\/v2\/product_brand?post=48398"},{"taxonomy":"product_cat","embeddable":true,"href":"https:\/\/www.churchill1795.com\/de\/wp-json\/wp\/v2\/product_cat?post=48398"},{"taxonomy":"product_tag","embeddable":true,"href":"https:\/\/www.churchill1795.com\/de\/wp-json\/wp\/v2\/product_tag?post=48398"}],"curies":[{"name":"wp","href":"https:\/\/api.w.org\/{rel}","templated":true}]}}