{"id":48225,"date":"2010-01-01T00:00:00","date_gmt":"2010-01-01T00:00:00","guid":{"rendered":"https:\/\/www.churchill1795.com\/?post_type=product&#038;p=48225"},"modified":"2025-12-19T13:44:29","modified_gmt":"2025-12-19T13:44:29","slug":"buffetschale-25-x-19-5-x-12-4cm","status":"publish","type":"product","link":"https:\/\/www.churchill1795.com\/de\/produkt\/buffetschale-25-x-19-5-x-12-4cm\/","title":{"rendered":"BUFFETSCHALE 25 X 19.5 X 12.4CM"},"content":{"rendered":"<p>Kombinieren Sie die vielseitigen Buffetteile aus Keramik, Holz und Melamin f\u00fcr die ultimative Pr\u00e4sentation von Speisen. Die Buffetl\u00f6sungen von Churchill aus gemischten Materialien sind so konzipiert, dass sie miteinander kombiniert werden k\u00f6nnen. Sie passen zu jedem Anlass, vom klassischen und eleganten Hotelbuffet \u00fcber ein rustikales, marktfrisches Mittagsmahl bis hin zum eleganten, urbanen Gesch\u00e4ftsessen.<\/p>\n","protected":false},"excerpt":{"rendered":"<p>Das hochwertige Melamin von Churchill bietet eine Vielzahl von Farben, Formen und Oberfl\u00e4chen, die mit dem umfassenden Geschirr- und Holzsortiment von Churchill kombiniert werden k\u00f6nnen.<\/p>\n","protected":false},"featured_media":4002,"template":"","meta":{"_acf_changed":false,"content-type":""},"product_brand":[],"product_cat":[10326,3603],"product_tag":[],"class_list":{"0":"post-48225","1":"product","2":"type-product","3":"status-publish","4":"has-post-thumbnail","6":"product_cat-buffet","7":"product_cat-serviergeschirr","8":"pa_colour-white-de","9":"pa_filter-capacity-116cl-39oz-de","10":"pa_filter-colour-weis","11":"pa_filter-material-melamin","12":"pa_filter-width-21-25cm-8-2-10-de","13":"pa_material-melamine-de","14":"pa_shape-organisch","15":"pa_size-25cm-9-3-4-de","16":"range-melamine","17":"shape-code-wm251","19":"first","20":"instock","21":"purchasable","22":"product-type-simple","23":"add-to-wishlist-after_add_to_cart"},"acf":[],"yoast_head":"<!-- This site is optimized with the Yoast SEO plugin v27.3 - https:\/\/yoast.com\/product\/yoast-seo-wordpress\/ -->\n<title>Churchill Moonstone Melamine White Buffetschale 25cm<\/title>\n<meta name=\"description\" content=\"Teil der hochwertigen Melaminkollektion von Churchill, die Buffets und Thekenaufsteller versch\u00f6nert. Erh\u00e4ltlich in einer Reihe von Formen und Farben.\" \/>\n<meta name=\"robots\" content=\"index, follow, max-snippet:-1, max-image-preview:large, max-video-preview:-1\" \/>\n<link rel=\"canonical\" href=\"https:\/\/www.churchill1795.com\/de\/produkt\/buffetschale-25-x-19-5-x-12-4cm\/\" \/>\n<meta property=\"og:locale\" content=\"de_DE\" \/>\n<meta property=\"og:type\" content=\"article\" \/>\n<meta property=\"og:title\" content=\"Churchill Moonstone Melamine White Buffetschale 25cm\" \/>\n<meta property=\"og:description\" content=\"Teil der hochwertigen Melaminkollektion von Churchill, die Buffets und Thekenaufsteller versch\u00f6nert. Erh\u00e4ltlich in einer Reihe von Formen und Farben.\" \/>\n<meta property=\"og:url\" content=\"https:\/\/www.churchill1795.com\/de\/produkt\/buffetschale-25-x-19-5-x-12-4cm\/\" \/>\n<meta property=\"og:site_name\" content=\"Churchill\" \/>\n<meta property=\"article:modified_time\" content=\"2025-12-19T13:44:29+00:00\" \/>\n<meta property=\"og:image\" content=\"https:\/\/www.churchill1795.com\/wp-content\/uploads\/2024\/05\/ZPL-WM251.png\" \/>\n\t<meta property=\"og:image:width\" content=\"1000\" \/>\n\t<meta property=\"og:image:height\" content=\"1000\" \/>\n\t<meta property=\"og:image:type\" content=\"image\/png\" \/>\n<meta name=\"twitter:card\" content=\"summary_large_image\" \/>\n<script type=\"application\/ld+json\" class=\"yoast-schema-graph\">{\"@context\":\"https:\\\/\\\/schema.org\",\"@graph\":[{\"@type\":\"WebPage\",\"@id\":\"https:\\\/\\\/www.churchill1795.com\\\/de\\\/produkt\\\/buffetschale-25-x-19-5-x-12-4cm\\\/\",\"url\":\"https:\\\/\\\/www.churchill1795.com\\\/de\\\/produkt\\\/buffetschale-25-x-19-5-x-12-4cm\\\/\",\"name\":\"Churchill Moonstone Melamine White Buffetschale 25cm\",\"isPartOf\":{\"@id\":\"https:\\\/\\\/www.churchill1795.com\\\/en\\\/#website\"},\"primaryImageOfPage\":{\"@id\":\"https:\\\/\\\/www.churchill1795.com\\\/de\\\/produkt\\\/buffetschale-25-x-19-5-x-12-4cm\\\/#primaryimage\"},\"image\":{\"@id\":\"https:\\\/\\\/www.churchill1795.com\\\/de\\\/produkt\\\/buffetschale-25-x-19-5-x-12-4cm\\\/#primaryimage\"},\"thumbnailUrl\":\"https:\\\/\\\/www.churchill1795.com\\\/wp-content\\\/uploads\\\/2024\\\/05\\\/ZPL-WM251.png\",\"datePublished\":\"2010-01-01T00:00:00+00:00\",\"dateModified\":\"2025-12-19T13:44:29+00:00\",\"description\":\"Teil der hochwertigen Melaminkollektion von Churchill, die Buffets und Thekenaufsteller versch\u00f6nert. Erh\u00e4ltlich in einer Reihe von Formen und Farben.\",\"breadcrumb\":{\"@id\":\"https:\\\/\\\/www.churchill1795.com\\\/de\\\/produkt\\\/buffetschale-25-x-19-5-x-12-4cm\\\/#breadcrumb\"},\"inLanguage\":\"de\",\"potentialAction\":[{\"@type\":\"ReadAction\",\"target\":[\"https:\\\/\\\/www.churchill1795.com\\\/de\\\/produkt\\\/buffetschale-25-x-19-5-x-12-4cm\\\/\"]}]},{\"@type\":\"ImageObject\",\"inLanguage\":\"de\",\"@id\":\"https:\\\/\\\/www.churchill1795.com\\\/de\\\/produkt\\\/buffetschale-25-x-19-5-x-12-4cm\\\/#primaryimage\",\"url\":\"https:\\\/\\\/www.churchill1795.com\\\/wp-content\\\/uploads\\\/2024\\\/05\\\/ZPL-WM251.png\",\"contentUrl\":\"https:\\\/\\\/www.churchill1795.com\\\/wp-content\\\/uploads\\\/2024\\\/05\\\/ZPL-WM251.png\",\"width\":1000,\"height\":1000},{\"@type\":\"BreadcrumbList\",\"@id\":\"https:\\\/\\\/www.churchill1795.com\\\/de\\\/produkt\\\/buffetschale-25-x-19-5-x-12-4cm\\\/#breadcrumb\",\"itemListElement\":[{\"@type\":\"ListItem\",\"position\":1,\"name\":\"Home\",\"item\":\"https:\\\/\\\/www.churchill1795.com\\\/de\\\/\"},{\"@type\":\"ListItem\",\"position\":2,\"name\":\"BUFFETSCHALE 25 X 19.5 X 12.4CM\"}]},{\"@type\":\"WebSite\",\"@id\":\"https:\\\/\\\/www.churchill1795.com\\\/en\\\/#website\",\"url\":\"https:\\\/\\\/www.churchill1795.com\\\/en\\\/\",\"name\":\"Churchill\",\"description\":\"Innovation, Passion &amp; expertise\",\"publisher\":{\"@id\":\"https:\\\/\\\/www.churchill1795.com\\\/en\\\/#organization\"},\"potentialAction\":[{\"@type\":\"SearchAction\",\"target\":{\"@type\":\"EntryPoint\",\"urlTemplate\":\"https:\\\/\\\/www.churchill1795.com\\\/en\\\/?s={search_term_string}\"},\"query-input\":{\"@type\":\"PropertyValueSpecification\",\"valueRequired\":true,\"valueName\":\"search_term_string\"}}],\"inLanguage\":\"de\"},{\"@type\":\"Organization\",\"@id\":\"https:\\\/\\\/www.churchill1795.com\\\/en\\\/#organization\",\"name\":\"Churchill\",\"url\":\"https:\\\/\\\/www.churchill1795.com\\\/en\\\/\",\"logo\":{\"@type\":\"ImageObject\",\"inLanguage\":\"de\",\"@id\":\"https:\\\/\\\/www.churchill1795.com\\\/en\\\/#\\\/schema\\\/logo\\\/image\\\/\",\"url\":\"https:\\\/\\\/www.churchill1795.com\\\/wp-content\\\/uploads\\\/2024\\\/09\\\/logo-1.webp\",\"contentUrl\":\"https:\\\/\\\/www.churchill1795.com\\\/wp-content\\\/uploads\\\/2024\\\/09\\\/logo-1.webp\",\"width\":240,\"height\":88,\"caption\":\"Churchill\"},\"image\":{\"@id\":\"https:\\\/\\\/www.churchill1795.com\\\/en\\\/#\\\/schema\\\/logo\\\/image\\\/\"}}]}<\/script>\n<!-- \/ Yoast SEO plugin. -->","yoast_head_json":{"title":"Churchill Moonstone Melamine White Buffetschale 25cm","description":"Teil der hochwertigen Melaminkollektion von Churchill, die Buffets und Thekenaufsteller versch\u00f6nert. Erh\u00e4ltlich in einer Reihe von Formen und Farben.","robots":{"index":"index","follow":"follow","max-snippet":"max-snippet:-1","max-image-preview":"max-image-preview:large","max-video-preview":"max-video-preview:-1"},"canonical":"https:\/\/www.churchill1795.com\/de\/produkt\/buffetschale-25-x-19-5-x-12-4cm\/","og_locale":"de_DE","og_type":"article","og_title":"Churchill Moonstone Melamine White Buffetschale 25cm","og_description":"Teil der hochwertigen Melaminkollektion von Churchill, die Buffets und Thekenaufsteller versch\u00f6nert. Erh\u00e4ltlich in einer Reihe von Formen und Farben.","og_url":"https:\/\/www.churchill1795.com\/de\/produkt\/buffetschale-25-x-19-5-x-12-4cm\/","og_site_name":"Churchill","article_modified_time":"2025-12-19T13:44:29+00:00","og_image":[{"width":1000,"height":1000,"url":"https:\/\/www.churchill1795.com\/wp-content\/uploads\/2024\/05\/ZPL-WM251.png","type":"image\/png"}],"twitter_card":"summary_large_image","schema":{"@context":"https:\/\/schema.org","@graph":[{"@type":"WebPage","@id":"https:\/\/www.churchill1795.com\/de\/produkt\/buffetschale-25-x-19-5-x-12-4cm\/","url":"https:\/\/www.churchill1795.com\/de\/produkt\/buffetschale-25-x-19-5-x-12-4cm\/","name":"Churchill Moonstone Melamine White Buffetschale 25cm","isPartOf":{"@id":"https:\/\/www.churchill1795.com\/en\/#website"},"primaryImageOfPage":{"@id":"https:\/\/www.churchill1795.com\/de\/produkt\/buffetschale-25-x-19-5-x-12-4cm\/#primaryimage"},"image":{"@id":"https:\/\/www.churchill1795.com\/de\/produkt\/buffetschale-25-x-19-5-x-12-4cm\/#primaryimage"},"thumbnailUrl":"https:\/\/www.churchill1795.com\/wp-content\/uploads\/2024\/05\/ZPL-WM251.png","datePublished":"2010-01-01T00:00:00+00:00","dateModified":"2025-12-19T13:44:29+00:00","description":"Teil der hochwertigen Melaminkollektion von Churchill, die Buffets und Thekenaufsteller versch\u00f6nert. Erh\u00e4ltlich in einer Reihe von Formen und Farben.","breadcrumb":{"@id":"https:\/\/www.churchill1795.com\/de\/produkt\/buffetschale-25-x-19-5-x-12-4cm\/#breadcrumb"},"inLanguage":"de","potentialAction":[{"@type":"ReadAction","target":["https:\/\/www.churchill1795.com\/de\/produkt\/buffetschale-25-x-19-5-x-12-4cm\/"]}]},{"@type":"ImageObject","inLanguage":"de","@id":"https:\/\/www.churchill1795.com\/de\/produkt\/buffetschale-25-x-19-5-x-12-4cm\/#primaryimage","url":"https:\/\/www.churchill1795.com\/wp-content\/uploads\/2024\/05\/ZPL-WM251.png","contentUrl":"https:\/\/www.churchill1795.com\/wp-content\/uploads\/2024\/05\/ZPL-WM251.png","width":1000,"height":1000},{"@type":"BreadcrumbList","@id":"https:\/\/www.churchill1795.com\/de\/produkt\/buffetschale-25-x-19-5-x-12-4cm\/#breadcrumb","itemListElement":[{"@type":"ListItem","position":1,"name":"Home","item":"https:\/\/www.churchill1795.com\/de\/"},{"@type":"ListItem","position":2,"name":"BUFFETSCHALE 25 X 19.5 X 12.4CM"}]},{"@type":"WebSite","@id":"https:\/\/www.churchill1795.com\/en\/#website","url":"https:\/\/www.churchill1795.com\/en\/","name":"Churchill","description":"Innovation, Passion &amp; expertise","publisher":{"@id":"https:\/\/www.churchill1795.com\/en\/#organization"},"potentialAction":[{"@type":"SearchAction","target":{"@type":"EntryPoint","urlTemplate":"https:\/\/www.churchill1795.com\/en\/?s={search_term_string}"},"query-input":{"@type":"PropertyValueSpecification","valueRequired":true,"valueName":"search_term_string"}}],"inLanguage":"de"},{"@type":"Organization","@id":"https:\/\/www.churchill1795.com\/en\/#organization","name":"Churchill","url":"https:\/\/www.churchill1795.com\/en\/","logo":{"@type":"ImageObject","inLanguage":"de","@id":"https:\/\/www.churchill1795.com\/en\/#\/schema\/logo\/image\/","url":"https:\/\/www.churchill1795.com\/wp-content\/uploads\/2024\/09\/logo-1.webp","contentUrl":"https:\/\/www.churchill1795.com\/wp-content\/uploads\/2024\/09\/logo-1.webp","width":240,"height":88,"caption":"Churchill"},"image":{"@id":"https:\/\/www.churchill1795.com\/en\/#\/schema\/logo\/image\/"}}]}},"_links":{"self":[{"href":"https:\/\/www.churchill1795.com\/de\/wp-json\/wp\/v2\/product\/48225","targetHints":{"allow":["GET"]}}],"collection":[{"href":"https:\/\/www.churchill1795.com\/de\/wp-json\/wp\/v2\/product"}],"about":[{"href":"https:\/\/www.churchill1795.com\/de\/wp-json\/wp\/v2\/types\/product"}],"wp:featuredmedia":[{"embeddable":true,"href":"https:\/\/www.churchill1795.com\/de\/wp-json\/wp\/v2\/media\/4002"}],"wp:attachment":[{"href":"https:\/\/www.churchill1795.com\/de\/wp-json\/wp\/v2\/media?parent=48225"}],"wp:term":[{"taxonomy":"product_brand","embeddable":true,"href":"https:\/\/www.churchill1795.com\/de\/wp-json\/wp\/v2\/product_brand?post=48225"},{"taxonomy":"product_cat","embeddable":true,"href":"https:\/\/www.churchill1795.com\/de\/wp-json\/wp\/v2\/product_cat?post=48225"},{"taxonomy":"product_tag","embeddable":true,"href":"https:\/\/www.churchill1795.com\/de\/wp-json\/wp\/v2\/product_tag?post=48225"}],"curies":[{"name":"wp","href":"https:\/\/api.w.org\/{rel}","templated":true}]}}