{"id":48189,"date":"2018-09-01T00:00:00","date_gmt":"2018-08-31T23:00:00","guid":{"rendered":"https:\/\/www.churchill1795.com\/?post_type=product&#038;p=48189"},"modified":"2025-12-19T13:41:06","modified_gmt":"2025-12-19T13:41:06","slug":"dessertmesser-21cm-5","status":"publish","type":"product","link":"https:\/\/www.churchill1795.com\/de\/produkt\/dessertmesser-21cm-5\/","title":{"rendered":"DESSERTMESSER 21CM"},"content":{"rendered":"<p>Das Besteck von Churchill wurde exklusiv von unserem Designteam in Gro\u00dfbritannien entworfen und ist besonders f\u00fcr das Gastgewerbe geeignet, wobei der Schwerpunkt auf St\u00e4rke, Komfort und Stil liegt.<\/p>\n","protected":false},"excerpt":{"rendered":"<p>Churchill-Besteck wird f\u00fcr die Gastronomie aus 18\/10-Edelstahl mit hochglanzpolierter Oberfl\u00e4che hergestellt. Isla verf\u00fcgt \u00fcber eine kr\u00e4ftige, strukturierte Pr\u00e4gung.<\/p>\n","protected":false},"featured_media":8934,"template":"","meta":{"_acf_changed":false,"content-type":""},"product_brand":[],"product_cat":[3593,3594],"product_tag":[],"class_list":{"0":"post-48189","1":"product","2":"type-product","3":"status-publish","4":"has-post-thumbnail","6":"product_cat-besteck","7":"product_cat-churchill-besteck","8":"pa_colour-silver-de","9":"pa_filter-colour-silber-de","10":"pa_filter-material-18-10-stahl","11":"pa_filter-width-4-0mm-de","12":"pa_material-stainless-steel-de","13":"pa_shape-besteck","14":"pa_size-21cm-7-5mm-de","15":"range-isla","16":"range-isla-cutlery","17":"shape-code-dekn1","19":"first","20":"instock","21":"purchasable","22":"product-type-simple","23":"add-to-wishlist-after_add_to_cart"},"acf":[],"yoast_head":"<!-- This site is optimized with the Yoast SEO plugin v27.2 - https:\/\/yoast.com\/product\/yoast-seo-wordpress\/ -->\n<title>Churchill Isla Dessertmesser | 18\/10 Edelstahl<\/title>\n<meta name=\"description\" content=\"Churchill-Besteck. 18\/10-Edelstahl mit hochgl\u00e4nzender Oberfl\u00e4che. Isla verf\u00fcgt \u00fcber eine strukturierte Pr\u00e4gung. Passende Keramik erh\u00e4ltlich.\" \/>\n<meta name=\"robots\" content=\"index, follow, max-snippet:-1, max-image-preview:large, max-video-preview:-1\" \/>\n<link rel=\"canonical\" href=\"https:\/\/www.churchill1795.com\/de\/produkt\/dessertmesser-21cm-5\/\" \/>\n<meta property=\"og:locale\" content=\"de_DE\" \/>\n<meta property=\"og:type\" content=\"article\" \/>\n<meta property=\"og:title\" content=\"Churchill Isla Dessertmesser | 18\/10 Edelstahl\" \/>\n<meta property=\"og:description\" content=\"Churchill-Besteck. 18\/10-Edelstahl mit hochgl\u00e4nzender Oberfl\u00e4che. Isla verf\u00fcgt \u00fcber eine strukturierte Pr\u00e4gung. Passende Keramik erh\u00e4ltlich.\" \/>\n<meta property=\"og:url\" content=\"https:\/\/www.churchill1795.com\/de\/produkt\/dessertmesser-21cm-5\/\" \/>\n<meta property=\"og:site_name\" content=\"Churchill\" \/>\n<meta property=\"article:modified_time\" content=\"2025-12-19T13:41:06+00:00\" \/>\n<meta property=\"og:image\" content=\"https:\/\/www.churchill1795.com\/wp-content\/uploads\/2024\/05\/IS-DEKN1.png\" \/>\n\t<meta property=\"og:image:width\" content=\"1000\" \/>\n\t<meta property=\"og:image:height\" content=\"1000\" \/>\n\t<meta property=\"og:image:type\" content=\"image\/png\" \/>\n<meta name=\"twitter:card\" content=\"summary_large_image\" \/>\n<script type=\"application\/ld+json\" class=\"yoast-schema-graph\">{\"@context\":\"https:\/\/schema.org\",\"@graph\":[{\"@type\":\"WebPage\",\"@id\":\"https:\/\/www.churchill1795.com\/de\/produkt\/dessertmesser-21cm-5\/\",\"url\":\"https:\/\/www.churchill1795.com\/de\/produkt\/dessertmesser-21cm-5\/\",\"name\":\"Churchill Isla Dessertmesser | 18\/10 Edelstahl\",\"isPartOf\":{\"@id\":\"https:\/\/www.churchill1795.com\/en\/#website\"},\"primaryImageOfPage\":{\"@id\":\"https:\/\/www.churchill1795.com\/de\/produkt\/dessertmesser-21cm-5\/#primaryimage\"},\"image\":{\"@id\":\"https:\/\/www.churchill1795.com\/de\/produkt\/dessertmesser-21cm-5\/#primaryimage\"},\"thumbnailUrl\":\"https:\/\/www.churchill1795.com\/wp-content\/uploads\/2024\/05\/IS-DEKN1.png\",\"datePublished\":\"2018-08-31T23:00:00+00:00\",\"dateModified\":\"2025-12-19T13:41:06+00:00\",\"description\":\"Churchill-Besteck. 18\/10-Edelstahl mit hochgl\u00e4nzender Oberfl\u00e4che. Isla verf\u00fcgt \u00fcber eine strukturierte Pr\u00e4gung. Passende Keramik erh\u00e4ltlich.\",\"breadcrumb\":{\"@id\":\"https:\/\/www.churchill1795.com\/de\/produkt\/dessertmesser-21cm-5\/#breadcrumb\"},\"inLanguage\":\"de\",\"potentialAction\":[{\"@type\":\"ReadAction\",\"target\":[\"https:\/\/www.churchill1795.com\/de\/produkt\/dessertmesser-21cm-5\/\"]}]},{\"@type\":\"ImageObject\",\"inLanguage\":\"de\",\"@id\":\"https:\/\/www.churchill1795.com\/de\/produkt\/dessertmesser-21cm-5\/#primaryimage\",\"url\":\"https:\/\/www.churchill1795.com\/wp-content\/uploads\/2024\/05\/IS-DEKN1.png\",\"contentUrl\":\"https:\/\/www.churchill1795.com\/wp-content\/uploads\/2024\/05\/IS-DEKN1.png\",\"width\":1000,\"height\":1000},{\"@type\":\"BreadcrumbList\",\"@id\":\"https:\/\/www.churchill1795.com\/de\/produkt\/dessertmesser-21cm-5\/#breadcrumb\",\"itemListElement\":[{\"@type\":\"ListItem\",\"position\":1,\"name\":\"Home\",\"item\":\"https:\/\/www.churchill1795.com\/de\/\"},{\"@type\":\"ListItem\",\"position\":2,\"name\":\"DESSERTMESSER 21CM\"}]},{\"@type\":\"WebSite\",\"@id\":\"https:\/\/www.churchill1795.com\/en\/#website\",\"url\":\"https:\/\/www.churchill1795.com\/en\/\",\"name\":\"Churchill\",\"description\":\"Innovation, Passion &amp; expertise\",\"publisher\":{\"@id\":\"https:\/\/www.churchill1795.com\/en\/#organization\"},\"potentialAction\":[{\"@type\":\"SearchAction\",\"target\":{\"@type\":\"EntryPoint\",\"urlTemplate\":\"https:\/\/www.churchill1795.com\/en\/?s={search_term_string}\"},\"query-input\":{\"@type\":\"PropertyValueSpecification\",\"valueRequired\":true,\"valueName\":\"search_term_string\"}}],\"inLanguage\":\"de\"},{\"@type\":\"Organization\",\"@id\":\"https:\/\/www.churchill1795.com\/en\/#organization\",\"name\":\"Churchill\",\"url\":\"https:\/\/www.churchill1795.com\/en\/\",\"logo\":{\"@type\":\"ImageObject\",\"inLanguage\":\"de\",\"@id\":\"https:\/\/www.churchill1795.com\/en\/#\/schema\/logo\/image\/\",\"url\":\"https:\/\/www.churchill1795.com\/wp-content\/uploads\/2024\/09\/logo-1.webp\",\"contentUrl\":\"https:\/\/www.churchill1795.com\/wp-content\/uploads\/2024\/09\/logo-1.webp\",\"width\":240,\"height\":88,\"caption\":\"Churchill\"},\"image\":{\"@id\":\"https:\/\/www.churchill1795.com\/en\/#\/schema\/logo\/image\/\"}}]}<\/script>\n<!-- \/ Yoast SEO plugin. -->","yoast_head_json":{"title":"Churchill Isla Dessertmesser | 18\/10 Edelstahl","description":"Churchill-Besteck. 18\/10-Edelstahl mit hochgl\u00e4nzender Oberfl\u00e4che. Isla verf\u00fcgt \u00fcber eine strukturierte Pr\u00e4gung. Passende Keramik erh\u00e4ltlich.","robots":{"index":"index","follow":"follow","max-snippet":"max-snippet:-1","max-image-preview":"max-image-preview:large","max-video-preview":"max-video-preview:-1"},"canonical":"https:\/\/www.churchill1795.com\/de\/produkt\/dessertmesser-21cm-5\/","og_locale":"de_DE","og_type":"article","og_title":"Churchill Isla Dessertmesser | 18\/10 Edelstahl","og_description":"Churchill-Besteck. 18\/10-Edelstahl mit hochgl\u00e4nzender Oberfl\u00e4che. Isla verf\u00fcgt \u00fcber eine strukturierte Pr\u00e4gung. Passende Keramik erh\u00e4ltlich.","og_url":"https:\/\/www.churchill1795.com\/de\/produkt\/dessertmesser-21cm-5\/","og_site_name":"Churchill","article_modified_time":"2025-12-19T13:41:06+00:00","og_image":[{"width":1000,"height":1000,"url":"https:\/\/www.churchill1795.com\/wp-content\/uploads\/2024\/05\/IS-DEKN1.png","type":"image\/png"}],"twitter_card":"summary_large_image","schema":{"@context":"https:\/\/schema.org","@graph":[{"@type":"WebPage","@id":"https:\/\/www.churchill1795.com\/de\/produkt\/dessertmesser-21cm-5\/","url":"https:\/\/www.churchill1795.com\/de\/produkt\/dessertmesser-21cm-5\/","name":"Churchill Isla Dessertmesser | 18\/10 Edelstahl","isPartOf":{"@id":"https:\/\/www.churchill1795.com\/en\/#website"},"primaryImageOfPage":{"@id":"https:\/\/www.churchill1795.com\/de\/produkt\/dessertmesser-21cm-5\/#primaryimage"},"image":{"@id":"https:\/\/www.churchill1795.com\/de\/produkt\/dessertmesser-21cm-5\/#primaryimage"},"thumbnailUrl":"https:\/\/www.churchill1795.com\/wp-content\/uploads\/2024\/05\/IS-DEKN1.png","datePublished":"2018-08-31T23:00:00+00:00","dateModified":"2025-12-19T13:41:06+00:00","description":"Churchill-Besteck. 18\/10-Edelstahl mit hochgl\u00e4nzender Oberfl\u00e4che. Isla verf\u00fcgt \u00fcber eine strukturierte Pr\u00e4gung. Passende Keramik erh\u00e4ltlich.","breadcrumb":{"@id":"https:\/\/www.churchill1795.com\/de\/produkt\/dessertmesser-21cm-5\/#breadcrumb"},"inLanguage":"de","potentialAction":[{"@type":"ReadAction","target":["https:\/\/www.churchill1795.com\/de\/produkt\/dessertmesser-21cm-5\/"]}]},{"@type":"ImageObject","inLanguage":"de","@id":"https:\/\/www.churchill1795.com\/de\/produkt\/dessertmesser-21cm-5\/#primaryimage","url":"https:\/\/www.churchill1795.com\/wp-content\/uploads\/2024\/05\/IS-DEKN1.png","contentUrl":"https:\/\/www.churchill1795.com\/wp-content\/uploads\/2024\/05\/IS-DEKN1.png","width":1000,"height":1000},{"@type":"BreadcrumbList","@id":"https:\/\/www.churchill1795.com\/de\/produkt\/dessertmesser-21cm-5\/#breadcrumb","itemListElement":[{"@type":"ListItem","position":1,"name":"Home","item":"https:\/\/www.churchill1795.com\/de\/"},{"@type":"ListItem","position":2,"name":"DESSERTMESSER 21CM"}]},{"@type":"WebSite","@id":"https:\/\/www.churchill1795.com\/en\/#website","url":"https:\/\/www.churchill1795.com\/en\/","name":"Churchill","description":"Innovation, Passion &amp; expertise","publisher":{"@id":"https:\/\/www.churchill1795.com\/en\/#organization"},"potentialAction":[{"@type":"SearchAction","target":{"@type":"EntryPoint","urlTemplate":"https:\/\/www.churchill1795.com\/en\/?s={search_term_string}"},"query-input":{"@type":"PropertyValueSpecification","valueRequired":true,"valueName":"search_term_string"}}],"inLanguage":"de"},{"@type":"Organization","@id":"https:\/\/www.churchill1795.com\/en\/#organization","name":"Churchill","url":"https:\/\/www.churchill1795.com\/en\/","logo":{"@type":"ImageObject","inLanguage":"de","@id":"https:\/\/www.churchill1795.com\/en\/#\/schema\/logo\/image\/","url":"https:\/\/www.churchill1795.com\/wp-content\/uploads\/2024\/09\/logo-1.webp","contentUrl":"https:\/\/www.churchill1795.com\/wp-content\/uploads\/2024\/09\/logo-1.webp","width":240,"height":88,"caption":"Churchill"},"image":{"@id":"https:\/\/www.churchill1795.com\/en\/#\/schema\/logo\/image\/"}}]}},"_links":{"self":[{"href":"https:\/\/www.churchill1795.com\/de\/wp-json\/wp\/v2\/product\/48189","targetHints":{"allow":["GET"]}}],"collection":[{"href":"https:\/\/www.churchill1795.com\/de\/wp-json\/wp\/v2\/product"}],"about":[{"href":"https:\/\/www.churchill1795.com\/de\/wp-json\/wp\/v2\/types\/product"}],"wp:featuredmedia":[{"embeddable":true,"href":"https:\/\/www.churchill1795.com\/de\/wp-json\/wp\/v2\/media\/8934"}],"wp:attachment":[{"href":"https:\/\/www.churchill1795.com\/de\/wp-json\/wp\/v2\/media?parent=48189"}],"wp:term":[{"taxonomy":"product_brand","embeddable":true,"href":"https:\/\/www.churchill1795.com\/de\/wp-json\/wp\/v2\/product_brand?post=48189"},{"taxonomy":"product_cat","embeddable":true,"href":"https:\/\/www.churchill1795.com\/de\/wp-json\/wp\/v2\/product_cat?post=48189"},{"taxonomy":"product_tag","embeddable":true,"href":"https:\/\/www.churchill1795.com\/de\/wp-json\/wp\/v2\/product_tag?post=48189"}],"curies":[{"name":"wp","href":"https:\/\/api.w.org\/{rel}","templated":true}]}}