{"id":47973,"date":"2023-05-01T00:00:00","date_gmt":"2023-04-30T23:00:00","guid":{"rendered":"https:\/\/www.churchill1795.com\/?post_type=product&#038;p=47973"},"modified":"2026-01-02T08:14:49","modified_gmt":"2026-01-02T08:14:49","slug":"teller-mit-erhoehtem-rand-21cm-26","status":"publish","type":"product","link":"https:\/\/www.churchill1795.com\/de\/produkt\/teller-mit-erhoehtem-rand-21cm-26\/","title":{"rendered":"TELLER MIT ERH\u00d6HTEM RAND 21CM"},"content":{"rendered":"<p>Das Harvest Mediterranean Design f\u00e4ngt den Charme S\u00fcdeuropas ein und l\u00e4sst sich von der handbemalten Tableware der K\u00fcstenl\u00e4nder der Region inspirieren. Harvest Mediterranean l\u00e4sst sich mit verschiedenen Mustern kombinieren und eignet sich daher perfekt f\u00fcr einen eklektischen Effekt auf dem Tisch. Das rustikale Mediterranean Design wird per Hand mit dem charakteristischen Harvest-Kantenband versehen und eignet sich perfekt zum Mischen mit anderen Farben aus dem Dudson-Portfolio.<\/p>\n","protected":false},"excerpt":{"rendered":"<p>Das Harvest Mediterranean Design ist vom Charme S\u00fcdeuropas durchdrungen und von den handbemalten Keramiken der K\u00fcstenl\u00e4nder der Region inspiriert.<\/p>\n","protected":false},"featured_media":12055,"template":"","meta":{"_acf_changed":false,"content-type":""},"product_brand":[],"product_cat":[3602,3597],"product_tag":[],"class_list":{"0":"post-47973","1":"product","2":"type-product","3":"status-publish","4":"has-post-thumbnail","6":"product_cat-etwas-besonders","7":"product_cat-teller","8":"pa_colour-terracotta-de","9":"pa_filter-colour-braun-de","10":"pa_filter-material-keramik","11":"pa_filter-width-21-25cm-8-2-10-de","12":"pa_material-finest-vitrified-de","13":"pa_shape-rund","14":"pa_size-21cm-8-1-4-de","15":"range-harvest-mediterranean","16":"brand-dudson","17":"tabletop-neutrals-de","18":"tabletop-warm-neutrals-de","19":"shape-code-wp211","21":"first","22":"instock","23":"purchasable","24":"product-type-simple","25":"add-to-wishlist-after_add_to_cart"},"acf":[],"yoast_head":"<!-- This site is optimized with the Yoast SEO plugin v27.3 - https:\/\/yoast.com\/product\/yoast-seo-wordpress\/ -->\n<title>Dudson Harvest Mediterranean Terracotta Teller mit Erh\u00f6htem Rand 21cm<\/title>\n<meta name=\"description\" content=\"Von handbemalter Keramik aus S\u00fcdeuropa inspiriert, aber f\u00fcr den Einsatz in Gro\u00dfk\u00fcchen entwickelt. Kombinieren Sie die Muster f\u00fcr einen eklektischen Tisch.\" \/>\n<meta name=\"robots\" content=\"index, follow, max-snippet:-1, max-image-preview:large, max-video-preview:-1\" \/>\n<link rel=\"canonical\" href=\"https:\/\/www.churchill1795.com\/de\/produkt\/teller-mit-erhoehtem-rand-21cm-26\/\" \/>\n<meta property=\"og:locale\" content=\"de_DE\" \/>\n<meta property=\"og:type\" content=\"article\" \/>\n<meta property=\"og:title\" content=\"Dudson Harvest Mediterranean Terracotta Teller mit Erh\u00f6htem Rand 21cm\" \/>\n<meta property=\"og:description\" content=\"Von handbemalter Keramik aus S\u00fcdeuropa inspiriert, aber f\u00fcr den Einsatz in Gro\u00dfk\u00fcchen entwickelt. Kombinieren Sie die Muster f\u00fcr einen eklektischen Tisch.\" \/>\n<meta property=\"og:url\" content=\"https:\/\/www.churchill1795.com\/de\/produkt\/teller-mit-erhoehtem-rand-21cm-26\/\" \/>\n<meta property=\"og:site_name\" content=\"Churchill\" \/>\n<meta property=\"article:modified_time\" content=\"2026-01-02T08:14:49+00:00\" \/>\n<meta property=\"og:image\" content=\"https:\/\/www.churchill1795.com\/wp-content\/uploads\/2024\/05\/METEWP211.png\" \/>\n\t<meta property=\"og:image:width\" content=\"1000\" \/>\n\t<meta property=\"og:image:height\" content=\"1000\" \/>\n\t<meta property=\"og:image:type\" content=\"image\/png\" \/>\n<meta name=\"twitter:card\" content=\"summary_large_image\" \/>\n<script type=\"application\/ld+json\" class=\"yoast-schema-graph\">{\"@context\":\"https:\\\/\\\/schema.org\",\"@graph\":[{\"@type\":\"WebPage\",\"@id\":\"https:\\\/\\\/www.churchill1795.com\\\/de\\\/produkt\\\/teller-mit-erhoehtem-rand-21cm-26\\\/\",\"url\":\"https:\\\/\\\/www.churchill1795.com\\\/de\\\/produkt\\\/teller-mit-erhoehtem-rand-21cm-26\\\/\",\"name\":\"Dudson Harvest Mediterranean Terracotta Teller mit Erh\u00f6htem Rand 21cm\",\"isPartOf\":{\"@id\":\"https:\\\/\\\/www.churchill1795.com\\\/en\\\/#website\"},\"primaryImageOfPage\":{\"@id\":\"https:\\\/\\\/www.churchill1795.com\\\/de\\\/produkt\\\/teller-mit-erhoehtem-rand-21cm-26\\\/#primaryimage\"},\"image\":{\"@id\":\"https:\\\/\\\/www.churchill1795.com\\\/de\\\/produkt\\\/teller-mit-erhoehtem-rand-21cm-26\\\/#primaryimage\"},\"thumbnailUrl\":\"https:\\\/\\\/www.churchill1795.com\\\/wp-content\\\/uploads\\\/2024\\\/05\\\/METEWP211.png\",\"datePublished\":\"2023-04-30T23:00:00+00:00\",\"dateModified\":\"2026-01-02T08:14:49+00:00\",\"description\":\"Von handbemalter Keramik aus S\u00fcdeuropa inspiriert, aber f\u00fcr den Einsatz in Gro\u00dfk\u00fcchen entwickelt. Kombinieren Sie die Muster f\u00fcr einen eklektischen Tisch.\",\"breadcrumb\":{\"@id\":\"https:\\\/\\\/www.churchill1795.com\\\/de\\\/produkt\\\/teller-mit-erhoehtem-rand-21cm-26\\\/#breadcrumb\"},\"inLanguage\":\"de\",\"potentialAction\":[{\"@type\":\"ReadAction\",\"target\":[\"https:\\\/\\\/www.churchill1795.com\\\/de\\\/produkt\\\/teller-mit-erhoehtem-rand-21cm-26\\\/\"]}]},{\"@type\":\"ImageObject\",\"inLanguage\":\"de\",\"@id\":\"https:\\\/\\\/www.churchill1795.com\\\/de\\\/produkt\\\/teller-mit-erhoehtem-rand-21cm-26\\\/#primaryimage\",\"url\":\"https:\\\/\\\/www.churchill1795.com\\\/wp-content\\\/uploads\\\/2024\\\/05\\\/METEWP211.png\",\"contentUrl\":\"https:\\\/\\\/www.churchill1795.com\\\/wp-content\\\/uploads\\\/2024\\\/05\\\/METEWP211.png\",\"width\":1000,\"height\":1000},{\"@type\":\"BreadcrumbList\",\"@id\":\"https:\\\/\\\/www.churchill1795.com\\\/de\\\/produkt\\\/teller-mit-erhoehtem-rand-21cm-26\\\/#breadcrumb\",\"itemListElement\":[{\"@type\":\"ListItem\",\"position\":1,\"name\":\"Home\",\"item\":\"https:\\\/\\\/www.churchill1795.com\\\/de\\\/\"},{\"@type\":\"ListItem\",\"position\":2,\"name\":\"TELLER MIT ERH\u00d6HTEM RAND 21CM\"}]},{\"@type\":\"WebSite\",\"@id\":\"https:\\\/\\\/www.churchill1795.com\\\/en\\\/#website\",\"url\":\"https:\\\/\\\/www.churchill1795.com\\\/en\\\/\",\"name\":\"Churchill\",\"description\":\"Innovation, Passion &amp; expertise\",\"publisher\":{\"@id\":\"https:\\\/\\\/www.churchill1795.com\\\/en\\\/#organization\"},\"potentialAction\":[{\"@type\":\"SearchAction\",\"target\":{\"@type\":\"EntryPoint\",\"urlTemplate\":\"https:\\\/\\\/www.churchill1795.com\\\/en\\\/?s={search_term_string}\"},\"query-input\":{\"@type\":\"PropertyValueSpecification\",\"valueRequired\":true,\"valueName\":\"search_term_string\"}}],\"inLanguage\":\"de\"},{\"@type\":\"Organization\",\"@id\":\"https:\\\/\\\/www.churchill1795.com\\\/en\\\/#organization\",\"name\":\"Churchill\",\"url\":\"https:\\\/\\\/www.churchill1795.com\\\/en\\\/\",\"logo\":{\"@type\":\"ImageObject\",\"inLanguage\":\"de\",\"@id\":\"https:\\\/\\\/www.churchill1795.com\\\/en\\\/#\\\/schema\\\/logo\\\/image\\\/\",\"url\":\"https:\\\/\\\/www.churchill1795.com\\\/wp-content\\\/uploads\\\/2024\\\/09\\\/logo-1.webp\",\"contentUrl\":\"https:\\\/\\\/www.churchill1795.com\\\/wp-content\\\/uploads\\\/2024\\\/09\\\/logo-1.webp\",\"width\":240,\"height\":88,\"caption\":\"Churchill\"},\"image\":{\"@id\":\"https:\\\/\\\/www.churchill1795.com\\\/en\\\/#\\\/schema\\\/logo\\\/image\\\/\"}}]}<\/script>\n<!-- \/ Yoast SEO plugin. -->","yoast_head_json":{"title":"Dudson Harvest Mediterranean Terracotta Teller mit Erh\u00f6htem Rand 21cm","description":"Von handbemalter Keramik aus S\u00fcdeuropa inspiriert, aber f\u00fcr den Einsatz in Gro\u00dfk\u00fcchen entwickelt. Kombinieren Sie die Muster f\u00fcr einen eklektischen Tisch.","robots":{"index":"index","follow":"follow","max-snippet":"max-snippet:-1","max-image-preview":"max-image-preview:large","max-video-preview":"max-video-preview:-1"},"canonical":"https:\/\/www.churchill1795.com\/de\/produkt\/teller-mit-erhoehtem-rand-21cm-26\/","og_locale":"de_DE","og_type":"article","og_title":"Dudson Harvest Mediterranean Terracotta Teller mit Erh\u00f6htem Rand 21cm","og_description":"Von handbemalter Keramik aus S\u00fcdeuropa inspiriert, aber f\u00fcr den Einsatz in Gro\u00dfk\u00fcchen entwickelt. Kombinieren Sie die Muster f\u00fcr einen eklektischen Tisch.","og_url":"https:\/\/www.churchill1795.com\/de\/produkt\/teller-mit-erhoehtem-rand-21cm-26\/","og_site_name":"Churchill","article_modified_time":"2026-01-02T08:14:49+00:00","og_image":[{"width":1000,"height":1000,"url":"https:\/\/www.churchill1795.com\/wp-content\/uploads\/2024\/05\/METEWP211.png","type":"image\/png"}],"twitter_card":"summary_large_image","schema":{"@context":"https:\/\/schema.org","@graph":[{"@type":"WebPage","@id":"https:\/\/www.churchill1795.com\/de\/produkt\/teller-mit-erhoehtem-rand-21cm-26\/","url":"https:\/\/www.churchill1795.com\/de\/produkt\/teller-mit-erhoehtem-rand-21cm-26\/","name":"Dudson Harvest Mediterranean Terracotta Teller mit Erh\u00f6htem Rand 21cm","isPartOf":{"@id":"https:\/\/www.churchill1795.com\/en\/#website"},"primaryImageOfPage":{"@id":"https:\/\/www.churchill1795.com\/de\/produkt\/teller-mit-erhoehtem-rand-21cm-26\/#primaryimage"},"image":{"@id":"https:\/\/www.churchill1795.com\/de\/produkt\/teller-mit-erhoehtem-rand-21cm-26\/#primaryimage"},"thumbnailUrl":"https:\/\/www.churchill1795.com\/wp-content\/uploads\/2024\/05\/METEWP211.png","datePublished":"2023-04-30T23:00:00+00:00","dateModified":"2026-01-02T08:14:49+00:00","description":"Von handbemalter Keramik aus S\u00fcdeuropa inspiriert, aber f\u00fcr den Einsatz in Gro\u00dfk\u00fcchen entwickelt. Kombinieren Sie die Muster f\u00fcr einen eklektischen Tisch.","breadcrumb":{"@id":"https:\/\/www.churchill1795.com\/de\/produkt\/teller-mit-erhoehtem-rand-21cm-26\/#breadcrumb"},"inLanguage":"de","potentialAction":[{"@type":"ReadAction","target":["https:\/\/www.churchill1795.com\/de\/produkt\/teller-mit-erhoehtem-rand-21cm-26\/"]}]},{"@type":"ImageObject","inLanguage":"de","@id":"https:\/\/www.churchill1795.com\/de\/produkt\/teller-mit-erhoehtem-rand-21cm-26\/#primaryimage","url":"https:\/\/www.churchill1795.com\/wp-content\/uploads\/2024\/05\/METEWP211.png","contentUrl":"https:\/\/www.churchill1795.com\/wp-content\/uploads\/2024\/05\/METEWP211.png","width":1000,"height":1000},{"@type":"BreadcrumbList","@id":"https:\/\/www.churchill1795.com\/de\/produkt\/teller-mit-erhoehtem-rand-21cm-26\/#breadcrumb","itemListElement":[{"@type":"ListItem","position":1,"name":"Home","item":"https:\/\/www.churchill1795.com\/de\/"},{"@type":"ListItem","position":2,"name":"TELLER MIT ERH\u00d6HTEM RAND 21CM"}]},{"@type":"WebSite","@id":"https:\/\/www.churchill1795.com\/en\/#website","url":"https:\/\/www.churchill1795.com\/en\/","name":"Churchill","description":"Innovation, Passion &amp; expertise","publisher":{"@id":"https:\/\/www.churchill1795.com\/en\/#organization"},"potentialAction":[{"@type":"SearchAction","target":{"@type":"EntryPoint","urlTemplate":"https:\/\/www.churchill1795.com\/en\/?s={search_term_string}"},"query-input":{"@type":"PropertyValueSpecification","valueRequired":true,"valueName":"search_term_string"}}],"inLanguage":"de"},{"@type":"Organization","@id":"https:\/\/www.churchill1795.com\/en\/#organization","name":"Churchill","url":"https:\/\/www.churchill1795.com\/en\/","logo":{"@type":"ImageObject","inLanguage":"de","@id":"https:\/\/www.churchill1795.com\/en\/#\/schema\/logo\/image\/","url":"https:\/\/www.churchill1795.com\/wp-content\/uploads\/2024\/09\/logo-1.webp","contentUrl":"https:\/\/www.churchill1795.com\/wp-content\/uploads\/2024\/09\/logo-1.webp","width":240,"height":88,"caption":"Churchill"},"image":{"@id":"https:\/\/www.churchill1795.com\/en\/#\/schema\/logo\/image\/"}}]}},"_links":{"self":[{"href":"https:\/\/www.churchill1795.com\/de\/wp-json\/wp\/v2\/product\/47973","targetHints":{"allow":["GET"]}}],"collection":[{"href":"https:\/\/www.churchill1795.com\/de\/wp-json\/wp\/v2\/product"}],"about":[{"href":"https:\/\/www.churchill1795.com\/de\/wp-json\/wp\/v2\/types\/product"}],"wp:featuredmedia":[{"embeddable":true,"href":"https:\/\/www.churchill1795.com\/de\/wp-json\/wp\/v2\/media\/12055"}],"wp:attachment":[{"href":"https:\/\/www.churchill1795.com\/de\/wp-json\/wp\/v2\/media?parent=47973"}],"wp:term":[{"taxonomy":"product_brand","embeddable":true,"href":"https:\/\/www.churchill1795.com\/de\/wp-json\/wp\/v2\/product_brand?post=47973"},{"taxonomy":"product_cat","embeddable":true,"href":"https:\/\/www.churchill1795.com\/de\/wp-json\/wp\/v2\/product_cat?post=47973"},{"taxonomy":"product_tag","embeddable":true,"href":"https:\/\/www.churchill1795.com\/de\/wp-json\/wp\/v2\/product_tag?post=47973"}],"curies":[{"name":"wp","href":"https:\/\/api.w.org\/{rel}","templated":true}]}}