{"id":47929,"date":"2023-05-01T00:00:00","date_gmt":"2023-04-30T23:00:00","guid":{"rendered":"https:\/\/www.churchill1795.com\/?post_type=product&#038;p=47929"},"modified":"2025-12-19T13:16:42","modified_gmt":"2025-12-19T13:16:42","slug":"organische-coupe-schale-27-9cm","status":"publish","type":"product","link":"https:\/\/www.churchill1795.com\/de\/produkt\/organische-coupe-schale-27-9cm\/","title":{"rendered":"ORGANISCHE COUPE SCHALE 27.9CM"},"content":{"rendered":"<p>Harvest Grain ist eine Weiterentwicklung der urspr\u00fcnglichen Produktserie mit einer gesprenkelten Glasur, die die nat\u00fcrlichen und erdigen K\u00f6rner von landwirtschaftlichen Regionen widerspiegelt und die Philosophie &#8222;Vom Hof auf den Tisch&#8220; widerspiegelt. Harvest Grain wird mit einer handgetauchten, gesprenkelten Glasur veredelt, die f\u00fcr industrielle Widerstandsf\u00e4higkeit sorgt.<\/p>\n","protected":false},"excerpt":{"rendered":"<p>Harvest Grain ist eine Weiterentwicklung der urspr\u00fcnglichen Serie mit einer gesprenkelten Glasur, die von den nat\u00fcrlichen und erdigen K\u00f6rnern inspiriert wurde, die man in landwirtschaftlichen Gebieten findet.<\/p>\n","protected":false},"featured_media":25035,"template":"","meta":{"_acf_changed":false,"content-type":""},"product_brand":[],"product_cat":[3589,3588],"product_tag":[],"class_list":{"0":"post-47929","1":"product","2":"type-product","3":"status-publish","4":"has-post-thumbnail","6":"product_cat-coupe-schalen","7":"product_cat-schalen","8":"pa_colour-speckled-green-de","9":"pa_filter-capacity-116cl-39oz-de","10":"pa_filter-colour-grun","11":"pa_filter-material-keramik","12":"pa_filter-width-26-32cm-10-2-12-5-de","13":"pa_material-finest-vitrified-de","14":"pa_shape-rund","15":"pa_size-27-9cm-11-de","16":"range-harvest-grain","17":"brand-dudson","18":"tabletop-boho-warmth-de","19":"tabletop-retro-de","20":"shape-code-dc291","22":"first","23":"instock","24":"purchasable","25":"product-type-simple","26":"add-to-wishlist-after_add_to_cart"},"acf":[],"yoast_head":"<!-- This site is optimized with the Yoast SEO plugin v27.3 - https:\/\/yoast.com\/product\/yoast-seo-wordpress\/ -->\n<title>Dudson Harvest Grain Green Organic Coupe Schale 27.9cm<\/title>\n<meta name=\"description\" content=\"Nat\u00fcrliche Farbt\u00f6ne mit einer gesprenkelten Glasur, von Hand getaucht f\u00fcr ein rustikales Gef\u00fchl. Glasiert f\u00fcr Festigkeit.\" \/>\n<meta name=\"robots\" content=\"index, follow, max-snippet:-1, max-image-preview:large, max-video-preview:-1\" \/>\n<link rel=\"canonical\" href=\"https:\/\/www.churchill1795.com\/de\/produkt\/organische-coupe-schale-27-9cm\/\" \/>\n<meta property=\"og:locale\" content=\"de_DE\" \/>\n<meta property=\"og:type\" content=\"article\" \/>\n<meta property=\"og:title\" content=\"Dudson Harvest Grain Green Organic Coupe Schale 27.9cm\" \/>\n<meta property=\"og:description\" content=\"Nat\u00fcrliche Farbt\u00f6ne mit einer gesprenkelten Glasur, von Hand getaucht f\u00fcr ein rustikales Gef\u00fchl. Glasiert f\u00fcr Festigkeit.\" \/>\n<meta property=\"og:url\" content=\"https:\/\/www.churchill1795.com\/de\/produkt\/organische-coupe-schale-27-9cm\/\" \/>\n<meta property=\"og:site_name\" content=\"Churchill\" \/>\n<meta property=\"article:modified_time\" content=\"2025-12-19T13:16:42+00:00\" \/>\n<meta property=\"og:image\" content=\"https:\/\/www.churchill1795.com\/wp-content\/uploads\/2024\/07\/HGGSDC291.png\" \/>\n\t<meta property=\"og:image:width\" content=\"1000\" \/>\n\t<meta property=\"og:image:height\" content=\"1000\" \/>\n\t<meta property=\"og:image:type\" content=\"image\/png\" \/>\n<meta name=\"twitter:card\" content=\"summary_large_image\" \/>\n<script type=\"application\/ld+json\" class=\"yoast-schema-graph\">{\"@context\":\"https:\\\/\\\/schema.org\",\"@graph\":[{\"@type\":\"WebPage\",\"@id\":\"https:\\\/\\\/www.churchill1795.com\\\/de\\\/produkt\\\/organische-coupe-schale-27-9cm\\\/\",\"url\":\"https:\\\/\\\/www.churchill1795.com\\\/de\\\/produkt\\\/organische-coupe-schale-27-9cm\\\/\",\"name\":\"Dudson Harvest Grain Green Organic Coupe Schale 27.9cm\",\"isPartOf\":{\"@id\":\"https:\\\/\\\/www.churchill1795.com\\\/en\\\/#website\"},\"primaryImageOfPage\":{\"@id\":\"https:\\\/\\\/www.churchill1795.com\\\/de\\\/produkt\\\/organische-coupe-schale-27-9cm\\\/#primaryimage\"},\"image\":{\"@id\":\"https:\\\/\\\/www.churchill1795.com\\\/de\\\/produkt\\\/organische-coupe-schale-27-9cm\\\/#primaryimage\"},\"thumbnailUrl\":\"https:\\\/\\\/www.churchill1795.com\\\/wp-content\\\/uploads\\\/2024\\\/07\\\/HGGSDC291.png\",\"datePublished\":\"2023-04-30T23:00:00+00:00\",\"dateModified\":\"2025-12-19T13:16:42+00:00\",\"description\":\"Nat\u00fcrliche Farbt\u00f6ne mit einer gesprenkelten Glasur, von Hand getaucht f\u00fcr ein rustikales Gef\u00fchl. Glasiert f\u00fcr Festigkeit.\",\"breadcrumb\":{\"@id\":\"https:\\\/\\\/www.churchill1795.com\\\/de\\\/produkt\\\/organische-coupe-schale-27-9cm\\\/#breadcrumb\"},\"inLanguage\":\"de\",\"potentialAction\":[{\"@type\":\"ReadAction\",\"target\":[\"https:\\\/\\\/www.churchill1795.com\\\/de\\\/produkt\\\/organische-coupe-schale-27-9cm\\\/\"]}]},{\"@type\":\"ImageObject\",\"inLanguage\":\"de\",\"@id\":\"https:\\\/\\\/www.churchill1795.com\\\/de\\\/produkt\\\/organische-coupe-schale-27-9cm\\\/#primaryimage\",\"url\":\"https:\\\/\\\/www.churchill1795.com\\\/wp-content\\\/uploads\\\/2024\\\/07\\\/HGGSDC291.png\",\"contentUrl\":\"https:\\\/\\\/www.churchill1795.com\\\/wp-content\\\/uploads\\\/2024\\\/07\\\/HGGSDC291.png\",\"width\":1000,\"height\":1000},{\"@type\":\"BreadcrumbList\",\"@id\":\"https:\\\/\\\/www.churchill1795.com\\\/de\\\/produkt\\\/organische-coupe-schale-27-9cm\\\/#breadcrumb\",\"itemListElement\":[{\"@type\":\"ListItem\",\"position\":1,\"name\":\"Home\",\"item\":\"https:\\\/\\\/www.churchill1795.com\\\/de\\\/\"},{\"@type\":\"ListItem\",\"position\":2,\"name\":\"ORGANISCHE COUPE SCHALE 27.9CM\"}]},{\"@type\":\"WebSite\",\"@id\":\"https:\\\/\\\/www.churchill1795.com\\\/en\\\/#website\",\"url\":\"https:\\\/\\\/www.churchill1795.com\\\/en\\\/\",\"name\":\"Churchill\",\"description\":\"Innovation, Passion &amp; expertise\",\"publisher\":{\"@id\":\"https:\\\/\\\/www.churchill1795.com\\\/en\\\/#organization\"},\"potentialAction\":[{\"@type\":\"SearchAction\",\"target\":{\"@type\":\"EntryPoint\",\"urlTemplate\":\"https:\\\/\\\/www.churchill1795.com\\\/en\\\/?s={search_term_string}\"},\"query-input\":{\"@type\":\"PropertyValueSpecification\",\"valueRequired\":true,\"valueName\":\"search_term_string\"}}],\"inLanguage\":\"de\"},{\"@type\":\"Organization\",\"@id\":\"https:\\\/\\\/www.churchill1795.com\\\/en\\\/#organization\",\"name\":\"Churchill\",\"url\":\"https:\\\/\\\/www.churchill1795.com\\\/en\\\/\",\"logo\":{\"@type\":\"ImageObject\",\"inLanguage\":\"de\",\"@id\":\"https:\\\/\\\/www.churchill1795.com\\\/en\\\/#\\\/schema\\\/logo\\\/image\\\/\",\"url\":\"https:\\\/\\\/www.churchill1795.com\\\/wp-content\\\/uploads\\\/2024\\\/09\\\/logo-1.webp\",\"contentUrl\":\"https:\\\/\\\/www.churchill1795.com\\\/wp-content\\\/uploads\\\/2024\\\/09\\\/logo-1.webp\",\"width\":240,\"height\":88,\"caption\":\"Churchill\"},\"image\":{\"@id\":\"https:\\\/\\\/www.churchill1795.com\\\/en\\\/#\\\/schema\\\/logo\\\/image\\\/\"}}]}<\/script>\n<!-- \/ Yoast SEO plugin. -->","yoast_head_json":{"title":"Dudson Harvest Grain Green Organic Coupe Schale 27.9cm","description":"Nat\u00fcrliche Farbt\u00f6ne mit einer gesprenkelten Glasur, von Hand getaucht f\u00fcr ein rustikales Gef\u00fchl. Glasiert f\u00fcr Festigkeit.","robots":{"index":"index","follow":"follow","max-snippet":"max-snippet:-1","max-image-preview":"max-image-preview:large","max-video-preview":"max-video-preview:-1"},"canonical":"https:\/\/www.churchill1795.com\/de\/produkt\/organische-coupe-schale-27-9cm\/","og_locale":"de_DE","og_type":"article","og_title":"Dudson Harvest Grain Green Organic Coupe Schale 27.9cm","og_description":"Nat\u00fcrliche Farbt\u00f6ne mit einer gesprenkelten Glasur, von Hand getaucht f\u00fcr ein rustikales Gef\u00fchl. Glasiert f\u00fcr Festigkeit.","og_url":"https:\/\/www.churchill1795.com\/de\/produkt\/organische-coupe-schale-27-9cm\/","og_site_name":"Churchill","article_modified_time":"2025-12-19T13:16:42+00:00","og_image":[{"width":1000,"height":1000,"url":"https:\/\/www.churchill1795.com\/wp-content\/uploads\/2024\/07\/HGGSDC291.png","type":"image\/png"}],"twitter_card":"summary_large_image","schema":{"@context":"https:\/\/schema.org","@graph":[{"@type":"WebPage","@id":"https:\/\/www.churchill1795.com\/de\/produkt\/organische-coupe-schale-27-9cm\/","url":"https:\/\/www.churchill1795.com\/de\/produkt\/organische-coupe-schale-27-9cm\/","name":"Dudson Harvest Grain Green Organic Coupe Schale 27.9cm","isPartOf":{"@id":"https:\/\/www.churchill1795.com\/en\/#website"},"primaryImageOfPage":{"@id":"https:\/\/www.churchill1795.com\/de\/produkt\/organische-coupe-schale-27-9cm\/#primaryimage"},"image":{"@id":"https:\/\/www.churchill1795.com\/de\/produkt\/organische-coupe-schale-27-9cm\/#primaryimage"},"thumbnailUrl":"https:\/\/www.churchill1795.com\/wp-content\/uploads\/2024\/07\/HGGSDC291.png","datePublished":"2023-04-30T23:00:00+00:00","dateModified":"2025-12-19T13:16:42+00:00","description":"Nat\u00fcrliche Farbt\u00f6ne mit einer gesprenkelten Glasur, von Hand getaucht f\u00fcr ein rustikales Gef\u00fchl. Glasiert f\u00fcr Festigkeit.","breadcrumb":{"@id":"https:\/\/www.churchill1795.com\/de\/produkt\/organische-coupe-schale-27-9cm\/#breadcrumb"},"inLanguage":"de","potentialAction":[{"@type":"ReadAction","target":["https:\/\/www.churchill1795.com\/de\/produkt\/organische-coupe-schale-27-9cm\/"]}]},{"@type":"ImageObject","inLanguage":"de","@id":"https:\/\/www.churchill1795.com\/de\/produkt\/organische-coupe-schale-27-9cm\/#primaryimage","url":"https:\/\/www.churchill1795.com\/wp-content\/uploads\/2024\/07\/HGGSDC291.png","contentUrl":"https:\/\/www.churchill1795.com\/wp-content\/uploads\/2024\/07\/HGGSDC291.png","width":1000,"height":1000},{"@type":"BreadcrumbList","@id":"https:\/\/www.churchill1795.com\/de\/produkt\/organische-coupe-schale-27-9cm\/#breadcrumb","itemListElement":[{"@type":"ListItem","position":1,"name":"Home","item":"https:\/\/www.churchill1795.com\/de\/"},{"@type":"ListItem","position":2,"name":"ORGANISCHE COUPE SCHALE 27.9CM"}]},{"@type":"WebSite","@id":"https:\/\/www.churchill1795.com\/en\/#website","url":"https:\/\/www.churchill1795.com\/en\/","name":"Churchill","description":"Innovation, Passion &amp; expertise","publisher":{"@id":"https:\/\/www.churchill1795.com\/en\/#organization"},"potentialAction":[{"@type":"SearchAction","target":{"@type":"EntryPoint","urlTemplate":"https:\/\/www.churchill1795.com\/en\/?s={search_term_string}"},"query-input":{"@type":"PropertyValueSpecification","valueRequired":true,"valueName":"search_term_string"}}],"inLanguage":"de"},{"@type":"Organization","@id":"https:\/\/www.churchill1795.com\/en\/#organization","name":"Churchill","url":"https:\/\/www.churchill1795.com\/en\/","logo":{"@type":"ImageObject","inLanguage":"de","@id":"https:\/\/www.churchill1795.com\/en\/#\/schema\/logo\/image\/","url":"https:\/\/www.churchill1795.com\/wp-content\/uploads\/2024\/09\/logo-1.webp","contentUrl":"https:\/\/www.churchill1795.com\/wp-content\/uploads\/2024\/09\/logo-1.webp","width":240,"height":88,"caption":"Churchill"},"image":{"@id":"https:\/\/www.churchill1795.com\/en\/#\/schema\/logo\/image\/"}}]}},"_links":{"self":[{"href":"https:\/\/www.churchill1795.com\/de\/wp-json\/wp\/v2\/product\/47929","targetHints":{"allow":["GET"]}}],"collection":[{"href":"https:\/\/www.churchill1795.com\/de\/wp-json\/wp\/v2\/product"}],"about":[{"href":"https:\/\/www.churchill1795.com\/de\/wp-json\/wp\/v2\/types\/product"}],"wp:featuredmedia":[{"embeddable":true,"href":"https:\/\/www.churchill1795.com\/de\/wp-json\/wp\/v2\/media\/25035"}],"wp:attachment":[{"href":"https:\/\/www.churchill1795.com\/de\/wp-json\/wp\/v2\/media?parent=47929"}],"wp:term":[{"taxonomy":"product_brand","embeddable":true,"href":"https:\/\/www.churchill1795.com\/de\/wp-json\/wp\/v2\/product_brand?post=47929"},{"taxonomy":"product_cat","embeddable":true,"href":"https:\/\/www.churchill1795.com\/de\/wp-json\/wp\/v2\/product_cat?post=47929"},{"taxonomy":"product_tag","embeddable":true,"href":"https:\/\/www.churchill1795.com\/de\/wp-json\/wp\/v2\/product_tag?post=47929"}],"curies":[{"name":"wp","href":"https:\/\/api.w.org\/{rel}","templated":true}]}}