{"id":47771,"date":"2019-05-01T00:00:00","date_gmt":"2019-04-30T23:00:00","guid":{"rendered":"https:\/\/www.churchill1795.com\/?post_type=product&#038;p=47771"},"modified":"2026-01-02T08:14:21","modified_gmt":"2026-01-02T08:14:21","slug":"laengliche-servierplatte-29-8-x-15-3cm-69","status":"publish","type":"product","link":"https:\/\/www.churchill1795.com\/de\/produkt\/laengliche-servierplatte-29-8-x-15-3cm-69\/","title":{"rendered":"L\u00c4NGLICHE SERVIERPLATTE 29.8 X 15.3CM"},"content":{"rendered":"<p>Die handgefertigten St\u00fccke von Harvest spiegeln die \u201eFarm-to-Table\u201d-Philosophie wider, die in der heutigen Gastronomiekultur so beliebt ist. Jedes St\u00fcck verf\u00fcgt \u00fcber einen handgefertigten, mit einem Schwamm bearbeiteten Rand, der auf nat\u00fcrliche Weise tropft und so ein Unikat schafft, das die Handwerkskunst unterstreicht. Individualit\u00e4t geht nicht auf Kosten der Qualit\u00e4t. Harvest-Produkte werden in England aus Dudson Finest Vitrified-Keramik hergestellt. Von Casual- bis hin zu Fine-Dining-Restaurants und allem dazwischen \u2013 die industrielle Robustheit von Harvest h\u00e4lt dem t\u00e4glichen Gebrauch in einer professionellen K\u00fcche stand.<\/p>\n","protected":false},"excerpt":{"rendered":"<p>Die handgefertigten St\u00fccke von Harvest spiegeln die \u201eFarm-to-Table\u201d-Philosophie wider, die in der heutigen Gastronomiekultur so beliebt ist.<\/p>\n","protected":false},"featured_media":24889,"template":"","meta":{"_acf_changed":false,"content-type":""},"product_brand":[],"product_cat":[3599,3597],"product_tag":[],"class_list":{"0":"post-47771","1":"product","2":"type-product","3":"status-publish","4":"has-post-thumbnail","6":"product_cat-rechteckige-teller","7":"product_cat-teller","8":"pa_colour-grey-de","9":"pa_filter-colour-grau-de","10":"pa_filter-material-keramik","11":"pa_filter-width-26-32cm-10-2-12-5-de","12":"pa_material-finest-vitrified-de","13":"pa_shape-rechteckig","14":"pa_size-29-8cm-11-3-4-de","15":"range-harvest","16":"brand-dudson","17":"tabletop-cool-greys-de","18":"tabletop-neutrals-de","19":"shape-code-xo111","21":"first","22":"instock","23":"purchasable","24":"product-type-simple","25":"add-to-wishlist-after_add_to_cart"},"acf":[],"yoast_head":"<!-- This site is optimized with the Yoast SEO plugin v27.3 - https:\/\/yoast.com\/product\/yoast-seo-wordpress\/ -->\n<title>Dudson Harvest Grey L\u00e4ngliche Servierplatte 29.8x15.3cm<\/title>\n<meta name=\"description\" content=\"Jedes St\u00fcck ist einzeln tauchglasiert und hat einen geschw\u00e4mmten Rand, der per Hand bearbeitet wird um ein individuelles Gef\u00fchl zu vermitteln.\" \/>\n<meta name=\"robots\" content=\"index, follow, max-snippet:-1, max-image-preview:large, max-video-preview:-1\" \/>\n<link rel=\"canonical\" href=\"https:\/\/www.churchill1795.com\/de\/produkt\/laengliche-servierplatte-29-8-x-15-3cm-69\/\" \/>\n<meta property=\"og:locale\" content=\"de_DE\" \/>\n<meta property=\"og:type\" content=\"article\" \/>\n<meta property=\"og:title\" content=\"Dudson Harvest Grey L\u00e4ngliche Servierplatte 29.8x15.3cm\" \/>\n<meta property=\"og:description\" content=\"Jedes St\u00fcck ist einzeln tauchglasiert und hat einen geschw\u00e4mmten Rand, der per Hand bearbeitet wird um ein individuelles Gef\u00fchl zu vermitteln.\" \/>\n<meta property=\"og:url\" content=\"https:\/\/www.churchill1795.com\/de\/produkt\/laengliche-servierplatte-29-8-x-15-3cm-69\/\" \/>\n<meta property=\"og:site_name\" content=\"Churchill\" \/>\n<meta property=\"article:modified_time\" content=\"2026-01-02T08:14:21+00:00\" \/>\n<meta property=\"og:image\" content=\"https:\/\/www.churchill1795.com\/wp-content\/uploads\/2024\/07\/HVGYXO111.png\" \/>\n\t<meta property=\"og:image:width\" content=\"1000\" \/>\n\t<meta property=\"og:image:height\" content=\"1000\" \/>\n\t<meta property=\"og:image:type\" content=\"image\/png\" \/>\n<meta name=\"twitter:card\" content=\"summary_large_image\" \/>\n<script type=\"application\/ld+json\" class=\"yoast-schema-graph\">{\"@context\":\"https:\\\/\\\/schema.org\",\"@graph\":[{\"@type\":\"WebPage\",\"@id\":\"https:\\\/\\\/www.churchill1795.com\\\/de\\\/produkt\\\/laengliche-servierplatte-29-8-x-15-3cm-69\\\/\",\"url\":\"https:\\\/\\\/www.churchill1795.com\\\/de\\\/produkt\\\/laengliche-servierplatte-29-8-x-15-3cm-69\\\/\",\"name\":\"Dudson Harvest Grey L\u00e4ngliche Servierplatte 29.8x15.3cm\",\"isPartOf\":{\"@id\":\"https:\\\/\\\/www.churchill1795.com\\\/en\\\/#website\"},\"primaryImageOfPage\":{\"@id\":\"https:\\\/\\\/www.churchill1795.com\\\/de\\\/produkt\\\/laengliche-servierplatte-29-8-x-15-3cm-69\\\/#primaryimage\"},\"image\":{\"@id\":\"https:\\\/\\\/www.churchill1795.com\\\/de\\\/produkt\\\/laengliche-servierplatte-29-8-x-15-3cm-69\\\/#primaryimage\"},\"thumbnailUrl\":\"https:\\\/\\\/www.churchill1795.com\\\/wp-content\\\/uploads\\\/2024\\\/07\\\/HVGYXO111.png\",\"datePublished\":\"2019-04-30T23:00:00+00:00\",\"dateModified\":\"2026-01-02T08:14:21+00:00\",\"description\":\"Jedes St\u00fcck ist einzeln tauchglasiert und hat einen geschw\u00e4mmten Rand, der per Hand bearbeitet wird um ein individuelles Gef\u00fchl zu vermitteln.\",\"breadcrumb\":{\"@id\":\"https:\\\/\\\/www.churchill1795.com\\\/de\\\/produkt\\\/laengliche-servierplatte-29-8-x-15-3cm-69\\\/#breadcrumb\"},\"inLanguage\":\"de\",\"potentialAction\":[{\"@type\":\"ReadAction\",\"target\":[\"https:\\\/\\\/www.churchill1795.com\\\/de\\\/produkt\\\/laengliche-servierplatte-29-8-x-15-3cm-69\\\/\"]}]},{\"@type\":\"ImageObject\",\"inLanguage\":\"de\",\"@id\":\"https:\\\/\\\/www.churchill1795.com\\\/de\\\/produkt\\\/laengliche-servierplatte-29-8-x-15-3cm-69\\\/#primaryimage\",\"url\":\"https:\\\/\\\/www.churchill1795.com\\\/wp-content\\\/uploads\\\/2024\\\/07\\\/HVGYXO111.png\",\"contentUrl\":\"https:\\\/\\\/www.churchill1795.com\\\/wp-content\\\/uploads\\\/2024\\\/07\\\/HVGYXO111.png\",\"width\":1000,\"height\":1000},{\"@type\":\"BreadcrumbList\",\"@id\":\"https:\\\/\\\/www.churchill1795.com\\\/de\\\/produkt\\\/laengliche-servierplatte-29-8-x-15-3cm-69\\\/#breadcrumb\",\"itemListElement\":[{\"@type\":\"ListItem\",\"position\":1,\"name\":\"Home\",\"item\":\"https:\\\/\\\/www.churchill1795.com\\\/de\\\/\"},{\"@type\":\"ListItem\",\"position\":2,\"name\":\"L\u00c4NGLICHE SERVIERPLATTE 29.8 X 15.3CM\"}]},{\"@type\":\"WebSite\",\"@id\":\"https:\\\/\\\/www.churchill1795.com\\\/en\\\/#website\",\"url\":\"https:\\\/\\\/www.churchill1795.com\\\/en\\\/\",\"name\":\"Churchill\",\"description\":\"Innovation, Passion &amp; expertise\",\"publisher\":{\"@id\":\"https:\\\/\\\/www.churchill1795.com\\\/en\\\/#organization\"},\"potentialAction\":[{\"@type\":\"SearchAction\",\"target\":{\"@type\":\"EntryPoint\",\"urlTemplate\":\"https:\\\/\\\/www.churchill1795.com\\\/en\\\/?s={search_term_string}\"},\"query-input\":{\"@type\":\"PropertyValueSpecification\",\"valueRequired\":true,\"valueName\":\"search_term_string\"}}],\"inLanguage\":\"de\"},{\"@type\":\"Organization\",\"@id\":\"https:\\\/\\\/www.churchill1795.com\\\/en\\\/#organization\",\"name\":\"Churchill\",\"url\":\"https:\\\/\\\/www.churchill1795.com\\\/en\\\/\",\"logo\":{\"@type\":\"ImageObject\",\"inLanguage\":\"de\",\"@id\":\"https:\\\/\\\/www.churchill1795.com\\\/en\\\/#\\\/schema\\\/logo\\\/image\\\/\",\"url\":\"https:\\\/\\\/www.churchill1795.com\\\/wp-content\\\/uploads\\\/2024\\\/09\\\/logo-1.webp\",\"contentUrl\":\"https:\\\/\\\/www.churchill1795.com\\\/wp-content\\\/uploads\\\/2024\\\/09\\\/logo-1.webp\",\"width\":240,\"height\":88,\"caption\":\"Churchill\"},\"image\":{\"@id\":\"https:\\\/\\\/www.churchill1795.com\\\/en\\\/#\\\/schema\\\/logo\\\/image\\\/\"}}]}<\/script>\n<!-- \/ Yoast SEO plugin. -->","yoast_head_json":{"title":"Dudson Harvest Grey L\u00e4ngliche Servierplatte 29.8x15.3cm","description":"Jedes St\u00fcck ist einzeln tauchglasiert und hat einen geschw\u00e4mmten Rand, der per Hand bearbeitet wird um ein individuelles Gef\u00fchl zu vermitteln.","robots":{"index":"index","follow":"follow","max-snippet":"max-snippet:-1","max-image-preview":"max-image-preview:large","max-video-preview":"max-video-preview:-1"},"canonical":"https:\/\/www.churchill1795.com\/de\/produkt\/laengliche-servierplatte-29-8-x-15-3cm-69\/","og_locale":"de_DE","og_type":"article","og_title":"Dudson Harvest Grey L\u00e4ngliche Servierplatte 29.8x15.3cm","og_description":"Jedes St\u00fcck ist einzeln tauchglasiert und hat einen geschw\u00e4mmten Rand, der per Hand bearbeitet wird um ein individuelles Gef\u00fchl zu vermitteln.","og_url":"https:\/\/www.churchill1795.com\/de\/produkt\/laengliche-servierplatte-29-8-x-15-3cm-69\/","og_site_name":"Churchill","article_modified_time":"2026-01-02T08:14:21+00:00","og_image":[{"width":1000,"height":1000,"url":"https:\/\/www.churchill1795.com\/wp-content\/uploads\/2024\/07\/HVGYXO111.png","type":"image\/png"}],"twitter_card":"summary_large_image","schema":{"@context":"https:\/\/schema.org","@graph":[{"@type":"WebPage","@id":"https:\/\/www.churchill1795.com\/de\/produkt\/laengliche-servierplatte-29-8-x-15-3cm-69\/","url":"https:\/\/www.churchill1795.com\/de\/produkt\/laengliche-servierplatte-29-8-x-15-3cm-69\/","name":"Dudson Harvest Grey L\u00e4ngliche Servierplatte 29.8x15.3cm","isPartOf":{"@id":"https:\/\/www.churchill1795.com\/en\/#website"},"primaryImageOfPage":{"@id":"https:\/\/www.churchill1795.com\/de\/produkt\/laengliche-servierplatte-29-8-x-15-3cm-69\/#primaryimage"},"image":{"@id":"https:\/\/www.churchill1795.com\/de\/produkt\/laengliche-servierplatte-29-8-x-15-3cm-69\/#primaryimage"},"thumbnailUrl":"https:\/\/www.churchill1795.com\/wp-content\/uploads\/2024\/07\/HVGYXO111.png","datePublished":"2019-04-30T23:00:00+00:00","dateModified":"2026-01-02T08:14:21+00:00","description":"Jedes St\u00fcck ist einzeln tauchglasiert und hat einen geschw\u00e4mmten Rand, der per Hand bearbeitet wird um ein individuelles Gef\u00fchl zu vermitteln.","breadcrumb":{"@id":"https:\/\/www.churchill1795.com\/de\/produkt\/laengliche-servierplatte-29-8-x-15-3cm-69\/#breadcrumb"},"inLanguage":"de","potentialAction":[{"@type":"ReadAction","target":["https:\/\/www.churchill1795.com\/de\/produkt\/laengliche-servierplatte-29-8-x-15-3cm-69\/"]}]},{"@type":"ImageObject","inLanguage":"de","@id":"https:\/\/www.churchill1795.com\/de\/produkt\/laengliche-servierplatte-29-8-x-15-3cm-69\/#primaryimage","url":"https:\/\/www.churchill1795.com\/wp-content\/uploads\/2024\/07\/HVGYXO111.png","contentUrl":"https:\/\/www.churchill1795.com\/wp-content\/uploads\/2024\/07\/HVGYXO111.png","width":1000,"height":1000},{"@type":"BreadcrumbList","@id":"https:\/\/www.churchill1795.com\/de\/produkt\/laengliche-servierplatte-29-8-x-15-3cm-69\/#breadcrumb","itemListElement":[{"@type":"ListItem","position":1,"name":"Home","item":"https:\/\/www.churchill1795.com\/de\/"},{"@type":"ListItem","position":2,"name":"L\u00c4NGLICHE SERVIERPLATTE 29.8 X 15.3CM"}]},{"@type":"WebSite","@id":"https:\/\/www.churchill1795.com\/en\/#website","url":"https:\/\/www.churchill1795.com\/en\/","name":"Churchill","description":"Innovation, Passion &amp; expertise","publisher":{"@id":"https:\/\/www.churchill1795.com\/en\/#organization"},"potentialAction":[{"@type":"SearchAction","target":{"@type":"EntryPoint","urlTemplate":"https:\/\/www.churchill1795.com\/en\/?s={search_term_string}"},"query-input":{"@type":"PropertyValueSpecification","valueRequired":true,"valueName":"search_term_string"}}],"inLanguage":"de"},{"@type":"Organization","@id":"https:\/\/www.churchill1795.com\/en\/#organization","name":"Churchill","url":"https:\/\/www.churchill1795.com\/en\/","logo":{"@type":"ImageObject","inLanguage":"de","@id":"https:\/\/www.churchill1795.com\/en\/#\/schema\/logo\/image\/","url":"https:\/\/www.churchill1795.com\/wp-content\/uploads\/2024\/09\/logo-1.webp","contentUrl":"https:\/\/www.churchill1795.com\/wp-content\/uploads\/2024\/09\/logo-1.webp","width":240,"height":88,"caption":"Churchill"},"image":{"@id":"https:\/\/www.churchill1795.com\/en\/#\/schema\/logo\/image\/"}}]}},"_links":{"self":[{"href":"https:\/\/www.churchill1795.com\/de\/wp-json\/wp\/v2\/product\/47771","targetHints":{"allow":["GET"]}}],"collection":[{"href":"https:\/\/www.churchill1795.com\/de\/wp-json\/wp\/v2\/product"}],"about":[{"href":"https:\/\/www.churchill1795.com\/de\/wp-json\/wp\/v2\/types\/product"}],"wp:featuredmedia":[{"embeddable":true,"href":"https:\/\/www.churchill1795.com\/de\/wp-json\/wp\/v2\/media\/24889"}],"wp:attachment":[{"href":"https:\/\/www.churchill1795.com\/de\/wp-json\/wp\/v2\/media?parent=47771"}],"wp:term":[{"taxonomy":"product_brand","embeddable":true,"href":"https:\/\/www.churchill1795.com\/de\/wp-json\/wp\/v2\/product_brand?post=47771"},{"taxonomy":"product_cat","embeddable":true,"href":"https:\/\/www.churchill1795.com\/de\/wp-json\/wp\/v2\/product_cat?post=47771"},{"taxonomy":"product_tag","embeddable":true,"href":"https:\/\/www.churchill1795.com\/de\/wp-json\/wp\/v2\/product_tag?post=47771"}],"curies":[{"name":"wp","href":"https:\/\/api.w.org\/{rel}","templated":true}]}}