{"id":47679,"date":"2020-01-01T00:00:00","date_gmt":"2020-01-01T00:00:00","guid":{"rendered":"https:\/\/www.churchill1795.com\/?post_type=product&#038;p=47679"},"modified":"2025-12-19T12:50:23","modified_gmt":"2025-12-19T12:50:23","slug":"becher-23cl-4","status":"publish","type":"product","link":"https:\/\/www.churchill1795.com\/de\/produkt\/becher-23cl-4\/","title":{"rendered":"BECHER 23CL"},"content":{"rendered":"<p>Evo wird per Hand gefertigt, ist \u00e4u\u00dferst praktisch und l\u00e4sst sich je nach den Anforderungen Ihres Services miteinander kombinieren. Evo wurde mit der Anmutung handget\u00f6pferter T\u00f6pferwaren entworfen und verleiht mit seinem rustikalen Charme jedem Tisch einen Hauch von W\u00e4rme. Evo ist eine Nachbildung von Form und \u00c4sthetik und ist in vier etablierten Glasurfarben erh\u00e4ltlich: Granite, Azure, Jet und Pearl. Die voll glasierten St\u00fccke werden per Hand in Vitried Stoneware getaucht, und die reaktiven Farben sorgen f\u00fcr Variationen, die jedes St\u00fcck zu einem Einzelst\u00fcck machen.<\/p>\n","protected":false},"excerpt":{"rendered":"<p>Evo wurde nach dem Aussehen handget\u00f6pfertem Geschirrs entworfen und ist in vier bew\u00e4hrten Glasurfarben erh\u00e4ltlich.<\/p>\n","protected":false},"featured_media":11555,"template":"","meta":{"_acf_changed":false,"content-type":""},"product_brand":[],"product_cat":[3582,3583],"product_tag":[],"class_list":{"0":"post-47679","1":"product","2":"type-product","3":"status-publish","4":"has-post-thumbnail","6":"product_cat-getraenke","7":"product_cat-tassen-und-untertassen","8":"pa_colour-jet-de","9":"pa_filter-capacity-18-30cl-6-10oz-de","10":"pa_filter-colour-schwarz-de","11":"pa_filter-material-keramik","12":"pa_material-vitrified-stoneware-de","13":"pa_shape-rund","14":"pa_size-23cl-8oz-de","15":"range-evo","16":"brand-dudson","17":"tabletop-bold-darks-de","18":"tabletop-industrial-de","19":"shape-code-tc81","21":"first","22":"instock","23":"purchasable","24":"product-type-simple","25":"add-to-wishlist-after_add_to_cart"},"acf":[],"yoast_head":"<!-- This site is optimized with the Yoast SEO plugin v27.2 - https:\/\/yoast.com\/product\/yoast-seo-wordpress\/ -->\n<title>Dudson Evo Jet Black Becher 23cl<\/title>\n<meta name=\"description\" content=\"Handgetauchtes Steinzeug f\u00fcr Profis. Das Design erinnert an handgedrehtes Geschirr und bringt ein Hauch Atmosph\u00e4re auf den Tisch. Erfahren Sie mehr.\" \/>\n<meta name=\"robots\" content=\"index, follow, max-snippet:-1, max-image-preview:large, max-video-preview:-1\" \/>\n<link rel=\"canonical\" href=\"https:\/\/www.churchill1795.com\/de\/produkt\/becher-23cl-4\/\" \/>\n<meta property=\"og:locale\" content=\"de_DE\" \/>\n<meta property=\"og:type\" content=\"article\" \/>\n<meta property=\"og:title\" content=\"Dudson Evo Jet Black Becher 23cl\" \/>\n<meta property=\"og:description\" content=\"Handgetauchtes Steinzeug f\u00fcr Profis. Das Design erinnert an handgedrehtes Geschirr und bringt ein Hauch Atmosph\u00e4re auf den Tisch. Erfahren Sie mehr.\" \/>\n<meta property=\"og:url\" content=\"https:\/\/www.churchill1795.com\/de\/produkt\/becher-23cl-4\/\" \/>\n<meta property=\"og:site_name\" content=\"Churchill\" \/>\n<meta property=\"article:modified_time\" content=\"2025-12-19T12:50:23+00:00\" \/>\n<meta property=\"og:image\" content=\"https:\/\/www.churchill1795.com\/wp-content\/uploads\/2024\/05\/EVOJTC8-1.png\" \/>\n\t<meta property=\"og:image:width\" content=\"1000\" \/>\n\t<meta property=\"og:image:height\" content=\"1000\" \/>\n\t<meta property=\"og:image:type\" content=\"image\/png\" \/>\n<meta name=\"twitter:card\" content=\"summary_large_image\" \/>\n<script type=\"application\/ld+json\" class=\"yoast-schema-graph\">{\"@context\":\"https:\/\/schema.org\",\"@graph\":[{\"@type\":\"WebPage\",\"@id\":\"https:\/\/www.churchill1795.com\/de\/produkt\/becher-23cl-4\/\",\"url\":\"https:\/\/www.churchill1795.com\/de\/produkt\/becher-23cl-4\/\",\"name\":\"Dudson Evo Jet Black Becher 23cl\",\"isPartOf\":{\"@id\":\"https:\/\/www.churchill1795.com\/en\/#website\"},\"primaryImageOfPage\":{\"@id\":\"https:\/\/www.churchill1795.com\/de\/produkt\/becher-23cl-4\/#primaryimage\"},\"image\":{\"@id\":\"https:\/\/www.churchill1795.com\/de\/produkt\/becher-23cl-4\/#primaryimage\"},\"thumbnailUrl\":\"https:\/\/www.churchill1795.com\/wp-content\/uploads\/2024\/05\/EVOJTC8-1.png\",\"datePublished\":\"2020-01-01T00:00:00+00:00\",\"dateModified\":\"2025-12-19T12:50:23+00:00\",\"description\":\"Handgetauchtes Steinzeug f\u00fcr Profis. Das Design erinnert an handgedrehtes Geschirr und bringt ein Hauch Atmosph\u00e4re auf den Tisch. Erfahren Sie mehr.\",\"breadcrumb\":{\"@id\":\"https:\/\/www.churchill1795.com\/de\/produkt\/becher-23cl-4\/#breadcrumb\"},\"inLanguage\":\"de\",\"potentialAction\":[{\"@type\":\"ReadAction\",\"target\":[\"https:\/\/www.churchill1795.com\/de\/produkt\/becher-23cl-4\/\"]}]},{\"@type\":\"ImageObject\",\"inLanguage\":\"de\",\"@id\":\"https:\/\/www.churchill1795.com\/de\/produkt\/becher-23cl-4\/#primaryimage\",\"url\":\"https:\/\/www.churchill1795.com\/wp-content\/uploads\/2024\/05\/EVOJTC8-1.png\",\"contentUrl\":\"https:\/\/www.churchill1795.com\/wp-content\/uploads\/2024\/05\/EVOJTC8-1.png\",\"width\":1000,\"height\":1000},{\"@type\":\"BreadcrumbList\",\"@id\":\"https:\/\/www.churchill1795.com\/de\/produkt\/becher-23cl-4\/#breadcrumb\",\"itemListElement\":[{\"@type\":\"ListItem\",\"position\":1,\"name\":\"Home\",\"item\":\"https:\/\/www.churchill1795.com\/de\/\"},{\"@type\":\"ListItem\",\"position\":2,\"name\":\"BECHER 23CL\"}]},{\"@type\":\"WebSite\",\"@id\":\"https:\/\/www.churchill1795.com\/en\/#website\",\"url\":\"https:\/\/www.churchill1795.com\/en\/\",\"name\":\"Churchill\",\"description\":\"Innovation, Passion &amp; expertise\",\"publisher\":{\"@id\":\"https:\/\/www.churchill1795.com\/en\/#organization\"},\"potentialAction\":[{\"@type\":\"SearchAction\",\"target\":{\"@type\":\"EntryPoint\",\"urlTemplate\":\"https:\/\/www.churchill1795.com\/en\/?s={search_term_string}\"},\"query-input\":{\"@type\":\"PropertyValueSpecification\",\"valueRequired\":true,\"valueName\":\"search_term_string\"}}],\"inLanguage\":\"de\"},{\"@type\":\"Organization\",\"@id\":\"https:\/\/www.churchill1795.com\/en\/#organization\",\"name\":\"Churchill\",\"url\":\"https:\/\/www.churchill1795.com\/en\/\",\"logo\":{\"@type\":\"ImageObject\",\"inLanguage\":\"de\",\"@id\":\"https:\/\/www.churchill1795.com\/en\/#\/schema\/logo\/image\/\",\"url\":\"https:\/\/www.churchill1795.com\/wp-content\/uploads\/2024\/09\/logo-1.webp\",\"contentUrl\":\"https:\/\/www.churchill1795.com\/wp-content\/uploads\/2024\/09\/logo-1.webp\",\"width\":240,\"height\":88,\"caption\":\"Churchill\"},\"image\":{\"@id\":\"https:\/\/www.churchill1795.com\/en\/#\/schema\/logo\/image\/\"}}]}<\/script>\n<!-- \/ Yoast SEO plugin. -->","yoast_head_json":{"title":"Dudson Evo Jet Black Becher 23cl","description":"Handgetauchtes Steinzeug f\u00fcr Profis. Das Design erinnert an handgedrehtes Geschirr und bringt ein Hauch Atmosph\u00e4re auf den Tisch. Erfahren Sie mehr.","robots":{"index":"index","follow":"follow","max-snippet":"max-snippet:-1","max-image-preview":"max-image-preview:large","max-video-preview":"max-video-preview:-1"},"canonical":"https:\/\/www.churchill1795.com\/de\/produkt\/becher-23cl-4\/","og_locale":"de_DE","og_type":"article","og_title":"Dudson Evo Jet Black Becher 23cl","og_description":"Handgetauchtes Steinzeug f\u00fcr Profis. Das Design erinnert an handgedrehtes Geschirr und bringt ein Hauch Atmosph\u00e4re auf den Tisch. Erfahren Sie mehr.","og_url":"https:\/\/www.churchill1795.com\/de\/produkt\/becher-23cl-4\/","og_site_name":"Churchill","article_modified_time":"2025-12-19T12:50:23+00:00","og_image":[{"width":1000,"height":1000,"url":"https:\/\/www.churchill1795.com\/wp-content\/uploads\/2024\/05\/EVOJTC8-1.png","type":"image\/png"}],"twitter_card":"summary_large_image","schema":{"@context":"https:\/\/schema.org","@graph":[{"@type":"WebPage","@id":"https:\/\/www.churchill1795.com\/de\/produkt\/becher-23cl-4\/","url":"https:\/\/www.churchill1795.com\/de\/produkt\/becher-23cl-4\/","name":"Dudson Evo Jet Black Becher 23cl","isPartOf":{"@id":"https:\/\/www.churchill1795.com\/en\/#website"},"primaryImageOfPage":{"@id":"https:\/\/www.churchill1795.com\/de\/produkt\/becher-23cl-4\/#primaryimage"},"image":{"@id":"https:\/\/www.churchill1795.com\/de\/produkt\/becher-23cl-4\/#primaryimage"},"thumbnailUrl":"https:\/\/www.churchill1795.com\/wp-content\/uploads\/2024\/05\/EVOJTC8-1.png","datePublished":"2020-01-01T00:00:00+00:00","dateModified":"2025-12-19T12:50:23+00:00","description":"Handgetauchtes Steinzeug f\u00fcr Profis. Das Design erinnert an handgedrehtes Geschirr und bringt ein Hauch Atmosph\u00e4re auf den Tisch. Erfahren Sie mehr.","breadcrumb":{"@id":"https:\/\/www.churchill1795.com\/de\/produkt\/becher-23cl-4\/#breadcrumb"},"inLanguage":"de","potentialAction":[{"@type":"ReadAction","target":["https:\/\/www.churchill1795.com\/de\/produkt\/becher-23cl-4\/"]}]},{"@type":"ImageObject","inLanguage":"de","@id":"https:\/\/www.churchill1795.com\/de\/produkt\/becher-23cl-4\/#primaryimage","url":"https:\/\/www.churchill1795.com\/wp-content\/uploads\/2024\/05\/EVOJTC8-1.png","contentUrl":"https:\/\/www.churchill1795.com\/wp-content\/uploads\/2024\/05\/EVOJTC8-1.png","width":1000,"height":1000},{"@type":"BreadcrumbList","@id":"https:\/\/www.churchill1795.com\/de\/produkt\/becher-23cl-4\/#breadcrumb","itemListElement":[{"@type":"ListItem","position":1,"name":"Home","item":"https:\/\/www.churchill1795.com\/de\/"},{"@type":"ListItem","position":2,"name":"BECHER 23CL"}]},{"@type":"WebSite","@id":"https:\/\/www.churchill1795.com\/en\/#website","url":"https:\/\/www.churchill1795.com\/en\/","name":"Churchill","description":"Innovation, Passion &amp; expertise","publisher":{"@id":"https:\/\/www.churchill1795.com\/en\/#organization"},"potentialAction":[{"@type":"SearchAction","target":{"@type":"EntryPoint","urlTemplate":"https:\/\/www.churchill1795.com\/en\/?s={search_term_string}"},"query-input":{"@type":"PropertyValueSpecification","valueRequired":true,"valueName":"search_term_string"}}],"inLanguage":"de"},{"@type":"Organization","@id":"https:\/\/www.churchill1795.com\/en\/#organization","name":"Churchill","url":"https:\/\/www.churchill1795.com\/en\/","logo":{"@type":"ImageObject","inLanguage":"de","@id":"https:\/\/www.churchill1795.com\/en\/#\/schema\/logo\/image\/","url":"https:\/\/www.churchill1795.com\/wp-content\/uploads\/2024\/09\/logo-1.webp","contentUrl":"https:\/\/www.churchill1795.com\/wp-content\/uploads\/2024\/09\/logo-1.webp","width":240,"height":88,"caption":"Churchill"},"image":{"@id":"https:\/\/www.churchill1795.com\/en\/#\/schema\/logo\/image\/"}}]}},"_links":{"self":[{"href":"https:\/\/www.churchill1795.com\/de\/wp-json\/wp\/v2\/product\/47679","targetHints":{"allow":["GET"]}}],"collection":[{"href":"https:\/\/www.churchill1795.com\/de\/wp-json\/wp\/v2\/product"}],"about":[{"href":"https:\/\/www.churchill1795.com\/de\/wp-json\/wp\/v2\/types\/product"}],"wp:featuredmedia":[{"embeddable":true,"href":"https:\/\/www.churchill1795.com\/de\/wp-json\/wp\/v2\/media\/11555"}],"wp:attachment":[{"href":"https:\/\/www.churchill1795.com\/de\/wp-json\/wp\/v2\/media?parent=47679"}],"wp:term":[{"taxonomy":"product_brand","embeddable":true,"href":"https:\/\/www.churchill1795.com\/de\/wp-json\/wp\/v2\/product_brand?post=47679"},{"taxonomy":"product_cat","embeddable":true,"href":"https:\/\/www.churchill1795.com\/de\/wp-json\/wp\/v2\/product_cat?post=47679"},{"taxonomy":"product_tag","embeddable":true,"href":"https:\/\/www.churchill1795.com\/de\/wp-json\/wp\/v2\/product_tag?post=47679"}],"curies":[{"name":"wp","href":"https:\/\/api.w.org\/{rel}","templated":true}]}}