{"id":47613,"date":"2020-05-01T00:00:00","date_gmt":"2020-04-30T23:00:00","guid":{"rendered":"https:\/\/www.churchill1795.com\/?post_type=product&#038;p=47613"},"modified":"2025-12-19T12:42:16","modified_gmt":"2025-12-19T12:42:16","slug":"laengliche-servierplatte-34-5-x-23-3cm","status":"publish","type":"product","link":"https:\/\/www.churchill1795.com\/de\/produkt\/laengliche-servierplatte-34-5-x-23-3cm\/","title":{"rendered":"L\u00c4NGLICHE SERVIERPLATTE 34.5 X 23.3CM"},"content":{"rendered":"<p>Mit dieser Kollektion exklusiver Formen setzt Dudson White den Ruf der Marke als Experte f\u00fcr handwerkliches Tafelgeschirr fort. Die Entw\u00fcrfe weisen einen subtilen, unregelm\u00e4\u00dfigen Rand und eine handgedrehte Pr\u00e4gung auf. Die Kollektion wird aus Dudson&#8217;s Finest Vitrified Body hergestellt und verf\u00fcgt \u00fcber die industrielle Festigkeit, um dem t\u00e4glichen Gebrauch in einer professionellen K\u00fcche standzuhalten.<\/p>\n","protected":false},"excerpt":{"rendered":"<p>Dudson White ist eine Serie einzigartigen Geschirrs. Jedes einzelne St\u00fcck steht im Einklang mit dem Ruf der Marke als erfahrener Hersteller von hochwertigem Geschirr.<\/p>\n","protected":false},"featured_media":12313,"template":"","meta":{"_acf_changed":false,"content-type":""},"product_brand":[],"product_cat":[3599,3597],"product_tag":[],"class_list":{"0":"post-47613","1":"product","2":"type-product","3":"status-publish","4":"has-post-thumbnail","6":"product_cat-rechteckige-teller","7":"product_cat-teller","8":"pa_colour-white-de","9":"pa_filter-colour-weis","10":"pa_filter-material-keramik","11":"pa_filter-width-33-37cm-13-14-5","12":"pa_material-finest-vitrified-de","13":"pa_shape-rechteckig","14":"pa_size-34-5cm-13-1-2-de","15":"range-dudson-white","16":"brand-dudson","17":"shape-code-dr341","19":"first","20":"instock","21":"purchasable","22":"product-type-simple","23":"add-to-wishlist-after_add_to_cart"},"acf":[],"yoast_head":"<!-- This site is optimized with the Yoast SEO plugin v27.3 - https:\/\/yoast.com\/product\/yoast-seo-wordpress\/ -->\n<title>Dudson White Organic L\u00e4ngliche Servierplatte 34.5x23.3cm<\/title>\n<meta name=\"description\" content=\"Handgeformte Details verleihen dem wei\u00dfen Teller eine besondere Note bei der Pr\u00e4sentation von Speisen. F\u00fcr den professionellen Einsatz entwickelt.\" \/>\n<meta name=\"robots\" content=\"index, follow, max-snippet:-1, max-image-preview:large, max-video-preview:-1\" \/>\n<link rel=\"canonical\" href=\"https:\/\/www.churchill1795.com\/de\/produkt\/laengliche-servierplatte-34-5-x-23-3cm\/\" \/>\n<meta property=\"og:locale\" content=\"de_DE\" \/>\n<meta property=\"og:type\" content=\"article\" \/>\n<meta property=\"og:title\" content=\"Dudson White Organic L\u00e4ngliche Servierplatte 34.5x23.3cm\" \/>\n<meta property=\"og:description\" content=\"Handgeformte Details verleihen dem wei\u00dfen Teller eine besondere Note bei der Pr\u00e4sentation von Speisen. F\u00fcr den professionellen Einsatz entwickelt.\" \/>\n<meta property=\"og:url\" content=\"https:\/\/www.churchill1795.com\/de\/produkt\/laengliche-servierplatte-34-5-x-23-3cm\/\" \/>\n<meta property=\"og:site_name\" content=\"Churchill\" \/>\n<meta property=\"article:modified_time\" content=\"2025-12-19T12:42:16+00:00\" \/>\n<meta property=\"og:image\" content=\"https:\/\/www.churchill1795.com\/wp-content\/uploads\/2024\/05\/WHDUDR341.png\" \/>\n\t<meta property=\"og:image:width\" content=\"1000\" \/>\n\t<meta property=\"og:image:height\" content=\"1000\" \/>\n\t<meta property=\"og:image:type\" content=\"image\/png\" \/>\n<meta name=\"twitter:card\" content=\"summary_large_image\" \/>\n<script type=\"application\/ld+json\" class=\"yoast-schema-graph\">{\"@context\":\"https:\\\/\\\/schema.org\",\"@graph\":[{\"@type\":\"WebPage\",\"@id\":\"https:\\\/\\\/www.churchill1795.com\\\/de\\\/produkt\\\/laengliche-servierplatte-34-5-x-23-3cm\\\/\",\"url\":\"https:\\\/\\\/www.churchill1795.com\\\/de\\\/produkt\\\/laengliche-servierplatte-34-5-x-23-3cm\\\/\",\"name\":\"Dudson White Organic L\u00e4ngliche Servierplatte 34.5x23.3cm\",\"isPartOf\":{\"@id\":\"https:\\\/\\\/www.churchill1795.com\\\/en\\\/#website\"},\"primaryImageOfPage\":{\"@id\":\"https:\\\/\\\/www.churchill1795.com\\\/de\\\/produkt\\\/laengliche-servierplatte-34-5-x-23-3cm\\\/#primaryimage\"},\"image\":{\"@id\":\"https:\\\/\\\/www.churchill1795.com\\\/de\\\/produkt\\\/laengliche-servierplatte-34-5-x-23-3cm\\\/#primaryimage\"},\"thumbnailUrl\":\"https:\\\/\\\/www.churchill1795.com\\\/wp-content\\\/uploads\\\/2024\\\/05\\\/WHDUDR341.png\",\"datePublished\":\"2020-04-30T23:00:00+00:00\",\"dateModified\":\"2025-12-19T12:42:16+00:00\",\"description\":\"Handgeformte Details verleihen dem wei\u00dfen Teller eine besondere Note bei der Pr\u00e4sentation von Speisen. F\u00fcr den professionellen Einsatz entwickelt.\",\"breadcrumb\":{\"@id\":\"https:\\\/\\\/www.churchill1795.com\\\/de\\\/produkt\\\/laengliche-servierplatte-34-5-x-23-3cm\\\/#breadcrumb\"},\"inLanguage\":\"de\",\"potentialAction\":[{\"@type\":\"ReadAction\",\"target\":[\"https:\\\/\\\/www.churchill1795.com\\\/de\\\/produkt\\\/laengliche-servierplatte-34-5-x-23-3cm\\\/\"]}]},{\"@type\":\"ImageObject\",\"inLanguage\":\"de\",\"@id\":\"https:\\\/\\\/www.churchill1795.com\\\/de\\\/produkt\\\/laengliche-servierplatte-34-5-x-23-3cm\\\/#primaryimage\",\"url\":\"https:\\\/\\\/www.churchill1795.com\\\/wp-content\\\/uploads\\\/2024\\\/05\\\/WHDUDR341.png\",\"contentUrl\":\"https:\\\/\\\/www.churchill1795.com\\\/wp-content\\\/uploads\\\/2024\\\/05\\\/WHDUDR341.png\",\"width\":1000,\"height\":1000},{\"@type\":\"BreadcrumbList\",\"@id\":\"https:\\\/\\\/www.churchill1795.com\\\/de\\\/produkt\\\/laengliche-servierplatte-34-5-x-23-3cm\\\/#breadcrumb\",\"itemListElement\":[{\"@type\":\"ListItem\",\"position\":1,\"name\":\"Home\",\"item\":\"https:\\\/\\\/www.churchill1795.com\\\/de\\\/\"},{\"@type\":\"ListItem\",\"position\":2,\"name\":\"L\u00c4NGLICHE SERVIERPLATTE 34.5 X 23.3CM\"}]},{\"@type\":\"WebSite\",\"@id\":\"https:\\\/\\\/www.churchill1795.com\\\/en\\\/#website\",\"url\":\"https:\\\/\\\/www.churchill1795.com\\\/en\\\/\",\"name\":\"Churchill\",\"description\":\"Innovation, Passion &amp; expertise\",\"publisher\":{\"@id\":\"https:\\\/\\\/www.churchill1795.com\\\/en\\\/#organization\"},\"potentialAction\":[{\"@type\":\"SearchAction\",\"target\":{\"@type\":\"EntryPoint\",\"urlTemplate\":\"https:\\\/\\\/www.churchill1795.com\\\/en\\\/?s={search_term_string}\"},\"query-input\":{\"@type\":\"PropertyValueSpecification\",\"valueRequired\":true,\"valueName\":\"search_term_string\"}}],\"inLanguage\":\"de\"},{\"@type\":\"Organization\",\"@id\":\"https:\\\/\\\/www.churchill1795.com\\\/en\\\/#organization\",\"name\":\"Churchill\",\"url\":\"https:\\\/\\\/www.churchill1795.com\\\/en\\\/\",\"logo\":{\"@type\":\"ImageObject\",\"inLanguage\":\"de\",\"@id\":\"https:\\\/\\\/www.churchill1795.com\\\/en\\\/#\\\/schema\\\/logo\\\/image\\\/\",\"url\":\"https:\\\/\\\/www.churchill1795.com\\\/wp-content\\\/uploads\\\/2024\\\/09\\\/logo-1.webp\",\"contentUrl\":\"https:\\\/\\\/www.churchill1795.com\\\/wp-content\\\/uploads\\\/2024\\\/09\\\/logo-1.webp\",\"width\":240,\"height\":88,\"caption\":\"Churchill\"},\"image\":{\"@id\":\"https:\\\/\\\/www.churchill1795.com\\\/en\\\/#\\\/schema\\\/logo\\\/image\\\/\"}}]}<\/script>\n<!-- \/ Yoast SEO plugin. -->","yoast_head_json":{"title":"Dudson White Organic L\u00e4ngliche Servierplatte 34.5x23.3cm","description":"Handgeformte Details verleihen dem wei\u00dfen Teller eine besondere Note bei der Pr\u00e4sentation von Speisen. F\u00fcr den professionellen Einsatz entwickelt.","robots":{"index":"index","follow":"follow","max-snippet":"max-snippet:-1","max-image-preview":"max-image-preview:large","max-video-preview":"max-video-preview:-1"},"canonical":"https:\/\/www.churchill1795.com\/de\/produkt\/laengliche-servierplatte-34-5-x-23-3cm\/","og_locale":"de_DE","og_type":"article","og_title":"Dudson White Organic L\u00e4ngliche Servierplatte 34.5x23.3cm","og_description":"Handgeformte Details verleihen dem wei\u00dfen Teller eine besondere Note bei der Pr\u00e4sentation von Speisen. F\u00fcr den professionellen Einsatz entwickelt.","og_url":"https:\/\/www.churchill1795.com\/de\/produkt\/laengliche-servierplatte-34-5-x-23-3cm\/","og_site_name":"Churchill","article_modified_time":"2025-12-19T12:42:16+00:00","og_image":[{"width":1000,"height":1000,"url":"https:\/\/www.churchill1795.com\/wp-content\/uploads\/2024\/05\/WHDUDR341.png","type":"image\/png"}],"twitter_card":"summary_large_image","schema":{"@context":"https:\/\/schema.org","@graph":[{"@type":"WebPage","@id":"https:\/\/www.churchill1795.com\/de\/produkt\/laengliche-servierplatte-34-5-x-23-3cm\/","url":"https:\/\/www.churchill1795.com\/de\/produkt\/laengliche-servierplatte-34-5-x-23-3cm\/","name":"Dudson White Organic L\u00e4ngliche Servierplatte 34.5x23.3cm","isPartOf":{"@id":"https:\/\/www.churchill1795.com\/en\/#website"},"primaryImageOfPage":{"@id":"https:\/\/www.churchill1795.com\/de\/produkt\/laengliche-servierplatte-34-5-x-23-3cm\/#primaryimage"},"image":{"@id":"https:\/\/www.churchill1795.com\/de\/produkt\/laengliche-servierplatte-34-5-x-23-3cm\/#primaryimage"},"thumbnailUrl":"https:\/\/www.churchill1795.com\/wp-content\/uploads\/2024\/05\/WHDUDR341.png","datePublished":"2020-04-30T23:00:00+00:00","dateModified":"2025-12-19T12:42:16+00:00","description":"Handgeformte Details verleihen dem wei\u00dfen Teller eine besondere Note bei der Pr\u00e4sentation von Speisen. F\u00fcr den professionellen Einsatz entwickelt.","breadcrumb":{"@id":"https:\/\/www.churchill1795.com\/de\/produkt\/laengliche-servierplatte-34-5-x-23-3cm\/#breadcrumb"},"inLanguage":"de","potentialAction":[{"@type":"ReadAction","target":["https:\/\/www.churchill1795.com\/de\/produkt\/laengliche-servierplatte-34-5-x-23-3cm\/"]}]},{"@type":"ImageObject","inLanguage":"de","@id":"https:\/\/www.churchill1795.com\/de\/produkt\/laengliche-servierplatte-34-5-x-23-3cm\/#primaryimage","url":"https:\/\/www.churchill1795.com\/wp-content\/uploads\/2024\/05\/WHDUDR341.png","contentUrl":"https:\/\/www.churchill1795.com\/wp-content\/uploads\/2024\/05\/WHDUDR341.png","width":1000,"height":1000},{"@type":"BreadcrumbList","@id":"https:\/\/www.churchill1795.com\/de\/produkt\/laengliche-servierplatte-34-5-x-23-3cm\/#breadcrumb","itemListElement":[{"@type":"ListItem","position":1,"name":"Home","item":"https:\/\/www.churchill1795.com\/de\/"},{"@type":"ListItem","position":2,"name":"L\u00c4NGLICHE SERVIERPLATTE 34.5 X 23.3CM"}]},{"@type":"WebSite","@id":"https:\/\/www.churchill1795.com\/en\/#website","url":"https:\/\/www.churchill1795.com\/en\/","name":"Churchill","description":"Innovation, Passion &amp; expertise","publisher":{"@id":"https:\/\/www.churchill1795.com\/en\/#organization"},"potentialAction":[{"@type":"SearchAction","target":{"@type":"EntryPoint","urlTemplate":"https:\/\/www.churchill1795.com\/en\/?s={search_term_string}"},"query-input":{"@type":"PropertyValueSpecification","valueRequired":true,"valueName":"search_term_string"}}],"inLanguage":"de"},{"@type":"Organization","@id":"https:\/\/www.churchill1795.com\/en\/#organization","name":"Churchill","url":"https:\/\/www.churchill1795.com\/en\/","logo":{"@type":"ImageObject","inLanguage":"de","@id":"https:\/\/www.churchill1795.com\/en\/#\/schema\/logo\/image\/","url":"https:\/\/www.churchill1795.com\/wp-content\/uploads\/2024\/09\/logo-1.webp","contentUrl":"https:\/\/www.churchill1795.com\/wp-content\/uploads\/2024\/09\/logo-1.webp","width":240,"height":88,"caption":"Churchill"},"image":{"@id":"https:\/\/www.churchill1795.com\/en\/#\/schema\/logo\/image\/"}}]}},"_links":{"self":[{"href":"https:\/\/www.churchill1795.com\/de\/wp-json\/wp\/v2\/product\/47613","targetHints":{"allow":["GET"]}}],"collection":[{"href":"https:\/\/www.churchill1795.com\/de\/wp-json\/wp\/v2\/product"}],"about":[{"href":"https:\/\/www.churchill1795.com\/de\/wp-json\/wp\/v2\/types\/product"}],"wp:featuredmedia":[{"embeddable":true,"href":"https:\/\/www.churchill1795.com\/de\/wp-json\/wp\/v2\/media\/12313"}],"wp:attachment":[{"href":"https:\/\/www.churchill1795.com\/de\/wp-json\/wp\/v2\/media?parent=47613"}],"wp:term":[{"taxonomy":"product_brand","embeddable":true,"href":"https:\/\/www.churchill1795.com\/de\/wp-json\/wp\/v2\/product_brand?post=47613"},{"taxonomy":"product_cat","embeddable":true,"href":"https:\/\/www.churchill1795.com\/de\/wp-json\/wp\/v2\/product_cat?post=47613"},{"taxonomy":"product_tag","embeddable":true,"href":"https:\/\/www.churchill1795.com\/de\/wp-json\/wp\/v2\/product_tag?post=47613"}],"curies":[{"name":"wp","href":"https:\/\/api.w.org\/{rel}","templated":true}]}}