{"id":47593,"date":"2018-09-01T00:00:00","date_gmt":"2018-08-31T23:00:00","guid":{"rendered":"https:\/\/www.churchill1795.com\/?post_type=product&#038;p=47593"},"modified":"2025-12-19T12:39:29","modified_gmt":"2025-12-19T12:39:29","slug":"ovale-teller-31-7-x-25-5cm","status":"publish","type":"product","link":"https:\/\/www.churchill1795.com\/de\/produkt\/ovale-teller-31-7-x-25-5cm\/","title":{"rendered":"OVALE TELLER 31.7 X 25.5CM"},"content":{"rendered":"<p>Studio Prints Stone wurde vom traditionellen Verfahren der Handbearbeitung von Geschirr aus Naturstein inspiriert. Stone ahmt die T\u00f6ne und Strukturen der Natur nach und wird mit Churchills innovativem Druckverfahren hergestellt, wobei jedes St\u00fcck ein Einzelst\u00fcck sein wird.<\/p>\n","protected":false},"excerpt":{"rendered":"<p>Die Optik von Studio Prints Stone wurde von der traditionellen, handgemachten Geschirrherstellung aus Naturstein inspiriert. Der reaktive Druck ergibt eine unebene Oberfl\u00e4che, die \u00fcberglasiert und damit eben wird.<\/p>\n","protected":false},"featured_media":6042,"template":"","meta":{"_acf_changed":false,"content-type":""},"product_brand":[],"product_cat":[3597],"product_tag":[],"class_list":{"0":"post-47593","1":"product","2":"type-product","3":"status-publish","4":"has-post-thumbnail","6":"product_cat-teller","7":"pa_colour-quartz-black-de","8":"pa_filter-colour-schwarz-de","9":"pa_filter-material-keramik","10":"pa_filter-width-21-25cm-8-2-10-de","11":"pa_material-churchill-super-vitrified-de","12":"pa_shape-ovale","13":"pa_size-31-7cm-12-1-2-de","14":"range-studio-prints-stone","15":"brand-churchill-super-vitrified","16":"brand-studio-prints","17":"tabletop-bold-darks-de","18":"tabletop-industrial-de","19":"shape-code-op121","21":"first","22":"instock","23":"purchasable","24":"product-type-simple","25":"add-to-wishlist-after_add_to_cart"},"acf":[],"yoast_head":"<!-- This site is optimized with the Yoast SEO plugin v27.3 - https:\/\/yoast.com\/product\/yoast-seo-wordpress\/ -->\n<title>Churchill Studio Prints Stone Quartz Black Ovaler Teller 31.7cm<\/title>\n<meta name=\"description\" content=\"Inspiriert von der traditionellen Herstellung von Steingeschirr, werden in dieser Kollektion die Farbt\u00f6ne und Texturen nachgeahmt. F\u00fcr Profis gemacht.\" \/>\n<meta name=\"robots\" content=\"index, follow, max-snippet:-1, max-image-preview:large, max-video-preview:-1\" \/>\n<link rel=\"canonical\" href=\"https:\/\/www.churchill1795.com\/de\/produkt\/ovale-teller-31-7-x-25-5cm\/\" \/>\n<meta property=\"og:locale\" content=\"de_DE\" \/>\n<meta property=\"og:type\" content=\"article\" \/>\n<meta property=\"og:title\" content=\"Churchill Studio Prints Stone Quartz Black Ovaler Teller 31.7cm\" \/>\n<meta property=\"og:description\" content=\"Inspiriert von der traditionellen Herstellung von Steingeschirr, werden in dieser Kollektion die Farbt\u00f6ne und Texturen nachgeahmt. F\u00fcr Profis gemacht.\" \/>\n<meta property=\"og:url\" content=\"https:\/\/www.churchill1795.com\/de\/produkt\/ovale-teller-31-7-x-25-5cm\/\" \/>\n<meta property=\"og:site_name\" content=\"Churchill\" \/>\n<meta property=\"article:modified_time\" content=\"2025-12-19T12:39:29+00:00\" \/>\n<meta property=\"og:image\" content=\"https:\/\/www.churchill1795.com\/wp-content\/uploads\/2024\/05\/STQBOP121.png\" \/>\n\t<meta property=\"og:image:width\" content=\"1000\" \/>\n\t<meta property=\"og:image:height\" content=\"1000\" \/>\n\t<meta property=\"og:image:type\" content=\"image\/png\" \/>\n<meta name=\"twitter:card\" content=\"summary_large_image\" \/>\n<script type=\"application\/ld+json\" class=\"yoast-schema-graph\">{\"@context\":\"https:\\\/\\\/schema.org\",\"@graph\":[{\"@type\":\"WebPage\",\"@id\":\"https:\\\/\\\/www.churchill1795.com\\\/de\\\/produkt\\\/ovale-teller-31-7-x-25-5cm\\\/\",\"url\":\"https:\\\/\\\/www.churchill1795.com\\\/de\\\/produkt\\\/ovale-teller-31-7-x-25-5cm\\\/\",\"name\":\"Churchill Studio Prints Stone Quartz Black Ovaler Teller 31.7cm\",\"isPartOf\":{\"@id\":\"https:\\\/\\\/www.churchill1795.com\\\/en\\\/#website\"},\"primaryImageOfPage\":{\"@id\":\"https:\\\/\\\/www.churchill1795.com\\\/de\\\/produkt\\\/ovale-teller-31-7-x-25-5cm\\\/#primaryimage\"},\"image\":{\"@id\":\"https:\\\/\\\/www.churchill1795.com\\\/de\\\/produkt\\\/ovale-teller-31-7-x-25-5cm\\\/#primaryimage\"},\"thumbnailUrl\":\"https:\\\/\\\/www.churchill1795.com\\\/wp-content\\\/uploads\\\/2024\\\/05\\\/STQBOP121.png\",\"datePublished\":\"2018-08-31T23:00:00+00:00\",\"dateModified\":\"2025-12-19T12:39:29+00:00\",\"description\":\"Inspiriert von der traditionellen Herstellung von Steingeschirr, werden in dieser Kollektion die Farbt\u00f6ne und Texturen nachgeahmt. F\u00fcr Profis gemacht.\",\"breadcrumb\":{\"@id\":\"https:\\\/\\\/www.churchill1795.com\\\/de\\\/produkt\\\/ovale-teller-31-7-x-25-5cm\\\/#breadcrumb\"},\"inLanguage\":\"de\",\"potentialAction\":[{\"@type\":\"ReadAction\",\"target\":[\"https:\\\/\\\/www.churchill1795.com\\\/de\\\/produkt\\\/ovale-teller-31-7-x-25-5cm\\\/\"]}]},{\"@type\":\"ImageObject\",\"inLanguage\":\"de\",\"@id\":\"https:\\\/\\\/www.churchill1795.com\\\/de\\\/produkt\\\/ovale-teller-31-7-x-25-5cm\\\/#primaryimage\",\"url\":\"https:\\\/\\\/www.churchill1795.com\\\/wp-content\\\/uploads\\\/2024\\\/05\\\/STQBOP121.png\",\"contentUrl\":\"https:\\\/\\\/www.churchill1795.com\\\/wp-content\\\/uploads\\\/2024\\\/05\\\/STQBOP121.png\",\"width\":1000,\"height\":1000},{\"@type\":\"BreadcrumbList\",\"@id\":\"https:\\\/\\\/www.churchill1795.com\\\/de\\\/produkt\\\/ovale-teller-31-7-x-25-5cm\\\/#breadcrumb\",\"itemListElement\":[{\"@type\":\"ListItem\",\"position\":1,\"name\":\"Home\",\"item\":\"https:\\\/\\\/www.churchill1795.com\\\/de\\\/\"},{\"@type\":\"ListItem\",\"position\":2,\"name\":\"OVALE TELLER 31.7 X 25.5CM\"}]},{\"@type\":\"WebSite\",\"@id\":\"https:\\\/\\\/www.churchill1795.com\\\/en\\\/#website\",\"url\":\"https:\\\/\\\/www.churchill1795.com\\\/en\\\/\",\"name\":\"Churchill\",\"description\":\"Innovation, Passion &amp; expertise\",\"publisher\":{\"@id\":\"https:\\\/\\\/www.churchill1795.com\\\/en\\\/#organization\"},\"potentialAction\":[{\"@type\":\"SearchAction\",\"target\":{\"@type\":\"EntryPoint\",\"urlTemplate\":\"https:\\\/\\\/www.churchill1795.com\\\/en\\\/?s={search_term_string}\"},\"query-input\":{\"@type\":\"PropertyValueSpecification\",\"valueRequired\":true,\"valueName\":\"search_term_string\"}}],\"inLanguage\":\"de\"},{\"@type\":\"Organization\",\"@id\":\"https:\\\/\\\/www.churchill1795.com\\\/en\\\/#organization\",\"name\":\"Churchill\",\"url\":\"https:\\\/\\\/www.churchill1795.com\\\/en\\\/\",\"logo\":{\"@type\":\"ImageObject\",\"inLanguage\":\"de\",\"@id\":\"https:\\\/\\\/www.churchill1795.com\\\/en\\\/#\\\/schema\\\/logo\\\/image\\\/\",\"url\":\"https:\\\/\\\/www.churchill1795.com\\\/wp-content\\\/uploads\\\/2024\\\/09\\\/logo-1.webp\",\"contentUrl\":\"https:\\\/\\\/www.churchill1795.com\\\/wp-content\\\/uploads\\\/2024\\\/09\\\/logo-1.webp\",\"width\":240,\"height\":88,\"caption\":\"Churchill\"},\"image\":{\"@id\":\"https:\\\/\\\/www.churchill1795.com\\\/en\\\/#\\\/schema\\\/logo\\\/image\\\/\"}}]}<\/script>\n<!-- \/ Yoast SEO plugin. -->","yoast_head_json":{"title":"Churchill Studio Prints Stone Quartz Black Ovaler Teller 31.7cm","description":"Inspiriert von der traditionellen Herstellung von Steingeschirr, werden in dieser Kollektion die Farbt\u00f6ne und Texturen nachgeahmt. F\u00fcr Profis gemacht.","robots":{"index":"index","follow":"follow","max-snippet":"max-snippet:-1","max-image-preview":"max-image-preview:large","max-video-preview":"max-video-preview:-1"},"canonical":"https:\/\/www.churchill1795.com\/de\/produkt\/ovale-teller-31-7-x-25-5cm\/","og_locale":"de_DE","og_type":"article","og_title":"Churchill Studio Prints Stone Quartz Black Ovaler Teller 31.7cm","og_description":"Inspiriert von der traditionellen Herstellung von Steingeschirr, werden in dieser Kollektion die Farbt\u00f6ne und Texturen nachgeahmt. F\u00fcr Profis gemacht.","og_url":"https:\/\/www.churchill1795.com\/de\/produkt\/ovale-teller-31-7-x-25-5cm\/","og_site_name":"Churchill","article_modified_time":"2025-12-19T12:39:29+00:00","og_image":[{"width":1000,"height":1000,"url":"https:\/\/www.churchill1795.com\/wp-content\/uploads\/2024\/05\/STQBOP121.png","type":"image\/png"}],"twitter_card":"summary_large_image","schema":{"@context":"https:\/\/schema.org","@graph":[{"@type":"WebPage","@id":"https:\/\/www.churchill1795.com\/de\/produkt\/ovale-teller-31-7-x-25-5cm\/","url":"https:\/\/www.churchill1795.com\/de\/produkt\/ovale-teller-31-7-x-25-5cm\/","name":"Churchill Studio Prints Stone Quartz Black Ovaler Teller 31.7cm","isPartOf":{"@id":"https:\/\/www.churchill1795.com\/en\/#website"},"primaryImageOfPage":{"@id":"https:\/\/www.churchill1795.com\/de\/produkt\/ovale-teller-31-7-x-25-5cm\/#primaryimage"},"image":{"@id":"https:\/\/www.churchill1795.com\/de\/produkt\/ovale-teller-31-7-x-25-5cm\/#primaryimage"},"thumbnailUrl":"https:\/\/www.churchill1795.com\/wp-content\/uploads\/2024\/05\/STQBOP121.png","datePublished":"2018-08-31T23:00:00+00:00","dateModified":"2025-12-19T12:39:29+00:00","description":"Inspiriert von der traditionellen Herstellung von Steingeschirr, werden in dieser Kollektion die Farbt\u00f6ne und Texturen nachgeahmt. F\u00fcr Profis gemacht.","breadcrumb":{"@id":"https:\/\/www.churchill1795.com\/de\/produkt\/ovale-teller-31-7-x-25-5cm\/#breadcrumb"},"inLanguage":"de","potentialAction":[{"@type":"ReadAction","target":["https:\/\/www.churchill1795.com\/de\/produkt\/ovale-teller-31-7-x-25-5cm\/"]}]},{"@type":"ImageObject","inLanguage":"de","@id":"https:\/\/www.churchill1795.com\/de\/produkt\/ovale-teller-31-7-x-25-5cm\/#primaryimage","url":"https:\/\/www.churchill1795.com\/wp-content\/uploads\/2024\/05\/STQBOP121.png","contentUrl":"https:\/\/www.churchill1795.com\/wp-content\/uploads\/2024\/05\/STQBOP121.png","width":1000,"height":1000},{"@type":"BreadcrumbList","@id":"https:\/\/www.churchill1795.com\/de\/produkt\/ovale-teller-31-7-x-25-5cm\/#breadcrumb","itemListElement":[{"@type":"ListItem","position":1,"name":"Home","item":"https:\/\/www.churchill1795.com\/de\/"},{"@type":"ListItem","position":2,"name":"OVALE TELLER 31.7 X 25.5CM"}]},{"@type":"WebSite","@id":"https:\/\/www.churchill1795.com\/en\/#website","url":"https:\/\/www.churchill1795.com\/en\/","name":"Churchill","description":"Innovation, Passion &amp; expertise","publisher":{"@id":"https:\/\/www.churchill1795.com\/en\/#organization"},"potentialAction":[{"@type":"SearchAction","target":{"@type":"EntryPoint","urlTemplate":"https:\/\/www.churchill1795.com\/en\/?s={search_term_string}"},"query-input":{"@type":"PropertyValueSpecification","valueRequired":true,"valueName":"search_term_string"}}],"inLanguage":"de"},{"@type":"Organization","@id":"https:\/\/www.churchill1795.com\/en\/#organization","name":"Churchill","url":"https:\/\/www.churchill1795.com\/en\/","logo":{"@type":"ImageObject","inLanguage":"de","@id":"https:\/\/www.churchill1795.com\/en\/#\/schema\/logo\/image\/","url":"https:\/\/www.churchill1795.com\/wp-content\/uploads\/2024\/09\/logo-1.webp","contentUrl":"https:\/\/www.churchill1795.com\/wp-content\/uploads\/2024\/09\/logo-1.webp","width":240,"height":88,"caption":"Churchill"},"image":{"@id":"https:\/\/www.churchill1795.com\/en\/#\/schema\/logo\/image\/"}}]}},"_links":{"self":[{"href":"https:\/\/www.churchill1795.com\/de\/wp-json\/wp\/v2\/product\/47593","targetHints":{"allow":["GET"]}}],"collection":[{"href":"https:\/\/www.churchill1795.com\/de\/wp-json\/wp\/v2\/product"}],"about":[{"href":"https:\/\/www.churchill1795.com\/de\/wp-json\/wp\/v2\/types\/product"}],"wp:featuredmedia":[{"embeddable":true,"href":"https:\/\/www.churchill1795.com\/de\/wp-json\/wp\/v2\/media\/6042"}],"wp:attachment":[{"href":"https:\/\/www.churchill1795.com\/de\/wp-json\/wp\/v2\/media?parent=47593"}],"wp:term":[{"taxonomy":"product_brand","embeddable":true,"href":"https:\/\/www.churchill1795.com\/de\/wp-json\/wp\/v2\/product_brand?post=47593"},{"taxonomy":"product_cat","embeddable":true,"href":"https:\/\/www.churchill1795.com\/de\/wp-json\/wp\/v2\/product_cat?post=47593"},{"taxonomy":"product_tag","embeddable":true,"href":"https:\/\/www.churchill1795.com\/de\/wp-json\/wp\/v2\/product_tag?post=47593"}],"curies":[{"name":"wp","href":"https:\/\/api.w.org\/{rel}","templated":true}]}}