{"id":47350,"date":"2023-05-01T00:00:00","date_gmt":"2023-04-30T23:00:00","guid":{"rendered":"https:\/\/www.churchill1795.com\/?post_type=product&#038;p=47350"},"modified":"2025-12-19T12:13:53","modified_gmt":"2025-12-19T12:13:53","slug":"coupe-teller-16-5cm-29","status":"publish","type":"product","link":"https:\/\/www.churchill1795.com\/de\/produkt\/coupe-teller-16-5cm-29\/","title":{"rendered":"COUPE TELLER 16.5CM"},"content":{"rendered":"<p>Das Kintsugi-Design ist eine moderne Interpretation der japanischen Kunst, zerbrochene T\u00f6pferwaren zu reparieren. Das raffinierte Craqueleur-Muster weist eine subtile, reaktive Textur auf, die jedes St\u00fcck einzigartig macht. Das Design wird unter Glasur dekoriert, wodurch eine Schutzschicht f\u00fcr zus\u00e4tzliche Haltbarkeit entsteht.<\/p>\n","protected":false},"excerpt":{"rendered":"<p>Das Design von Studio Prints Kintsugi ist eine moderne Darstellung der japanischen Kunst, zerbrochenes Geschirr zu rekonstruieren und zusammenzuf\u00fcgen. Diese Serie feiert das traditionelle Handwerk, erscheint aber im modernen Design und bringt die robustheit mit, die in der heutigen Gastronomie gefordert ist.<\/p>\n","protected":false},"featured_media":8890,"template":"","meta":{"_acf_changed":false,"content-type":""},"product_brand":[],"product_cat":[3601,3597],"product_tag":[],"class_list":{"0":"post-47350","1":"product","2":"type-product","3":"status-publish","4":"has-post-thumbnail","6":"product_cat-kleine-teller","7":"product_cat-teller","8":"pa_colour-quartz-black-de","9":"pa_filter-colour-schwarz-de","10":"pa_filter-material-keramik","11":"pa_filter-width-15-20cm-6-8-de","12":"pa_material-churchill-super-vitrified-de","13":"pa_shape-rund","14":"pa_size-16-5cm-6-1-2-de","15":"range-studio-prints-kintsugi-reverse","16":"brand-churchill-super-vitrified","17":"brand-studio-prints","18":"tabletop-bold-darks-de","19":"tabletop-industrial-de","20":"shape-code-evp61","22":"first","23":"instock","24":"purchasable","25":"product-type-simple","26":"add-to-wishlist-after_add_to_cart"},"acf":[],"yoast_head":"<!-- This site is optimized with the Yoast SEO plugin v27.3 - https:\/\/yoast.com\/product\/yoast-seo-wordpress\/ -->\n<title>Churchill Kintsugi Reverse Quartz Black Coupe Teller 16.5cm<\/title>\n<meta name=\"description\" content=\"Inspiriert von der japanischen Kunst des Kintsugi. Schwarzer Vollfl\u00e4chendruck mit auff\u00e4lligem Craqueleur-Muster f\u00fcr den professionellen Einsatz.\" \/>\n<meta name=\"robots\" content=\"index, follow, max-snippet:-1, max-image-preview:large, max-video-preview:-1\" \/>\n<link rel=\"canonical\" href=\"https:\/\/www.churchill1795.com\/de\/produkt\/coupe-teller-16-5cm-29\/\" \/>\n<meta property=\"og:locale\" content=\"de_DE\" \/>\n<meta property=\"og:type\" content=\"article\" \/>\n<meta property=\"og:title\" content=\"Churchill Kintsugi Reverse Quartz Black Coupe Teller 16.5cm\" \/>\n<meta property=\"og:description\" content=\"Inspiriert von der japanischen Kunst des Kintsugi. Schwarzer Vollfl\u00e4chendruck mit auff\u00e4lligem Craqueleur-Muster f\u00fcr den professionellen Einsatz.\" \/>\n<meta property=\"og:url\" content=\"https:\/\/www.churchill1795.com\/de\/produkt\/coupe-teller-16-5cm-29\/\" \/>\n<meta property=\"og:site_name\" content=\"Churchill\" \/>\n<meta property=\"article:modified_time\" content=\"2025-12-19T12:13:53+00:00\" \/>\n<meta property=\"og:image\" content=\"https:\/\/www.churchill1795.com\/wp-content\/uploads\/2024\/05\/KRBKEVP61.png\" \/>\n\t<meta property=\"og:image:width\" content=\"1000\" \/>\n\t<meta property=\"og:image:height\" content=\"1000\" \/>\n\t<meta property=\"og:image:type\" content=\"image\/png\" \/>\n<meta name=\"twitter:card\" content=\"summary_large_image\" \/>\n<script type=\"application\/ld+json\" class=\"yoast-schema-graph\">{\"@context\":\"https:\\\/\\\/schema.org\",\"@graph\":[{\"@type\":\"WebPage\",\"@id\":\"https:\\\/\\\/www.churchill1795.com\\\/de\\\/produkt\\\/coupe-teller-16-5cm-29\\\/\",\"url\":\"https:\\\/\\\/www.churchill1795.com\\\/de\\\/produkt\\\/coupe-teller-16-5cm-29\\\/\",\"name\":\"Churchill Kintsugi Reverse Quartz Black Coupe Teller 16.5cm\",\"isPartOf\":{\"@id\":\"https:\\\/\\\/www.churchill1795.com\\\/en\\\/#website\"},\"primaryImageOfPage\":{\"@id\":\"https:\\\/\\\/www.churchill1795.com\\\/de\\\/produkt\\\/coupe-teller-16-5cm-29\\\/#primaryimage\"},\"image\":{\"@id\":\"https:\\\/\\\/www.churchill1795.com\\\/de\\\/produkt\\\/coupe-teller-16-5cm-29\\\/#primaryimage\"},\"thumbnailUrl\":\"https:\\\/\\\/www.churchill1795.com\\\/wp-content\\\/uploads\\\/2024\\\/05\\\/KRBKEVP61.png\",\"datePublished\":\"2023-04-30T23:00:00+00:00\",\"dateModified\":\"2025-12-19T12:13:53+00:00\",\"description\":\"Inspiriert von der japanischen Kunst des Kintsugi. Schwarzer Vollfl\u00e4chendruck mit auff\u00e4lligem Craqueleur-Muster f\u00fcr den professionellen Einsatz.\",\"breadcrumb\":{\"@id\":\"https:\\\/\\\/www.churchill1795.com\\\/de\\\/produkt\\\/coupe-teller-16-5cm-29\\\/#breadcrumb\"},\"inLanguage\":\"de\",\"potentialAction\":[{\"@type\":\"ReadAction\",\"target\":[\"https:\\\/\\\/www.churchill1795.com\\\/de\\\/produkt\\\/coupe-teller-16-5cm-29\\\/\"]}]},{\"@type\":\"ImageObject\",\"inLanguage\":\"de\",\"@id\":\"https:\\\/\\\/www.churchill1795.com\\\/de\\\/produkt\\\/coupe-teller-16-5cm-29\\\/#primaryimage\",\"url\":\"https:\\\/\\\/www.churchill1795.com\\\/wp-content\\\/uploads\\\/2024\\\/05\\\/KRBKEVP61.png\",\"contentUrl\":\"https:\\\/\\\/www.churchill1795.com\\\/wp-content\\\/uploads\\\/2024\\\/05\\\/KRBKEVP61.png\",\"width\":1000,\"height\":1000},{\"@type\":\"BreadcrumbList\",\"@id\":\"https:\\\/\\\/www.churchill1795.com\\\/de\\\/produkt\\\/coupe-teller-16-5cm-29\\\/#breadcrumb\",\"itemListElement\":[{\"@type\":\"ListItem\",\"position\":1,\"name\":\"Home\",\"item\":\"https:\\\/\\\/www.churchill1795.com\\\/de\\\/\"},{\"@type\":\"ListItem\",\"position\":2,\"name\":\"COUPE TELLER 16.5CM\"}]},{\"@type\":\"WebSite\",\"@id\":\"https:\\\/\\\/www.churchill1795.com\\\/en\\\/#website\",\"url\":\"https:\\\/\\\/www.churchill1795.com\\\/en\\\/\",\"name\":\"Churchill\",\"description\":\"Innovation, Passion &amp; expertise\",\"publisher\":{\"@id\":\"https:\\\/\\\/www.churchill1795.com\\\/en\\\/#organization\"},\"potentialAction\":[{\"@type\":\"SearchAction\",\"target\":{\"@type\":\"EntryPoint\",\"urlTemplate\":\"https:\\\/\\\/www.churchill1795.com\\\/en\\\/?s={search_term_string}\"},\"query-input\":{\"@type\":\"PropertyValueSpecification\",\"valueRequired\":true,\"valueName\":\"search_term_string\"}}],\"inLanguage\":\"de\"},{\"@type\":\"Organization\",\"@id\":\"https:\\\/\\\/www.churchill1795.com\\\/en\\\/#organization\",\"name\":\"Churchill\",\"url\":\"https:\\\/\\\/www.churchill1795.com\\\/en\\\/\",\"logo\":{\"@type\":\"ImageObject\",\"inLanguage\":\"de\",\"@id\":\"https:\\\/\\\/www.churchill1795.com\\\/en\\\/#\\\/schema\\\/logo\\\/image\\\/\",\"url\":\"https:\\\/\\\/www.churchill1795.com\\\/wp-content\\\/uploads\\\/2024\\\/09\\\/logo-1.webp\",\"contentUrl\":\"https:\\\/\\\/www.churchill1795.com\\\/wp-content\\\/uploads\\\/2024\\\/09\\\/logo-1.webp\",\"width\":240,\"height\":88,\"caption\":\"Churchill\"},\"image\":{\"@id\":\"https:\\\/\\\/www.churchill1795.com\\\/en\\\/#\\\/schema\\\/logo\\\/image\\\/\"}}]}<\/script>\n<!-- \/ Yoast SEO plugin. -->","yoast_head_json":{"title":"Churchill Kintsugi Reverse Quartz Black Coupe Teller 16.5cm","description":"Inspiriert von der japanischen Kunst des Kintsugi. Schwarzer Vollfl\u00e4chendruck mit auff\u00e4lligem Craqueleur-Muster f\u00fcr den professionellen Einsatz.","robots":{"index":"index","follow":"follow","max-snippet":"max-snippet:-1","max-image-preview":"max-image-preview:large","max-video-preview":"max-video-preview:-1"},"canonical":"https:\/\/www.churchill1795.com\/de\/produkt\/coupe-teller-16-5cm-29\/","og_locale":"de_DE","og_type":"article","og_title":"Churchill Kintsugi Reverse Quartz Black Coupe Teller 16.5cm","og_description":"Inspiriert von der japanischen Kunst des Kintsugi. Schwarzer Vollfl\u00e4chendruck mit auff\u00e4lligem Craqueleur-Muster f\u00fcr den professionellen Einsatz.","og_url":"https:\/\/www.churchill1795.com\/de\/produkt\/coupe-teller-16-5cm-29\/","og_site_name":"Churchill","article_modified_time":"2025-12-19T12:13:53+00:00","og_image":[{"width":1000,"height":1000,"url":"https:\/\/www.churchill1795.com\/wp-content\/uploads\/2024\/05\/KRBKEVP61.png","type":"image\/png"}],"twitter_card":"summary_large_image","schema":{"@context":"https:\/\/schema.org","@graph":[{"@type":"WebPage","@id":"https:\/\/www.churchill1795.com\/de\/produkt\/coupe-teller-16-5cm-29\/","url":"https:\/\/www.churchill1795.com\/de\/produkt\/coupe-teller-16-5cm-29\/","name":"Churchill Kintsugi Reverse Quartz Black Coupe Teller 16.5cm","isPartOf":{"@id":"https:\/\/www.churchill1795.com\/en\/#website"},"primaryImageOfPage":{"@id":"https:\/\/www.churchill1795.com\/de\/produkt\/coupe-teller-16-5cm-29\/#primaryimage"},"image":{"@id":"https:\/\/www.churchill1795.com\/de\/produkt\/coupe-teller-16-5cm-29\/#primaryimage"},"thumbnailUrl":"https:\/\/www.churchill1795.com\/wp-content\/uploads\/2024\/05\/KRBKEVP61.png","datePublished":"2023-04-30T23:00:00+00:00","dateModified":"2025-12-19T12:13:53+00:00","description":"Inspiriert von der japanischen Kunst des Kintsugi. Schwarzer Vollfl\u00e4chendruck mit auff\u00e4lligem Craqueleur-Muster f\u00fcr den professionellen Einsatz.","breadcrumb":{"@id":"https:\/\/www.churchill1795.com\/de\/produkt\/coupe-teller-16-5cm-29\/#breadcrumb"},"inLanguage":"de","potentialAction":[{"@type":"ReadAction","target":["https:\/\/www.churchill1795.com\/de\/produkt\/coupe-teller-16-5cm-29\/"]}]},{"@type":"ImageObject","inLanguage":"de","@id":"https:\/\/www.churchill1795.com\/de\/produkt\/coupe-teller-16-5cm-29\/#primaryimage","url":"https:\/\/www.churchill1795.com\/wp-content\/uploads\/2024\/05\/KRBKEVP61.png","contentUrl":"https:\/\/www.churchill1795.com\/wp-content\/uploads\/2024\/05\/KRBKEVP61.png","width":1000,"height":1000},{"@type":"BreadcrumbList","@id":"https:\/\/www.churchill1795.com\/de\/produkt\/coupe-teller-16-5cm-29\/#breadcrumb","itemListElement":[{"@type":"ListItem","position":1,"name":"Home","item":"https:\/\/www.churchill1795.com\/de\/"},{"@type":"ListItem","position":2,"name":"COUPE TELLER 16.5CM"}]},{"@type":"WebSite","@id":"https:\/\/www.churchill1795.com\/en\/#website","url":"https:\/\/www.churchill1795.com\/en\/","name":"Churchill","description":"Innovation, Passion &amp; expertise","publisher":{"@id":"https:\/\/www.churchill1795.com\/en\/#organization"},"potentialAction":[{"@type":"SearchAction","target":{"@type":"EntryPoint","urlTemplate":"https:\/\/www.churchill1795.com\/en\/?s={search_term_string}"},"query-input":{"@type":"PropertyValueSpecification","valueRequired":true,"valueName":"search_term_string"}}],"inLanguage":"de"},{"@type":"Organization","@id":"https:\/\/www.churchill1795.com\/en\/#organization","name":"Churchill","url":"https:\/\/www.churchill1795.com\/en\/","logo":{"@type":"ImageObject","inLanguage":"de","@id":"https:\/\/www.churchill1795.com\/en\/#\/schema\/logo\/image\/","url":"https:\/\/www.churchill1795.com\/wp-content\/uploads\/2024\/09\/logo-1.webp","contentUrl":"https:\/\/www.churchill1795.com\/wp-content\/uploads\/2024\/09\/logo-1.webp","width":240,"height":88,"caption":"Churchill"},"image":{"@id":"https:\/\/www.churchill1795.com\/en\/#\/schema\/logo\/image\/"}}]}},"_links":{"self":[{"href":"https:\/\/www.churchill1795.com\/de\/wp-json\/wp\/v2\/product\/47350","targetHints":{"allow":["GET"]}}],"collection":[{"href":"https:\/\/www.churchill1795.com\/de\/wp-json\/wp\/v2\/product"}],"about":[{"href":"https:\/\/www.churchill1795.com\/de\/wp-json\/wp\/v2\/types\/product"}],"wp:featuredmedia":[{"embeddable":true,"href":"https:\/\/www.churchill1795.com\/de\/wp-json\/wp\/v2\/media\/8890"}],"wp:attachment":[{"href":"https:\/\/www.churchill1795.com\/de\/wp-json\/wp\/v2\/media?parent=47350"}],"wp:term":[{"taxonomy":"product_brand","embeddable":true,"href":"https:\/\/www.churchill1795.com\/de\/wp-json\/wp\/v2\/product_brand?post=47350"},{"taxonomy":"product_cat","embeddable":true,"href":"https:\/\/www.churchill1795.com\/de\/wp-json\/wp\/v2\/product_cat?post=47350"},{"taxonomy":"product_tag","embeddable":true,"href":"https:\/\/www.churchill1795.com\/de\/wp-json\/wp\/v2\/product_tag?post=47350"}],"curies":[{"name":"wp","href":"https:\/\/api.w.org\/{rel}","templated":true}]}}