{"id":47254,"date":"2023-01-01T00:00:00","date_gmt":"2023-01-01T00:00:00","guid":{"rendered":"https:\/\/www.churchill1795.com\/?post_type=product&#038;p=47254"},"modified":"2025-12-19T12:04:07","modified_gmt":"2025-12-19T12:04:07","slug":"coupe-schale-24-8cm-34","status":"publish","type":"product","link":"https:\/\/www.churchill1795.com\/de\/produkt\/coupe-schale-24-8cm-34\/","title":{"rendered":"COUPE SCHALE 24.8CM"},"content":{"rendered":"<p>Homespun Chroma ist eine Weiterentwicklung des urspr\u00fcnglichen Homespun-Designs und verf\u00fcgt \u00fcber das klassische konzentrische Muster und den Charakter von handget\u00f6pferter Keramik. Homespun Chroma wurde von den tiefen, intensiven Farben inspiriert, die durch die Schichtung von Glasureffekten entstehen, und wurde als auff\u00e4llige und mutige Dekoration f\u00fcr alle K\u00fcchenstile entwickelt.<\/p>\n","protected":false},"excerpt":{"rendered":"<p>Studio Prints Homespun Chroma ist vom urspr\u00fcnglichen Homespun-Design inspiriert und verf\u00fcgt \u00fcber das klassische konzentrische Muster und den Stil eines von Hand gefertigtem Geschirrs.<\/p>\n","protected":false},"featured_media":9130,"template":"","meta":{"_acf_changed":false,"content-type":""},"product_brand":[],"product_cat":[3589,3588],"product_tag":[],"class_list":{"0":"post-47254","1":"product","2":"type-product","3":"status-publish","4":"has-post-thumbnail","6":"product_cat-coupe-schalen","7":"product_cat-schalen","8":"pa_colour-marine-de","9":"pa_filter-capacity-61-115cl-20-6-38-8oz-de","10":"pa_filter-colour-blau-de","11":"pa_filter-material-keramik","12":"pa_filter-width-21-25cm-8-2-10-de","13":"pa_material-churchill-super-vitrified-de","14":"pa_shape-rund","15":"pa_size-24-8cm-9-3-4-de","16":"range-studio-prints-homespun-chroma","17":"brand-churchill-super-vitrified","18":"brand-studio-prints","19":"tabletop-blues-de","20":"tabletop-tranquil-teals-de","21":"shape-code-evb91","23":"first","24":"instock","25":"purchasable","26":"product-type-simple","27":"add-to-wishlist-after_add_to_cart"},"acf":[],"yoast_head":"<!-- This site is optimized with the Yoast SEO plugin v27.3 - https:\/\/yoast.com\/product\/yoast-seo-wordpress\/ -->\n<title>Churchill Homespun Chroma Marine Coupe Schale 24.2cm<\/title>\n<meta name=\"description\" content=\"Starke Farben mit zus\u00e4tzlicher Intensit\u00e4t durch die strukturierte \u00dcberlagerung von Glasuren. F\u00fcr den professionellen Einsatz entwickelt. Erfahren Sie mehr.\" \/>\n<meta name=\"robots\" content=\"index, follow, max-snippet:-1, max-image-preview:large, max-video-preview:-1\" \/>\n<link rel=\"canonical\" href=\"https:\/\/www.churchill1795.com\/de\/produkt\/coupe-schale-24-8cm-34\/\" \/>\n<meta property=\"og:locale\" content=\"de_DE\" \/>\n<meta property=\"og:type\" content=\"article\" \/>\n<meta property=\"og:title\" content=\"Churchill Homespun Chroma Marine Coupe Schale 24.2cm\" \/>\n<meta property=\"og:description\" content=\"Starke Farben mit zus\u00e4tzlicher Intensit\u00e4t durch die strukturierte \u00dcberlagerung von Glasuren. F\u00fcr den professionellen Einsatz entwickelt. Erfahren Sie mehr.\" \/>\n<meta property=\"og:url\" content=\"https:\/\/www.churchill1795.com\/de\/produkt\/coupe-schale-24-8cm-34\/\" \/>\n<meta property=\"og:site_name\" content=\"Churchill\" \/>\n<meta property=\"article:modified_time\" content=\"2025-12-19T12:04:07+00:00\" \/>\n<meta property=\"og:image\" content=\"https:\/\/www.churchill1795.com\/wp-content\/uploads\/2024\/05\/HCBLEVB91.png\" \/>\n\t<meta property=\"og:image:width\" content=\"1000\" \/>\n\t<meta property=\"og:image:height\" content=\"1000\" \/>\n\t<meta property=\"og:image:type\" content=\"image\/png\" \/>\n<meta name=\"twitter:card\" content=\"summary_large_image\" \/>\n<script type=\"application\/ld+json\" class=\"yoast-schema-graph\">{\"@context\":\"https:\\\/\\\/schema.org\",\"@graph\":[{\"@type\":\"WebPage\",\"@id\":\"https:\\\/\\\/www.churchill1795.com\\\/de\\\/produkt\\\/coupe-schale-24-8cm-34\\\/\",\"url\":\"https:\\\/\\\/www.churchill1795.com\\\/de\\\/produkt\\\/coupe-schale-24-8cm-34\\\/\",\"name\":\"Churchill Homespun Chroma Marine Coupe Schale 24.2cm\",\"isPartOf\":{\"@id\":\"https:\\\/\\\/www.churchill1795.com\\\/en\\\/#website\"},\"primaryImageOfPage\":{\"@id\":\"https:\\\/\\\/www.churchill1795.com\\\/de\\\/produkt\\\/coupe-schale-24-8cm-34\\\/#primaryimage\"},\"image\":{\"@id\":\"https:\\\/\\\/www.churchill1795.com\\\/de\\\/produkt\\\/coupe-schale-24-8cm-34\\\/#primaryimage\"},\"thumbnailUrl\":\"https:\\\/\\\/www.churchill1795.com\\\/wp-content\\\/uploads\\\/2024\\\/05\\\/HCBLEVB91.png\",\"datePublished\":\"2023-01-01T00:00:00+00:00\",\"dateModified\":\"2025-12-19T12:04:07+00:00\",\"description\":\"Starke Farben mit zus\u00e4tzlicher Intensit\u00e4t durch die strukturierte \u00dcberlagerung von Glasuren. F\u00fcr den professionellen Einsatz entwickelt. Erfahren Sie mehr.\",\"breadcrumb\":{\"@id\":\"https:\\\/\\\/www.churchill1795.com\\\/de\\\/produkt\\\/coupe-schale-24-8cm-34\\\/#breadcrumb\"},\"inLanguage\":\"de\",\"potentialAction\":[{\"@type\":\"ReadAction\",\"target\":[\"https:\\\/\\\/www.churchill1795.com\\\/de\\\/produkt\\\/coupe-schale-24-8cm-34\\\/\"]}]},{\"@type\":\"ImageObject\",\"inLanguage\":\"de\",\"@id\":\"https:\\\/\\\/www.churchill1795.com\\\/de\\\/produkt\\\/coupe-schale-24-8cm-34\\\/#primaryimage\",\"url\":\"https:\\\/\\\/www.churchill1795.com\\\/wp-content\\\/uploads\\\/2024\\\/05\\\/HCBLEVB91.png\",\"contentUrl\":\"https:\\\/\\\/www.churchill1795.com\\\/wp-content\\\/uploads\\\/2024\\\/05\\\/HCBLEVB91.png\",\"width\":1000,\"height\":1000},{\"@type\":\"BreadcrumbList\",\"@id\":\"https:\\\/\\\/www.churchill1795.com\\\/de\\\/produkt\\\/coupe-schale-24-8cm-34\\\/#breadcrumb\",\"itemListElement\":[{\"@type\":\"ListItem\",\"position\":1,\"name\":\"Home\",\"item\":\"https:\\\/\\\/www.churchill1795.com\\\/de\\\/\"},{\"@type\":\"ListItem\",\"position\":2,\"name\":\"COUPE SCHALE 24.8CM\"}]},{\"@type\":\"WebSite\",\"@id\":\"https:\\\/\\\/www.churchill1795.com\\\/en\\\/#website\",\"url\":\"https:\\\/\\\/www.churchill1795.com\\\/en\\\/\",\"name\":\"Churchill\",\"description\":\"Innovation, Passion &amp; expertise\",\"publisher\":{\"@id\":\"https:\\\/\\\/www.churchill1795.com\\\/en\\\/#organization\"},\"potentialAction\":[{\"@type\":\"SearchAction\",\"target\":{\"@type\":\"EntryPoint\",\"urlTemplate\":\"https:\\\/\\\/www.churchill1795.com\\\/en\\\/?s={search_term_string}\"},\"query-input\":{\"@type\":\"PropertyValueSpecification\",\"valueRequired\":true,\"valueName\":\"search_term_string\"}}],\"inLanguage\":\"de\"},{\"@type\":\"Organization\",\"@id\":\"https:\\\/\\\/www.churchill1795.com\\\/en\\\/#organization\",\"name\":\"Churchill\",\"url\":\"https:\\\/\\\/www.churchill1795.com\\\/en\\\/\",\"logo\":{\"@type\":\"ImageObject\",\"inLanguage\":\"de\",\"@id\":\"https:\\\/\\\/www.churchill1795.com\\\/en\\\/#\\\/schema\\\/logo\\\/image\\\/\",\"url\":\"https:\\\/\\\/www.churchill1795.com\\\/wp-content\\\/uploads\\\/2024\\\/09\\\/logo-1.webp\",\"contentUrl\":\"https:\\\/\\\/www.churchill1795.com\\\/wp-content\\\/uploads\\\/2024\\\/09\\\/logo-1.webp\",\"width\":240,\"height\":88,\"caption\":\"Churchill\"},\"image\":{\"@id\":\"https:\\\/\\\/www.churchill1795.com\\\/en\\\/#\\\/schema\\\/logo\\\/image\\\/\"}}]}<\/script>\n<!-- \/ Yoast SEO plugin. -->","yoast_head_json":{"title":"Churchill Homespun Chroma Marine Coupe Schale 24.2cm","description":"Starke Farben mit zus\u00e4tzlicher Intensit\u00e4t durch die strukturierte \u00dcberlagerung von Glasuren. F\u00fcr den professionellen Einsatz entwickelt. Erfahren Sie mehr.","robots":{"index":"index","follow":"follow","max-snippet":"max-snippet:-1","max-image-preview":"max-image-preview:large","max-video-preview":"max-video-preview:-1"},"canonical":"https:\/\/www.churchill1795.com\/de\/produkt\/coupe-schale-24-8cm-34\/","og_locale":"de_DE","og_type":"article","og_title":"Churchill Homespun Chroma Marine Coupe Schale 24.2cm","og_description":"Starke Farben mit zus\u00e4tzlicher Intensit\u00e4t durch die strukturierte \u00dcberlagerung von Glasuren. F\u00fcr den professionellen Einsatz entwickelt. Erfahren Sie mehr.","og_url":"https:\/\/www.churchill1795.com\/de\/produkt\/coupe-schale-24-8cm-34\/","og_site_name":"Churchill","article_modified_time":"2025-12-19T12:04:07+00:00","og_image":[{"width":1000,"height":1000,"url":"https:\/\/www.churchill1795.com\/wp-content\/uploads\/2024\/05\/HCBLEVB91.png","type":"image\/png"}],"twitter_card":"summary_large_image","schema":{"@context":"https:\/\/schema.org","@graph":[{"@type":"WebPage","@id":"https:\/\/www.churchill1795.com\/de\/produkt\/coupe-schale-24-8cm-34\/","url":"https:\/\/www.churchill1795.com\/de\/produkt\/coupe-schale-24-8cm-34\/","name":"Churchill Homespun Chroma Marine Coupe Schale 24.2cm","isPartOf":{"@id":"https:\/\/www.churchill1795.com\/en\/#website"},"primaryImageOfPage":{"@id":"https:\/\/www.churchill1795.com\/de\/produkt\/coupe-schale-24-8cm-34\/#primaryimage"},"image":{"@id":"https:\/\/www.churchill1795.com\/de\/produkt\/coupe-schale-24-8cm-34\/#primaryimage"},"thumbnailUrl":"https:\/\/www.churchill1795.com\/wp-content\/uploads\/2024\/05\/HCBLEVB91.png","datePublished":"2023-01-01T00:00:00+00:00","dateModified":"2025-12-19T12:04:07+00:00","description":"Starke Farben mit zus\u00e4tzlicher Intensit\u00e4t durch die strukturierte \u00dcberlagerung von Glasuren. F\u00fcr den professionellen Einsatz entwickelt. Erfahren Sie mehr.","breadcrumb":{"@id":"https:\/\/www.churchill1795.com\/de\/produkt\/coupe-schale-24-8cm-34\/#breadcrumb"},"inLanguage":"de","potentialAction":[{"@type":"ReadAction","target":["https:\/\/www.churchill1795.com\/de\/produkt\/coupe-schale-24-8cm-34\/"]}]},{"@type":"ImageObject","inLanguage":"de","@id":"https:\/\/www.churchill1795.com\/de\/produkt\/coupe-schale-24-8cm-34\/#primaryimage","url":"https:\/\/www.churchill1795.com\/wp-content\/uploads\/2024\/05\/HCBLEVB91.png","contentUrl":"https:\/\/www.churchill1795.com\/wp-content\/uploads\/2024\/05\/HCBLEVB91.png","width":1000,"height":1000},{"@type":"BreadcrumbList","@id":"https:\/\/www.churchill1795.com\/de\/produkt\/coupe-schale-24-8cm-34\/#breadcrumb","itemListElement":[{"@type":"ListItem","position":1,"name":"Home","item":"https:\/\/www.churchill1795.com\/de\/"},{"@type":"ListItem","position":2,"name":"COUPE SCHALE 24.8CM"}]},{"@type":"WebSite","@id":"https:\/\/www.churchill1795.com\/en\/#website","url":"https:\/\/www.churchill1795.com\/en\/","name":"Churchill","description":"Innovation, Passion &amp; expertise","publisher":{"@id":"https:\/\/www.churchill1795.com\/en\/#organization"},"potentialAction":[{"@type":"SearchAction","target":{"@type":"EntryPoint","urlTemplate":"https:\/\/www.churchill1795.com\/en\/?s={search_term_string}"},"query-input":{"@type":"PropertyValueSpecification","valueRequired":true,"valueName":"search_term_string"}}],"inLanguage":"de"},{"@type":"Organization","@id":"https:\/\/www.churchill1795.com\/en\/#organization","name":"Churchill","url":"https:\/\/www.churchill1795.com\/en\/","logo":{"@type":"ImageObject","inLanguage":"de","@id":"https:\/\/www.churchill1795.com\/en\/#\/schema\/logo\/image\/","url":"https:\/\/www.churchill1795.com\/wp-content\/uploads\/2024\/09\/logo-1.webp","contentUrl":"https:\/\/www.churchill1795.com\/wp-content\/uploads\/2024\/09\/logo-1.webp","width":240,"height":88,"caption":"Churchill"},"image":{"@id":"https:\/\/www.churchill1795.com\/en\/#\/schema\/logo\/image\/"}}]}},"_links":{"self":[{"href":"https:\/\/www.churchill1795.com\/de\/wp-json\/wp\/v2\/product\/47254","targetHints":{"allow":["GET"]}}],"collection":[{"href":"https:\/\/www.churchill1795.com\/de\/wp-json\/wp\/v2\/product"}],"about":[{"href":"https:\/\/www.churchill1795.com\/de\/wp-json\/wp\/v2\/types\/product"}],"wp:featuredmedia":[{"embeddable":true,"href":"https:\/\/www.churchill1795.com\/de\/wp-json\/wp\/v2\/media\/9130"}],"wp:attachment":[{"href":"https:\/\/www.churchill1795.com\/de\/wp-json\/wp\/v2\/media?parent=47254"}],"wp:term":[{"taxonomy":"product_brand","embeddable":true,"href":"https:\/\/www.churchill1795.com\/de\/wp-json\/wp\/v2\/product_brand?post=47254"},{"taxonomy":"product_cat","embeddable":true,"href":"https:\/\/www.churchill1795.com\/de\/wp-json\/wp\/v2\/product_cat?post=47254"},{"taxonomy":"product_tag","embeddable":true,"href":"https:\/\/www.churchill1795.com\/de\/wp-json\/wp\/v2\/product_tag?post=47254"}],"curies":[{"name":"wp","href":"https:\/\/api.w.org\/{rel}","templated":true}]}}