{"id":47124,"date":"2023-09-01T00:00:00","date_gmt":"2023-08-31T23:00:00","guid":{"rendered":"https:\/\/www.churchill1795.com\/?post_type=product&#038;p=47124"},"modified":"2026-01-02T08:11:10","modified_gmt":"2026-01-02T08:11:10","slug":"teller-mit-erhoehtem-rand-21cm-17","status":"publish","type":"product","link":"https:\/\/www.churchill1795.com\/de\/produkt\/teller-mit-erhoehtem-rand-21cm-17\/","title":{"rendered":"TELLER MIT ERH\u00d6HTEM RAND 21CM"},"content":{"rendered":"<p>Das radiale und ausdrucksstarke Design von Fusion verbindet Farbe und Textur mit modernem Wei\u00dfraum und eignet sich perfekt zur Pr\u00e4sentation hochwertiger Lebensmittel. Studio Prints Fusion wurde f\u00fcr zus\u00e4tzliche Haltbarkeit unter der Glasur dekoriert und eignet sich daher f\u00fcr alle Arten von Gastronomieumgebungen.<\/p>\n","protected":false},"excerpt":{"rendered":"<p>Das radiale und ausdrucksstarke Design von Studio Prints Fusion verbindet Farbe und Textur mit modernem wei\u00dfen Raum und eignet sich perfekt f\u00fcr die Pr\u00e4sentation hochwertiger Speisen und hebt diese auf ein anderes Level.<\/p>\n","protected":false},"featured_media":9314,"template":"","meta":{"_acf_changed":false,"content-type":""},"product_brand":[],"product_cat":[3602,3597],"product_tag":[],"class_list":{"0":"post-47124","1":"product","2":"type-product","3":"status-publish","4":"has-post-thumbnail","6":"product_cat-etwas-besonders","7":"product_cat-teller","8":"pa_colour-quartz-black-de","9":"pa_filter-colour-schwarz-de","10":"pa_filter-material-keramik","11":"pa_filter-width-21-25cm-8-2-10-de","12":"pa_material-churchill-super-vitrified-de","13":"pa_shape-rund","14":"pa_size-21cm-8-1-4-de","15":"range-studio-prints-fusion","16":"brand-churchill-super-vitrified","17":"brand-studio-prints","18":"tabletop-bold-darks-de","19":"tabletop-industrial-de","20":"shape-code-wp211","22":"first","23":"instock","24":"purchasable","25":"product-type-simple","26":"add-to-wishlist-after_add_to_cart"},"acf":[],"yoast_head":"<!-- This site is optimized with the Yoast SEO plugin v27.3 - https:\/\/yoast.com\/product\/yoast-seo-wordpress\/ -->\n<title>Churchill Studio Prints Fusion Quartz Black Teller mit Erh\u00f6htem Rand 21cm<\/title>\n<meta name=\"description\" content=\"Dieses Muster kombiniert Farbe, reaktive Glasuren und wei\u00dfe Fl\u00e4chen und eignet sich perfekt f\u00fcr die Pr\u00e4sentation hochwertiger Lebensmittel.\" \/>\n<meta name=\"robots\" content=\"index, follow, max-snippet:-1, max-image-preview:large, max-video-preview:-1\" \/>\n<link rel=\"canonical\" href=\"https:\/\/www.churchill1795.com\/de\/produkt\/teller-mit-erhoehtem-rand-21cm-17\/\" \/>\n<meta property=\"og:locale\" content=\"de_DE\" \/>\n<meta property=\"og:type\" content=\"article\" \/>\n<meta property=\"og:title\" content=\"Churchill Studio Prints Fusion Quartz Black Teller mit Erh\u00f6htem Rand 21cm\" \/>\n<meta property=\"og:description\" content=\"Dieses Muster kombiniert Farbe, reaktive Glasuren und wei\u00dfe Fl\u00e4chen und eignet sich perfekt f\u00fcr die Pr\u00e4sentation hochwertiger Lebensmittel.\" \/>\n<meta property=\"og:url\" content=\"https:\/\/www.churchill1795.com\/de\/produkt\/teller-mit-erhoehtem-rand-21cm-17\/\" \/>\n<meta property=\"og:site_name\" content=\"Churchill\" \/>\n<meta property=\"article:modified_time\" content=\"2026-01-02T08:11:10+00:00\" \/>\n<meta property=\"og:image\" content=\"https:\/\/www.churchill1795.com\/wp-content\/uploads\/2024\/05\/FSBKWP211.png\" \/>\n\t<meta property=\"og:image:width\" content=\"1000\" \/>\n\t<meta property=\"og:image:height\" content=\"1000\" \/>\n\t<meta property=\"og:image:type\" content=\"image\/png\" \/>\n<meta name=\"twitter:card\" content=\"summary_large_image\" \/>\n<script type=\"application\/ld+json\" class=\"yoast-schema-graph\">{\"@context\":\"https:\\\/\\\/schema.org\",\"@graph\":[{\"@type\":\"WebPage\",\"@id\":\"https:\\\/\\\/www.churchill1795.com\\\/de\\\/produkt\\\/teller-mit-erhoehtem-rand-21cm-17\\\/\",\"url\":\"https:\\\/\\\/www.churchill1795.com\\\/de\\\/produkt\\\/teller-mit-erhoehtem-rand-21cm-17\\\/\",\"name\":\"Churchill Studio Prints Fusion Quartz Black Teller mit Erh\u00f6htem Rand 21cm\",\"isPartOf\":{\"@id\":\"https:\\\/\\\/www.churchill1795.com\\\/en\\\/#website\"},\"primaryImageOfPage\":{\"@id\":\"https:\\\/\\\/www.churchill1795.com\\\/de\\\/produkt\\\/teller-mit-erhoehtem-rand-21cm-17\\\/#primaryimage\"},\"image\":{\"@id\":\"https:\\\/\\\/www.churchill1795.com\\\/de\\\/produkt\\\/teller-mit-erhoehtem-rand-21cm-17\\\/#primaryimage\"},\"thumbnailUrl\":\"https:\\\/\\\/www.churchill1795.com\\\/wp-content\\\/uploads\\\/2024\\\/05\\\/FSBKWP211.png\",\"datePublished\":\"2023-08-31T23:00:00+00:00\",\"dateModified\":\"2026-01-02T08:11:10+00:00\",\"description\":\"Dieses Muster kombiniert Farbe, reaktive Glasuren und wei\u00dfe Fl\u00e4chen und eignet sich perfekt f\u00fcr die Pr\u00e4sentation hochwertiger Lebensmittel.\",\"breadcrumb\":{\"@id\":\"https:\\\/\\\/www.churchill1795.com\\\/de\\\/produkt\\\/teller-mit-erhoehtem-rand-21cm-17\\\/#breadcrumb\"},\"inLanguage\":\"de\",\"potentialAction\":[{\"@type\":\"ReadAction\",\"target\":[\"https:\\\/\\\/www.churchill1795.com\\\/de\\\/produkt\\\/teller-mit-erhoehtem-rand-21cm-17\\\/\"]}]},{\"@type\":\"ImageObject\",\"inLanguage\":\"de\",\"@id\":\"https:\\\/\\\/www.churchill1795.com\\\/de\\\/produkt\\\/teller-mit-erhoehtem-rand-21cm-17\\\/#primaryimage\",\"url\":\"https:\\\/\\\/www.churchill1795.com\\\/wp-content\\\/uploads\\\/2024\\\/05\\\/FSBKWP211.png\",\"contentUrl\":\"https:\\\/\\\/www.churchill1795.com\\\/wp-content\\\/uploads\\\/2024\\\/05\\\/FSBKWP211.png\",\"width\":1000,\"height\":1000},{\"@type\":\"BreadcrumbList\",\"@id\":\"https:\\\/\\\/www.churchill1795.com\\\/de\\\/produkt\\\/teller-mit-erhoehtem-rand-21cm-17\\\/#breadcrumb\",\"itemListElement\":[{\"@type\":\"ListItem\",\"position\":1,\"name\":\"Home\",\"item\":\"https:\\\/\\\/www.churchill1795.com\\\/de\\\/\"},{\"@type\":\"ListItem\",\"position\":2,\"name\":\"TELLER MIT ERH\u00d6HTEM RAND 21CM\"}]},{\"@type\":\"WebSite\",\"@id\":\"https:\\\/\\\/www.churchill1795.com\\\/en\\\/#website\",\"url\":\"https:\\\/\\\/www.churchill1795.com\\\/en\\\/\",\"name\":\"Churchill\",\"description\":\"Innovation, Passion &amp; expertise\",\"publisher\":{\"@id\":\"https:\\\/\\\/www.churchill1795.com\\\/en\\\/#organization\"},\"potentialAction\":[{\"@type\":\"SearchAction\",\"target\":{\"@type\":\"EntryPoint\",\"urlTemplate\":\"https:\\\/\\\/www.churchill1795.com\\\/en\\\/?s={search_term_string}\"},\"query-input\":{\"@type\":\"PropertyValueSpecification\",\"valueRequired\":true,\"valueName\":\"search_term_string\"}}],\"inLanguage\":\"de\"},{\"@type\":\"Organization\",\"@id\":\"https:\\\/\\\/www.churchill1795.com\\\/en\\\/#organization\",\"name\":\"Churchill\",\"url\":\"https:\\\/\\\/www.churchill1795.com\\\/en\\\/\",\"logo\":{\"@type\":\"ImageObject\",\"inLanguage\":\"de\",\"@id\":\"https:\\\/\\\/www.churchill1795.com\\\/en\\\/#\\\/schema\\\/logo\\\/image\\\/\",\"url\":\"https:\\\/\\\/www.churchill1795.com\\\/wp-content\\\/uploads\\\/2024\\\/09\\\/logo-1.webp\",\"contentUrl\":\"https:\\\/\\\/www.churchill1795.com\\\/wp-content\\\/uploads\\\/2024\\\/09\\\/logo-1.webp\",\"width\":240,\"height\":88,\"caption\":\"Churchill\"},\"image\":{\"@id\":\"https:\\\/\\\/www.churchill1795.com\\\/en\\\/#\\\/schema\\\/logo\\\/image\\\/\"}}]}<\/script>\n<!-- \/ Yoast SEO plugin. -->","yoast_head_json":{"title":"Churchill Studio Prints Fusion Quartz Black Teller mit Erh\u00f6htem Rand 21cm","description":"Dieses Muster kombiniert Farbe, reaktive Glasuren und wei\u00dfe Fl\u00e4chen und eignet sich perfekt f\u00fcr die Pr\u00e4sentation hochwertiger Lebensmittel.","robots":{"index":"index","follow":"follow","max-snippet":"max-snippet:-1","max-image-preview":"max-image-preview:large","max-video-preview":"max-video-preview:-1"},"canonical":"https:\/\/www.churchill1795.com\/de\/produkt\/teller-mit-erhoehtem-rand-21cm-17\/","og_locale":"de_DE","og_type":"article","og_title":"Churchill Studio Prints Fusion Quartz Black Teller mit Erh\u00f6htem Rand 21cm","og_description":"Dieses Muster kombiniert Farbe, reaktive Glasuren und wei\u00dfe Fl\u00e4chen und eignet sich perfekt f\u00fcr die Pr\u00e4sentation hochwertiger Lebensmittel.","og_url":"https:\/\/www.churchill1795.com\/de\/produkt\/teller-mit-erhoehtem-rand-21cm-17\/","og_site_name":"Churchill","article_modified_time":"2026-01-02T08:11:10+00:00","og_image":[{"width":1000,"height":1000,"url":"https:\/\/www.churchill1795.com\/wp-content\/uploads\/2024\/05\/FSBKWP211.png","type":"image\/png"}],"twitter_card":"summary_large_image","schema":{"@context":"https:\/\/schema.org","@graph":[{"@type":"WebPage","@id":"https:\/\/www.churchill1795.com\/de\/produkt\/teller-mit-erhoehtem-rand-21cm-17\/","url":"https:\/\/www.churchill1795.com\/de\/produkt\/teller-mit-erhoehtem-rand-21cm-17\/","name":"Churchill Studio Prints Fusion Quartz Black Teller mit Erh\u00f6htem Rand 21cm","isPartOf":{"@id":"https:\/\/www.churchill1795.com\/en\/#website"},"primaryImageOfPage":{"@id":"https:\/\/www.churchill1795.com\/de\/produkt\/teller-mit-erhoehtem-rand-21cm-17\/#primaryimage"},"image":{"@id":"https:\/\/www.churchill1795.com\/de\/produkt\/teller-mit-erhoehtem-rand-21cm-17\/#primaryimage"},"thumbnailUrl":"https:\/\/www.churchill1795.com\/wp-content\/uploads\/2024\/05\/FSBKWP211.png","datePublished":"2023-08-31T23:00:00+00:00","dateModified":"2026-01-02T08:11:10+00:00","description":"Dieses Muster kombiniert Farbe, reaktive Glasuren und wei\u00dfe Fl\u00e4chen und eignet sich perfekt f\u00fcr die Pr\u00e4sentation hochwertiger Lebensmittel.","breadcrumb":{"@id":"https:\/\/www.churchill1795.com\/de\/produkt\/teller-mit-erhoehtem-rand-21cm-17\/#breadcrumb"},"inLanguage":"de","potentialAction":[{"@type":"ReadAction","target":["https:\/\/www.churchill1795.com\/de\/produkt\/teller-mit-erhoehtem-rand-21cm-17\/"]}]},{"@type":"ImageObject","inLanguage":"de","@id":"https:\/\/www.churchill1795.com\/de\/produkt\/teller-mit-erhoehtem-rand-21cm-17\/#primaryimage","url":"https:\/\/www.churchill1795.com\/wp-content\/uploads\/2024\/05\/FSBKWP211.png","contentUrl":"https:\/\/www.churchill1795.com\/wp-content\/uploads\/2024\/05\/FSBKWP211.png","width":1000,"height":1000},{"@type":"BreadcrumbList","@id":"https:\/\/www.churchill1795.com\/de\/produkt\/teller-mit-erhoehtem-rand-21cm-17\/#breadcrumb","itemListElement":[{"@type":"ListItem","position":1,"name":"Home","item":"https:\/\/www.churchill1795.com\/de\/"},{"@type":"ListItem","position":2,"name":"TELLER MIT ERH\u00d6HTEM RAND 21CM"}]},{"@type":"WebSite","@id":"https:\/\/www.churchill1795.com\/en\/#website","url":"https:\/\/www.churchill1795.com\/en\/","name":"Churchill","description":"Innovation, Passion &amp; expertise","publisher":{"@id":"https:\/\/www.churchill1795.com\/en\/#organization"},"potentialAction":[{"@type":"SearchAction","target":{"@type":"EntryPoint","urlTemplate":"https:\/\/www.churchill1795.com\/en\/?s={search_term_string}"},"query-input":{"@type":"PropertyValueSpecification","valueRequired":true,"valueName":"search_term_string"}}],"inLanguage":"de"},{"@type":"Organization","@id":"https:\/\/www.churchill1795.com\/en\/#organization","name":"Churchill","url":"https:\/\/www.churchill1795.com\/en\/","logo":{"@type":"ImageObject","inLanguage":"de","@id":"https:\/\/www.churchill1795.com\/en\/#\/schema\/logo\/image\/","url":"https:\/\/www.churchill1795.com\/wp-content\/uploads\/2024\/09\/logo-1.webp","contentUrl":"https:\/\/www.churchill1795.com\/wp-content\/uploads\/2024\/09\/logo-1.webp","width":240,"height":88,"caption":"Churchill"},"image":{"@id":"https:\/\/www.churchill1795.com\/en\/#\/schema\/logo\/image\/"}}]}},"_links":{"self":[{"href":"https:\/\/www.churchill1795.com\/de\/wp-json\/wp\/v2\/product\/47124","targetHints":{"allow":["GET"]}}],"collection":[{"href":"https:\/\/www.churchill1795.com\/de\/wp-json\/wp\/v2\/product"}],"about":[{"href":"https:\/\/www.churchill1795.com\/de\/wp-json\/wp\/v2\/types\/product"}],"wp:featuredmedia":[{"embeddable":true,"href":"https:\/\/www.churchill1795.com\/de\/wp-json\/wp\/v2\/media\/9314"}],"wp:attachment":[{"href":"https:\/\/www.churchill1795.com\/de\/wp-json\/wp\/v2\/media?parent=47124"}],"wp:term":[{"taxonomy":"product_brand","embeddable":true,"href":"https:\/\/www.churchill1795.com\/de\/wp-json\/wp\/v2\/product_brand?post=47124"},{"taxonomy":"product_cat","embeddable":true,"href":"https:\/\/www.churchill1795.com\/de\/wp-json\/wp\/v2\/product_cat?post=47124"},{"taxonomy":"product_tag","embeddable":true,"href":"https:\/\/www.churchill1795.com\/de\/wp-json\/wp\/v2\/product_tag?post=47124"}],"curies":[{"name":"wp","href":"https:\/\/api.w.org\/{rel}","templated":true}]}}