{"id":47071,"date":"2015-05-01T00:00:00","date_gmt":"2015-04-30T23:00:00","guid":{"rendered":"https:\/\/www.churchill1795.com\/?post_type=product&#038;p=47071"},"modified":"2026-01-02T08:10:49","modified_gmt":"2026-01-02T08:10:49","slug":"dreieckige-teller-26-5cm-37","status":"publish","type":"product","link":"https:\/\/www.churchill1795.com\/de\/produkt\/dreieckige-teller-26-5cm-37\/","title":{"rendered":"DREIECKIGE TELLER 26.5CM"},"content":{"rendered":"<p>Stonecast Spiced Orange wird von Hand dekoriert, so dass jedes St\u00fcck ein Unikat ist. Das manuelle Auftragen des Designs nennt sich &#8222;Spinwash-Verfahren&#8220;. Das gesprenkelte Muster und der Rand verleihen dem Geschirr das typische Stonecast Gesicht und befinden sich unterhalb der Glasur.<\/p>\n","protected":false},"excerpt":{"rendered":"<p>Stonecast Spiced Orange wurde von Saisonzutaten inspiriert und jedes St\u00fcck wird per Hand dekoriert, sodass jedes St\u00fcck ein Einzelst\u00fcck ist.<\/p>\n","protected":false},"featured_media":6222,"template":"","meta":{"_acf_changed":false,"content-type":""},"product_brand":[],"product_cat":[3602,3597],"product_tag":[],"class_list":{"0":"post-47071","1":"product","2":"type-product","3":"status-publish","4":"has-post-thumbnail","6":"product_cat-etwas-besonders","7":"product_cat-teller","8":"pa_colour-spiced-orange-de","9":"pa_filter-colour-orangefarben","10":"pa_filter-material-keramik","11":"pa_filter-width-26-32cm-10-2-12-5-de","12":"pa_material-churchill-super-vitrified-de","13":"pa_shape-dreieck","14":"pa_size-28-5cm-11-1-8-de","15":"range-stonecast","16":"range-stonecast-spiced-orange","17":"brand-churchill-super-vitrified","18":"brand-stonecast","19":"tabletop-industrial-de","20":"tabletop-warm-patinas-de","21":"shape-code-tr101","23":"first","24":"instock","25":"purchasable","26":"product-type-simple","27":"add-to-wishlist-after_add_to_cart"},"acf":[],"yoast_head":"<!-- This site is optimized with the Yoast SEO plugin v27.3 - https:\/\/yoast.com\/product\/yoast-seo-wordpress\/ -->\n<title>Churchill Stonecast Spiced Orange Dreieckiger Teller 26.5cm<\/title>\n<meta name=\"description\" content=\"Jedes St\u00fcck hat eine handdekorierte Oberfl\u00e4che der vom Rhythmus der Jahreszeiten inspiriert wurde. F\u00fcr den professionellen Einsatz hergestellt.\" \/>\n<meta name=\"robots\" content=\"index, follow, max-snippet:-1, max-image-preview:large, max-video-preview:-1\" \/>\n<link rel=\"canonical\" href=\"https:\/\/www.churchill1795.com\/de\/produkt\/dreieckige-teller-26-5cm-37\/\" \/>\n<meta property=\"og:locale\" content=\"de_DE\" \/>\n<meta property=\"og:type\" content=\"article\" \/>\n<meta property=\"og:title\" content=\"Churchill Stonecast Spiced Orange Dreieckiger Teller 26.5cm\" \/>\n<meta property=\"og:description\" content=\"Jedes St\u00fcck hat eine handdekorierte Oberfl\u00e4che der vom Rhythmus der Jahreszeiten inspiriert wurde. F\u00fcr den professionellen Einsatz hergestellt.\" \/>\n<meta property=\"og:url\" content=\"https:\/\/www.churchill1795.com\/de\/produkt\/dreieckige-teller-26-5cm-37\/\" \/>\n<meta property=\"og:site_name\" content=\"Churchill\" \/>\n<meta property=\"article:modified_time\" content=\"2026-01-02T08:10:49+00:00\" \/>\n<meta property=\"og:image\" content=\"https:\/\/www.churchill1795.com\/wp-content\/uploads\/2024\/05\/SSOSTR101.png\" \/>\n\t<meta property=\"og:image:width\" content=\"1000\" \/>\n\t<meta property=\"og:image:height\" content=\"1000\" \/>\n\t<meta property=\"og:image:type\" content=\"image\/png\" \/>\n<meta name=\"twitter:card\" content=\"summary_large_image\" \/>\n<script type=\"application\/ld+json\" class=\"yoast-schema-graph\">{\"@context\":\"https:\\\/\\\/schema.org\",\"@graph\":[{\"@type\":\"WebPage\",\"@id\":\"https:\\\/\\\/www.churchill1795.com\\\/de\\\/produkt\\\/dreieckige-teller-26-5cm-37\\\/\",\"url\":\"https:\\\/\\\/www.churchill1795.com\\\/de\\\/produkt\\\/dreieckige-teller-26-5cm-37\\\/\",\"name\":\"Churchill Stonecast Spiced Orange Dreieckiger Teller 26.5cm\",\"isPartOf\":{\"@id\":\"https:\\\/\\\/www.churchill1795.com\\\/en\\\/#website\"},\"primaryImageOfPage\":{\"@id\":\"https:\\\/\\\/www.churchill1795.com\\\/de\\\/produkt\\\/dreieckige-teller-26-5cm-37\\\/#primaryimage\"},\"image\":{\"@id\":\"https:\\\/\\\/www.churchill1795.com\\\/de\\\/produkt\\\/dreieckige-teller-26-5cm-37\\\/#primaryimage\"},\"thumbnailUrl\":\"https:\\\/\\\/www.churchill1795.com\\\/wp-content\\\/uploads\\\/2024\\\/05\\\/SSOSTR101.png\",\"datePublished\":\"2015-04-30T23:00:00+00:00\",\"dateModified\":\"2026-01-02T08:10:49+00:00\",\"description\":\"Jedes St\u00fcck hat eine handdekorierte Oberfl\u00e4che der vom Rhythmus der Jahreszeiten inspiriert wurde. F\u00fcr den professionellen Einsatz hergestellt.\",\"breadcrumb\":{\"@id\":\"https:\\\/\\\/www.churchill1795.com\\\/de\\\/produkt\\\/dreieckige-teller-26-5cm-37\\\/#breadcrumb\"},\"inLanguage\":\"de\",\"potentialAction\":[{\"@type\":\"ReadAction\",\"target\":[\"https:\\\/\\\/www.churchill1795.com\\\/de\\\/produkt\\\/dreieckige-teller-26-5cm-37\\\/\"]}]},{\"@type\":\"ImageObject\",\"inLanguage\":\"de\",\"@id\":\"https:\\\/\\\/www.churchill1795.com\\\/de\\\/produkt\\\/dreieckige-teller-26-5cm-37\\\/#primaryimage\",\"url\":\"https:\\\/\\\/www.churchill1795.com\\\/wp-content\\\/uploads\\\/2024\\\/05\\\/SSOSTR101.png\",\"contentUrl\":\"https:\\\/\\\/www.churchill1795.com\\\/wp-content\\\/uploads\\\/2024\\\/05\\\/SSOSTR101.png\",\"width\":1000,\"height\":1000},{\"@type\":\"BreadcrumbList\",\"@id\":\"https:\\\/\\\/www.churchill1795.com\\\/de\\\/produkt\\\/dreieckige-teller-26-5cm-37\\\/#breadcrumb\",\"itemListElement\":[{\"@type\":\"ListItem\",\"position\":1,\"name\":\"Home\",\"item\":\"https:\\\/\\\/www.churchill1795.com\\\/de\\\/\"},{\"@type\":\"ListItem\",\"position\":2,\"name\":\"DREIECKIGE TELLER 26.5CM\"}]},{\"@type\":\"WebSite\",\"@id\":\"https:\\\/\\\/www.churchill1795.com\\\/en\\\/#website\",\"url\":\"https:\\\/\\\/www.churchill1795.com\\\/en\\\/\",\"name\":\"Churchill\",\"description\":\"Innovation, Passion &amp; expertise\",\"publisher\":{\"@id\":\"https:\\\/\\\/www.churchill1795.com\\\/en\\\/#organization\"},\"potentialAction\":[{\"@type\":\"SearchAction\",\"target\":{\"@type\":\"EntryPoint\",\"urlTemplate\":\"https:\\\/\\\/www.churchill1795.com\\\/en\\\/?s={search_term_string}\"},\"query-input\":{\"@type\":\"PropertyValueSpecification\",\"valueRequired\":true,\"valueName\":\"search_term_string\"}}],\"inLanguage\":\"de\"},{\"@type\":\"Organization\",\"@id\":\"https:\\\/\\\/www.churchill1795.com\\\/en\\\/#organization\",\"name\":\"Churchill\",\"url\":\"https:\\\/\\\/www.churchill1795.com\\\/en\\\/\",\"logo\":{\"@type\":\"ImageObject\",\"inLanguage\":\"de\",\"@id\":\"https:\\\/\\\/www.churchill1795.com\\\/en\\\/#\\\/schema\\\/logo\\\/image\\\/\",\"url\":\"https:\\\/\\\/www.churchill1795.com\\\/wp-content\\\/uploads\\\/2024\\\/09\\\/logo-1.webp\",\"contentUrl\":\"https:\\\/\\\/www.churchill1795.com\\\/wp-content\\\/uploads\\\/2024\\\/09\\\/logo-1.webp\",\"width\":240,\"height\":88,\"caption\":\"Churchill\"},\"image\":{\"@id\":\"https:\\\/\\\/www.churchill1795.com\\\/en\\\/#\\\/schema\\\/logo\\\/image\\\/\"}}]}<\/script>\n<!-- \/ Yoast SEO plugin. -->","yoast_head_json":{"title":"Churchill Stonecast Spiced Orange Dreieckiger Teller 26.5cm","description":"Jedes St\u00fcck hat eine handdekorierte Oberfl\u00e4che der vom Rhythmus der Jahreszeiten inspiriert wurde. F\u00fcr den professionellen Einsatz hergestellt.","robots":{"index":"index","follow":"follow","max-snippet":"max-snippet:-1","max-image-preview":"max-image-preview:large","max-video-preview":"max-video-preview:-1"},"canonical":"https:\/\/www.churchill1795.com\/de\/produkt\/dreieckige-teller-26-5cm-37\/","og_locale":"de_DE","og_type":"article","og_title":"Churchill Stonecast Spiced Orange Dreieckiger Teller 26.5cm","og_description":"Jedes St\u00fcck hat eine handdekorierte Oberfl\u00e4che der vom Rhythmus der Jahreszeiten inspiriert wurde. F\u00fcr den professionellen Einsatz hergestellt.","og_url":"https:\/\/www.churchill1795.com\/de\/produkt\/dreieckige-teller-26-5cm-37\/","og_site_name":"Churchill","article_modified_time":"2026-01-02T08:10:49+00:00","og_image":[{"width":1000,"height":1000,"url":"https:\/\/www.churchill1795.com\/wp-content\/uploads\/2024\/05\/SSOSTR101.png","type":"image\/png"}],"twitter_card":"summary_large_image","schema":{"@context":"https:\/\/schema.org","@graph":[{"@type":"WebPage","@id":"https:\/\/www.churchill1795.com\/de\/produkt\/dreieckige-teller-26-5cm-37\/","url":"https:\/\/www.churchill1795.com\/de\/produkt\/dreieckige-teller-26-5cm-37\/","name":"Churchill Stonecast Spiced Orange Dreieckiger Teller 26.5cm","isPartOf":{"@id":"https:\/\/www.churchill1795.com\/en\/#website"},"primaryImageOfPage":{"@id":"https:\/\/www.churchill1795.com\/de\/produkt\/dreieckige-teller-26-5cm-37\/#primaryimage"},"image":{"@id":"https:\/\/www.churchill1795.com\/de\/produkt\/dreieckige-teller-26-5cm-37\/#primaryimage"},"thumbnailUrl":"https:\/\/www.churchill1795.com\/wp-content\/uploads\/2024\/05\/SSOSTR101.png","datePublished":"2015-04-30T23:00:00+00:00","dateModified":"2026-01-02T08:10:49+00:00","description":"Jedes St\u00fcck hat eine handdekorierte Oberfl\u00e4che der vom Rhythmus der Jahreszeiten inspiriert wurde. F\u00fcr den professionellen Einsatz hergestellt.","breadcrumb":{"@id":"https:\/\/www.churchill1795.com\/de\/produkt\/dreieckige-teller-26-5cm-37\/#breadcrumb"},"inLanguage":"de","potentialAction":[{"@type":"ReadAction","target":["https:\/\/www.churchill1795.com\/de\/produkt\/dreieckige-teller-26-5cm-37\/"]}]},{"@type":"ImageObject","inLanguage":"de","@id":"https:\/\/www.churchill1795.com\/de\/produkt\/dreieckige-teller-26-5cm-37\/#primaryimage","url":"https:\/\/www.churchill1795.com\/wp-content\/uploads\/2024\/05\/SSOSTR101.png","contentUrl":"https:\/\/www.churchill1795.com\/wp-content\/uploads\/2024\/05\/SSOSTR101.png","width":1000,"height":1000},{"@type":"BreadcrumbList","@id":"https:\/\/www.churchill1795.com\/de\/produkt\/dreieckige-teller-26-5cm-37\/#breadcrumb","itemListElement":[{"@type":"ListItem","position":1,"name":"Home","item":"https:\/\/www.churchill1795.com\/de\/"},{"@type":"ListItem","position":2,"name":"DREIECKIGE TELLER 26.5CM"}]},{"@type":"WebSite","@id":"https:\/\/www.churchill1795.com\/en\/#website","url":"https:\/\/www.churchill1795.com\/en\/","name":"Churchill","description":"Innovation, Passion &amp; expertise","publisher":{"@id":"https:\/\/www.churchill1795.com\/en\/#organization"},"potentialAction":[{"@type":"SearchAction","target":{"@type":"EntryPoint","urlTemplate":"https:\/\/www.churchill1795.com\/en\/?s={search_term_string}"},"query-input":{"@type":"PropertyValueSpecification","valueRequired":true,"valueName":"search_term_string"}}],"inLanguage":"de"},{"@type":"Organization","@id":"https:\/\/www.churchill1795.com\/en\/#organization","name":"Churchill","url":"https:\/\/www.churchill1795.com\/en\/","logo":{"@type":"ImageObject","inLanguage":"de","@id":"https:\/\/www.churchill1795.com\/en\/#\/schema\/logo\/image\/","url":"https:\/\/www.churchill1795.com\/wp-content\/uploads\/2024\/09\/logo-1.webp","contentUrl":"https:\/\/www.churchill1795.com\/wp-content\/uploads\/2024\/09\/logo-1.webp","width":240,"height":88,"caption":"Churchill"},"image":{"@id":"https:\/\/www.churchill1795.com\/en\/#\/schema\/logo\/image\/"}}]}},"_links":{"self":[{"href":"https:\/\/www.churchill1795.com\/de\/wp-json\/wp\/v2\/product\/47071","targetHints":{"allow":["GET"]}}],"collection":[{"href":"https:\/\/www.churchill1795.com\/de\/wp-json\/wp\/v2\/product"}],"about":[{"href":"https:\/\/www.churchill1795.com\/de\/wp-json\/wp\/v2\/types\/product"}],"wp:featuredmedia":[{"embeddable":true,"href":"https:\/\/www.churchill1795.com\/de\/wp-json\/wp\/v2\/media\/6222"}],"wp:attachment":[{"href":"https:\/\/www.churchill1795.com\/de\/wp-json\/wp\/v2\/media?parent=47071"}],"wp:term":[{"taxonomy":"product_brand","embeddable":true,"href":"https:\/\/www.churchill1795.com\/de\/wp-json\/wp\/v2\/product_brand?post=47071"},{"taxonomy":"product_cat","embeddable":true,"href":"https:\/\/www.churchill1795.com\/de\/wp-json\/wp\/v2\/product_cat?post=47071"},{"taxonomy":"product_tag","embeddable":true,"href":"https:\/\/www.churchill1795.com\/de\/wp-json\/wp\/v2\/product_tag?post=47071"}],"curies":[{"name":"wp","href":"https:\/\/api.w.org\/{rel}","templated":true}]}}