{"id":46809,"date":"2024-07-18T20:13:55","date_gmt":"2024-07-18T19:13:55","guid":{"rendered":"https:\/\/www.churchill1795.com\/?post_type=product&#038;p=46809"},"modified":"2025-12-19T11:12:32","modified_gmt":"2025-12-19T11:12:32","slug":"ersatz-deckel-teekanne-42-6cl-2","status":"publish","type":"product","link":"https:\/\/www.churchill1795.com\/de\/produkt\/ersatz-deckel-teekanne-42-6cl-2\/","title":{"rendered":"ERSATZ-DECKEL &#8211; TEEKANNE 42.6CL"},"content":{"rendered":"<p>Inspiriert von saisonalen Zutaten, wird Stonecast Nutmeg Cream von Hand dekoriert, was jedes St\u00fcck zu einem Unikat macht. Die Stonecast-Sch\u00e4lchen und -Getr\u00e4nkeartikel werden von Hand in eine gesprenkelte Glasur getaucht und mit einem von Hand aufgetragenen Rand versehen.<\/p>\n","protected":false},"excerpt":{"rendered":"<p>Stonecast Nutmeg Cream wurde von Saisonzutaten inspiriert und jedes St\u00fcck wird per Hand dekoriert, sodass jedes St\u00fcck ein Einzelst\u00fcck ist.<\/p>\n","protected":false},"featured_media":40422,"template":"","meta":{"_acf_changed":false,"content-type":""},"product_brand":[],"product_cat":[3582,3587],"product_tag":[],"class_list":{"0":"post-46809","1":"product","2":"type-product","3":"status-publish","4":"has-post-thumbnail","6":"product_cat-getraenke","7":"product_cat-teekanne-und-kaffeekanne","8":"pa_colour-nutmeg-cream-de","9":"pa_filter-capacity-31-60cl-10-4-20-2oz-de","10":"pa_filter-colour-cremefarbig-de","11":"pa_filter-material-keramik","12":"pa_filter-width-10-14cm-4-5-5-de","13":"pa_material-churchill-super-vitrified-de","14":"pa_shape-rund","15":"pa_size-42-6cl-15oz-de","16":"range-stonecast","17":"range-stonecast-nutmeg-cream","18":"brand-churchill-super-vitrified","19":"brand-stonecast","20":"tabletop-neutrals-de","21":"tabletop-off-whites-de","22":"shape-code-rl151","24":"first","25":"instock","26":"purchasable","27":"product-type-simple","28":"add-to-wishlist-after_add_to_cart"},"acf":[],"yoast_head":"<!-- This site is optimized with the Yoast SEO plugin v27.3 - https:\/\/yoast.com\/product\/yoast-seo-wordpress\/ -->\n<title>Churchill Stonecast Nutmeg Cream Teekanne Lid 42.6cl<\/title>\n<meta name=\"description\" content=\"Jedes St\u00fcck hat eine handdekorierte Oberfl\u00e4che der vom Rhythmus der Jahreszeiten inspiriert wurde. F\u00fcr den professionellen Einsatz hergestellt.\" \/>\n<meta name=\"robots\" content=\"index, follow, max-snippet:-1, max-image-preview:large, max-video-preview:-1\" \/>\n<link rel=\"canonical\" href=\"https:\/\/www.churchill1795.com\/de\/produkt\/ersatz-deckel-teekanne-42-6cl-2\/\" \/>\n<meta property=\"og:locale\" content=\"de_DE\" \/>\n<meta property=\"og:type\" content=\"article\" \/>\n<meta property=\"og:title\" content=\"Churchill Stonecast Nutmeg Cream Teekanne Lid 42.6cl\" \/>\n<meta property=\"og:description\" content=\"Jedes St\u00fcck hat eine handdekorierte Oberfl\u00e4che der vom Rhythmus der Jahreszeiten inspiriert wurde. F\u00fcr den professionellen Einsatz hergestellt.\" \/>\n<meta property=\"og:url\" content=\"https:\/\/www.churchill1795.com\/de\/produkt\/ersatz-deckel-teekanne-42-6cl-2\/\" \/>\n<meta property=\"og:site_name\" content=\"Churchill\" \/>\n<meta property=\"article:modified_time\" content=\"2025-12-19T11:12:32+00:00\" \/>\n<meta property=\"og:image\" content=\"https:\/\/www.churchill1795.com\/wp-content\/uploads\/2024\/07\/SNMSRL151.png\" \/>\n\t<meta property=\"og:image:width\" content=\"500\" \/>\n\t<meta property=\"og:image:height\" content=\"500\" \/>\n\t<meta property=\"og:image:type\" content=\"image\/png\" \/>\n<meta name=\"twitter:card\" content=\"summary_large_image\" \/>\n<meta name=\"twitter:label1\" content=\"Gesch\u00e4tzte Lesezeit\" \/>\n\t<meta name=\"twitter:data1\" content=\"1\u00a0Minute\" \/>\n<script type=\"application\/ld+json\" class=\"yoast-schema-graph\">{\"@context\":\"https:\\\/\\\/schema.org\",\"@graph\":[{\"@type\":\"WebPage\",\"@id\":\"https:\\\/\\\/www.churchill1795.com\\\/de\\\/produkt\\\/ersatz-deckel-teekanne-42-6cl-2\\\/\",\"url\":\"https:\\\/\\\/www.churchill1795.com\\\/de\\\/produkt\\\/ersatz-deckel-teekanne-42-6cl-2\\\/\",\"name\":\"Churchill Stonecast Nutmeg Cream Teekanne Lid 42.6cl\",\"isPartOf\":{\"@id\":\"https:\\\/\\\/www.churchill1795.com\\\/en\\\/#website\"},\"primaryImageOfPage\":{\"@id\":\"https:\\\/\\\/www.churchill1795.com\\\/de\\\/produkt\\\/ersatz-deckel-teekanne-42-6cl-2\\\/#primaryimage\"},\"image\":{\"@id\":\"https:\\\/\\\/www.churchill1795.com\\\/de\\\/produkt\\\/ersatz-deckel-teekanne-42-6cl-2\\\/#primaryimage\"},\"thumbnailUrl\":\"https:\\\/\\\/www.churchill1795.com\\\/wp-content\\\/uploads\\\/2024\\\/07\\\/SNMSRL151.png\",\"datePublished\":\"2024-07-18T19:13:55+00:00\",\"dateModified\":\"2025-12-19T11:12:32+00:00\",\"description\":\"Jedes St\u00fcck hat eine handdekorierte Oberfl\u00e4che der vom Rhythmus der Jahreszeiten inspiriert wurde. F\u00fcr den professionellen Einsatz hergestellt.\",\"breadcrumb\":{\"@id\":\"https:\\\/\\\/www.churchill1795.com\\\/de\\\/produkt\\\/ersatz-deckel-teekanne-42-6cl-2\\\/#breadcrumb\"},\"inLanguage\":\"de\",\"potentialAction\":[{\"@type\":\"ReadAction\",\"target\":[\"https:\\\/\\\/www.churchill1795.com\\\/de\\\/produkt\\\/ersatz-deckel-teekanne-42-6cl-2\\\/\"]}]},{\"@type\":\"ImageObject\",\"inLanguage\":\"de\",\"@id\":\"https:\\\/\\\/www.churchill1795.com\\\/de\\\/produkt\\\/ersatz-deckel-teekanne-42-6cl-2\\\/#primaryimage\",\"url\":\"https:\\\/\\\/www.churchill1795.com\\\/wp-content\\\/uploads\\\/2024\\\/07\\\/SNMSRL151.png\",\"contentUrl\":\"https:\\\/\\\/www.churchill1795.com\\\/wp-content\\\/uploads\\\/2024\\\/07\\\/SNMSRL151.png\",\"width\":500,\"height\":500},{\"@type\":\"BreadcrumbList\",\"@id\":\"https:\\\/\\\/www.churchill1795.com\\\/de\\\/produkt\\\/ersatz-deckel-teekanne-42-6cl-2\\\/#breadcrumb\",\"itemListElement\":[{\"@type\":\"ListItem\",\"position\":1,\"name\":\"Home\",\"item\":\"https:\\\/\\\/www.churchill1795.com\\\/de\\\/\"},{\"@type\":\"ListItem\",\"position\":2,\"name\":\"ERSATZ-DECKEL &#8211; TEEKANNE 42.6CL\"}]},{\"@type\":\"WebSite\",\"@id\":\"https:\\\/\\\/www.churchill1795.com\\\/en\\\/#website\",\"url\":\"https:\\\/\\\/www.churchill1795.com\\\/en\\\/\",\"name\":\"Churchill\",\"description\":\"Innovation, Passion &amp; expertise\",\"publisher\":{\"@id\":\"https:\\\/\\\/www.churchill1795.com\\\/en\\\/#organization\"},\"potentialAction\":[{\"@type\":\"SearchAction\",\"target\":{\"@type\":\"EntryPoint\",\"urlTemplate\":\"https:\\\/\\\/www.churchill1795.com\\\/en\\\/?s={search_term_string}\"},\"query-input\":{\"@type\":\"PropertyValueSpecification\",\"valueRequired\":true,\"valueName\":\"search_term_string\"}}],\"inLanguage\":\"de\"},{\"@type\":\"Organization\",\"@id\":\"https:\\\/\\\/www.churchill1795.com\\\/en\\\/#organization\",\"name\":\"Churchill\",\"url\":\"https:\\\/\\\/www.churchill1795.com\\\/en\\\/\",\"logo\":{\"@type\":\"ImageObject\",\"inLanguage\":\"de\",\"@id\":\"https:\\\/\\\/www.churchill1795.com\\\/en\\\/#\\\/schema\\\/logo\\\/image\\\/\",\"url\":\"https:\\\/\\\/www.churchill1795.com\\\/wp-content\\\/uploads\\\/2024\\\/09\\\/logo-1.webp\",\"contentUrl\":\"https:\\\/\\\/www.churchill1795.com\\\/wp-content\\\/uploads\\\/2024\\\/09\\\/logo-1.webp\",\"width\":240,\"height\":88,\"caption\":\"Churchill\"},\"image\":{\"@id\":\"https:\\\/\\\/www.churchill1795.com\\\/en\\\/#\\\/schema\\\/logo\\\/image\\\/\"}}]}<\/script>\n<!-- \/ Yoast SEO plugin. -->","yoast_head_json":{"title":"Churchill Stonecast Nutmeg Cream Teekanne Lid 42.6cl","description":"Jedes St\u00fcck hat eine handdekorierte Oberfl\u00e4che der vom Rhythmus der Jahreszeiten inspiriert wurde. F\u00fcr den professionellen Einsatz hergestellt.","robots":{"index":"index","follow":"follow","max-snippet":"max-snippet:-1","max-image-preview":"max-image-preview:large","max-video-preview":"max-video-preview:-1"},"canonical":"https:\/\/www.churchill1795.com\/de\/produkt\/ersatz-deckel-teekanne-42-6cl-2\/","og_locale":"de_DE","og_type":"article","og_title":"Churchill Stonecast Nutmeg Cream Teekanne Lid 42.6cl","og_description":"Jedes St\u00fcck hat eine handdekorierte Oberfl\u00e4che der vom Rhythmus der Jahreszeiten inspiriert wurde. F\u00fcr den professionellen Einsatz hergestellt.","og_url":"https:\/\/www.churchill1795.com\/de\/produkt\/ersatz-deckel-teekanne-42-6cl-2\/","og_site_name":"Churchill","article_modified_time":"2025-12-19T11:12:32+00:00","og_image":[{"width":500,"height":500,"url":"https:\/\/www.churchill1795.com\/wp-content\/uploads\/2024\/07\/SNMSRL151.png","type":"image\/png"}],"twitter_card":"summary_large_image","twitter_misc":{"Gesch\u00e4tzte Lesezeit":"1\u00a0Minute"},"schema":{"@context":"https:\/\/schema.org","@graph":[{"@type":"WebPage","@id":"https:\/\/www.churchill1795.com\/de\/produkt\/ersatz-deckel-teekanne-42-6cl-2\/","url":"https:\/\/www.churchill1795.com\/de\/produkt\/ersatz-deckel-teekanne-42-6cl-2\/","name":"Churchill Stonecast Nutmeg Cream Teekanne Lid 42.6cl","isPartOf":{"@id":"https:\/\/www.churchill1795.com\/en\/#website"},"primaryImageOfPage":{"@id":"https:\/\/www.churchill1795.com\/de\/produkt\/ersatz-deckel-teekanne-42-6cl-2\/#primaryimage"},"image":{"@id":"https:\/\/www.churchill1795.com\/de\/produkt\/ersatz-deckel-teekanne-42-6cl-2\/#primaryimage"},"thumbnailUrl":"https:\/\/www.churchill1795.com\/wp-content\/uploads\/2024\/07\/SNMSRL151.png","datePublished":"2024-07-18T19:13:55+00:00","dateModified":"2025-12-19T11:12:32+00:00","description":"Jedes St\u00fcck hat eine handdekorierte Oberfl\u00e4che der vom Rhythmus der Jahreszeiten inspiriert wurde. F\u00fcr den professionellen Einsatz hergestellt.","breadcrumb":{"@id":"https:\/\/www.churchill1795.com\/de\/produkt\/ersatz-deckel-teekanne-42-6cl-2\/#breadcrumb"},"inLanguage":"de","potentialAction":[{"@type":"ReadAction","target":["https:\/\/www.churchill1795.com\/de\/produkt\/ersatz-deckel-teekanne-42-6cl-2\/"]}]},{"@type":"ImageObject","inLanguage":"de","@id":"https:\/\/www.churchill1795.com\/de\/produkt\/ersatz-deckel-teekanne-42-6cl-2\/#primaryimage","url":"https:\/\/www.churchill1795.com\/wp-content\/uploads\/2024\/07\/SNMSRL151.png","contentUrl":"https:\/\/www.churchill1795.com\/wp-content\/uploads\/2024\/07\/SNMSRL151.png","width":500,"height":500},{"@type":"BreadcrumbList","@id":"https:\/\/www.churchill1795.com\/de\/produkt\/ersatz-deckel-teekanne-42-6cl-2\/#breadcrumb","itemListElement":[{"@type":"ListItem","position":1,"name":"Home","item":"https:\/\/www.churchill1795.com\/de\/"},{"@type":"ListItem","position":2,"name":"ERSATZ-DECKEL &#8211; TEEKANNE 42.6CL"}]},{"@type":"WebSite","@id":"https:\/\/www.churchill1795.com\/en\/#website","url":"https:\/\/www.churchill1795.com\/en\/","name":"Churchill","description":"Innovation, Passion &amp; expertise","publisher":{"@id":"https:\/\/www.churchill1795.com\/en\/#organization"},"potentialAction":[{"@type":"SearchAction","target":{"@type":"EntryPoint","urlTemplate":"https:\/\/www.churchill1795.com\/en\/?s={search_term_string}"},"query-input":{"@type":"PropertyValueSpecification","valueRequired":true,"valueName":"search_term_string"}}],"inLanguage":"de"},{"@type":"Organization","@id":"https:\/\/www.churchill1795.com\/en\/#organization","name":"Churchill","url":"https:\/\/www.churchill1795.com\/en\/","logo":{"@type":"ImageObject","inLanguage":"de","@id":"https:\/\/www.churchill1795.com\/en\/#\/schema\/logo\/image\/","url":"https:\/\/www.churchill1795.com\/wp-content\/uploads\/2024\/09\/logo-1.webp","contentUrl":"https:\/\/www.churchill1795.com\/wp-content\/uploads\/2024\/09\/logo-1.webp","width":240,"height":88,"caption":"Churchill"},"image":{"@id":"https:\/\/www.churchill1795.com\/en\/#\/schema\/logo\/image\/"}}]}},"_links":{"self":[{"href":"https:\/\/www.churchill1795.com\/de\/wp-json\/wp\/v2\/product\/46809","targetHints":{"allow":["GET"]}}],"collection":[{"href":"https:\/\/www.churchill1795.com\/de\/wp-json\/wp\/v2\/product"}],"about":[{"href":"https:\/\/www.churchill1795.com\/de\/wp-json\/wp\/v2\/types\/product"}],"wp:featuredmedia":[{"embeddable":true,"href":"https:\/\/www.churchill1795.com\/de\/wp-json\/wp\/v2\/media\/40422"}],"wp:attachment":[{"href":"https:\/\/www.churchill1795.com\/de\/wp-json\/wp\/v2\/media?parent=46809"}],"wp:term":[{"taxonomy":"product_brand","embeddable":true,"href":"https:\/\/www.churchill1795.com\/de\/wp-json\/wp\/v2\/product_brand?post=46809"},{"taxonomy":"product_cat","embeddable":true,"href":"https:\/\/www.churchill1795.com\/de\/wp-json\/wp\/v2\/product_cat?post=46809"},{"taxonomy":"product_tag","embeddable":true,"href":"https:\/\/www.churchill1795.com\/de\/wp-json\/wp\/v2\/product_tag?post=46809"}],"curies":[{"name":"wp","href":"https:\/\/api.w.org\/{rel}","templated":true}]}}