{"id":46385,"date":"2020-01-01T00:00:00","date_gmt":"2020-01-01T00:00:00","guid":{"rendered":"https:\/\/www.churchill1795.com\/?post_type=product&#038;p=46385"},"modified":"2026-01-02T08:07:36","modified_gmt":"2026-01-02T08:07:36","slug":"laengliche-servierplatte-35-5-x-18-9cm-31","status":"publish","type":"product","link":"https:\/\/www.churchill1795.com\/de\/produkt\/laengliche-servierplatte-35-5-x-18-9cm-31\/","title":{"rendered":"L\u00c4NGLICHE SERVIERPLATTE 35.5 X 18.9CM"},"content":{"rendered":"<p>Das handdekorierte Plume-Design ahmt die Flie\u00dff\u00e4higkeit von Farbe nach. Durch eine einzigartige Formel entstehen Farbschichten, die miteinander verschmelzen und so den charakteristischen Plume-Effekt erzeugen. Jedes St\u00fcck ist ein handbemaltes Einzelst\u00fcck mit einer ausgewogenen Mischung aus hellen und dunklen T\u00f6nen.<\/p>\n","protected":false},"excerpt":{"rendered":"<p>In den USA nicht verf\u00fcgbar. Das handdekorierte Plume-Design ahmt die Flie\u00dff\u00e4higkeit von Farbe nach. Durch eine einzigartige Formel entstehen Farbschichten, die miteinander verschmelzen und so den charakteristischen Plume-Effekt erzeugen. Jedes St\u00fcck ist ein handbemaltes Einzelst\u00fcck mit einer ausgewogenen Mischung aus hellen und dunklen T\u00f6nen.<\/p>\n","protected":false},"featured_media":8190,"template":"","meta":{"_acf_changed":false,"content-type":""},"product_brand":[],"product_cat":[3599,3597],"product_tag":[],"class_list":{"0":"post-46385","1":"product","2":"type-product","3":"status-publish","4":"has-post-thumbnail","6":"product_cat-rechteckige-teller","7":"product_cat-teller","8":"pa_colour-ultramarine-de","9":"pa_filter-colour-blau-de","10":"pa_filter-material-keramik","11":"pa_filter-width-33-37cm-13-14-5","12":"pa_material-churchill-super-vitrified-de","13":"pa_shape-rechteckig","14":"pa_size-35-5cm-13-7-8-de","15":"range-stonecast-plume","16":"brand-churchill-super-vitrified","17":"brand-stonecast","18":"tabletop-blues-de","19":"tabletop-moody-blues-de","20":"shape-code-xo141","22":"first","23":"instock","24":"purchasable","25":"product-type-simple","26":"add-to-wishlist-after_add_to_cart"},"acf":[],"yoast_head":"<!-- This site is optimized with the Yoast SEO plugin v27.3 - https:\/\/yoast.com\/product\/yoast-seo-wordpress\/ -->\n<title>Churchill Plume Ultramarine L\u00e4ngliche Servierplatte 35.5x18.9cm<\/title>\n<meta name=\"description\" content=\"Mit einem einzigartigen Verfahren handdekoriert, das intensive Farbschichten mit dramatischer Wirkung erzeugt. F\u00fcr den professionellen Gebrauch glasiert.\" \/>\n<meta name=\"robots\" content=\"index, follow, max-snippet:-1, max-image-preview:large, max-video-preview:-1\" \/>\n<link rel=\"canonical\" href=\"https:\/\/www.churchill1795.com\/de\/produkt\/laengliche-servierplatte-35-5-x-18-9cm-31\/\" \/>\n<meta property=\"og:locale\" content=\"de_DE\" \/>\n<meta property=\"og:type\" content=\"article\" \/>\n<meta property=\"og:title\" content=\"Churchill Plume Ultramarine L\u00e4ngliche Servierplatte 35.5x18.9cm\" \/>\n<meta property=\"og:description\" content=\"Mit einem einzigartigen Verfahren handdekoriert, das intensive Farbschichten mit dramatischer Wirkung erzeugt. F\u00fcr den professionellen Gebrauch glasiert.\" \/>\n<meta property=\"og:url\" content=\"https:\/\/www.churchill1795.com\/de\/produkt\/laengliche-servierplatte-35-5-x-18-9cm-31\/\" \/>\n<meta property=\"og:site_name\" content=\"Churchill\" \/>\n<meta property=\"article:modified_time\" content=\"2026-01-02T08:07:36+00:00\" \/>\n<meta property=\"og:image\" content=\"https:\/\/www.churchill1795.com\/wp-content\/uploads\/2024\/05\/PLULXO141.png\" \/>\n\t<meta property=\"og:image:width\" content=\"1000\" \/>\n\t<meta property=\"og:image:height\" content=\"1000\" \/>\n\t<meta property=\"og:image:type\" content=\"image\/png\" \/>\n<meta name=\"twitter:card\" content=\"summary_large_image\" \/>\n<script type=\"application\/ld+json\" class=\"yoast-schema-graph\">{\"@context\":\"https:\\\/\\\/schema.org\",\"@graph\":[{\"@type\":\"WebPage\",\"@id\":\"https:\\\/\\\/www.churchill1795.com\\\/de\\\/produkt\\\/laengliche-servierplatte-35-5-x-18-9cm-31\\\/\",\"url\":\"https:\\\/\\\/www.churchill1795.com\\\/de\\\/produkt\\\/laengliche-servierplatte-35-5-x-18-9cm-31\\\/\",\"name\":\"Churchill Plume Ultramarine L\u00e4ngliche Servierplatte 35.5x18.9cm\",\"isPartOf\":{\"@id\":\"https:\\\/\\\/www.churchill1795.com\\\/en\\\/#website\"},\"primaryImageOfPage\":{\"@id\":\"https:\\\/\\\/www.churchill1795.com\\\/de\\\/produkt\\\/laengliche-servierplatte-35-5-x-18-9cm-31\\\/#primaryimage\"},\"image\":{\"@id\":\"https:\\\/\\\/www.churchill1795.com\\\/de\\\/produkt\\\/laengliche-servierplatte-35-5-x-18-9cm-31\\\/#primaryimage\"},\"thumbnailUrl\":\"https:\\\/\\\/www.churchill1795.com\\\/wp-content\\\/uploads\\\/2024\\\/05\\\/PLULXO141.png\",\"datePublished\":\"2020-01-01T00:00:00+00:00\",\"dateModified\":\"2026-01-02T08:07:36+00:00\",\"description\":\"Mit einem einzigartigen Verfahren handdekoriert, das intensive Farbschichten mit dramatischer Wirkung erzeugt. F\u00fcr den professionellen Gebrauch glasiert.\",\"breadcrumb\":{\"@id\":\"https:\\\/\\\/www.churchill1795.com\\\/de\\\/produkt\\\/laengliche-servierplatte-35-5-x-18-9cm-31\\\/#breadcrumb\"},\"inLanguage\":\"de\",\"potentialAction\":[{\"@type\":\"ReadAction\",\"target\":[\"https:\\\/\\\/www.churchill1795.com\\\/de\\\/produkt\\\/laengliche-servierplatte-35-5-x-18-9cm-31\\\/\"]}]},{\"@type\":\"ImageObject\",\"inLanguage\":\"de\",\"@id\":\"https:\\\/\\\/www.churchill1795.com\\\/de\\\/produkt\\\/laengliche-servierplatte-35-5-x-18-9cm-31\\\/#primaryimage\",\"url\":\"https:\\\/\\\/www.churchill1795.com\\\/wp-content\\\/uploads\\\/2024\\\/05\\\/PLULXO141.png\",\"contentUrl\":\"https:\\\/\\\/www.churchill1795.com\\\/wp-content\\\/uploads\\\/2024\\\/05\\\/PLULXO141.png\",\"width\":1000,\"height\":1000},{\"@type\":\"BreadcrumbList\",\"@id\":\"https:\\\/\\\/www.churchill1795.com\\\/de\\\/produkt\\\/laengliche-servierplatte-35-5-x-18-9cm-31\\\/#breadcrumb\",\"itemListElement\":[{\"@type\":\"ListItem\",\"position\":1,\"name\":\"Home\",\"item\":\"https:\\\/\\\/www.churchill1795.com\\\/de\\\/\"},{\"@type\":\"ListItem\",\"position\":2,\"name\":\"L\u00c4NGLICHE SERVIERPLATTE 35.5 X 18.9CM\"}]},{\"@type\":\"WebSite\",\"@id\":\"https:\\\/\\\/www.churchill1795.com\\\/en\\\/#website\",\"url\":\"https:\\\/\\\/www.churchill1795.com\\\/en\\\/\",\"name\":\"Churchill\",\"description\":\"Innovation, Passion &amp; expertise\",\"publisher\":{\"@id\":\"https:\\\/\\\/www.churchill1795.com\\\/en\\\/#organization\"},\"potentialAction\":[{\"@type\":\"SearchAction\",\"target\":{\"@type\":\"EntryPoint\",\"urlTemplate\":\"https:\\\/\\\/www.churchill1795.com\\\/en\\\/?s={search_term_string}\"},\"query-input\":{\"@type\":\"PropertyValueSpecification\",\"valueRequired\":true,\"valueName\":\"search_term_string\"}}],\"inLanguage\":\"de\"},{\"@type\":\"Organization\",\"@id\":\"https:\\\/\\\/www.churchill1795.com\\\/en\\\/#organization\",\"name\":\"Churchill\",\"url\":\"https:\\\/\\\/www.churchill1795.com\\\/en\\\/\",\"logo\":{\"@type\":\"ImageObject\",\"inLanguage\":\"de\",\"@id\":\"https:\\\/\\\/www.churchill1795.com\\\/en\\\/#\\\/schema\\\/logo\\\/image\\\/\",\"url\":\"https:\\\/\\\/www.churchill1795.com\\\/wp-content\\\/uploads\\\/2024\\\/09\\\/logo-1.webp\",\"contentUrl\":\"https:\\\/\\\/www.churchill1795.com\\\/wp-content\\\/uploads\\\/2024\\\/09\\\/logo-1.webp\",\"width\":240,\"height\":88,\"caption\":\"Churchill\"},\"image\":{\"@id\":\"https:\\\/\\\/www.churchill1795.com\\\/en\\\/#\\\/schema\\\/logo\\\/image\\\/\"}}]}<\/script>\n<!-- \/ Yoast SEO plugin. -->","yoast_head_json":{"title":"Churchill Plume Ultramarine L\u00e4ngliche Servierplatte 35.5x18.9cm","description":"Mit einem einzigartigen Verfahren handdekoriert, das intensive Farbschichten mit dramatischer Wirkung erzeugt. F\u00fcr den professionellen Gebrauch glasiert.","robots":{"index":"index","follow":"follow","max-snippet":"max-snippet:-1","max-image-preview":"max-image-preview:large","max-video-preview":"max-video-preview:-1"},"canonical":"https:\/\/www.churchill1795.com\/de\/produkt\/laengliche-servierplatte-35-5-x-18-9cm-31\/","og_locale":"de_DE","og_type":"article","og_title":"Churchill Plume Ultramarine L\u00e4ngliche Servierplatte 35.5x18.9cm","og_description":"Mit einem einzigartigen Verfahren handdekoriert, das intensive Farbschichten mit dramatischer Wirkung erzeugt. F\u00fcr den professionellen Gebrauch glasiert.","og_url":"https:\/\/www.churchill1795.com\/de\/produkt\/laengliche-servierplatte-35-5-x-18-9cm-31\/","og_site_name":"Churchill","article_modified_time":"2026-01-02T08:07:36+00:00","og_image":[{"width":1000,"height":1000,"url":"https:\/\/www.churchill1795.com\/wp-content\/uploads\/2024\/05\/PLULXO141.png","type":"image\/png"}],"twitter_card":"summary_large_image","schema":{"@context":"https:\/\/schema.org","@graph":[{"@type":"WebPage","@id":"https:\/\/www.churchill1795.com\/de\/produkt\/laengliche-servierplatte-35-5-x-18-9cm-31\/","url":"https:\/\/www.churchill1795.com\/de\/produkt\/laengliche-servierplatte-35-5-x-18-9cm-31\/","name":"Churchill Plume Ultramarine L\u00e4ngliche Servierplatte 35.5x18.9cm","isPartOf":{"@id":"https:\/\/www.churchill1795.com\/en\/#website"},"primaryImageOfPage":{"@id":"https:\/\/www.churchill1795.com\/de\/produkt\/laengliche-servierplatte-35-5-x-18-9cm-31\/#primaryimage"},"image":{"@id":"https:\/\/www.churchill1795.com\/de\/produkt\/laengliche-servierplatte-35-5-x-18-9cm-31\/#primaryimage"},"thumbnailUrl":"https:\/\/www.churchill1795.com\/wp-content\/uploads\/2024\/05\/PLULXO141.png","datePublished":"2020-01-01T00:00:00+00:00","dateModified":"2026-01-02T08:07:36+00:00","description":"Mit einem einzigartigen Verfahren handdekoriert, das intensive Farbschichten mit dramatischer Wirkung erzeugt. F\u00fcr den professionellen Gebrauch glasiert.","breadcrumb":{"@id":"https:\/\/www.churchill1795.com\/de\/produkt\/laengliche-servierplatte-35-5-x-18-9cm-31\/#breadcrumb"},"inLanguage":"de","potentialAction":[{"@type":"ReadAction","target":["https:\/\/www.churchill1795.com\/de\/produkt\/laengliche-servierplatte-35-5-x-18-9cm-31\/"]}]},{"@type":"ImageObject","inLanguage":"de","@id":"https:\/\/www.churchill1795.com\/de\/produkt\/laengliche-servierplatte-35-5-x-18-9cm-31\/#primaryimage","url":"https:\/\/www.churchill1795.com\/wp-content\/uploads\/2024\/05\/PLULXO141.png","contentUrl":"https:\/\/www.churchill1795.com\/wp-content\/uploads\/2024\/05\/PLULXO141.png","width":1000,"height":1000},{"@type":"BreadcrumbList","@id":"https:\/\/www.churchill1795.com\/de\/produkt\/laengliche-servierplatte-35-5-x-18-9cm-31\/#breadcrumb","itemListElement":[{"@type":"ListItem","position":1,"name":"Home","item":"https:\/\/www.churchill1795.com\/de\/"},{"@type":"ListItem","position":2,"name":"L\u00c4NGLICHE SERVIERPLATTE 35.5 X 18.9CM"}]},{"@type":"WebSite","@id":"https:\/\/www.churchill1795.com\/en\/#website","url":"https:\/\/www.churchill1795.com\/en\/","name":"Churchill","description":"Innovation, Passion &amp; expertise","publisher":{"@id":"https:\/\/www.churchill1795.com\/en\/#organization"},"potentialAction":[{"@type":"SearchAction","target":{"@type":"EntryPoint","urlTemplate":"https:\/\/www.churchill1795.com\/en\/?s={search_term_string}"},"query-input":{"@type":"PropertyValueSpecification","valueRequired":true,"valueName":"search_term_string"}}],"inLanguage":"de"},{"@type":"Organization","@id":"https:\/\/www.churchill1795.com\/en\/#organization","name":"Churchill","url":"https:\/\/www.churchill1795.com\/en\/","logo":{"@type":"ImageObject","inLanguage":"de","@id":"https:\/\/www.churchill1795.com\/en\/#\/schema\/logo\/image\/","url":"https:\/\/www.churchill1795.com\/wp-content\/uploads\/2024\/09\/logo-1.webp","contentUrl":"https:\/\/www.churchill1795.com\/wp-content\/uploads\/2024\/09\/logo-1.webp","width":240,"height":88,"caption":"Churchill"},"image":{"@id":"https:\/\/www.churchill1795.com\/en\/#\/schema\/logo\/image\/"}}]}},"_links":{"self":[{"href":"https:\/\/www.churchill1795.com\/de\/wp-json\/wp\/v2\/product\/46385","targetHints":{"allow":["GET"]}}],"collection":[{"href":"https:\/\/www.churchill1795.com\/de\/wp-json\/wp\/v2\/product"}],"about":[{"href":"https:\/\/www.churchill1795.com\/de\/wp-json\/wp\/v2\/types\/product"}],"wp:featuredmedia":[{"embeddable":true,"href":"https:\/\/www.churchill1795.com\/de\/wp-json\/wp\/v2\/media\/8190"}],"wp:attachment":[{"href":"https:\/\/www.churchill1795.com\/de\/wp-json\/wp\/v2\/media?parent=46385"}],"wp:term":[{"taxonomy":"product_brand","embeddable":true,"href":"https:\/\/www.churchill1795.com\/de\/wp-json\/wp\/v2\/product_brand?post=46385"},{"taxonomy":"product_cat","embeddable":true,"href":"https:\/\/www.churchill1795.com\/de\/wp-json\/wp\/v2\/product_cat?post=46385"},{"taxonomy":"product_tag","embeddable":true,"href":"https:\/\/www.churchill1795.com\/de\/wp-json\/wp\/v2\/product_tag?post=46385"}],"curies":[{"name":"wp","href":"https:\/\/api.w.org\/{rel}","templated":true}]}}