{"id":46328,"date":"2017-05-01T00:00:00","date_gmt":"2017-04-30T23:00:00","guid":{"rendered":"https:\/\/www.churchill1795.com\/?post_type=product&#038;p=46328"},"modified":"2025-12-19T10:15:51","modified_gmt":"2025-12-19T10:15:51","slug":"coupe-schale-24-8cm-75","status":"publish","type":"product","link":"https:\/\/www.churchill1795.com\/de\/produkt\/coupe-schale-24-8cm-75\/","title":{"rendered":"COUPE SCHALE 24.8CM"},"content":{"rendered":"<p>Stonecast Patina ist von den Farbt\u00f6nen und der Oberfl\u00e4chenstruktur inspiriert, die sich im Laufe der Zeit nat\u00fcrlich bilden. Die Serie ist eine moderne Interpretation des antiken Glanzeffekts und bedeutet, dass jedes St\u00fcck leicht unterschiedlich ist, was den Charme des Produkts noch verst\u00e4rkt. Kulinarische Kreationen werden auf Patina besonders ins Licht ger\u00fcckt.<\/p>\n","protected":false},"excerpt":{"rendered":"<p>Stonecast Patina ist von den Farbt\u00f6nen und der Oberfl\u00e4chenstruktur inspiriert, die sich im Laufe der Zeit nat\u00fcrlich bilden.<\/p>\n","protected":false},"featured_media":8304,"template":"","meta":{"_acf_changed":false,"content-type":""},"product_brand":[],"product_cat":[3589,3588],"product_tag":[],"class_list":{"0":"post-46328","1":"product","2":"type-product","3":"status-publish","4":"has-post-thumbnail","6":"product_cat-coupe-schalen","7":"product_cat-schalen","8":"pa_colour-vintage-copper-de","9":"pa_filter-capacity-61-115cl-20-6-38-8oz-de","10":"pa_filter-colour-orangefarben","11":"pa_filter-material-keramik","12":"pa_filter-width-21-25cm-8-2-10-de","13":"pa_material-churchill-super-vitrified-de","14":"pa_shape-rund","15":"pa_size-24-8cm-9-3-4-de","16":"range-stonecast-patina","17":"brand-churchill-super-vitrified","18":"brand-stonecast","19":"tabletop-industrial-de","20":"tabletop-warm-patinas-de","21":"shape-code-evb91","23":"first","24":"instock","25":"purchasable","26":"product-type-simple","27":"add-to-wishlist-after_add_to_cart"},"acf":[],"yoast_head":"<!-- This site is optimized with the Yoast SEO plugin v27.3 - https:\/\/yoast.com\/product\/yoast-seo-wordpress\/ -->\n<title>Churchill Patina Vintage Copper Coupe Schale 24.8cm<\/title>\n<meta name=\"description\" content=\"Von den Farben und Texturen der Patina inspiriert, mit einem Herstellungsverfahren, das jedes St\u00fcck einzigartig macht. F\u00fcr den professionellen Einsatz.\" \/>\n<meta name=\"robots\" content=\"index, follow, max-snippet:-1, max-image-preview:large, max-video-preview:-1\" \/>\n<link rel=\"canonical\" href=\"https:\/\/www.churchill1795.com\/de\/produkt\/coupe-schale-24-8cm-75\/\" \/>\n<meta property=\"og:locale\" content=\"de_DE\" \/>\n<meta property=\"og:type\" content=\"article\" \/>\n<meta property=\"og:title\" content=\"Churchill Patina Vintage Copper Coupe Schale 24.8cm\" \/>\n<meta property=\"og:description\" content=\"Von den Farben und Texturen der Patina inspiriert, mit einem Herstellungsverfahren, das jedes St\u00fcck einzigartig macht. F\u00fcr den professionellen Einsatz.\" \/>\n<meta property=\"og:url\" content=\"https:\/\/www.churchill1795.com\/de\/produkt\/coupe-schale-24-8cm-75\/\" \/>\n<meta property=\"og:site_name\" content=\"Churchill\" \/>\n<meta property=\"article:modified_time\" content=\"2025-12-19T10:15:51+00:00\" \/>\n<meta property=\"og:image\" content=\"https:\/\/www.churchill1795.com\/wp-content\/uploads\/2024\/05\/PAVCEVB91.png\" \/>\n\t<meta property=\"og:image:width\" content=\"1000\" \/>\n\t<meta property=\"og:image:height\" content=\"1000\" \/>\n\t<meta property=\"og:image:type\" content=\"image\/png\" \/>\n<meta name=\"twitter:card\" content=\"summary_large_image\" \/>\n<script type=\"application\/ld+json\" class=\"yoast-schema-graph\">{\"@context\":\"https:\\\/\\\/schema.org\",\"@graph\":[{\"@type\":\"WebPage\",\"@id\":\"https:\\\/\\\/www.churchill1795.com\\\/de\\\/produkt\\\/coupe-schale-24-8cm-75\\\/\",\"url\":\"https:\\\/\\\/www.churchill1795.com\\\/de\\\/produkt\\\/coupe-schale-24-8cm-75\\\/\",\"name\":\"Churchill Patina Vintage Copper Coupe Schale 24.8cm\",\"isPartOf\":{\"@id\":\"https:\\\/\\\/www.churchill1795.com\\\/en\\\/#website\"},\"primaryImageOfPage\":{\"@id\":\"https:\\\/\\\/www.churchill1795.com\\\/de\\\/produkt\\\/coupe-schale-24-8cm-75\\\/#primaryimage\"},\"image\":{\"@id\":\"https:\\\/\\\/www.churchill1795.com\\\/de\\\/produkt\\\/coupe-schale-24-8cm-75\\\/#primaryimage\"},\"thumbnailUrl\":\"https:\\\/\\\/www.churchill1795.com\\\/wp-content\\\/uploads\\\/2024\\\/05\\\/PAVCEVB91.png\",\"datePublished\":\"2017-04-30T23:00:00+00:00\",\"dateModified\":\"2025-12-19T10:15:51+00:00\",\"description\":\"Von den Farben und Texturen der Patina inspiriert, mit einem Herstellungsverfahren, das jedes St\u00fcck einzigartig macht. F\u00fcr den professionellen Einsatz.\",\"breadcrumb\":{\"@id\":\"https:\\\/\\\/www.churchill1795.com\\\/de\\\/produkt\\\/coupe-schale-24-8cm-75\\\/#breadcrumb\"},\"inLanguage\":\"de\",\"potentialAction\":[{\"@type\":\"ReadAction\",\"target\":[\"https:\\\/\\\/www.churchill1795.com\\\/de\\\/produkt\\\/coupe-schale-24-8cm-75\\\/\"]}]},{\"@type\":\"ImageObject\",\"inLanguage\":\"de\",\"@id\":\"https:\\\/\\\/www.churchill1795.com\\\/de\\\/produkt\\\/coupe-schale-24-8cm-75\\\/#primaryimage\",\"url\":\"https:\\\/\\\/www.churchill1795.com\\\/wp-content\\\/uploads\\\/2024\\\/05\\\/PAVCEVB91.png\",\"contentUrl\":\"https:\\\/\\\/www.churchill1795.com\\\/wp-content\\\/uploads\\\/2024\\\/05\\\/PAVCEVB91.png\",\"width\":1000,\"height\":1000},{\"@type\":\"BreadcrumbList\",\"@id\":\"https:\\\/\\\/www.churchill1795.com\\\/de\\\/produkt\\\/coupe-schale-24-8cm-75\\\/#breadcrumb\",\"itemListElement\":[{\"@type\":\"ListItem\",\"position\":1,\"name\":\"Home\",\"item\":\"https:\\\/\\\/www.churchill1795.com\\\/de\\\/\"},{\"@type\":\"ListItem\",\"position\":2,\"name\":\"COUPE SCHALE 24.8CM\"}]},{\"@type\":\"WebSite\",\"@id\":\"https:\\\/\\\/www.churchill1795.com\\\/en\\\/#website\",\"url\":\"https:\\\/\\\/www.churchill1795.com\\\/en\\\/\",\"name\":\"Churchill\",\"description\":\"Innovation, Passion &amp; expertise\",\"publisher\":{\"@id\":\"https:\\\/\\\/www.churchill1795.com\\\/en\\\/#organization\"},\"potentialAction\":[{\"@type\":\"SearchAction\",\"target\":{\"@type\":\"EntryPoint\",\"urlTemplate\":\"https:\\\/\\\/www.churchill1795.com\\\/en\\\/?s={search_term_string}\"},\"query-input\":{\"@type\":\"PropertyValueSpecification\",\"valueRequired\":true,\"valueName\":\"search_term_string\"}}],\"inLanguage\":\"de\"},{\"@type\":\"Organization\",\"@id\":\"https:\\\/\\\/www.churchill1795.com\\\/en\\\/#organization\",\"name\":\"Churchill\",\"url\":\"https:\\\/\\\/www.churchill1795.com\\\/en\\\/\",\"logo\":{\"@type\":\"ImageObject\",\"inLanguage\":\"de\",\"@id\":\"https:\\\/\\\/www.churchill1795.com\\\/en\\\/#\\\/schema\\\/logo\\\/image\\\/\",\"url\":\"https:\\\/\\\/www.churchill1795.com\\\/wp-content\\\/uploads\\\/2024\\\/09\\\/logo-1.webp\",\"contentUrl\":\"https:\\\/\\\/www.churchill1795.com\\\/wp-content\\\/uploads\\\/2024\\\/09\\\/logo-1.webp\",\"width\":240,\"height\":88,\"caption\":\"Churchill\"},\"image\":{\"@id\":\"https:\\\/\\\/www.churchill1795.com\\\/en\\\/#\\\/schema\\\/logo\\\/image\\\/\"}}]}<\/script>\n<!-- \/ Yoast SEO plugin. -->","yoast_head_json":{"title":"Churchill Patina Vintage Copper Coupe Schale 24.8cm","description":"Von den Farben und Texturen der Patina inspiriert, mit einem Herstellungsverfahren, das jedes St\u00fcck einzigartig macht. F\u00fcr den professionellen Einsatz.","robots":{"index":"index","follow":"follow","max-snippet":"max-snippet:-1","max-image-preview":"max-image-preview:large","max-video-preview":"max-video-preview:-1"},"canonical":"https:\/\/www.churchill1795.com\/de\/produkt\/coupe-schale-24-8cm-75\/","og_locale":"de_DE","og_type":"article","og_title":"Churchill Patina Vintage Copper Coupe Schale 24.8cm","og_description":"Von den Farben und Texturen der Patina inspiriert, mit einem Herstellungsverfahren, das jedes St\u00fcck einzigartig macht. F\u00fcr den professionellen Einsatz.","og_url":"https:\/\/www.churchill1795.com\/de\/produkt\/coupe-schale-24-8cm-75\/","og_site_name":"Churchill","article_modified_time":"2025-12-19T10:15:51+00:00","og_image":[{"width":1000,"height":1000,"url":"https:\/\/www.churchill1795.com\/wp-content\/uploads\/2024\/05\/PAVCEVB91.png","type":"image\/png"}],"twitter_card":"summary_large_image","schema":{"@context":"https:\/\/schema.org","@graph":[{"@type":"WebPage","@id":"https:\/\/www.churchill1795.com\/de\/produkt\/coupe-schale-24-8cm-75\/","url":"https:\/\/www.churchill1795.com\/de\/produkt\/coupe-schale-24-8cm-75\/","name":"Churchill Patina Vintage Copper Coupe Schale 24.8cm","isPartOf":{"@id":"https:\/\/www.churchill1795.com\/en\/#website"},"primaryImageOfPage":{"@id":"https:\/\/www.churchill1795.com\/de\/produkt\/coupe-schale-24-8cm-75\/#primaryimage"},"image":{"@id":"https:\/\/www.churchill1795.com\/de\/produkt\/coupe-schale-24-8cm-75\/#primaryimage"},"thumbnailUrl":"https:\/\/www.churchill1795.com\/wp-content\/uploads\/2024\/05\/PAVCEVB91.png","datePublished":"2017-04-30T23:00:00+00:00","dateModified":"2025-12-19T10:15:51+00:00","description":"Von den Farben und Texturen der Patina inspiriert, mit einem Herstellungsverfahren, das jedes St\u00fcck einzigartig macht. F\u00fcr den professionellen Einsatz.","breadcrumb":{"@id":"https:\/\/www.churchill1795.com\/de\/produkt\/coupe-schale-24-8cm-75\/#breadcrumb"},"inLanguage":"de","potentialAction":[{"@type":"ReadAction","target":["https:\/\/www.churchill1795.com\/de\/produkt\/coupe-schale-24-8cm-75\/"]}]},{"@type":"ImageObject","inLanguage":"de","@id":"https:\/\/www.churchill1795.com\/de\/produkt\/coupe-schale-24-8cm-75\/#primaryimage","url":"https:\/\/www.churchill1795.com\/wp-content\/uploads\/2024\/05\/PAVCEVB91.png","contentUrl":"https:\/\/www.churchill1795.com\/wp-content\/uploads\/2024\/05\/PAVCEVB91.png","width":1000,"height":1000},{"@type":"BreadcrumbList","@id":"https:\/\/www.churchill1795.com\/de\/produkt\/coupe-schale-24-8cm-75\/#breadcrumb","itemListElement":[{"@type":"ListItem","position":1,"name":"Home","item":"https:\/\/www.churchill1795.com\/de\/"},{"@type":"ListItem","position":2,"name":"COUPE SCHALE 24.8CM"}]},{"@type":"WebSite","@id":"https:\/\/www.churchill1795.com\/en\/#website","url":"https:\/\/www.churchill1795.com\/en\/","name":"Churchill","description":"Innovation, Passion &amp; expertise","publisher":{"@id":"https:\/\/www.churchill1795.com\/en\/#organization"},"potentialAction":[{"@type":"SearchAction","target":{"@type":"EntryPoint","urlTemplate":"https:\/\/www.churchill1795.com\/en\/?s={search_term_string}"},"query-input":{"@type":"PropertyValueSpecification","valueRequired":true,"valueName":"search_term_string"}}],"inLanguage":"de"},{"@type":"Organization","@id":"https:\/\/www.churchill1795.com\/en\/#organization","name":"Churchill","url":"https:\/\/www.churchill1795.com\/en\/","logo":{"@type":"ImageObject","inLanguage":"de","@id":"https:\/\/www.churchill1795.com\/en\/#\/schema\/logo\/image\/","url":"https:\/\/www.churchill1795.com\/wp-content\/uploads\/2024\/09\/logo-1.webp","contentUrl":"https:\/\/www.churchill1795.com\/wp-content\/uploads\/2024\/09\/logo-1.webp","width":240,"height":88,"caption":"Churchill"},"image":{"@id":"https:\/\/www.churchill1795.com\/en\/#\/schema\/logo\/image\/"}}]}},"_links":{"self":[{"href":"https:\/\/www.churchill1795.com\/de\/wp-json\/wp\/v2\/product\/46328","targetHints":{"allow":["GET"]}}],"collection":[{"href":"https:\/\/www.churchill1795.com\/de\/wp-json\/wp\/v2\/product"}],"about":[{"href":"https:\/\/www.churchill1795.com\/de\/wp-json\/wp\/v2\/types\/product"}],"wp:featuredmedia":[{"embeddable":true,"href":"https:\/\/www.churchill1795.com\/de\/wp-json\/wp\/v2\/media\/8304"}],"wp:attachment":[{"href":"https:\/\/www.churchill1795.com\/de\/wp-json\/wp\/v2\/media?parent=46328"}],"wp:term":[{"taxonomy":"product_brand","embeddable":true,"href":"https:\/\/www.churchill1795.com\/de\/wp-json\/wp\/v2\/product_brand?post=46328"},{"taxonomy":"product_cat","embeddable":true,"href":"https:\/\/www.churchill1795.com\/de\/wp-json\/wp\/v2\/product_cat?post=46328"},{"taxonomy":"product_tag","embeddable":true,"href":"https:\/\/www.churchill1795.com\/de\/wp-json\/wp\/v2\/product_tag?post=46328"}],"curies":[{"name":"wp","href":"https:\/\/api.w.org\/{rel}","templated":true}]}}