{"id":46153,"date":"2018-01-01T00:00:00","date_gmt":"2018-01-01T00:00:00","guid":{"rendered":"https:\/\/www.churchill1795.com\/?post_type=product&#038;p=46153"},"modified":"2025-12-19T09:56:40","modified_gmt":"2025-12-19T09:56:40","slug":"oblong-tablett-53-x-32-5-x-6-2cm","status":"publish","type":"product","link":"https:\/\/www.churchill1795.com\/de\/produkt\/oblong-tablett-53-x-32-5-x-6-2cm\/","title":{"rendered":"OBLONG TABLETT 53 X 32.5 X 6.2CM"},"content":{"rendered":"<p>Hints ist eine aufregende Stonecast-Kollektion f\u00fcr alle, die einen rustikalen Stonecast-Effekt mit einem Hauch von Farbe suchen. Stonecast Hints wird von Hand mit einer feinen Sprenkelung und einem gesprenkelten Randstreifen verziert, um einen rustikalen Effekt zu erzielen. Die Art des Herstellungsprozesses bedeutet, dass jedes St\u00fcck leicht unterschiedlich ist, was den Charme des Produkts noch verst\u00e4rkt.<\/p>\n","protected":false},"excerpt":{"rendered":"<p>Hints ist eine aufregende Stonecast-Kollektion f\u00fcr alle, die einen rustikalen Stonecast-Effekt mit einem Hauch von Farbe suchen. Stonecast Hints wird von Hand mit einer feinen Sprenkelung und einem gesprenkelten Randstreifen verziert, um einen rustikalen Effekt zu erzielen. Die Art des Herstellungsprozesses bedeutet, dass jedes St\u00fcck leicht unterschiedlich ist, was den Charme des Produkts noch verst\u00e4rkt.<\/p>\n","protected":false},"featured_media":7118,"template":"","meta":{"_acf_changed":false,"content-type":""},"product_brand":[],"product_cat":[3605,3603],"product_tag":[],"class_list":{"0":"post-46153","1":"product","2":"type-product","3":"status-publish","4":"has-post-thumbnail","6":"product_cat-arbeitsflaeche","7":"product_cat-serviergeschirr","8":"pa_colour-barley-white-de","9":"pa_filter-capacity-116cl-39oz-de","10":"pa_filter-colour-weis","11":"pa_filter-material-keramik","12":"pa_filter-width-38cm-15-de","13":"pa_material-churchill-super-vitrified-de","14":"pa_shape-rechteckig","15":"pa_size-53cm-21-de","16":"range-stonecast-hints","17":"brand-churchill-super-vitrified","18":"brand-stonecast","19":"shape-code-xlbd1","21":"first","22":"instock","23":"purchasable","24":"product-type-simple","25":"add-to-wishlist-after_add_to_cart"},"acf":[],"yoast_head":"<!-- This site is optimized with the Yoast SEO plugin v27.3 - https:\/\/yoast.com\/product\/yoast-seo-wordpress\/ -->\n<title>Churchill Counter Serve Hints Barley White L\u00e4ngliche Platte 53cm<\/title>\n<meta name=\"description\" content=\"Buffetteile mit einem Hauch von Stonecast-Farbe, die der Pr\u00e4sentation von Speisen rustikalen Charme verleihen. F\u00fcr den professionellen Einsatz entwickelt.\" \/>\n<meta name=\"robots\" content=\"index, follow, max-snippet:-1, max-image-preview:large, max-video-preview:-1\" \/>\n<link rel=\"canonical\" href=\"https:\/\/www.churchill1795.com\/de\/produkt\/oblong-tablett-53-x-32-5-x-6-2cm\/\" \/>\n<meta property=\"og:locale\" content=\"de_DE\" \/>\n<meta property=\"og:type\" content=\"article\" \/>\n<meta property=\"og:title\" content=\"Churchill Counter Serve Hints Barley White L\u00e4ngliche Platte 53cm\" \/>\n<meta property=\"og:description\" content=\"Buffetteile mit einem Hauch von Stonecast-Farbe, die der Pr\u00e4sentation von Speisen rustikalen Charme verleihen. F\u00fcr den professionellen Einsatz entwickelt.\" \/>\n<meta property=\"og:url\" content=\"https:\/\/www.churchill1795.com\/de\/produkt\/oblong-tablett-53-x-32-5-x-6-2cm\/\" \/>\n<meta property=\"og:site_name\" content=\"Churchill\" \/>\n<meta property=\"article:modified_time\" content=\"2025-12-19T09:56:40+00:00\" \/>\n<meta property=\"og:image\" content=\"https:\/\/www.churchill1795.com\/wp-content\/uploads\/2024\/05\/SHWHXLBD1.png\" \/>\n\t<meta property=\"og:image:width\" content=\"1000\" \/>\n\t<meta property=\"og:image:height\" content=\"1000\" \/>\n\t<meta property=\"og:image:type\" content=\"image\/png\" \/>\n<meta name=\"twitter:card\" content=\"summary_large_image\" \/>\n<script type=\"application\/ld+json\" class=\"yoast-schema-graph\">{\"@context\":\"https:\\\/\\\/schema.org\",\"@graph\":[{\"@type\":\"WebPage\",\"@id\":\"https:\\\/\\\/www.churchill1795.com\\\/de\\\/produkt\\\/oblong-tablett-53-x-32-5-x-6-2cm\\\/\",\"url\":\"https:\\\/\\\/www.churchill1795.com\\\/de\\\/produkt\\\/oblong-tablett-53-x-32-5-x-6-2cm\\\/\",\"name\":\"Churchill Counter Serve Hints Barley White L\u00e4ngliche Platte 53cm\",\"isPartOf\":{\"@id\":\"https:\\\/\\\/www.churchill1795.com\\\/en\\\/#website\"},\"primaryImageOfPage\":{\"@id\":\"https:\\\/\\\/www.churchill1795.com\\\/de\\\/produkt\\\/oblong-tablett-53-x-32-5-x-6-2cm\\\/#primaryimage\"},\"image\":{\"@id\":\"https:\\\/\\\/www.churchill1795.com\\\/de\\\/produkt\\\/oblong-tablett-53-x-32-5-x-6-2cm\\\/#primaryimage\"},\"thumbnailUrl\":\"https:\\\/\\\/www.churchill1795.com\\\/wp-content\\\/uploads\\\/2024\\\/05\\\/SHWHXLBD1.png\",\"datePublished\":\"2018-01-01T00:00:00+00:00\",\"dateModified\":\"2025-12-19T09:56:40+00:00\",\"description\":\"Buffetteile mit einem Hauch von Stonecast-Farbe, die der Pr\u00e4sentation von Speisen rustikalen Charme verleihen. F\u00fcr den professionellen Einsatz entwickelt.\",\"breadcrumb\":{\"@id\":\"https:\\\/\\\/www.churchill1795.com\\\/de\\\/produkt\\\/oblong-tablett-53-x-32-5-x-6-2cm\\\/#breadcrumb\"},\"inLanguage\":\"de\",\"potentialAction\":[{\"@type\":\"ReadAction\",\"target\":[\"https:\\\/\\\/www.churchill1795.com\\\/de\\\/produkt\\\/oblong-tablett-53-x-32-5-x-6-2cm\\\/\"]}]},{\"@type\":\"ImageObject\",\"inLanguage\":\"de\",\"@id\":\"https:\\\/\\\/www.churchill1795.com\\\/de\\\/produkt\\\/oblong-tablett-53-x-32-5-x-6-2cm\\\/#primaryimage\",\"url\":\"https:\\\/\\\/www.churchill1795.com\\\/wp-content\\\/uploads\\\/2024\\\/05\\\/SHWHXLBD1.png\",\"contentUrl\":\"https:\\\/\\\/www.churchill1795.com\\\/wp-content\\\/uploads\\\/2024\\\/05\\\/SHWHXLBD1.png\",\"width\":1000,\"height\":1000},{\"@type\":\"BreadcrumbList\",\"@id\":\"https:\\\/\\\/www.churchill1795.com\\\/de\\\/produkt\\\/oblong-tablett-53-x-32-5-x-6-2cm\\\/#breadcrumb\",\"itemListElement\":[{\"@type\":\"ListItem\",\"position\":1,\"name\":\"Home\",\"item\":\"https:\\\/\\\/www.churchill1795.com\\\/de\\\/\"},{\"@type\":\"ListItem\",\"position\":2,\"name\":\"OBLONG TABLETT 53 X 32.5 X 6.2CM\"}]},{\"@type\":\"WebSite\",\"@id\":\"https:\\\/\\\/www.churchill1795.com\\\/en\\\/#website\",\"url\":\"https:\\\/\\\/www.churchill1795.com\\\/en\\\/\",\"name\":\"Churchill\",\"description\":\"Innovation, Passion &amp; expertise\",\"publisher\":{\"@id\":\"https:\\\/\\\/www.churchill1795.com\\\/en\\\/#organization\"},\"potentialAction\":[{\"@type\":\"SearchAction\",\"target\":{\"@type\":\"EntryPoint\",\"urlTemplate\":\"https:\\\/\\\/www.churchill1795.com\\\/en\\\/?s={search_term_string}\"},\"query-input\":{\"@type\":\"PropertyValueSpecification\",\"valueRequired\":true,\"valueName\":\"search_term_string\"}}],\"inLanguage\":\"de\"},{\"@type\":\"Organization\",\"@id\":\"https:\\\/\\\/www.churchill1795.com\\\/en\\\/#organization\",\"name\":\"Churchill\",\"url\":\"https:\\\/\\\/www.churchill1795.com\\\/en\\\/\",\"logo\":{\"@type\":\"ImageObject\",\"inLanguage\":\"de\",\"@id\":\"https:\\\/\\\/www.churchill1795.com\\\/en\\\/#\\\/schema\\\/logo\\\/image\\\/\",\"url\":\"https:\\\/\\\/www.churchill1795.com\\\/wp-content\\\/uploads\\\/2024\\\/09\\\/logo-1.webp\",\"contentUrl\":\"https:\\\/\\\/www.churchill1795.com\\\/wp-content\\\/uploads\\\/2024\\\/09\\\/logo-1.webp\",\"width\":240,\"height\":88,\"caption\":\"Churchill\"},\"image\":{\"@id\":\"https:\\\/\\\/www.churchill1795.com\\\/en\\\/#\\\/schema\\\/logo\\\/image\\\/\"}}]}<\/script>\n<!-- \/ Yoast SEO plugin. -->","yoast_head_json":{"title":"Churchill Counter Serve Hints Barley White L\u00e4ngliche Platte 53cm","description":"Buffetteile mit einem Hauch von Stonecast-Farbe, die der Pr\u00e4sentation von Speisen rustikalen Charme verleihen. F\u00fcr den professionellen Einsatz entwickelt.","robots":{"index":"index","follow":"follow","max-snippet":"max-snippet:-1","max-image-preview":"max-image-preview:large","max-video-preview":"max-video-preview:-1"},"canonical":"https:\/\/www.churchill1795.com\/de\/produkt\/oblong-tablett-53-x-32-5-x-6-2cm\/","og_locale":"de_DE","og_type":"article","og_title":"Churchill Counter Serve Hints Barley White L\u00e4ngliche Platte 53cm","og_description":"Buffetteile mit einem Hauch von Stonecast-Farbe, die der Pr\u00e4sentation von Speisen rustikalen Charme verleihen. F\u00fcr den professionellen Einsatz entwickelt.","og_url":"https:\/\/www.churchill1795.com\/de\/produkt\/oblong-tablett-53-x-32-5-x-6-2cm\/","og_site_name":"Churchill","article_modified_time":"2025-12-19T09:56:40+00:00","og_image":[{"width":1000,"height":1000,"url":"https:\/\/www.churchill1795.com\/wp-content\/uploads\/2024\/05\/SHWHXLBD1.png","type":"image\/png"}],"twitter_card":"summary_large_image","schema":{"@context":"https:\/\/schema.org","@graph":[{"@type":"WebPage","@id":"https:\/\/www.churchill1795.com\/de\/produkt\/oblong-tablett-53-x-32-5-x-6-2cm\/","url":"https:\/\/www.churchill1795.com\/de\/produkt\/oblong-tablett-53-x-32-5-x-6-2cm\/","name":"Churchill Counter Serve Hints Barley White L\u00e4ngliche Platte 53cm","isPartOf":{"@id":"https:\/\/www.churchill1795.com\/en\/#website"},"primaryImageOfPage":{"@id":"https:\/\/www.churchill1795.com\/de\/produkt\/oblong-tablett-53-x-32-5-x-6-2cm\/#primaryimage"},"image":{"@id":"https:\/\/www.churchill1795.com\/de\/produkt\/oblong-tablett-53-x-32-5-x-6-2cm\/#primaryimage"},"thumbnailUrl":"https:\/\/www.churchill1795.com\/wp-content\/uploads\/2024\/05\/SHWHXLBD1.png","datePublished":"2018-01-01T00:00:00+00:00","dateModified":"2025-12-19T09:56:40+00:00","description":"Buffetteile mit einem Hauch von Stonecast-Farbe, die der Pr\u00e4sentation von Speisen rustikalen Charme verleihen. F\u00fcr den professionellen Einsatz entwickelt.","breadcrumb":{"@id":"https:\/\/www.churchill1795.com\/de\/produkt\/oblong-tablett-53-x-32-5-x-6-2cm\/#breadcrumb"},"inLanguage":"de","potentialAction":[{"@type":"ReadAction","target":["https:\/\/www.churchill1795.com\/de\/produkt\/oblong-tablett-53-x-32-5-x-6-2cm\/"]}]},{"@type":"ImageObject","inLanguage":"de","@id":"https:\/\/www.churchill1795.com\/de\/produkt\/oblong-tablett-53-x-32-5-x-6-2cm\/#primaryimage","url":"https:\/\/www.churchill1795.com\/wp-content\/uploads\/2024\/05\/SHWHXLBD1.png","contentUrl":"https:\/\/www.churchill1795.com\/wp-content\/uploads\/2024\/05\/SHWHXLBD1.png","width":1000,"height":1000},{"@type":"BreadcrumbList","@id":"https:\/\/www.churchill1795.com\/de\/produkt\/oblong-tablett-53-x-32-5-x-6-2cm\/#breadcrumb","itemListElement":[{"@type":"ListItem","position":1,"name":"Home","item":"https:\/\/www.churchill1795.com\/de\/"},{"@type":"ListItem","position":2,"name":"OBLONG TABLETT 53 X 32.5 X 6.2CM"}]},{"@type":"WebSite","@id":"https:\/\/www.churchill1795.com\/en\/#website","url":"https:\/\/www.churchill1795.com\/en\/","name":"Churchill","description":"Innovation, Passion &amp; expertise","publisher":{"@id":"https:\/\/www.churchill1795.com\/en\/#organization"},"potentialAction":[{"@type":"SearchAction","target":{"@type":"EntryPoint","urlTemplate":"https:\/\/www.churchill1795.com\/en\/?s={search_term_string}"},"query-input":{"@type":"PropertyValueSpecification","valueRequired":true,"valueName":"search_term_string"}}],"inLanguage":"de"},{"@type":"Organization","@id":"https:\/\/www.churchill1795.com\/en\/#organization","name":"Churchill","url":"https:\/\/www.churchill1795.com\/en\/","logo":{"@type":"ImageObject","inLanguage":"de","@id":"https:\/\/www.churchill1795.com\/en\/#\/schema\/logo\/image\/","url":"https:\/\/www.churchill1795.com\/wp-content\/uploads\/2024\/09\/logo-1.webp","contentUrl":"https:\/\/www.churchill1795.com\/wp-content\/uploads\/2024\/09\/logo-1.webp","width":240,"height":88,"caption":"Churchill"},"image":{"@id":"https:\/\/www.churchill1795.com\/en\/#\/schema\/logo\/image\/"}}]}},"_links":{"self":[{"href":"https:\/\/www.churchill1795.com\/de\/wp-json\/wp\/v2\/product\/46153","targetHints":{"allow":["GET"]}}],"collection":[{"href":"https:\/\/www.churchill1795.com\/de\/wp-json\/wp\/v2\/product"}],"about":[{"href":"https:\/\/www.churchill1795.com\/de\/wp-json\/wp\/v2\/types\/product"}],"wp:featuredmedia":[{"embeddable":true,"href":"https:\/\/www.churchill1795.com\/de\/wp-json\/wp\/v2\/media\/7118"}],"wp:attachment":[{"href":"https:\/\/www.churchill1795.com\/de\/wp-json\/wp\/v2\/media?parent=46153"}],"wp:term":[{"taxonomy":"product_brand","embeddable":true,"href":"https:\/\/www.churchill1795.com\/de\/wp-json\/wp\/v2\/product_brand?post=46153"},{"taxonomy":"product_cat","embeddable":true,"href":"https:\/\/www.churchill1795.com\/de\/wp-json\/wp\/v2\/product_cat?post=46153"},{"taxonomy":"product_tag","embeddable":true,"href":"https:\/\/www.churchill1795.com\/de\/wp-json\/wp\/v2\/product_tag?post=46153"}],"curies":[{"name":"wp","href":"https:\/\/api.w.org\/{rel}","templated":true}]}}