{"id":46080,"date":"2020-01-01T00:00:00","date_gmt":"2020-01-01T00:00:00","guid":{"rendered":"https:\/\/www.churchill1795.com\/?post_type=product&#038;p=46080"},"modified":"2026-01-02T08:05:08","modified_gmt":"2026-01-02T08:05:08","slug":"dreieckige-schale-23-5cm-31","status":"publish","type":"product","link":"https:\/\/www.churchill1795.com\/de\/produkt\/dreieckige-schale-23-5cm-31\/","title":{"rendered":"DREIECKIGE SCHALE 23.5CM"},"content":{"rendered":"<p>Das Design von Stonecast Aqueous wurde von den flie\u00dfenden Bewegungen und den Farbt\u00f6nen von Gew\u00e4ssern inspiriert.  Die Serie ist in mehreren Farbkombinationen erh\u00e4ltlich, die erstklassig miteinander oder anderen Stonecast Kollektion kombinierbar sind.  Wie alle Produkte der Stonecast-Kollektion wird auch Stonecast Aqueous per Hand gefertigt, so dass jedes St\u00fcck ein Unikat ist.<\/p>\n","protected":false},"excerpt":{"rendered":"<p>Das Design von Stonecast Aqueous wurde von den flie\u00dfenden Bewegungen und den Farbt\u00f6nen von Gew\u00e4ssern inspiriert.<\/p>\n","protected":false},"featured_media":7524,"template":"","meta":{"_acf_changed":false,"content-type":""},"product_brand":[],"product_cat":[3588,10325],"product_tag":[],"class_list":{"0":"post-46080","1":"product","2":"type-product","3":"status-publish","4":"has-post-thumbnail","6":"product_cat-schalen","7":"product_cat-something-different-bowls","8":"pa_colour-lagoon-de","9":"pa_filter-capacity-31-60cl-10-4-20-2oz-de","10":"pa_filter-colour-blau-de","11":"pa_filter-material-keramik","12":"pa_filter-width-21-25cm-8-2-10-de","13":"pa_material-churchill-super-vitrified-de","14":"pa_shape-dreieck","15":"pa_size-23-5cm-9-1-4-de","16":"range-stonecast-aqueous","17":"brand-churchill-super-vitrified","18":"brand-stonecast","19":"tabletop-blues-de","20":"tabletop-tranquil-teals-de","21":"shape-code-trb91","23":"first","24":"instock","25":"purchasable","26":"product-type-simple","27":"add-to-wishlist-after_add_to_cart"},"acf":[],"yoast_head":"<!-- This site is optimized with the Yoast SEO plugin v27.3 - https:\/\/yoast.com\/product\/yoast-seo-wordpress\/ -->\n<title>Churchill Stonecast Aqueous Fjord Deep Dreieckige Schale 23.5cm<\/title>\n<meta name=\"description\" content=\"Zweifarbige, handgefertigte Farbe, inspiriert von flie\u00dfendem Wasser. F\u00fcr den professionellen Einsatz hergestellt, vollst\u00e4ndig verglast.\" \/>\n<meta name=\"robots\" content=\"index, follow, max-snippet:-1, max-image-preview:large, max-video-preview:-1\" \/>\n<link rel=\"canonical\" href=\"https:\/\/www.churchill1795.com\/de\/produkt\/dreieckige-schale-23-5cm-31\/\" \/>\n<meta property=\"og:locale\" content=\"de_DE\" \/>\n<meta property=\"og:type\" content=\"article\" \/>\n<meta property=\"og:title\" content=\"Churchill Stonecast Aqueous Fjord Deep Dreieckige Schale 23.5cm\" \/>\n<meta property=\"og:description\" content=\"Zweifarbige, handgefertigte Farbe, inspiriert von flie\u00dfendem Wasser. F\u00fcr den professionellen Einsatz hergestellt, vollst\u00e4ndig verglast.\" \/>\n<meta property=\"og:url\" content=\"https:\/\/www.churchill1795.com\/de\/produkt\/dreieckige-schale-23-5cm-31\/\" \/>\n<meta property=\"og:site_name\" content=\"Churchill\" \/>\n<meta property=\"article:modified_time\" content=\"2026-01-02T08:05:08+00:00\" \/>\n<meta property=\"og:image\" content=\"https:\/\/www.churchill1795.com\/wp-content\/uploads\/2024\/05\/SALGTRB91.png\" \/>\n\t<meta property=\"og:image:width\" content=\"1000\" \/>\n\t<meta property=\"og:image:height\" content=\"1000\" \/>\n\t<meta property=\"og:image:type\" content=\"image\/png\" \/>\n<meta name=\"twitter:card\" content=\"summary_large_image\" \/>\n<script type=\"application\/ld+json\" class=\"yoast-schema-graph\">{\"@context\":\"https:\\\/\\\/schema.org\",\"@graph\":[{\"@type\":\"WebPage\",\"@id\":\"https:\\\/\\\/www.churchill1795.com\\\/de\\\/produkt\\\/dreieckige-schale-23-5cm-31\\\/\",\"url\":\"https:\\\/\\\/www.churchill1795.com\\\/de\\\/produkt\\\/dreieckige-schale-23-5cm-31\\\/\",\"name\":\"Churchill Stonecast Aqueous Fjord Deep Dreieckige Schale 23.5cm\",\"isPartOf\":{\"@id\":\"https:\\\/\\\/www.churchill1795.com\\\/en\\\/#website\"},\"primaryImageOfPage\":{\"@id\":\"https:\\\/\\\/www.churchill1795.com\\\/de\\\/produkt\\\/dreieckige-schale-23-5cm-31\\\/#primaryimage\"},\"image\":{\"@id\":\"https:\\\/\\\/www.churchill1795.com\\\/de\\\/produkt\\\/dreieckige-schale-23-5cm-31\\\/#primaryimage\"},\"thumbnailUrl\":\"https:\\\/\\\/www.churchill1795.com\\\/wp-content\\\/uploads\\\/2024\\\/05\\\/SALGTRB91.png\",\"datePublished\":\"2020-01-01T00:00:00+00:00\",\"dateModified\":\"2026-01-02T08:05:08+00:00\",\"description\":\"Zweifarbige, handgefertigte Farbe, inspiriert von flie\u00dfendem Wasser. F\u00fcr den professionellen Einsatz hergestellt, vollst\u00e4ndig verglast.\",\"breadcrumb\":{\"@id\":\"https:\\\/\\\/www.churchill1795.com\\\/de\\\/produkt\\\/dreieckige-schale-23-5cm-31\\\/#breadcrumb\"},\"inLanguage\":\"de\",\"potentialAction\":[{\"@type\":\"ReadAction\",\"target\":[\"https:\\\/\\\/www.churchill1795.com\\\/de\\\/produkt\\\/dreieckige-schale-23-5cm-31\\\/\"]}]},{\"@type\":\"ImageObject\",\"inLanguage\":\"de\",\"@id\":\"https:\\\/\\\/www.churchill1795.com\\\/de\\\/produkt\\\/dreieckige-schale-23-5cm-31\\\/#primaryimage\",\"url\":\"https:\\\/\\\/www.churchill1795.com\\\/wp-content\\\/uploads\\\/2024\\\/05\\\/SALGTRB91.png\",\"contentUrl\":\"https:\\\/\\\/www.churchill1795.com\\\/wp-content\\\/uploads\\\/2024\\\/05\\\/SALGTRB91.png\",\"width\":1000,\"height\":1000},{\"@type\":\"BreadcrumbList\",\"@id\":\"https:\\\/\\\/www.churchill1795.com\\\/de\\\/produkt\\\/dreieckige-schale-23-5cm-31\\\/#breadcrumb\",\"itemListElement\":[{\"@type\":\"ListItem\",\"position\":1,\"name\":\"Home\",\"item\":\"https:\\\/\\\/www.churchill1795.com\\\/de\\\/\"},{\"@type\":\"ListItem\",\"position\":2,\"name\":\"DREIECKIGE SCHALE 23.5CM\"}]},{\"@type\":\"WebSite\",\"@id\":\"https:\\\/\\\/www.churchill1795.com\\\/en\\\/#website\",\"url\":\"https:\\\/\\\/www.churchill1795.com\\\/en\\\/\",\"name\":\"Churchill\",\"description\":\"Innovation, Passion &amp; expertise\",\"publisher\":{\"@id\":\"https:\\\/\\\/www.churchill1795.com\\\/en\\\/#organization\"},\"potentialAction\":[{\"@type\":\"SearchAction\",\"target\":{\"@type\":\"EntryPoint\",\"urlTemplate\":\"https:\\\/\\\/www.churchill1795.com\\\/en\\\/?s={search_term_string}\"},\"query-input\":{\"@type\":\"PropertyValueSpecification\",\"valueRequired\":true,\"valueName\":\"search_term_string\"}}],\"inLanguage\":\"de\"},{\"@type\":\"Organization\",\"@id\":\"https:\\\/\\\/www.churchill1795.com\\\/en\\\/#organization\",\"name\":\"Churchill\",\"url\":\"https:\\\/\\\/www.churchill1795.com\\\/en\\\/\",\"logo\":{\"@type\":\"ImageObject\",\"inLanguage\":\"de\",\"@id\":\"https:\\\/\\\/www.churchill1795.com\\\/en\\\/#\\\/schema\\\/logo\\\/image\\\/\",\"url\":\"https:\\\/\\\/www.churchill1795.com\\\/wp-content\\\/uploads\\\/2024\\\/09\\\/logo-1.webp\",\"contentUrl\":\"https:\\\/\\\/www.churchill1795.com\\\/wp-content\\\/uploads\\\/2024\\\/09\\\/logo-1.webp\",\"width\":240,\"height\":88,\"caption\":\"Churchill\"},\"image\":{\"@id\":\"https:\\\/\\\/www.churchill1795.com\\\/en\\\/#\\\/schema\\\/logo\\\/image\\\/\"}}]}<\/script>\n<!-- \/ Yoast SEO plugin. -->","yoast_head_json":{"title":"Churchill Stonecast Aqueous Fjord Deep Dreieckige Schale 23.5cm","description":"Zweifarbige, handgefertigte Farbe, inspiriert von flie\u00dfendem Wasser. F\u00fcr den professionellen Einsatz hergestellt, vollst\u00e4ndig verglast.","robots":{"index":"index","follow":"follow","max-snippet":"max-snippet:-1","max-image-preview":"max-image-preview:large","max-video-preview":"max-video-preview:-1"},"canonical":"https:\/\/www.churchill1795.com\/de\/produkt\/dreieckige-schale-23-5cm-31\/","og_locale":"de_DE","og_type":"article","og_title":"Churchill Stonecast Aqueous Fjord Deep Dreieckige Schale 23.5cm","og_description":"Zweifarbige, handgefertigte Farbe, inspiriert von flie\u00dfendem Wasser. F\u00fcr den professionellen Einsatz hergestellt, vollst\u00e4ndig verglast.","og_url":"https:\/\/www.churchill1795.com\/de\/produkt\/dreieckige-schale-23-5cm-31\/","og_site_name":"Churchill","article_modified_time":"2026-01-02T08:05:08+00:00","og_image":[{"width":1000,"height":1000,"url":"https:\/\/www.churchill1795.com\/wp-content\/uploads\/2024\/05\/SALGTRB91.png","type":"image\/png"}],"twitter_card":"summary_large_image","schema":{"@context":"https:\/\/schema.org","@graph":[{"@type":"WebPage","@id":"https:\/\/www.churchill1795.com\/de\/produkt\/dreieckige-schale-23-5cm-31\/","url":"https:\/\/www.churchill1795.com\/de\/produkt\/dreieckige-schale-23-5cm-31\/","name":"Churchill Stonecast Aqueous Fjord Deep Dreieckige Schale 23.5cm","isPartOf":{"@id":"https:\/\/www.churchill1795.com\/en\/#website"},"primaryImageOfPage":{"@id":"https:\/\/www.churchill1795.com\/de\/produkt\/dreieckige-schale-23-5cm-31\/#primaryimage"},"image":{"@id":"https:\/\/www.churchill1795.com\/de\/produkt\/dreieckige-schale-23-5cm-31\/#primaryimage"},"thumbnailUrl":"https:\/\/www.churchill1795.com\/wp-content\/uploads\/2024\/05\/SALGTRB91.png","datePublished":"2020-01-01T00:00:00+00:00","dateModified":"2026-01-02T08:05:08+00:00","description":"Zweifarbige, handgefertigte Farbe, inspiriert von flie\u00dfendem Wasser. F\u00fcr den professionellen Einsatz hergestellt, vollst\u00e4ndig verglast.","breadcrumb":{"@id":"https:\/\/www.churchill1795.com\/de\/produkt\/dreieckige-schale-23-5cm-31\/#breadcrumb"},"inLanguage":"de","potentialAction":[{"@type":"ReadAction","target":["https:\/\/www.churchill1795.com\/de\/produkt\/dreieckige-schale-23-5cm-31\/"]}]},{"@type":"ImageObject","inLanguage":"de","@id":"https:\/\/www.churchill1795.com\/de\/produkt\/dreieckige-schale-23-5cm-31\/#primaryimage","url":"https:\/\/www.churchill1795.com\/wp-content\/uploads\/2024\/05\/SALGTRB91.png","contentUrl":"https:\/\/www.churchill1795.com\/wp-content\/uploads\/2024\/05\/SALGTRB91.png","width":1000,"height":1000},{"@type":"BreadcrumbList","@id":"https:\/\/www.churchill1795.com\/de\/produkt\/dreieckige-schale-23-5cm-31\/#breadcrumb","itemListElement":[{"@type":"ListItem","position":1,"name":"Home","item":"https:\/\/www.churchill1795.com\/de\/"},{"@type":"ListItem","position":2,"name":"DREIECKIGE SCHALE 23.5CM"}]},{"@type":"WebSite","@id":"https:\/\/www.churchill1795.com\/en\/#website","url":"https:\/\/www.churchill1795.com\/en\/","name":"Churchill","description":"Innovation, Passion &amp; expertise","publisher":{"@id":"https:\/\/www.churchill1795.com\/en\/#organization"},"potentialAction":[{"@type":"SearchAction","target":{"@type":"EntryPoint","urlTemplate":"https:\/\/www.churchill1795.com\/en\/?s={search_term_string}"},"query-input":{"@type":"PropertyValueSpecification","valueRequired":true,"valueName":"search_term_string"}}],"inLanguage":"de"},{"@type":"Organization","@id":"https:\/\/www.churchill1795.com\/en\/#organization","name":"Churchill","url":"https:\/\/www.churchill1795.com\/en\/","logo":{"@type":"ImageObject","inLanguage":"de","@id":"https:\/\/www.churchill1795.com\/en\/#\/schema\/logo\/image\/","url":"https:\/\/www.churchill1795.com\/wp-content\/uploads\/2024\/09\/logo-1.webp","contentUrl":"https:\/\/www.churchill1795.com\/wp-content\/uploads\/2024\/09\/logo-1.webp","width":240,"height":88,"caption":"Churchill"},"image":{"@id":"https:\/\/www.churchill1795.com\/en\/#\/schema\/logo\/image\/"}}]}},"_links":{"self":[{"href":"https:\/\/www.churchill1795.com\/de\/wp-json\/wp\/v2\/product\/46080","targetHints":{"allow":["GET"]}}],"collection":[{"href":"https:\/\/www.churchill1795.com\/de\/wp-json\/wp\/v2\/product"}],"about":[{"href":"https:\/\/www.churchill1795.com\/de\/wp-json\/wp\/v2\/types\/product"}],"wp:featuredmedia":[{"embeddable":true,"href":"https:\/\/www.churchill1795.com\/de\/wp-json\/wp\/v2\/media\/7524"}],"wp:attachment":[{"href":"https:\/\/www.churchill1795.com\/de\/wp-json\/wp\/v2\/media?parent=46080"}],"wp:term":[{"taxonomy":"product_brand","embeddable":true,"href":"https:\/\/www.churchill1795.com\/de\/wp-json\/wp\/v2\/product_brand?post=46080"},{"taxonomy":"product_cat","embeddable":true,"href":"https:\/\/www.churchill1795.com\/de\/wp-json\/wp\/v2\/product_cat?post=46080"},{"taxonomy":"product_tag","embeddable":true,"href":"https:\/\/www.churchill1795.com\/de\/wp-json\/wp\/v2\/product_tag?post=46080"}],"curies":[{"name":"wp","href":"https:\/\/api.w.org\/{rel}","templated":true}]}}