{"id":45935,"date":"2023-01-01T00:00:00","date_gmt":"2023-01-01T00:00:00","guid":{"rendered":"https:\/\/www.churchill1795.com\/?post_type=product&#038;p=45935"},"modified":"2025-12-19T09:33:51","modified_gmt":"2025-12-19T09:33:51","slug":"runde-schuessel-16-x-14-5cm","status":"publish","type":"product","link":"https:\/\/www.churchill1795.com\/de\/produkt\/runde-schuessel-16-x-14-5cm\/","title":{"rendered":"RUNDE SCH\u00dcSSEL 16 X 14.5CM"},"content":{"rendered":"<p>Das Med Tile Design ist eine Hommage an die antiken maurischen Fliesen, die man in den St\u00e4dten des Mittelmeerraums in Spanien, Portugal und Nordafrika findet. Das Design verf\u00fcgt \u00fcber ein gewollt gealtertes aussehendes Design. Med Tiles l\u00e4sst sich perfekt mit anderen farbenfrohen Churchill-Serien kombinieren und ist der Hingucker auf jedem gedeckten Tisch.<\/p>\n","protected":false},"excerpt":{"rendered":"<p>Das Med Tile Design ist eine Hommage an die antiken maurischen Fliesen, die man in den St\u00e4dten des Mittelmeerraums in Spanien, Portugal und Nordafrika findet. Das Design verf\u00fcgt \u00fcber ein gewollt gealtertes aussehendes Design. Med Tiles l\u00e4sst sich perfekt mit anderen farbenfrohen Churchill-Serien kombinieren und ist der Hingucker auf jedem gedeckten Tisch.<\/p>\n","protected":false},"featured_media":8652,"template":"","meta":{"_acf_changed":false,"content-type":""},"product_brand":[],"product_cat":[3596],"product_tag":[],"class_list":{"0":"post-45935","1":"product","2":"type-product","3":"status-publish","4":"has-post-thumbnail","6":"product_cat-dipbecher-und-seitenplatten","7":"pa_colour-aquamarine-de","8":"pa_filter-colour-blau-de","9":"pa_filter-material-keramik","10":"pa_filter-width-15-20cm-6-8-de","11":"pa_material-churchill-super-vitrified-de","12":"pa_shape-rund","13":"pa_size-16cm-6-1-4-de","14":"range-vintage-prints-med-tiles","15":"brand-churchill-super-vitrified","16":"tabletop-colour-clashes-de","17":"tabletop-retro-de","18":"shape-code-id61","20":"first","21":"instock","22":"purchasable","23":"product-type-simple","24":"add-to-wishlist-after_add_to_cart"},"acf":[],"yoast_head":"<!-- This site is optimized with the Yoast SEO plugin v27.3 - https:\/\/yoast.com\/product\/yoast-seo-wordpress\/ -->\n<title>Churchill Vintage Prints Med Flieses Runde Sch\u00fcssel 16cm<\/title>\n<meta name=\"description\" content=\"Inspiriert von den sch\u00f6nen alten Fliesen aus den Mittelmeerregionen. F\u00fcr den professionellen Einsatz entwickelt und vollst\u00e4ndig verglast.\" \/>\n<meta name=\"robots\" content=\"index, follow, max-snippet:-1, max-image-preview:large, max-video-preview:-1\" \/>\n<link rel=\"canonical\" href=\"https:\/\/www.churchill1795.com\/de\/produkt\/runde-schuessel-16-x-14-5cm\/\" \/>\n<meta property=\"og:locale\" content=\"de_DE\" \/>\n<meta property=\"og:type\" content=\"article\" \/>\n<meta property=\"og:title\" content=\"Churchill Vintage Prints Med Flieses Runde Sch\u00fcssel 16cm\" \/>\n<meta property=\"og:description\" content=\"Inspiriert von den sch\u00f6nen alten Fliesen aus den Mittelmeerregionen. F\u00fcr den professionellen Einsatz entwickelt und vollst\u00e4ndig verglast.\" \/>\n<meta property=\"og:url\" content=\"https:\/\/www.churchill1795.com\/de\/produkt\/runde-schuessel-16-x-14-5cm\/\" \/>\n<meta property=\"og:site_name\" content=\"Churchill\" \/>\n<meta property=\"article:modified_time\" content=\"2025-12-19T09:33:51+00:00\" \/>\n<meta property=\"og:image\" content=\"https:\/\/www.churchill1795.com\/wp-content\/uploads\/2024\/05\/MTAQID6-1.png\" \/>\n\t<meta property=\"og:image:width\" content=\"1000\" \/>\n\t<meta property=\"og:image:height\" content=\"1000\" \/>\n\t<meta property=\"og:image:type\" content=\"image\/png\" \/>\n<meta name=\"twitter:card\" content=\"summary_large_image\" \/>\n<script type=\"application\/ld+json\" class=\"yoast-schema-graph\">{\"@context\":\"https:\\\/\\\/schema.org\",\"@graph\":[{\"@type\":\"WebPage\",\"@id\":\"https:\\\/\\\/www.churchill1795.com\\\/de\\\/produkt\\\/runde-schuessel-16-x-14-5cm\\\/\",\"url\":\"https:\\\/\\\/www.churchill1795.com\\\/de\\\/produkt\\\/runde-schuessel-16-x-14-5cm\\\/\",\"name\":\"Churchill Vintage Prints Med Flieses Runde Sch\u00fcssel 16cm\",\"isPartOf\":{\"@id\":\"https:\\\/\\\/www.churchill1795.com\\\/en\\\/#website\"},\"primaryImageOfPage\":{\"@id\":\"https:\\\/\\\/www.churchill1795.com\\\/de\\\/produkt\\\/runde-schuessel-16-x-14-5cm\\\/#primaryimage\"},\"image\":{\"@id\":\"https:\\\/\\\/www.churchill1795.com\\\/de\\\/produkt\\\/runde-schuessel-16-x-14-5cm\\\/#primaryimage\"},\"thumbnailUrl\":\"https:\\\/\\\/www.churchill1795.com\\\/wp-content\\\/uploads\\\/2024\\\/05\\\/MTAQID6-1.png\",\"datePublished\":\"2023-01-01T00:00:00+00:00\",\"dateModified\":\"2025-12-19T09:33:51+00:00\",\"description\":\"Inspiriert von den sch\u00f6nen alten Fliesen aus den Mittelmeerregionen. F\u00fcr den professionellen Einsatz entwickelt und vollst\u00e4ndig verglast.\",\"breadcrumb\":{\"@id\":\"https:\\\/\\\/www.churchill1795.com\\\/de\\\/produkt\\\/runde-schuessel-16-x-14-5cm\\\/#breadcrumb\"},\"inLanguage\":\"de\",\"potentialAction\":[{\"@type\":\"ReadAction\",\"target\":[\"https:\\\/\\\/www.churchill1795.com\\\/de\\\/produkt\\\/runde-schuessel-16-x-14-5cm\\\/\"]}]},{\"@type\":\"ImageObject\",\"inLanguage\":\"de\",\"@id\":\"https:\\\/\\\/www.churchill1795.com\\\/de\\\/produkt\\\/runde-schuessel-16-x-14-5cm\\\/#primaryimage\",\"url\":\"https:\\\/\\\/www.churchill1795.com\\\/wp-content\\\/uploads\\\/2024\\\/05\\\/MTAQID6-1.png\",\"contentUrl\":\"https:\\\/\\\/www.churchill1795.com\\\/wp-content\\\/uploads\\\/2024\\\/05\\\/MTAQID6-1.png\",\"width\":1000,\"height\":1000},{\"@type\":\"BreadcrumbList\",\"@id\":\"https:\\\/\\\/www.churchill1795.com\\\/de\\\/produkt\\\/runde-schuessel-16-x-14-5cm\\\/#breadcrumb\",\"itemListElement\":[{\"@type\":\"ListItem\",\"position\":1,\"name\":\"Home\",\"item\":\"https:\\\/\\\/www.churchill1795.com\\\/de\\\/\"},{\"@type\":\"ListItem\",\"position\":2,\"name\":\"RUNDE SCH\u00dcSSEL 16 X 14.5CM\"}]},{\"@type\":\"WebSite\",\"@id\":\"https:\\\/\\\/www.churchill1795.com\\\/en\\\/#website\",\"url\":\"https:\\\/\\\/www.churchill1795.com\\\/en\\\/\",\"name\":\"Churchill\",\"description\":\"Innovation, Passion &amp; expertise\",\"publisher\":{\"@id\":\"https:\\\/\\\/www.churchill1795.com\\\/en\\\/#organization\"},\"potentialAction\":[{\"@type\":\"SearchAction\",\"target\":{\"@type\":\"EntryPoint\",\"urlTemplate\":\"https:\\\/\\\/www.churchill1795.com\\\/en\\\/?s={search_term_string}\"},\"query-input\":{\"@type\":\"PropertyValueSpecification\",\"valueRequired\":true,\"valueName\":\"search_term_string\"}}],\"inLanguage\":\"de\"},{\"@type\":\"Organization\",\"@id\":\"https:\\\/\\\/www.churchill1795.com\\\/en\\\/#organization\",\"name\":\"Churchill\",\"url\":\"https:\\\/\\\/www.churchill1795.com\\\/en\\\/\",\"logo\":{\"@type\":\"ImageObject\",\"inLanguage\":\"de\",\"@id\":\"https:\\\/\\\/www.churchill1795.com\\\/en\\\/#\\\/schema\\\/logo\\\/image\\\/\",\"url\":\"https:\\\/\\\/www.churchill1795.com\\\/wp-content\\\/uploads\\\/2024\\\/09\\\/logo-1.webp\",\"contentUrl\":\"https:\\\/\\\/www.churchill1795.com\\\/wp-content\\\/uploads\\\/2024\\\/09\\\/logo-1.webp\",\"width\":240,\"height\":88,\"caption\":\"Churchill\"},\"image\":{\"@id\":\"https:\\\/\\\/www.churchill1795.com\\\/en\\\/#\\\/schema\\\/logo\\\/image\\\/\"}}]}<\/script>\n<!-- \/ Yoast SEO plugin. -->","yoast_head_json":{"title":"Churchill Vintage Prints Med Flieses Runde Sch\u00fcssel 16cm","description":"Inspiriert von den sch\u00f6nen alten Fliesen aus den Mittelmeerregionen. F\u00fcr den professionellen Einsatz entwickelt und vollst\u00e4ndig verglast.","robots":{"index":"index","follow":"follow","max-snippet":"max-snippet:-1","max-image-preview":"max-image-preview:large","max-video-preview":"max-video-preview:-1"},"canonical":"https:\/\/www.churchill1795.com\/de\/produkt\/runde-schuessel-16-x-14-5cm\/","og_locale":"de_DE","og_type":"article","og_title":"Churchill Vintage Prints Med Flieses Runde Sch\u00fcssel 16cm","og_description":"Inspiriert von den sch\u00f6nen alten Fliesen aus den Mittelmeerregionen. F\u00fcr den professionellen Einsatz entwickelt und vollst\u00e4ndig verglast.","og_url":"https:\/\/www.churchill1795.com\/de\/produkt\/runde-schuessel-16-x-14-5cm\/","og_site_name":"Churchill","article_modified_time":"2025-12-19T09:33:51+00:00","og_image":[{"width":1000,"height":1000,"url":"https:\/\/www.churchill1795.com\/wp-content\/uploads\/2024\/05\/MTAQID6-1.png","type":"image\/png"}],"twitter_card":"summary_large_image","schema":{"@context":"https:\/\/schema.org","@graph":[{"@type":"WebPage","@id":"https:\/\/www.churchill1795.com\/de\/produkt\/runde-schuessel-16-x-14-5cm\/","url":"https:\/\/www.churchill1795.com\/de\/produkt\/runde-schuessel-16-x-14-5cm\/","name":"Churchill Vintage Prints Med Flieses Runde Sch\u00fcssel 16cm","isPartOf":{"@id":"https:\/\/www.churchill1795.com\/en\/#website"},"primaryImageOfPage":{"@id":"https:\/\/www.churchill1795.com\/de\/produkt\/runde-schuessel-16-x-14-5cm\/#primaryimage"},"image":{"@id":"https:\/\/www.churchill1795.com\/de\/produkt\/runde-schuessel-16-x-14-5cm\/#primaryimage"},"thumbnailUrl":"https:\/\/www.churchill1795.com\/wp-content\/uploads\/2024\/05\/MTAQID6-1.png","datePublished":"2023-01-01T00:00:00+00:00","dateModified":"2025-12-19T09:33:51+00:00","description":"Inspiriert von den sch\u00f6nen alten Fliesen aus den Mittelmeerregionen. F\u00fcr den professionellen Einsatz entwickelt und vollst\u00e4ndig verglast.","breadcrumb":{"@id":"https:\/\/www.churchill1795.com\/de\/produkt\/runde-schuessel-16-x-14-5cm\/#breadcrumb"},"inLanguage":"de","potentialAction":[{"@type":"ReadAction","target":["https:\/\/www.churchill1795.com\/de\/produkt\/runde-schuessel-16-x-14-5cm\/"]}]},{"@type":"ImageObject","inLanguage":"de","@id":"https:\/\/www.churchill1795.com\/de\/produkt\/runde-schuessel-16-x-14-5cm\/#primaryimage","url":"https:\/\/www.churchill1795.com\/wp-content\/uploads\/2024\/05\/MTAQID6-1.png","contentUrl":"https:\/\/www.churchill1795.com\/wp-content\/uploads\/2024\/05\/MTAQID6-1.png","width":1000,"height":1000},{"@type":"BreadcrumbList","@id":"https:\/\/www.churchill1795.com\/de\/produkt\/runde-schuessel-16-x-14-5cm\/#breadcrumb","itemListElement":[{"@type":"ListItem","position":1,"name":"Home","item":"https:\/\/www.churchill1795.com\/de\/"},{"@type":"ListItem","position":2,"name":"RUNDE SCH\u00dcSSEL 16 X 14.5CM"}]},{"@type":"WebSite","@id":"https:\/\/www.churchill1795.com\/en\/#website","url":"https:\/\/www.churchill1795.com\/en\/","name":"Churchill","description":"Innovation, Passion &amp; expertise","publisher":{"@id":"https:\/\/www.churchill1795.com\/en\/#organization"},"potentialAction":[{"@type":"SearchAction","target":{"@type":"EntryPoint","urlTemplate":"https:\/\/www.churchill1795.com\/en\/?s={search_term_string}"},"query-input":{"@type":"PropertyValueSpecification","valueRequired":true,"valueName":"search_term_string"}}],"inLanguage":"de"},{"@type":"Organization","@id":"https:\/\/www.churchill1795.com\/en\/#organization","name":"Churchill","url":"https:\/\/www.churchill1795.com\/en\/","logo":{"@type":"ImageObject","inLanguage":"de","@id":"https:\/\/www.churchill1795.com\/en\/#\/schema\/logo\/image\/","url":"https:\/\/www.churchill1795.com\/wp-content\/uploads\/2024\/09\/logo-1.webp","contentUrl":"https:\/\/www.churchill1795.com\/wp-content\/uploads\/2024\/09\/logo-1.webp","width":240,"height":88,"caption":"Churchill"},"image":{"@id":"https:\/\/www.churchill1795.com\/en\/#\/schema\/logo\/image\/"}}]}},"_links":{"self":[{"href":"https:\/\/www.churchill1795.com\/de\/wp-json\/wp\/v2\/product\/45935","targetHints":{"allow":["GET"]}}],"collection":[{"href":"https:\/\/www.churchill1795.com\/de\/wp-json\/wp\/v2\/product"}],"about":[{"href":"https:\/\/www.churchill1795.com\/de\/wp-json\/wp\/v2\/types\/product"}],"wp:featuredmedia":[{"embeddable":true,"href":"https:\/\/www.churchill1795.com\/de\/wp-json\/wp\/v2\/media\/8652"}],"wp:attachment":[{"href":"https:\/\/www.churchill1795.com\/de\/wp-json\/wp\/v2\/media?parent=45935"}],"wp:term":[{"taxonomy":"product_brand","embeddable":true,"href":"https:\/\/www.churchill1795.com\/de\/wp-json\/wp\/v2\/product_brand?post=45935"},{"taxonomy":"product_cat","embeddable":true,"href":"https:\/\/www.churchill1795.com\/de\/wp-json\/wp\/v2\/product_cat?post=45935"},{"taxonomy":"product_tag","embeddable":true,"href":"https:\/\/www.churchill1795.com\/de\/wp-json\/wp\/v2\/product_tag?post=45935"}],"curies":[{"name":"wp","href":"https:\/\/api.w.org\/{rel}","templated":true}]}}