{"id":45874,"date":"2020-01-01T00:00:00","date_gmt":"2020-01-01T00:00:00","guid":{"rendered":"https:\/\/www.churchill1795.com\/?post_type=product&#038;p=45874"},"modified":"2026-01-02T08:04:23","modified_gmt":"2026-01-02T08:04:23","slug":"laengliche-servierplatte-29-8-x-15-3cm-35","status":"publish","type":"product","link":"https:\/\/www.churchill1795.com\/de\/produkt\/laengliche-servierplatte-29-8-x-15-3cm-35\/","title":{"rendered":"L\u00c4NGLICHE SERVIERPLATTE 29.8 X 15.3CM"},"content":{"rendered":"<p>Vellum ist eine Serie von Churchill Super Vitrified-Formen, die mit einer innovativen und haltbaren halbmatten Glasur dekoriert sind. Diese wurden speziell konzipiert, um die wichtigsten Standards f\u00fcr das Gastgewerbe zu erf\u00fcllen. Die subtile und f\u00fchlbare halbmatte Oberfl\u00e4che bietet eine minimalistische Plattform f\u00fcr die beeindruckende Pr\u00e4sentation von Speisen und Getr\u00e4nken<\/p>\n","protected":false},"excerpt":{"rendered":"<p>Vellum ist eine Serie von Churchill Super Vitrified Formen, die mit einer innovativen und langlebigen seidenmatten Glasur verziert sind.<\/p>\n","protected":false},"featured_media":4556,"template":"","meta":{"_acf_changed":false,"content-type":""},"product_brand":[],"product_cat":[3599,3597],"product_tag":[],"class_list":{"0":"post-45874","1":"product","2":"type-product","3":"status-publish","4":"has-post-thumbnail","6":"product_cat-rechteckige-teller","7":"product_cat-teller","8":"pa_colour-white-de","9":"pa_filter-colour-weis","10":"pa_filter-material-keramik","11":"pa_filter-width-26-32cm-10-2-12-5-de","12":"pa_material-churchill-super-vitrified-de","13":"pa_shape-rechteckig","14":"pa_size-29-8cm-11-3-4-de","15":"range-vellum","16":"brand-churchill-super-vitrified","17":"shape-code-xo111","19":"first","20":"instock","21":"purchasable","22":"product-type-simple","23":"add-to-wishlist-after_add_to_cart"},"acf":[],"yoast_head":"<!-- This site is optimized with the Yoast SEO plugin v27.2 - https:\/\/yoast.com\/product\/yoast-seo-wordpress\/ -->\n<title>Churchill Vellum White L\u00e4ngliche Servierplatte 29.8cm<\/title>\n<meta name=\"description\" content=\"Subtil und taktil. Diese innovative und haltbare halbmatte Glasur verleiht der Pr\u00e4sentation von Speisen und Getr\u00e4nken einen Hauch Eleganz.\" \/>\n<meta name=\"robots\" content=\"index, follow, max-snippet:-1, max-image-preview:large, max-video-preview:-1\" \/>\n<link rel=\"canonical\" href=\"https:\/\/www.churchill1795.com\/de\/produkt\/laengliche-servierplatte-29-8-x-15-3cm-35\/\" \/>\n<meta property=\"og:locale\" content=\"de_DE\" \/>\n<meta property=\"og:type\" content=\"article\" \/>\n<meta property=\"og:title\" content=\"Churchill Vellum White L\u00e4ngliche Servierplatte 29.8cm\" \/>\n<meta property=\"og:description\" content=\"Subtil und taktil. Diese innovative und haltbare halbmatte Glasur verleiht der Pr\u00e4sentation von Speisen und Getr\u00e4nken einen Hauch Eleganz.\" \/>\n<meta property=\"og:url\" content=\"https:\/\/www.churchill1795.com\/de\/produkt\/laengliche-servierplatte-29-8-x-15-3cm-35\/\" \/>\n<meta property=\"og:site_name\" content=\"Churchill\" \/>\n<meta property=\"article:modified_time\" content=\"2026-01-02T08:04:23+00:00\" \/>\n<meta property=\"og:image\" content=\"https:\/\/www.churchill1795.com\/wp-content\/uploads\/2024\/05\/WHVMXO111.png\" \/>\n\t<meta property=\"og:image:width\" content=\"1000\" \/>\n\t<meta property=\"og:image:height\" content=\"1000\" \/>\n\t<meta property=\"og:image:type\" content=\"image\/png\" \/>\n<meta name=\"twitter:card\" content=\"summary_large_image\" \/>\n<script type=\"application\/ld+json\" class=\"yoast-schema-graph\">{\"@context\":\"https:\/\/schema.org\",\"@graph\":[{\"@type\":\"WebPage\",\"@id\":\"https:\/\/www.churchill1795.com\/de\/produkt\/laengliche-servierplatte-29-8-x-15-3cm-35\/\",\"url\":\"https:\/\/www.churchill1795.com\/de\/produkt\/laengliche-servierplatte-29-8-x-15-3cm-35\/\",\"name\":\"Churchill Vellum White L\u00e4ngliche Servierplatte 29.8cm\",\"isPartOf\":{\"@id\":\"https:\/\/www.churchill1795.com\/en\/#website\"},\"primaryImageOfPage\":{\"@id\":\"https:\/\/www.churchill1795.com\/de\/produkt\/laengliche-servierplatte-29-8-x-15-3cm-35\/#primaryimage\"},\"image\":{\"@id\":\"https:\/\/www.churchill1795.com\/de\/produkt\/laengliche-servierplatte-29-8-x-15-3cm-35\/#primaryimage\"},\"thumbnailUrl\":\"https:\/\/www.churchill1795.com\/wp-content\/uploads\/2024\/05\/WHVMXO111.png\",\"datePublished\":\"2020-01-01T00:00:00+00:00\",\"dateModified\":\"2026-01-02T08:04:23+00:00\",\"description\":\"Subtil und taktil. Diese innovative und haltbare halbmatte Glasur verleiht der Pr\u00e4sentation von Speisen und Getr\u00e4nken einen Hauch Eleganz.\",\"breadcrumb\":{\"@id\":\"https:\/\/www.churchill1795.com\/de\/produkt\/laengliche-servierplatte-29-8-x-15-3cm-35\/#breadcrumb\"},\"inLanguage\":\"de\",\"potentialAction\":[{\"@type\":\"ReadAction\",\"target\":[\"https:\/\/www.churchill1795.com\/de\/produkt\/laengliche-servierplatte-29-8-x-15-3cm-35\/\"]}]},{\"@type\":\"ImageObject\",\"inLanguage\":\"de\",\"@id\":\"https:\/\/www.churchill1795.com\/de\/produkt\/laengliche-servierplatte-29-8-x-15-3cm-35\/#primaryimage\",\"url\":\"https:\/\/www.churchill1795.com\/wp-content\/uploads\/2024\/05\/WHVMXO111.png\",\"contentUrl\":\"https:\/\/www.churchill1795.com\/wp-content\/uploads\/2024\/05\/WHVMXO111.png\",\"width\":1000,\"height\":1000},{\"@type\":\"BreadcrumbList\",\"@id\":\"https:\/\/www.churchill1795.com\/de\/produkt\/laengliche-servierplatte-29-8-x-15-3cm-35\/#breadcrumb\",\"itemListElement\":[{\"@type\":\"ListItem\",\"position\":1,\"name\":\"Home\",\"item\":\"https:\/\/www.churchill1795.com\/de\/\"},{\"@type\":\"ListItem\",\"position\":2,\"name\":\"L\u00c4NGLICHE SERVIERPLATTE 29.8 X 15.3CM\"}]},{\"@type\":\"WebSite\",\"@id\":\"https:\/\/www.churchill1795.com\/en\/#website\",\"url\":\"https:\/\/www.churchill1795.com\/en\/\",\"name\":\"Churchill\",\"description\":\"Innovation, Passion &amp; expertise\",\"publisher\":{\"@id\":\"https:\/\/www.churchill1795.com\/en\/#organization\"},\"potentialAction\":[{\"@type\":\"SearchAction\",\"target\":{\"@type\":\"EntryPoint\",\"urlTemplate\":\"https:\/\/www.churchill1795.com\/en\/?s={search_term_string}\"},\"query-input\":{\"@type\":\"PropertyValueSpecification\",\"valueRequired\":true,\"valueName\":\"search_term_string\"}}],\"inLanguage\":\"de\"},{\"@type\":\"Organization\",\"@id\":\"https:\/\/www.churchill1795.com\/en\/#organization\",\"name\":\"Churchill\",\"url\":\"https:\/\/www.churchill1795.com\/en\/\",\"logo\":{\"@type\":\"ImageObject\",\"inLanguage\":\"de\",\"@id\":\"https:\/\/www.churchill1795.com\/en\/#\/schema\/logo\/image\/\",\"url\":\"https:\/\/www.churchill1795.com\/wp-content\/uploads\/2024\/09\/logo-1.webp\",\"contentUrl\":\"https:\/\/www.churchill1795.com\/wp-content\/uploads\/2024\/09\/logo-1.webp\",\"width\":240,\"height\":88,\"caption\":\"Churchill\"},\"image\":{\"@id\":\"https:\/\/www.churchill1795.com\/en\/#\/schema\/logo\/image\/\"}}]}<\/script>\n<!-- \/ Yoast SEO plugin. -->","yoast_head_json":{"title":"Churchill Vellum White L\u00e4ngliche Servierplatte 29.8cm","description":"Subtil und taktil. Diese innovative und haltbare halbmatte Glasur verleiht der Pr\u00e4sentation von Speisen und Getr\u00e4nken einen Hauch Eleganz.","robots":{"index":"index","follow":"follow","max-snippet":"max-snippet:-1","max-image-preview":"max-image-preview:large","max-video-preview":"max-video-preview:-1"},"canonical":"https:\/\/www.churchill1795.com\/de\/produkt\/laengliche-servierplatte-29-8-x-15-3cm-35\/","og_locale":"de_DE","og_type":"article","og_title":"Churchill Vellum White L\u00e4ngliche Servierplatte 29.8cm","og_description":"Subtil und taktil. Diese innovative und haltbare halbmatte Glasur verleiht der Pr\u00e4sentation von Speisen und Getr\u00e4nken einen Hauch Eleganz.","og_url":"https:\/\/www.churchill1795.com\/de\/produkt\/laengliche-servierplatte-29-8-x-15-3cm-35\/","og_site_name":"Churchill","article_modified_time":"2026-01-02T08:04:23+00:00","og_image":[{"width":1000,"height":1000,"url":"https:\/\/www.churchill1795.com\/wp-content\/uploads\/2024\/05\/WHVMXO111.png","type":"image\/png"}],"twitter_card":"summary_large_image","schema":{"@context":"https:\/\/schema.org","@graph":[{"@type":"WebPage","@id":"https:\/\/www.churchill1795.com\/de\/produkt\/laengliche-servierplatte-29-8-x-15-3cm-35\/","url":"https:\/\/www.churchill1795.com\/de\/produkt\/laengliche-servierplatte-29-8-x-15-3cm-35\/","name":"Churchill Vellum White L\u00e4ngliche Servierplatte 29.8cm","isPartOf":{"@id":"https:\/\/www.churchill1795.com\/en\/#website"},"primaryImageOfPage":{"@id":"https:\/\/www.churchill1795.com\/de\/produkt\/laengliche-servierplatte-29-8-x-15-3cm-35\/#primaryimage"},"image":{"@id":"https:\/\/www.churchill1795.com\/de\/produkt\/laengliche-servierplatte-29-8-x-15-3cm-35\/#primaryimage"},"thumbnailUrl":"https:\/\/www.churchill1795.com\/wp-content\/uploads\/2024\/05\/WHVMXO111.png","datePublished":"2020-01-01T00:00:00+00:00","dateModified":"2026-01-02T08:04:23+00:00","description":"Subtil und taktil. Diese innovative und haltbare halbmatte Glasur verleiht der Pr\u00e4sentation von Speisen und Getr\u00e4nken einen Hauch Eleganz.","breadcrumb":{"@id":"https:\/\/www.churchill1795.com\/de\/produkt\/laengliche-servierplatte-29-8-x-15-3cm-35\/#breadcrumb"},"inLanguage":"de","potentialAction":[{"@type":"ReadAction","target":["https:\/\/www.churchill1795.com\/de\/produkt\/laengliche-servierplatte-29-8-x-15-3cm-35\/"]}]},{"@type":"ImageObject","inLanguage":"de","@id":"https:\/\/www.churchill1795.com\/de\/produkt\/laengliche-servierplatte-29-8-x-15-3cm-35\/#primaryimage","url":"https:\/\/www.churchill1795.com\/wp-content\/uploads\/2024\/05\/WHVMXO111.png","contentUrl":"https:\/\/www.churchill1795.com\/wp-content\/uploads\/2024\/05\/WHVMXO111.png","width":1000,"height":1000},{"@type":"BreadcrumbList","@id":"https:\/\/www.churchill1795.com\/de\/produkt\/laengliche-servierplatte-29-8-x-15-3cm-35\/#breadcrumb","itemListElement":[{"@type":"ListItem","position":1,"name":"Home","item":"https:\/\/www.churchill1795.com\/de\/"},{"@type":"ListItem","position":2,"name":"L\u00c4NGLICHE SERVIERPLATTE 29.8 X 15.3CM"}]},{"@type":"WebSite","@id":"https:\/\/www.churchill1795.com\/en\/#website","url":"https:\/\/www.churchill1795.com\/en\/","name":"Churchill","description":"Innovation, Passion &amp; expertise","publisher":{"@id":"https:\/\/www.churchill1795.com\/en\/#organization"},"potentialAction":[{"@type":"SearchAction","target":{"@type":"EntryPoint","urlTemplate":"https:\/\/www.churchill1795.com\/en\/?s={search_term_string}"},"query-input":{"@type":"PropertyValueSpecification","valueRequired":true,"valueName":"search_term_string"}}],"inLanguage":"de"},{"@type":"Organization","@id":"https:\/\/www.churchill1795.com\/en\/#organization","name":"Churchill","url":"https:\/\/www.churchill1795.com\/en\/","logo":{"@type":"ImageObject","inLanguage":"de","@id":"https:\/\/www.churchill1795.com\/en\/#\/schema\/logo\/image\/","url":"https:\/\/www.churchill1795.com\/wp-content\/uploads\/2024\/09\/logo-1.webp","contentUrl":"https:\/\/www.churchill1795.com\/wp-content\/uploads\/2024\/09\/logo-1.webp","width":240,"height":88,"caption":"Churchill"},"image":{"@id":"https:\/\/www.churchill1795.com\/en\/#\/schema\/logo\/image\/"}}]}},"_links":{"self":[{"href":"https:\/\/www.churchill1795.com\/de\/wp-json\/wp\/v2\/product\/45874","targetHints":{"allow":["GET"]}}],"collection":[{"href":"https:\/\/www.churchill1795.com\/de\/wp-json\/wp\/v2\/product"}],"about":[{"href":"https:\/\/www.churchill1795.com\/de\/wp-json\/wp\/v2\/types\/product"}],"wp:featuredmedia":[{"embeddable":true,"href":"https:\/\/www.churchill1795.com\/de\/wp-json\/wp\/v2\/media\/4556"}],"wp:attachment":[{"href":"https:\/\/www.churchill1795.com\/de\/wp-json\/wp\/v2\/media?parent=45874"}],"wp:term":[{"taxonomy":"product_brand","embeddable":true,"href":"https:\/\/www.churchill1795.com\/de\/wp-json\/wp\/v2\/product_brand?post=45874"},{"taxonomy":"product_cat","embeddable":true,"href":"https:\/\/www.churchill1795.com\/de\/wp-json\/wp\/v2\/product_cat?post=45874"},{"taxonomy":"product_tag","embeddable":true,"href":"https:\/\/www.churchill1795.com\/de\/wp-json\/wp\/v2\/product_tag?post=45874"}],"curies":[{"name":"wp","href":"https:\/\/api.w.org\/{rel}","templated":true}]}}