{"id":45842,"date":"2010-05-01T00:00:00","date_gmt":"2010-04-30T23:00:00","guid":{"rendered":"https:\/\/www.churchill1795.com\/?post_type=product&#038;p=45842"},"modified":"2025-12-19T09:24:14","modified_gmt":"2025-12-19T09:24:14","slug":"krug-7cl","status":"publish","type":"product","link":"https:\/\/www.churchill1795.com\/de\/produkt\/krug-7cl\/","title":{"rendered":"KRUG 7CL"},"content":{"rendered":"<p>Ultimo ist eine moderne Kaffeegeschirr-Serie, die exklusiv von Kaffeeliebhabern entwickelt wurde. Das Sortiment bietet eine Reihe stilvoller Tassen, Becher, Kannen und Schalen, die das Kaffeetrinken zu einem Erlebnis machen Der gerundete Innenboden der Tassen sorgt f\u00fcr die perfekte &#8218;Crema&#8216;.<\/p>\n","protected":false},"excerpt":{"rendered":"<p>Kaffeeexperten standen Paten bei der Entwicklung der Ultimo Serie, um das Kaffeetrinken zum Erlebnis zu machen.<\/p>\n","protected":false},"featured_media":5562,"template":"","meta":{"_acf_changed":false,"content-type":""},"product_brand":[],"product_cat":[3582,3584],"product_tag":[],"class_list":{"0":"post-45842","1":"product","2":"type-product","3":"status-publish","4":"has-post-thumbnail","6":"product_cat-getraenke","7":"product_cat-kruege","8":"pa_colour-white-de","9":"pa_filter-capacity-5-11cl-1-7-3-7oz-de","10":"pa_filter-colour-weis","11":"pa_filter-material-keramik","12":"pa_filter-width-1-9cm-0-3-3-5-de","13":"pa_material-churchill-super-vitrified-de","14":"pa_shape-rund","15":"pa_size-7cl-2-5oz-de","16":"range-ultimo","17":"brand-churchill-super-vitrified","18":"shape-code-b251","20":"first","21":"instock","22":"purchasable","23":"product-type-simple","24":"add-to-wishlist-after_add_to_cart"},"acf":[],"yoast_head":"<!-- This site is optimized with the Yoast SEO plugin v27.3 - https:\/\/yoast.com\/product\/yoast-seo-wordpress\/ -->\n<title>Churchill Ultimo White Krug 7cl<\/title>\n<meta name=\"description\" content=\"Moderne Getr\u00e4nkeserie in stilvollen Formen f\u00fcr Kaffeeliebhaber. F\u00fcr den professionellen Einsatz entwickelt. Glasiert f\u00fcr hohe Festigkeit.\" \/>\n<meta name=\"robots\" content=\"index, follow, max-snippet:-1, max-image-preview:large, max-video-preview:-1\" \/>\n<link rel=\"canonical\" href=\"https:\/\/www.churchill1795.com\/de\/produkt\/krug-7cl\/\" \/>\n<meta property=\"og:locale\" content=\"de_DE\" \/>\n<meta property=\"og:type\" content=\"article\" \/>\n<meta property=\"og:title\" content=\"Churchill Ultimo White Krug 7cl\" \/>\n<meta property=\"og:description\" content=\"Moderne Getr\u00e4nkeserie in stilvollen Formen f\u00fcr Kaffeeliebhaber. F\u00fcr den professionellen Einsatz entwickelt. Glasiert f\u00fcr hohe Festigkeit.\" \/>\n<meta property=\"og:url\" content=\"https:\/\/www.churchill1795.com\/de\/produkt\/krug-7cl\/\" \/>\n<meta property=\"og:site_name\" content=\"Churchill\" \/>\n<meta property=\"article:modified_time\" content=\"2025-12-19T09:24:14+00:00\" \/>\n<meta property=\"og:image\" content=\"https:\/\/www.churchill1795.com\/wp-content\/uploads\/2024\/05\/WH-B25-1.png\" \/>\n\t<meta property=\"og:image:width\" content=\"1000\" \/>\n\t<meta property=\"og:image:height\" content=\"1000\" \/>\n\t<meta property=\"og:image:type\" content=\"image\/png\" \/>\n<meta name=\"twitter:card\" content=\"summary_large_image\" \/>\n<script type=\"application\/ld+json\" class=\"yoast-schema-graph\">{\"@context\":\"https:\\\/\\\/schema.org\",\"@graph\":[{\"@type\":\"WebPage\",\"@id\":\"https:\\\/\\\/www.churchill1795.com\\\/de\\\/produkt\\\/krug-7cl\\\/\",\"url\":\"https:\\\/\\\/www.churchill1795.com\\\/de\\\/produkt\\\/krug-7cl\\\/\",\"name\":\"Churchill Ultimo White Krug 7cl\",\"isPartOf\":{\"@id\":\"https:\\\/\\\/www.churchill1795.com\\\/en\\\/#website\"},\"primaryImageOfPage\":{\"@id\":\"https:\\\/\\\/www.churchill1795.com\\\/de\\\/produkt\\\/krug-7cl\\\/#primaryimage\"},\"image\":{\"@id\":\"https:\\\/\\\/www.churchill1795.com\\\/de\\\/produkt\\\/krug-7cl\\\/#primaryimage\"},\"thumbnailUrl\":\"https:\\\/\\\/www.churchill1795.com\\\/wp-content\\\/uploads\\\/2024\\\/05\\\/WH-B25-1.png\",\"datePublished\":\"2010-04-30T23:00:00+00:00\",\"dateModified\":\"2025-12-19T09:24:14+00:00\",\"description\":\"Moderne Getr\u00e4nkeserie in stilvollen Formen f\u00fcr Kaffeeliebhaber. F\u00fcr den professionellen Einsatz entwickelt. Glasiert f\u00fcr hohe Festigkeit.\",\"breadcrumb\":{\"@id\":\"https:\\\/\\\/www.churchill1795.com\\\/de\\\/produkt\\\/krug-7cl\\\/#breadcrumb\"},\"inLanguage\":\"de\",\"potentialAction\":[{\"@type\":\"ReadAction\",\"target\":[\"https:\\\/\\\/www.churchill1795.com\\\/de\\\/produkt\\\/krug-7cl\\\/\"]}]},{\"@type\":\"ImageObject\",\"inLanguage\":\"de\",\"@id\":\"https:\\\/\\\/www.churchill1795.com\\\/de\\\/produkt\\\/krug-7cl\\\/#primaryimage\",\"url\":\"https:\\\/\\\/www.churchill1795.com\\\/wp-content\\\/uploads\\\/2024\\\/05\\\/WH-B25-1.png\",\"contentUrl\":\"https:\\\/\\\/www.churchill1795.com\\\/wp-content\\\/uploads\\\/2024\\\/05\\\/WH-B25-1.png\",\"width\":1000,\"height\":1000},{\"@type\":\"BreadcrumbList\",\"@id\":\"https:\\\/\\\/www.churchill1795.com\\\/de\\\/produkt\\\/krug-7cl\\\/#breadcrumb\",\"itemListElement\":[{\"@type\":\"ListItem\",\"position\":1,\"name\":\"Home\",\"item\":\"https:\\\/\\\/www.churchill1795.com\\\/de\\\/\"},{\"@type\":\"ListItem\",\"position\":2,\"name\":\"KRUG 7CL\"}]},{\"@type\":\"WebSite\",\"@id\":\"https:\\\/\\\/www.churchill1795.com\\\/en\\\/#website\",\"url\":\"https:\\\/\\\/www.churchill1795.com\\\/en\\\/\",\"name\":\"Churchill\",\"description\":\"Innovation, Passion &amp; expertise\",\"publisher\":{\"@id\":\"https:\\\/\\\/www.churchill1795.com\\\/en\\\/#organization\"},\"potentialAction\":[{\"@type\":\"SearchAction\",\"target\":{\"@type\":\"EntryPoint\",\"urlTemplate\":\"https:\\\/\\\/www.churchill1795.com\\\/en\\\/?s={search_term_string}\"},\"query-input\":{\"@type\":\"PropertyValueSpecification\",\"valueRequired\":true,\"valueName\":\"search_term_string\"}}],\"inLanguage\":\"de\"},{\"@type\":\"Organization\",\"@id\":\"https:\\\/\\\/www.churchill1795.com\\\/en\\\/#organization\",\"name\":\"Churchill\",\"url\":\"https:\\\/\\\/www.churchill1795.com\\\/en\\\/\",\"logo\":{\"@type\":\"ImageObject\",\"inLanguage\":\"de\",\"@id\":\"https:\\\/\\\/www.churchill1795.com\\\/en\\\/#\\\/schema\\\/logo\\\/image\\\/\",\"url\":\"https:\\\/\\\/www.churchill1795.com\\\/wp-content\\\/uploads\\\/2024\\\/09\\\/logo-1.webp\",\"contentUrl\":\"https:\\\/\\\/www.churchill1795.com\\\/wp-content\\\/uploads\\\/2024\\\/09\\\/logo-1.webp\",\"width\":240,\"height\":88,\"caption\":\"Churchill\"},\"image\":{\"@id\":\"https:\\\/\\\/www.churchill1795.com\\\/en\\\/#\\\/schema\\\/logo\\\/image\\\/\"}}]}<\/script>\n<!-- \/ Yoast SEO plugin. -->","yoast_head_json":{"title":"Churchill Ultimo White Krug 7cl","description":"Moderne Getr\u00e4nkeserie in stilvollen Formen f\u00fcr Kaffeeliebhaber. F\u00fcr den professionellen Einsatz entwickelt. Glasiert f\u00fcr hohe Festigkeit.","robots":{"index":"index","follow":"follow","max-snippet":"max-snippet:-1","max-image-preview":"max-image-preview:large","max-video-preview":"max-video-preview:-1"},"canonical":"https:\/\/www.churchill1795.com\/de\/produkt\/krug-7cl\/","og_locale":"de_DE","og_type":"article","og_title":"Churchill Ultimo White Krug 7cl","og_description":"Moderne Getr\u00e4nkeserie in stilvollen Formen f\u00fcr Kaffeeliebhaber. F\u00fcr den professionellen Einsatz entwickelt. Glasiert f\u00fcr hohe Festigkeit.","og_url":"https:\/\/www.churchill1795.com\/de\/produkt\/krug-7cl\/","og_site_name":"Churchill","article_modified_time":"2025-12-19T09:24:14+00:00","og_image":[{"width":1000,"height":1000,"url":"https:\/\/www.churchill1795.com\/wp-content\/uploads\/2024\/05\/WH-B25-1.png","type":"image\/png"}],"twitter_card":"summary_large_image","schema":{"@context":"https:\/\/schema.org","@graph":[{"@type":"WebPage","@id":"https:\/\/www.churchill1795.com\/de\/produkt\/krug-7cl\/","url":"https:\/\/www.churchill1795.com\/de\/produkt\/krug-7cl\/","name":"Churchill Ultimo White Krug 7cl","isPartOf":{"@id":"https:\/\/www.churchill1795.com\/en\/#website"},"primaryImageOfPage":{"@id":"https:\/\/www.churchill1795.com\/de\/produkt\/krug-7cl\/#primaryimage"},"image":{"@id":"https:\/\/www.churchill1795.com\/de\/produkt\/krug-7cl\/#primaryimage"},"thumbnailUrl":"https:\/\/www.churchill1795.com\/wp-content\/uploads\/2024\/05\/WH-B25-1.png","datePublished":"2010-04-30T23:00:00+00:00","dateModified":"2025-12-19T09:24:14+00:00","description":"Moderne Getr\u00e4nkeserie in stilvollen Formen f\u00fcr Kaffeeliebhaber. F\u00fcr den professionellen Einsatz entwickelt. Glasiert f\u00fcr hohe Festigkeit.","breadcrumb":{"@id":"https:\/\/www.churchill1795.com\/de\/produkt\/krug-7cl\/#breadcrumb"},"inLanguage":"de","potentialAction":[{"@type":"ReadAction","target":["https:\/\/www.churchill1795.com\/de\/produkt\/krug-7cl\/"]}]},{"@type":"ImageObject","inLanguage":"de","@id":"https:\/\/www.churchill1795.com\/de\/produkt\/krug-7cl\/#primaryimage","url":"https:\/\/www.churchill1795.com\/wp-content\/uploads\/2024\/05\/WH-B25-1.png","contentUrl":"https:\/\/www.churchill1795.com\/wp-content\/uploads\/2024\/05\/WH-B25-1.png","width":1000,"height":1000},{"@type":"BreadcrumbList","@id":"https:\/\/www.churchill1795.com\/de\/produkt\/krug-7cl\/#breadcrumb","itemListElement":[{"@type":"ListItem","position":1,"name":"Home","item":"https:\/\/www.churchill1795.com\/de\/"},{"@type":"ListItem","position":2,"name":"KRUG 7CL"}]},{"@type":"WebSite","@id":"https:\/\/www.churchill1795.com\/en\/#website","url":"https:\/\/www.churchill1795.com\/en\/","name":"Churchill","description":"Innovation, Passion &amp; expertise","publisher":{"@id":"https:\/\/www.churchill1795.com\/en\/#organization"},"potentialAction":[{"@type":"SearchAction","target":{"@type":"EntryPoint","urlTemplate":"https:\/\/www.churchill1795.com\/en\/?s={search_term_string}"},"query-input":{"@type":"PropertyValueSpecification","valueRequired":true,"valueName":"search_term_string"}}],"inLanguage":"de"},{"@type":"Organization","@id":"https:\/\/www.churchill1795.com\/en\/#organization","name":"Churchill","url":"https:\/\/www.churchill1795.com\/en\/","logo":{"@type":"ImageObject","inLanguage":"de","@id":"https:\/\/www.churchill1795.com\/en\/#\/schema\/logo\/image\/","url":"https:\/\/www.churchill1795.com\/wp-content\/uploads\/2024\/09\/logo-1.webp","contentUrl":"https:\/\/www.churchill1795.com\/wp-content\/uploads\/2024\/09\/logo-1.webp","width":240,"height":88,"caption":"Churchill"},"image":{"@id":"https:\/\/www.churchill1795.com\/en\/#\/schema\/logo\/image\/"}}]}},"_links":{"self":[{"href":"https:\/\/www.churchill1795.com\/de\/wp-json\/wp\/v2\/product\/45842","targetHints":{"allow":["GET"]}}],"collection":[{"href":"https:\/\/www.churchill1795.com\/de\/wp-json\/wp\/v2\/product"}],"about":[{"href":"https:\/\/www.churchill1795.com\/de\/wp-json\/wp\/v2\/types\/product"}],"wp:featuredmedia":[{"embeddable":true,"href":"https:\/\/www.churchill1795.com\/de\/wp-json\/wp\/v2\/media\/5562"}],"wp:attachment":[{"href":"https:\/\/www.churchill1795.com\/de\/wp-json\/wp\/v2\/media?parent=45842"}],"wp:term":[{"taxonomy":"product_brand","embeddable":true,"href":"https:\/\/www.churchill1795.com\/de\/wp-json\/wp\/v2\/product_brand?post=45842"},{"taxonomy":"product_cat","embeddable":true,"href":"https:\/\/www.churchill1795.com\/de\/wp-json\/wp\/v2\/product_cat?post=45842"},{"taxonomy":"product_tag","embeddable":true,"href":"https:\/\/www.churchill1795.com\/de\/wp-json\/wp\/v2\/product_tag?post=45842"}],"curies":[{"name":"wp","href":"https:\/\/api.w.org\/{rel}","templated":true}]}}