{"id":45753,"date":"2010-01-01T00:00:00","date_gmt":"2010-01-01T00:00:00","guid":{"rendered":"https:\/\/www.churchill1795.com\/?post_type=product&#038;p=45753"},"modified":"2025-12-19T09:14:27","modified_gmt":"2025-12-19T09:14:27","slug":"sugar-ersatz-deckel-22-7cl","status":"publish","type":"product","link":"https:\/\/www.churchill1795.com\/de\/produkt\/sugar-ersatz-deckel-22-7cl\/","title":{"rendered":"SUGAR ERSATZ-DECKEL 22.7CL"},"content":{"rendered":"<p>Das Profile Geschirr hat ein optimiertes Oberfl\u00e4chenprofil mit einem definierten Rand, der die Speisen perfekt in Szene setzt. Der schlanke und definierte gerollte Rand verleiht dem Teller eine ausgezeichnete Haltbarkeit. Die Teller und Sch\u00fcsseln mit Fahne sind formsch\u00f6n und bis zu 20 % leichter als die Classic-Teller, was sie zu einer leicht zu handhabenden L\u00f6sung macht.<\/p>\n","protected":false},"excerpt":{"rendered":"<p>Die sehr umfangreiche Profile Kollektion beinhaltet funktionales, stilvolles Geschirr in einem dezenten Wei\u00dfton. Viele Formen, und Gr\u00f6\u00dfen bieten die gr\u00f6\u00dftm\u00f6gliche Auswahl, sowohl an Essgeschirr, Trinkgeschirr und Servierplatten. Beachten Sie bitte auch die passende Profile Besteckserie.<\/p>\n","protected":false},"featured_media":5106,"template":"","meta":{"_acf_changed":false,"content-type":""},"product_brand":[],"product_cat":[3582,3586],"product_tag":[],"class_list":{"0":"post-45753","1":"product","2":"type-product","3":"status-publish","4":"has-post-thumbnail","6":"product_cat-getraenke","7":"product_cat-zuckerdosen","8":"pa_colour-white-de","9":"pa_filter-capacity-18-30cl-6-10oz-de","10":"pa_filter-colour-weis","11":"pa_filter-material-keramik","12":"pa_filter-width-1-9cm-0-3-3-5-de","13":"pa_material-churchill-super-vitrified-de","14":"pa_shape-rund","15":"pa_size-22-7cl-8oz-de","16":"range-profile","17":"brand-churchill-super-vitrified","18":"shape-code-ssld1","20":"first","21":"instock","22":"purchasable","23":"product-type-simple","24":"add-to-wishlist-after_add_to_cart"},"acf":[],"yoast_head":"<!-- This site is optimized with the Yoast SEO plugin v27.3 - https:\/\/yoast.com\/product\/yoast-seo-wordpress\/ -->\n<title>Churchill Profile White Sugar Lid 22.7cl<\/title>\n<meta name=\"description\" content=\"Praktisch und stilvoll. Professionelle wei\u00dfe Geschirrkollektion. Gro\u00dfe Auswahl an Formen und Stilen. Eingebaute Elemente f\u00fcr zus\u00e4tzliche Festigkeit.\" \/>\n<meta name=\"robots\" content=\"index, follow, max-snippet:-1, max-image-preview:large, max-video-preview:-1\" \/>\n<link rel=\"canonical\" href=\"https:\/\/www.churchill1795.com\/de\/produkt\/sugar-ersatz-deckel-22-7cl\/\" \/>\n<meta property=\"og:locale\" content=\"de_DE\" \/>\n<meta property=\"og:type\" content=\"article\" \/>\n<meta property=\"og:title\" content=\"Churchill Profile White Sugar Lid 22.7cl\" \/>\n<meta property=\"og:description\" content=\"Praktisch und stilvoll. Professionelle wei\u00dfe Geschirrkollektion. Gro\u00dfe Auswahl an Formen und Stilen. Eingebaute Elemente f\u00fcr zus\u00e4tzliche Festigkeit.\" \/>\n<meta property=\"og:url\" content=\"https:\/\/www.churchill1795.com\/de\/produkt\/sugar-ersatz-deckel-22-7cl\/\" \/>\n<meta property=\"og:site_name\" content=\"Churchill\" \/>\n<meta property=\"article:modified_time\" content=\"2025-12-19T09:14:27+00:00\" \/>\n<meta property=\"og:image\" content=\"https:\/\/www.churchill1795.com\/wp-content\/uploads\/2024\/05\/WH-SSLD1.png\" \/>\n\t<meta property=\"og:image:width\" content=\"1000\" \/>\n\t<meta property=\"og:image:height\" content=\"1000\" \/>\n\t<meta property=\"og:image:type\" content=\"image\/png\" \/>\n<meta name=\"twitter:card\" content=\"summary_large_image\" \/>\n<script type=\"application\/ld+json\" class=\"yoast-schema-graph\">{\"@context\":\"https:\\\/\\\/schema.org\",\"@graph\":[{\"@type\":\"WebPage\",\"@id\":\"https:\\\/\\\/www.churchill1795.com\\\/de\\\/produkt\\\/sugar-ersatz-deckel-22-7cl\\\/\",\"url\":\"https:\\\/\\\/www.churchill1795.com\\\/de\\\/produkt\\\/sugar-ersatz-deckel-22-7cl\\\/\",\"name\":\"Churchill Profile White Sugar Lid 22.7cl\",\"isPartOf\":{\"@id\":\"https:\\\/\\\/www.churchill1795.com\\\/en\\\/#website\"},\"primaryImageOfPage\":{\"@id\":\"https:\\\/\\\/www.churchill1795.com\\\/de\\\/produkt\\\/sugar-ersatz-deckel-22-7cl\\\/#primaryimage\"},\"image\":{\"@id\":\"https:\\\/\\\/www.churchill1795.com\\\/de\\\/produkt\\\/sugar-ersatz-deckel-22-7cl\\\/#primaryimage\"},\"thumbnailUrl\":\"https:\\\/\\\/www.churchill1795.com\\\/wp-content\\\/uploads\\\/2024\\\/05\\\/WH-SSLD1.png\",\"datePublished\":\"2010-01-01T00:00:00+00:00\",\"dateModified\":\"2025-12-19T09:14:27+00:00\",\"description\":\"Praktisch und stilvoll. Professionelle wei\u00dfe Geschirrkollektion. Gro\u00dfe Auswahl an Formen und Stilen. Eingebaute Elemente f\u00fcr zus\u00e4tzliche Festigkeit.\",\"breadcrumb\":{\"@id\":\"https:\\\/\\\/www.churchill1795.com\\\/de\\\/produkt\\\/sugar-ersatz-deckel-22-7cl\\\/#breadcrumb\"},\"inLanguage\":\"de\",\"potentialAction\":[{\"@type\":\"ReadAction\",\"target\":[\"https:\\\/\\\/www.churchill1795.com\\\/de\\\/produkt\\\/sugar-ersatz-deckel-22-7cl\\\/\"]}]},{\"@type\":\"ImageObject\",\"inLanguage\":\"de\",\"@id\":\"https:\\\/\\\/www.churchill1795.com\\\/de\\\/produkt\\\/sugar-ersatz-deckel-22-7cl\\\/#primaryimage\",\"url\":\"https:\\\/\\\/www.churchill1795.com\\\/wp-content\\\/uploads\\\/2024\\\/05\\\/WH-SSLD1.png\",\"contentUrl\":\"https:\\\/\\\/www.churchill1795.com\\\/wp-content\\\/uploads\\\/2024\\\/05\\\/WH-SSLD1.png\",\"width\":1000,\"height\":1000},{\"@type\":\"BreadcrumbList\",\"@id\":\"https:\\\/\\\/www.churchill1795.com\\\/de\\\/produkt\\\/sugar-ersatz-deckel-22-7cl\\\/#breadcrumb\",\"itemListElement\":[{\"@type\":\"ListItem\",\"position\":1,\"name\":\"Home\",\"item\":\"https:\\\/\\\/www.churchill1795.com\\\/de\\\/\"},{\"@type\":\"ListItem\",\"position\":2,\"name\":\"SUGAR ERSATZ-DECKEL 22.7CL\"}]},{\"@type\":\"WebSite\",\"@id\":\"https:\\\/\\\/www.churchill1795.com\\\/en\\\/#website\",\"url\":\"https:\\\/\\\/www.churchill1795.com\\\/en\\\/\",\"name\":\"Churchill\",\"description\":\"Innovation, Passion &amp; expertise\",\"publisher\":{\"@id\":\"https:\\\/\\\/www.churchill1795.com\\\/en\\\/#organization\"},\"potentialAction\":[{\"@type\":\"SearchAction\",\"target\":{\"@type\":\"EntryPoint\",\"urlTemplate\":\"https:\\\/\\\/www.churchill1795.com\\\/en\\\/?s={search_term_string}\"},\"query-input\":{\"@type\":\"PropertyValueSpecification\",\"valueRequired\":true,\"valueName\":\"search_term_string\"}}],\"inLanguage\":\"de\"},{\"@type\":\"Organization\",\"@id\":\"https:\\\/\\\/www.churchill1795.com\\\/en\\\/#organization\",\"name\":\"Churchill\",\"url\":\"https:\\\/\\\/www.churchill1795.com\\\/en\\\/\",\"logo\":{\"@type\":\"ImageObject\",\"inLanguage\":\"de\",\"@id\":\"https:\\\/\\\/www.churchill1795.com\\\/en\\\/#\\\/schema\\\/logo\\\/image\\\/\",\"url\":\"https:\\\/\\\/www.churchill1795.com\\\/wp-content\\\/uploads\\\/2024\\\/09\\\/logo-1.webp\",\"contentUrl\":\"https:\\\/\\\/www.churchill1795.com\\\/wp-content\\\/uploads\\\/2024\\\/09\\\/logo-1.webp\",\"width\":240,\"height\":88,\"caption\":\"Churchill\"},\"image\":{\"@id\":\"https:\\\/\\\/www.churchill1795.com\\\/en\\\/#\\\/schema\\\/logo\\\/image\\\/\"}}]}<\/script>\n<!-- \/ Yoast SEO plugin. -->","yoast_head_json":{"title":"Churchill Profile White Sugar Lid 22.7cl","description":"Praktisch und stilvoll. Professionelle wei\u00dfe Geschirrkollektion. Gro\u00dfe Auswahl an Formen und Stilen. Eingebaute Elemente f\u00fcr zus\u00e4tzliche Festigkeit.","robots":{"index":"index","follow":"follow","max-snippet":"max-snippet:-1","max-image-preview":"max-image-preview:large","max-video-preview":"max-video-preview:-1"},"canonical":"https:\/\/www.churchill1795.com\/de\/produkt\/sugar-ersatz-deckel-22-7cl\/","og_locale":"de_DE","og_type":"article","og_title":"Churchill Profile White Sugar Lid 22.7cl","og_description":"Praktisch und stilvoll. Professionelle wei\u00dfe Geschirrkollektion. Gro\u00dfe Auswahl an Formen und Stilen. Eingebaute Elemente f\u00fcr zus\u00e4tzliche Festigkeit.","og_url":"https:\/\/www.churchill1795.com\/de\/produkt\/sugar-ersatz-deckel-22-7cl\/","og_site_name":"Churchill","article_modified_time":"2025-12-19T09:14:27+00:00","og_image":[{"width":1000,"height":1000,"url":"https:\/\/www.churchill1795.com\/wp-content\/uploads\/2024\/05\/WH-SSLD1.png","type":"image\/png"}],"twitter_card":"summary_large_image","schema":{"@context":"https:\/\/schema.org","@graph":[{"@type":"WebPage","@id":"https:\/\/www.churchill1795.com\/de\/produkt\/sugar-ersatz-deckel-22-7cl\/","url":"https:\/\/www.churchill1795.com\/de\/produkt\/sugar-ersatz-deckel-22-7cl\/","name":"Churchill Profile White Sugar Lid 22.7cl","isPartOf":{"@id":"https:\/\/www.churchill1795.com\/en\/#website"},"primaryImageOfPage":{"@id":"https:\/\/www.churchill1795.com\/de\/produkt\/sugar-ersatz-deckel-22-7cl\/#primaryimage"},"image":{"@id":"https:\/\/www.churchill1795.com\/de\/produkt\/sugar-ersatz-deckel-22-7cl\/#primaryimage"},"thumbnailUrl":"https:\/\/www.churchill1795.com\/wp-content\/uploads\/2024\/05\/WH-SSLD1.png","datePublished":"2010-01-01T00:00:00+00:00","dateModified":"2025-12-19T09:14:27+00:00","description":"Praktisch und stilvoll. Professionelle wei\u00dfe Geschirrkollektion. Gro\u00dfe Auswahl an Formen und Stilen. Eingebaute Elemente f\u00fcr zus\u00e4tzliche Festigkeit.","breadcrumb":{"@id":"https:\/\/www.churchill1795.com\/de\/produkt\/sugar-ersatz-deckel-22-7cl\/#breadcrumb"},"inLanguage":"de","potentialAction":[{"@type":"ReadAction","target":["https:\/\/www.churchill1795.com\/de\/produkt\/sugar-ersatz-deckel-22-7cl\/"]}]},{"@type":"ImageObject","inLanguage":"de","@id":"https:\/\/www.churchill1795.com\/de\/produkt\/sugar-ersatz-deckel-22-7cl\/#primaryimage","url":"https:\/\/www.churchill1795.com\/wp-content\/uploads\/2024\/05\/WH-SSLD1.png","contentUrl":"https:\/\/www.churchill1795.com\/wp-content\/uploads\/2024\/05\/WH-SSLD1.png","width":1000,"height":1000},{"@type":"BreadcrumbList","@id":"https:\/\/www.churchill1795.com\/de\/produkt\/sugar-ersatz-deckel-22-7cl\/#breadcrumb","itemListElement":[{"@type":"ListItem","position":1,"name":"Home","item":"https:\/\/www.churchill1795.com\/de\/"},{"@type":"ListItem","position":2,"name":"SUGAR ERSATZ-DECKEL 22.7CL"}]},{"@type":"WebSite","@id":"https:\/\/www.churchill1795.com\/en\/#website","url":"https:\/\/www.churchill1795.com\/en\/","name":"Churchill","description":"Innovation, Passion &amp; expertise","publisher":{"@id":"https:\/\/www.churchill1795.com\/en\/#organization"},"potentialAction":[{"@type":"SearchAction","target":{"@type":"EntryPoint","urlTemplate":"https:\/\/www.churchill1795.com\/en\/?s={search_term_string}"},"query-input":{"@type":"PropertyValueSpecification","valueRequired":true,"valueName":"search_term_string"}}],"inLanguage":"de"},{"@type":"Organization","@id":"https:\/\/www.churchill1795.com\/en\/#organization","name":"Churchill","url":"https:\/\/www.churchill1795.com\/en\/","logo":{"@type":"ImageObject","inLanguage":"de","@id":"https:\/\/www.churchill1795.com\/en\/#\/schema\/logo\/image\/","url":"https:\/\/www.churchill1795.com\/wp-content\/uploads\/2024\/09\/logo-1.webp","contentUrl":"https:\/\/www.churchill1795.com\/wp-content\/uploads\/2024\/09\/logo-1.webp","width":240,"height":88,"caption":"Churchill"},"image":{"@id":"https:\/\/www.churchill1795.com\/en\/#\/schema\/logo\/image\/"}}]}},"_links":{"self":[{"href":"https:\/\/www.churchill1795.com\/de\/wp-json\/wp\/v2\/product\/45753","targetHints":{"allow":["GET"]}}],"collection":[{"href":"https:\/\/www.churchill1795.com\/de\/wp-json\/wp\/v2\/product"}],"about":[{"href":"https:\/\/www.churchill1795.com\/de\/wp-json\/wp\/v2\/types\/product"}],"wp:featuredmedia":[{"embeddable":true,"href":"https:\/\/www.churchill1795.com\/de\/wp-json\/wp\/v2\/media\/5106"}],"wp:attachment":[{"href":"https:\/\/www.churchill1795.com\/de\/wp-json\/wp\/v2\/media?parent=45753"}],"wp:term":[{"taxonomy":"product_brand","embeddable":true,"href":"https:\/\/www.churchill1795.com\/de\/wp-json\/wp\/v2\/product_brand?post=45753"},{"taxonomy":"product_cat","embeddable":true,"href":"https:\/\/www.churchill1795.com\/de\/wp-json\/wp\/v2\/product_cat?post=45753"},{"taxonomy":"product_tag","embeddable":true,"href":"https:\/\/www.churchill1795.com\/de\/wp-json\/wp\/v2\/product_tag?post=45753"}],"curies":[{"name":"wp","href":"https:\/\/api.w.org\/{rel}","templated":true}]}}