{"id":45723,"date":"2010-01-01T00:00:00","date_gmt":"2010-01-01T00:00:00","guid":{"rendered":"https:\/\/www.churchill1795.com\/?post_type=product&#038;p=45723"},"modified":"2025-12-19T09:11:28","modified_gmt":"2025-12-19T09:11:28","slug":"rimmed-pizza-teller-34cm","status":"publish","type":"product","link":"https:\/\/www.churchill1795.com\/de\/produkt\/rimmed-pizza-teller-34cm\/","title":{"rendered":"RIMMED PIZZA TELLER 34CM"},"content":{"rendered":"<p>Die Nourish-Serie besteht aus einer Reihe von Schalen und Dip-T\u00f6pfen, die mit handwerklichen Glasuren verziert sind. Nourish ist ein umfangreiches Sortiment, das sich perfekt f\u00fcr Schalen und Beilagen eignet und die perfekte Erg\u00e4nzung zu frischen und lokalen Gerichten aus der ganzen Welt darstellt.<\/p>\n","protected":false},"excerpt":{"rendered":"<p>Nova ist eine Serie, bestehend aus Tellern und Schalen in den g\u00e4ngigsten Gr\u00f6\u00dfen, die dezente Formgebung mit Funktionalit\u00e4t und Haltbarkeit verbindet.<\/p>\n","protected":false},"featured_media":5222,"template":"","meta":{"_acf_changed":false,"content-type":""},"product_brand":[],"product_cat":[3597],"product_tag":[],"class_list":{"0":"post-45723","1":"product","2":"type-product","3":"status-publish","4":"has-post-thumbnail","6":"product_cat-teller","7":"pa_colour-white-de","8":"pa_filter-colour-weis","9":"pa_filter-material-keramik","10":"pa_filter-width-33-37cm-13-14-5","11":"pa_material-churchill-super-vitrified-de","12":"pa_shape-rund","13":"pa_size-34cm-13-1-2-de","14":"range-nova","15":"brand-churchill-super-vitrified","16":"shape-code-ppp1","18":"first","19":"instock","20":"purchasable","21":"product-type-simple","22":"add-to-wishlist-after_add_to_cart"},"acf":[],"yoast_head":"<!-- This site is optimized with the Yoast SEO plugin v27.3 - https:\/\/yoast.com\/product\/yoast-seo-wordpress\/ -->\n<title>Churchill Nova White Rimmed Pizza Teller 34cm<\/title>\n<meta name=\"description\" content=\"F\u00fcr den professionellen Einsatz hergestellt und f\u00fcr Haltbarkeit verglast. Nova macht eine leere Leinwand f\u00fcr die Pr\u00e4sentation von Speisen.\" \/>\n<meta name=\"robots\" content=\"index, follow, max-snippet:-1, max-image-preview:large, max-video-preview:-1\" \/>\n<link rel=\"canonical\" href=\"https:\/\/www.churchill1795.com\/de\/produkt\/rimmed-pizza-teller-34cm\/\" \/>\n<meta property=\"og:locale\" content=\"de_DE\" \/>\n<meta property=\"og:type\" content=\"article\" \/>\n<meta property=\"og:title\" content=\"Churchill Nova White Rimmed Pizza Teller 34cm\" \/>\n<meta property=\"og:description\" content=\"F\u00fcr den professionellen Einsatz hergestellt und f\u00fcr Haltbarkeit verglast. Nova macht eine leere Leinwand f\u00fcr die Pr\u00e4sentation von Speisen.\" \/>\n<meta property=\"og:url\" content=\"https:\/\/www.churchill1795.com\/de\/produkt\/rimmed-pizza-teller-34cm\/\" \/>\n<meta property=\"og:site_name\" content=\"Churchill\" \/>\n<meta property=\"article:modified_time\" content=\"2025-12-19T09:11:28+00:00\" \/>\n<meta property=\"og:image\" content=\"https:\/\/www.churchill1795.com\/wp-content\/uploads\/2024\/05\/WH-PPP-1.png\" \/>\n\t<meta property=\"og:image:width\" content=\"1000\" \/>\n\t<meta property=\"og:image:height\" content=\"1000\" \/>\n\t<meta property=\"og:image:type\" content=\"image\/png\" \/>\n<meta name=\"twitter:card\" content=\"summary_large_image\" \/>\n<script type=\"application\/ld+json\" class=\"yoast-schema-graph\">{\"@context\":\"https:\\\/\\\/schema.org\",\"@graph\":[{\"@type\":\"WebPage\",\"@id\":\"https:\\\/\\\/www.churchill1795.com\\\/de\\\/produkt\\\/rimmed-pizza-teller-34cm\\\/\",\"url\":\"https:\\\/\\\/www.churchill1795.com\\\/de\\\/produkt\\\/rimmed-pizza-teller-34cm\\\/\",\"name\":\"Churchill Nova White Rimmed Pizza Teller 34cm\",\"isPartOf\":{\"@id\":\"https:\\\/\\\/www.churchill1795.com\\\/en\\\/#website\"},\"primaryImageOfPage\":{\"@id\":\"https:\\\/\\\/www.churchill1795.com\\\/de\\\/produkt\\\/rimmed-pizza-teller-34cm\\\/#primaryimage\"},\"image\":{\"@id\":\"https:\\\/\\\/www.churchill1795.com\\\/de\\\/produkt\\\/rimmed-pizza-teller-34cm\\\/#primaryimage\"},\"thumbnailUrl\":\"https:\\\/\\\/www.churchill1795.com\\\/wp-content\\\/uploads\\\/2024\\\/05\\\/WH-PPP-1.png\",\"datePublished\":\"2010-01-01T00:00:00+00:00\",\"dateModified\":\"2025-12-19T09:11:28+00:00\",\"description\":\"F\u00fcr den professionellen Einsatz hergestellt und f\u00fcr Haltbarkeit verglast. Nova macht eine leere Leinwand f\u00fcr die Pr\u00e4sentation von Speisen.\",\"breadcrumb\":{\"@id\":\"https:\\\/\\\/www.churchill1795.com\\\/de\\\/produkt\\\/rimmed-pizza-teller-34cm\\\/#breadcrumb\"},\"inLanguage\":\"de\",\"potentialAction\":[{\"@type\":\"ReadAction\",\"target\":[\"https:\\\/\\\/www.churchill1795.com\\\/de\\\/produkt\\\/rimmed-pizza-teller-34cm\\\/\"]}]},{\"@type\":\"ImageObject\",\"inLanguage\":\"de\",\"@id\":\"https:\\\/\\\/www.churchill1795.com\\\/de\\\/produkt\\\/rimmed-pizza-teller-34cm\\\/#primaryimage\",\"url\":\"https:\\\/\\\/www.churchill1795.com\\\/wp-content\\\/uploads\\\/2024\\\/05\\\/WH-PPP-1.png\",\"contentUrl\":\"https:\\\/\\\/www.churchill1795.com\\\/wp-content\\\/uploads\\\/2024\\\/05\\\/WH-PPP-1.png\",\"width\":1000,\"height\":1000},{\"@type\":\"BreadcrumbList\",\"@id\":\"https:\\\/\\\/www.churchill1795.com\\\/de\\\/produkt\\\/rimmed-pizza-teller-34cm\\\/#breadcrumb\",\"itemListElement\":[{\"@type\":\"ListItem\",\"position\":1,\"name\":\"Home\",\"item\":\"https:\\\/\\\/www.churchill1795.com\\\/de\\\/\"},{\"@type\":\"ListItem\",\"position\":2,\"name\":\"RIMMED PIZZA TELLER 34CM\"}]},{\"@type\":\"WebSite\",\"@id\":\"https:\\\/\\\/www.churchill1795.com\\\/en\\\/#website\",\"url\":\"https:\\\/\\\/www.churchill1795.com\\\/en\\\/\",\"name\":\"Churchill\",\"description\":\"Innovation, Passion &amp; expertise\",\"publisher\":{\"@id\":\"https:\\\/\\\/www.churchill1795.com\\\/en\\\/#organization\"},\"potentialAction\":[{\"@type\":\"SearchAction\",\"target\":{\"@type\":\"EntryPoint\",\"urlTemplate\":\"https:\\\/\\\/www.churchill1795.com\\\/en\\\/?s={search_term_string}\"},\"query-input\":{\"@type\":\"PropertyValueSpecification\",\"valueRequired\":true,\"valueName\":\"search_term_string\"}}],\"inLanguage\":\"de\"},{\"@type\":\"Organization\",\"@id\":\"https:\\\/\\\/www.churchill1795.com\\\/en\\\/#organization\",\"name\":\"Churchill\",\"url\":\"https:\\\/\\\/www.churchill1795.com\\\/en\\\/\",\"logo\":{\"@type\":\"ImageObject\",\"inLanguage\":\"de\",\"@id\":\"https:\\\/\\\/www.churchill1795.com\\\/en\\\/#\\\/schema\\\/logo\\\/image\\\/\",\"url\":\"https:\\\/\\\/www.churchill1795.com\\\/wp-content\\\/uploads\\\/2024\\\/09\\\/logo-1.webp\",\"contentUrl\":\"https:\\\/\\\/www.churchill1795.com\\\/wp-content\\\/uploads\\\/2024\\\/09\\\/logo-1.webp\",\"width\":240,\"height\":88,\"caption\":\"Churchill\"},\"image\":{\"@id\":\"https:\\\/\\\/www.churchill1795.com\\\/en\\\/#\\\/schema\\\/logo\\\/image\\\/\"}}]}<\/script>\n<!-- \/ Yoast SEO plugin. -->","yoast_head_json":{"title":"Churchill Nova White Rimmed Pizza Teller 34cm","description":"F\u00fcr den professionellen Einsatz hergestellt und f\u00fcr Haltbarkeit verglast. Nova macht eine leere Leinwand f\u00fcr die Pr\u00e4sentation von Speisen.","robots":{"index":"index","follow":"follow","max-snippet":"max-snippet:-1","max-image-preview":"max-image-preview:large","max-video-preview":"max-video-preview:-1"},"canonical":"https:\/\/www.churchill1795.com\/de\/produkt\/rimmed-pizza-teller-34cm\/","og_locale":"de_DE","og_type":"article","og_title":"Churchill Nova White Rimmed Pizza Teller 34cm","og_description":"F\u00fcr den professionellen Einsatz hergestellt und f\u00fcr Haltbarkeit verglast. Nova macht eine leere Leinwand f\u00fcr die Pr\u00e4sentation von Speisen.","og_url":"https:\/\/www.churchill1795.com\/de\/produkt\/rimmed-pizza-teller-34cm\/","og_site_name":"Churchill","article_modified_time":"2025-12-19T09:11:28+00:00","og_image":[{"width":1000,"height":1000,"url":"https:\/\/www.churchill1795.com\/wp-content\/uploads\/2024\/05\/WH-PPP-1.png","type":"image\/png"}],"twitter_card":"summary_large_image","schema":{"@context":"https:\/\/schema.org","@graph":[{"@type":"WebPage","@id":"https:\/\/www.churchill1795.com\/de\/produkt\/rimmed-pizza-teller-34cm\/","url":"https:\/\/www.churchill1795.com\/de\/produkt\/rimmed-pizza-teller-34cm\/","name":"Churchill Nova White Rimmed Pizza Teller 34cm","isPartOf":{"@id":"https:\/\/www.churchill1795.com\/en\/#website"},"primaryImageOfPage":{"@id":"https:\/\/www.churchill1795.com\/de\/produkt\/rimmed-pizza-teller-34cm\/#primaryimage"},"image":{"@id":"https:\/\/www.churchill1795.com\/de\/produkt\/rimmed-pizza-teller-34cm\/#primaryimage"},"thumbnailUrl":"https:\/\/www.churchill1795.com\/wp-content\/uploads\/2024\/05\/WH-PPP-1.png","datePublished":"2010-01-01T00:00:00+00:00","dateModified":"2025-12-19T09:11:28+00:00","description":"F\u00fcr den professionellen Einsatz hergestellt und f\u00fcr Haltbarkeit verglast. Nova macht eine leere Leinwand f\u00fcr die Pr\u00e4sentation von Speisen.","breadcrumb":{"@id":"https:\/\/www.churchill1795.com\/de\/produkt\/rimmed-pizza-teller-34cm\/#breadcrumb"},"inLanguage":"de","potentialAction":[{"@type":"ReadAction","target":["https:\/\/www.churchill1795.com\/de\/produkt\/rimmed-pizza-teller-34cm\/"]}]},{"@type":"ImageObject","inLanguage":"de","@id":"https:\/\/www.churchill1795.com\/de\/produkt\/rimmed-pizza-teller-34cm\/#primaryimage","url":"https:\/\/www.churchill1795.com\/wp-content\/uploads\/2024\/05\/WH-PPP-1.png","contentUrl":"https:\/\/www.churchill1795.com\/wp-content\/uploads\/2024\/05\/WH-PPP-1.png","width":1000,"height":1000},{"@type":"BreadcrumbList","@id":"https:\/\/www.churchill1795.com\/de\/produkt\/rimmed-pizza-teller-34cm\/#breadcrumb","itemListElement":[{"@type":"ListItem","position":1,"name":"Home","item":"https:\/\/www.churchill1795.com\/de\/"},{"@type":"ListItem","position":2,"name":"RIMMED PIZZA TELLER 34CM"}]},{"@type":"WebSite","@id":"https:\/\/www.churchill1795.com\/en\/#website","url":"https:\/\/www.churchill1795.com\/en\/","name":"Churchill","description":"Innovation, Passion &amp; expertise","publisher":{"@id":"https:\/\/www.churchill1795.com\/en\/#organization"},"potentialAction":[{"@type":"SearchAction","target":{"@type":"EntryPoint","urlTemplate":"https:\/\/www.churchill1795.com\/en\/?s={search_term_string}"},"query-input":{"@type":"PropertyValueSpecification","valueRequired":true,"valueName":"search_term_string"}}],"inLanguage":"de"},{"@type":"Organization","@id":"https:\/\/www.churchill1795.com\/en\/#organization","name":"Churchill","url":"https:\/\/www.churchill1795.com\/en\/","logo":{"@type":"ImageObject","inLanguage":"de","@id":"https:\/\/www.churchill1795.com\/en\/#\/schema\/logo\/image\/","url":"https:\/\/www.churchill1795.com\/wp-content\/uploads\/2024\/09\/logo-1.webp","contentUrl":"https:\/\/www.churchill1795.com\/wp-content\/uploads\/2024\/09\/logo-1.webp","width":240,"height":88,"caption":"Churchill"},"image":{"@id":"https:\/\/www.churchill1795.com\/en\/#\/schema\/logo\/image\/"}}]}},"_links":{"self":[{"href":"https:\/\/www.churchill1795.com\/de\/wp-json\/wp\/v2\/product\/45723","targetHints":{"allow":["GET"]}}],"collection":[{"href":"https:\/\/www.churchill1795.com\/de\/wp-json\/wp\/v2\/product"}],"about":[{"href":"https:\/\/www.churchill1795.com\/de\/wp-json\/wp\/v2\/types\/product"}],"wp:featuredmedia":[{"embeddable":true,"href":"https:\/\/www.churchill1795.com\/de\/wp-json\/wp\/v2\/media\/5222"}],"wp:attachment":[{"href":"https:\/\/www.churchill1795.com\/de\/wp-json\/wp\/v2\/media?parent=45723"}],"wp:term":[{"taxonomy":"product_brand","embeddable":true,"href":"https:\/\/www.churchill1795.com\/de\/wp-json\/wp\/v2\/product_brand?post=45723"},{"taxonomy":"product_cat","embeddable":true,"href":"https:\/\/www.churchill1795.com\/de\/wp-json\/wp\/v2\/product_cat?post=45723"},{"taxonomy":"product_tag","embeddable":true,"href":"https:\/\/www.churchill1795.com\/de\/wp-json\/wp\/v2\/product_tag?post=45723"}],"curies":[{"name":"wp","href":"https:\/\/api.w.org\/{rel}","templated":true}]}}