{"id":45676,"date":"2022-01-01T00:00:00","date_gmt":"2022-01-01T00:00:00","guid":{"rendered":"https:\/\/www.churchill1795.com\/?post_type=product&#038;p=45676"},"modified":"2026-01-15T08:21:32","modified_gmt":"2026-01-15T08:21:32","slug":"linear-pommes-frites-behaelter-8-7cm-2","status":"publish","type":"product","link":"https:\/\/www.churchill1795.com\/de\/produkt\/linear-pommes-frites-behaelter-8-7cm-2\/","title":{"rendered":"LINEAR POMMES-FRITES-BEH\u00c4LTER 8.7CM"},"content":{"rendered":"<p>Die Nourish-Serie besteht aus einer Reihe von Schalen und Dip-T\u00f6pfen, die mit handwerklichen Glasuren verziert sind. Nourish bietet ein umfangreiches Sortiment, das sich perfekt f\u00fcr Schalen und Beilagen eignet und die perfekte Erg\u00e4nzung zu frischen und lokalen Gerichten aus der ganzen Welt darstellt<\/p>\n","protected":false},"excerpt":{"rendered":"<p>Die Nourish- Serie verf\u00fcgt \u00fcber eine Reihe von Schalen und Dip-T\u00f6pfen, die mit handwerklichen Glasuren verziert sind und sich perfekt f\u00fcr Bowl-Konzepte, Tapas, Beilagen, Snacks und zum Knabbern.<\/p>\n","protected":false},"featured_media":8634,"template":"","meta":{"_acf_changed":false,"content-type":""},"product_brand":[],"product_cat":[3596],"product_tag":[],"class_list":{"0":"post-45676","1":"product","2":"type-product","3":"status-publish","4":"has-post-thumbnail","6":"product_cat-dipbecher-und-seitenplatten","7":"pa_colour-siena-duck-egg-de","8":"pa_filter-capacity-18-30cl-6-10oz-de","9":"pa_filter-colour-blau-de","10":"pa_filter-material-keramik","11":"pa_filter-width-1-9cm-0-3-3-5-de","12":"pa_material-churchill-super-vitrified-de","13":"pa_shape-rund","14":"pa_size-8-7cm-3-1-2-de","15":"range-nourish","16":"brand-churchill-super-vitrified","17":"shape-code-sscm1","19":"first","20":"instock","21":"purchasable","22":"product-type-simple","23":"add-to-wishlist-after_add_to_cart"},"acf":[],"yoast_head":"<!-- This site is optimized with the Yoast SEO plugin v27.3 - https:\/\/yoast.com\/product\/yoast-seo-wordpress\/ -->\n<title>Churchill Linear Pommes-Frites-Beh\u00e4lter Siena Duck Egg 8.7cm<\/title>\n<meta name=\"description\" content=\"Handwerklich inspirierte T\u00f6pfe und Schalen, die tiefe Braunt\u00f6ne mit Stonecast-Farben verbinden. Erfahren Sie mehr.\" \/>\n<meta name=\"robots\" content=\"index, follow, max-snippet:-1, max-image-preview:large, max-video-preview:-1\" \/>\n<link rel=\"canonical\" href=\"https:\/\/www.churchill1795.com\/de\/produkt\/linear-pommes-frites-behaelter-8-7cm-2\/\" \/>\n<meta property=\"og:locale\" content=\"de_DE\" \/>\n<meta property=\"og:type\" content=\"article\" \/>\n<meta property=\"og:title\" content=\"Churchill Linear Pommes-Frites-Beh\u00e4lter Siena Duck Egg 8.7cm\" \/>\n<meta property=\"og:description\" content=\"Handwerklich inspirierte T\u00f6pfe und Schalen, die tiefe Braunt\u00f6ne mit Stonecast-Farben verbinden. Erfahren Sie mehr.\" \/>\n<meta property=\"og:url\" content=\"https:\/\/www.churchill1795.com\/de\/produkt\/linear-pommes-frites-behaelter-8-7cm-2\/\" \/>\n<meta property=\"og:site_name\" content=\"Churchill\" \/>\n<meta property=\"article:modified_time\" content=\"2026-01-15T08:21:32+00:00\" \/>\n<meta property=\"og:image\" content=\"https:\/\/www.churchill1795.com\/wp-content\/uploads\/2024\/05\/NSSDSSCM1.png\" \/>\n\t<meta property=\"og:image:width\" content=\"1000\" \/>\n\t<meta property=\"og:image:height\" content=\"1000\" \/>\n\t<meta property=\"og:image:type\" content=\"image\/png\" \/>\n<meta name=\"twitter:card\" content=\"summary_large_image\" \/>\n<script type=\"application\/ld+json\" class=\"yoast-schema-graph\">{\"@context\":\"https:\\\/\\\/schema.org\",\"@graph\":[{\"@type\":\"WebPage\",\"@id\":\"https:\\\/\\\/www.churchill1795.com\\\/de\\\/produkt\\\/linear-pommes-frites-behaelter-8-7cm-2\\\/\",\"url\":\"https:\\\/\\\/www.churchill1795.com\\\/de\\\/produkt\\\/linear-pommes-frites-behaelter-8-7cm-2\\\/\",\"name\":\"Churchill Linear Pommes-Frites-Beh\u00e4lter Siena Duck Egg 8.7cm\",\"isPartOf\":{\"@id\":\"https:\\\/\\\/www.churchill1795.com\\\/en\\\/#website\"},\"primaryImageOfPage\":{\"@id\":\"https:\\\/\\\/www.churchill1795.com\\\/de\\\/produkt\\\/linear-pommes-frites-behaelter-8-7cm-2\\\/#primaryimage\"},\"image\":{\"@id\":\"https:\\\/\\\/www.churchill1795.com\\\/de\\\/produkt\\\/linear-pommes-frites-behaelter-8-7cm-2\\\/#primaryimage\"},\"thumbnailUrl\":\"https:\\\/\\\/www.churchill1795.com\\\/wp-content\\\/uploads\\\/2024\\\/05\\\/NSSDSSCM1.png\",\"datePublished\":\"2022-01-01T00:00:00+00:00\",\"dateModified\":\"2026-01-15T08:21:32+00:00\",\"description\":\"Handwerklich inspirierte T\u00f6pfe und Schalen, die tiefe Braunt\u00f6ne mit Stonecast-Farben verbinden. Erfahren Sie mehr.\",\"breadcrumb\":{\"@id\":\"https:\\\/\\\/www.churchill1795.com\\\/de\\\/produkt\\\/linear-pommes-frites-behaelter-8-7cm-2\\\/#breadcrumb\"},\"inLanguage\":\"de\",\"potentialAction\":[{\"@type\":\"ReadAction\",\"target\":[\"https:\\\/\\\/www.churchill1795.com\\\/de\\\/produkt\\\/linear-pommes-frites-behaelter-8-7cm-2\\\/\"]}]},{\"@type\":\"ImageObject\",\"inLanguage\":\"de\",\"@id\":\"https:\\\/\\\/www.churchill1795.com\\\/de\\\/produkt\\\/linear-pommes-frites-behaelter-8-7cm-2\\\/#primaryimage\",\"url\":\"https:\\\/\\\/www.churchill1795.com\\\/wp-content\\\/uploads\\\/2024\\\/05\\\/NSSDSSCM1.png\",\"contentUrl\":\"https:\\\/\\\/www.churchill1795.com\\\/wp-content\\\/uploads\\\/2024\\\/05\\\/NSSDSSCM1.png\",\"width\":1000,\"height\":1000},{\"@type\":\"BreadcrumbList\",\"@id\":\"https:\\\/\\\/www.churchill1795.com\\\/de\\\/produkt\\\/linear-pommes-frites-behaelter-8-7cm-2\\\/#breadcrumb\",\"itemListElement\":[{\"@type\":\"ListItem\",\"position\":1,\"name\":\"Home\",\"item\":\"https:\\\/\\\/www.churchill1795.com\\\/de\\\/\"},{\"@type\":\"ListItem\",\"position\":2,\"name\":\"LINEAR POMMES-FRITES-BEH\u00c4LTER 8.7CM\"}]},{\"@type\":\"WebSite\",\"@id\":\"https:\\\/\\\/www.churchill1795.com\\\/en\\\/#website\",\"url\":\"https:\\\/\\\/www.churchill1795.com\\\/en\\\/\",\"name\":\"Churchill\",\"description\":\"Innovation, Passion &amp; expertise\",\"publisher\":{\"@id\":\"https:\\\/\\\/www.churchill1795.com\\\/en\\\/#organization\"},\"potentialAction\":[{\"@type\":\"SearchAction\",\"target\":{\"@type\":\"EntryPoint\",\"urlTemplate\":\"https:\\\/\\\/www.churchill1795.com\\\/en\\\/?s={search_term_string}\"},\"query-input\":{\"@type\":\"PropertyValueSpecification\",\"valueRequired\":true,\"valueName\":\"search_term_string\"}}],\"inLanguage\":\"de\"},{\"@type\":\"Organization\",\"@id\":\"https:\\\/\\\/www.churchill1795.com\\\/en\\\/#organization\",\"name\":\"Churchill\",\"url\":\"https:\\\/\\\/www.churchill1795.com\\\/en\\\/\",\"logo\":{\"@type\":\"ImageObject\",\"inLanguage\":\"de\",\"@id\":\"https:\\\/\\\/www.churchill1795.com\\\/en\\\/#\\\/schema\\\/logo\\\/image\\\/\",\"url\":\"https:\\\/\\\/www.churchill1795.com\\\/wp-content\\\/uploads\\\/2024\\\/09\\\/logo-1.webp\",\"contentUrl\":\"https:\\\/\\\/www.churchill1795.com\\\/wp-content\\\/uploads\\\/2024\\\/09\\\/logo-1.webp\",\"width\":240,\"height\":88,\"caption\":\"Churchill\"},\"image\":{\"@id\":\"https:\\\/\\\/www.churchill1795.com\\\/en\\\/#\\\/schema\\\/logo\\\/image\\\/\"}}]}<\/script>\n<!-- \/ Yoast SEO plugin. -->","yoast_head_json":{"title":"Churchill Linear Pommes-Frites-Beh\u00e4lter Siena Duck Egg 8.7cm","description":"Handwerklich inspirierte T\u00f6pfe und Schalen, die tiefe Braunt\u00f6ne mit Stonecast-Farben verbinden. Erfahren Sie mehr.","robots":{"index":"index","follow":"follow","max-snippet":"max-snippet:-1","max-image-preview":"max-image-preview:large","max-video-preview":"max-video-preview:-1"},"canonical":"https:\/\/www.churchill1795.com\/de\/produkt\/linear-pommes-frites-behaelter-8-7cm-2\/","og_locale":"de_DE","og_type":"article","og_title":"Churchill Linear Pommes-Frites-Beh\u00e4lter Siena Duck Egg 8.7cm","og_description":"Handwerklich inspirierte T\u00f6pfe und Schalen, die tiefe Braunt\u00f6ne mit Stonecast-Farben verbinden. Erfahren Sie mehr.","og_url":"https:\/\/www.churchill1795.com\/de\/produkt\/linear-pommes-frites-behaelter-8-7cm-2\/","og_site_name":"Churchill","article_modified_time":"2026-01-15T08:21:32+00:00","og_image":[{"width":1000,"height":1000,"url":"https:\/\/www.churchill1795.com\/wp-content\/uploads\/2024\/05\/NSSDSSCM1.png","type":"image\/png"}],"twitter_card":"summary_large_image","schema":{"@context":"https:\/\/schema.org","@graph":[{"@type":"WebPage","@id":"https:\/\/www.churchill1795.com\/de\/produkt\/linear-pommes-frites-behaelter-8-7cm-2\/","url":"https:\/\/www.churchill1795.com\/de\/produkt\/linear-pommes-frites-behaelter-8-7cm-2\/","name":"Churchill Linear Pommes-Frites-Beh\u00e4lter Siena Duck Egg 8.7cm","isPartOf":{"@id":"https:\/\/www.churchill1795.com\/en\/#website"},"primaryImageOfPage":{"@id":"https:\/\/www.churchill1795.com\/de\/produkt\/linear-pommes-frites-behaelter-8-7cm-2\/#primaryimage"},"image":{"@id":"https:\/\/www.churchill1795.com\/de\/produkt\/linear-pommes-frites-behaelter-8-7cm-2\/#primaryimage"},"thumbnailUrl":"https:\/\/www.churchill1795.com\/wp-content\/uploads\/2024\/05\/NSSDSSCM1.png","datePublished":"2022-01-01T00:00:00+00:00","dateModified":"2026-01-15T08:21:32+00:00","description":"Handwerklich inspirierte T\u00f6pfe und Schalen, die tiefe Braunt\u00f6ne mit Stonecast-Farben verbinden. Erfahren Sie mehr.","breadcrumb":{"@id":"https:\/\/www.churchill1795.com\/de\/produkt\/linear-pommes-frites-behaelter-8-7cm-2\/#breadcrumb"},"inLanguage":"de","potentialAction":[{"@type":"ReadAction","target":["https:\/\/www.churchill1795.com\/de\/produkt\/linear-pommes-frites-behaelter-8-7cm-2\/"]}]},{"@type":"ImageObject","inLanguage":"de","@id":"https:\/\/www.churchill1795.com\/de\/produkt\/linear-pommes-frites-behaelter-8-7cm-2\/#primaryimage","url":"https:\/\/www.churchill1795.com\/wp-content\/uploads\/2024\/05\/NSSDSSCM1.png","contentUrl":"https:\/\/www.churchill1795.com\/wp-content\/uploads\/2024\/05\/NSSDSSCM1.png","width":1000,"height":1000},{"@type":"BreadcrumbList","@id":"https:\/\/www.churchill1795.com\/de\/produkt\/linear-pommes-frites-behaelter-8-7cm-2\/#breadcrumb","itemListElement":[{"@type":"ListItem","position":1,"name":"Home","item":"https:\/\/www.churchill1795.com\/de\/"},{"@type":"ListItem","position":2,"name":"LINEAR POMMES-FRITES-BEH\u00c4LTER 8.7CM"}]},{"@type":"WebSite","@id":"https:\/\/www.churchill1795.com\/en\/#website","url":"https:\/\/www.churchill1795.com\/en\/","name":"Churchill","description":"Innovation, Passion &amp; expertise","publisher":{"@id":"https:\/\/www.churchill1795.com\/en\/#organization"},"potentialAction":[{"@type":"SearchAction","target":{"@type":"EntryPoint","urlTemplate":"https:\/\/www.churchill1795.com\/en\/?s={search_term_string}"},"query-input":{"@type":"PropertyValueSpecification","valueRequired":true,"valueName":"search_term_string"}}],"inLanguage":"de"},{"@type":"Organization","@id":"https:\/\/www.churchill1795.com\/en\/#organization","name":"Churchill","url":"https:\/\/www.churchill1795.com\/en\/","logo":{"@type":"ImageObject","inLanguage":"de","@id":"https:\/\/www.churchill1795.com\/en\/#\/schema\/logo\/image\/","url":"https:\/\/www.churchill1795.com\/wp-content\/uploads\/2024\/09\/logo-1.webp","contentUrl":"https:\/\/www.churchill1795.com\/wp-content\/uploads\/2024\/09\/logo-1.webp","width":240,"height":88,"caption":"Churchill"},"image":{"@id":"https:\/\/www.churchill1795.com\/en\/#\/schema\/logo\/image\/"}}]}},"_links":{"self":[{"href":"https:\/\/www.churchill1795.com\/de\/wp-json\/wp\/v2\/product\/45676","targetHints":{"allow":["GET"]}}],"collection":[{"href":"https:\/\/www.churchill1795.com\/de\/wp-json\/wp\/v2\/product"}],"about":[{"href":"https:\/\/www.churchill1795.com\/de\/wp-json\/wp\/v2\/types\/product"}],"wp:featuredmedia":[{"embeddable":true,"href":"https:\/\/www.churchill1795.com\/de\/wp-json\/wp\/v2\/media\/8634"}],"wp:attachment":[{"href":"https:\/\/www.churchill1795.com\/de\/wp-json\/wp\/v2\/media?parent=45676"}],"wp:term":[{"taxonomy":"product_brand","embeddable":true,"href":"https:\/\/www.churchill1795.com\/de\/wp-json\/wp\/v2\/product_brand?post=45676"},{"taxonomy":"product_cat","embeddable":true,"href":"https:\/\/www.churchill1795.com\/de\/wp-json\/wp\/v2\/product_cat?post=45676"},{"taxonomy":"product_tag","embeddable":true,"href":"https:\/\/www.churchill1795.com\/de\/wp-json\/wp\/v2\/product_tag?post=45676"}],"curies":[{"name":"wp","href":"https:\/\/api.w.org\/{rel}","templated":true}]}}