{"id":45618,"date":"2018-05-01T00:00:00","date_gmt":"2018-04-30T23:00:00","guid":{"rendered":"https:\/\/www.churchill1795.com\/?post_type=product&#038;p=45618"},"modified":"2026-01-15T08:20:33","modified_gmt":"2026-01-15T08:20:33","slug":"becher-10cl-28","status":"publish","type":"product","link":"https:\/\/www.churchill1795.com\/de\/produkt\/becher-10cl-28\/","title":{"rendered":"BECHER 10CL"},"content":{"rendered":"<p>Monochrome erinnert an handwerkliche T\u00f6pferkunst und wird per Hand in drei reaktive Farbglasuren getaucht. W\u00e4hlen Sie eine der farbigen Untertassen oder servieren Sie mit einer wei\u00dfen Untertasse.<\/p>\n","protected":false},"excerpt":{"rendered":"<p>Monochrome h\u00e4lt die Erinnerung an handget\u00f6pferte Produkte wach und wandelt Tradition in Innovation. Die Serie besteht aus Trinkgeschirr in drei reaktiven Farbrichtungen, die im Tauchverfahren dekoriert werden.<\/p>\n","protected":false},"featured_media":8704,"template":"","meta":{"_acf_changed":false,"content-type":""},"product_brand":[],"product_cat":[3582,3583],"product_tag":[],"class_list":{"0":"post-45618","1":"product","2":"type-product","3":"status-publish","4":"has-post-thumbnail","6":"product_cat-getraenke","7":"product_cat-tassen-und-untertassen","8":"pa_colour-sapphire-de","9":"pa_filter-capacity-5-11cl-1-7-3-7oz-de","10":"pa_filter-colour-blau-de","11":"pa_filter-material-keramik","12":"pa_filter-width-1-9cm-0-3-3-5-de","13":"pa_material-churchill-super-vitrified-de","14":"pa_shape-rund","15":"pa_size-10cl-3-5oz-de","16":"range-monochrome","17":"brand-churchill-super-vitrified","18":"shape-code-ceb91","20":"first","21":"instock","22":"purchasable","23":"product-type-simple","24":"add-to-wishlist-after_add_to_cart"},"acf":[],"yoast_head":"<!-- This site is optimized with the Yoast SEO plugin v27.2 - https:\/\/yoast.com\/product\/yoast-seo-wordpress\/ -->\n<title>Churchill Monochrome Sapphire Blue Espresso Becher 10cl<\/title>\n<meta name=\"description\" content=\"F\u00fcr den professionellen Einsatz hergestellt und f\u00fcr Haltbarkeit verglast. Monochrome ist eine handwerklich Geschirrserie mit reaktiven Farbglasuren.\" \/>\n<meta name=\"robots\" content=\"index, follow, max-snippet:-1, max-image-preview:large, max-video-preview:-1\" \/>\n<link rel=\"canonical\" href=\"https:\/\/www.churchill1795.com\/de\/produkt\/becher-10cl-28\/\" \/>\n<meta property=\"og:locale\" content=\"de_DE\" \/>\n<meta property=\"og:type\" content=\"article\" \/>\n<meta property=\"og:title\" content=\"Churchill Monochrome Sapphire Blue Espresso Becher 10cl\" \/>\n<meta property=\"og:description\" content=\"F\u00fcr den professionellen Einsatz hergestellt und f\u00fcr Haltbarkeit verglast. Monochrome ist eine handwerklich Geschirrserie mit reaktiven Farbglasuren.\" \/>\n<meta property=\"og:url\" content=\"https:\/\/www.churchill1795.com\/de\/produkt\/becher-10cl-28\/\" \/>\n<meta property=\"og:site_name\" content=\"Churchill\" \/>\n<meta property=\"article:modified_time\" content=\"2026-01-15T08:20:33+00:00\" \/>\n<meta property=\"og:image\" content=\"https:\/\/www.churchill1795.com\/wp-content\/uploads\/2024\/05\/MOBLCEB91.png\" \/>\n\t<meta property=\"og:image:width\" content=\"1000\" \/>\n\t<meta property=\"og:image:height\" content=\"1000\" \/>\n\t<meta property=\"og:image:type\" content=\"image\/png\" \/>\n<meta name=\"twitter:card\" content=\"summary_large_image\" \/>\n<script type=\"application\/ld+json\" class=\"yoast-schema-graph\">{\"@context\":\"https:\/\/schema.org\",\"@graph\":[{\"@type\":\"WebPage\",\"@id\":\"https:\/\/www.churchill1795.com\/de\/produkt\/becher-10cl-28\/\",\"url\":\"https:\/\/www.churchill1795.com\/de\/produkt\/becher-10cl-28\/\",\"name\":\"Churchill Monochrome Sapphire Blue Espresso Becher 10cl\",\"isPartOf\":{\"@id\":\"https:\/\/www.churchill1795.com\/en\/#website\"},\"primaryImageOfPage\":{\"@id\":\"https:\/\/www.churchill1795.com\/de\/produkt\/becher-10cl-28\/#primaryimage\"},\"image\":{\"@id\":\"https:\/\/www.churchill1795.com\/de\/produkt\/becher-10cl-28\/#primaryimage\"},\"thumbnailUrl\":\"https:\/\/www.churchill1795.com\/wp-content\/uploads\/2024\/05\/MOBLCEB91.png\",\"datePublished\":\"2018-04-30T23:00:00+00:00\",\"dateModified\":\"2026-01-15T08:20:33+00:00\",\"description\":\"F\u00fcr den professionellen Einsatz hergestellt und f\u00fcr Haltbarkeit verglast. Monochrome ist eine handwerklich Geschirrserie mit reaktiven Farbglasuren.\",\"breadcrumb\":{\"@id\":\"https:\/\/www.churchill1795.com\/de\/produkt\/becher-10cl-28\/#breadcrumb\"},\"inLanguage\":\"de\",\"potentialAction\":[{\"@type\":\"ReadAction\",\"target\":[\"https:\/\/www.churchill1795.com\/de\/produkt\/becher-10cl-28\/\"]}]},{\"@type\":\"ImageObject\",\"inLanguage\":\"de\",\"@id\":\"https:\/\/www.churchill1795.com\/de\/produkt\/becher-10cl-28\/#primaryimage\",\"url\":\"https:\/\/www.churchill1795.com\/wp-content\/uploads\/2024\/05\/MOBLCEB91.png\",\"contentUrl\":\"https:\/\/www.churchill1795.com\/wp-content\/uploads\/2024\/05\/MOBLCEB91.png\",\"width\":1000,\"height\":1000},{\"@type\":\"BreadcrumbList\",\"@id\":\"https:\/\/www.churchill1795.com\/de\/produkt\/becher-10cl-28\/#breadcrumb\",\"itemListElement\":[{\"@type\":\"ListItem\",\"position\":1,\"name\":\"Home\",\"item\":\"https:\/\/www.churchill1795.com\/de\/\"},{\"@type\":\"ListItem\",\"position\":2,\"name\":\"BECHER 10CL\"}]},{\"@type\":\"WebSite\",\"@id\":\"https:\/\/www.churchill1795.com\/en\/#website\",\"url\":\"https:\/\/www.churchill1795.com\/en\/\",\"name\":\"Churchill\",\"description\":\"Innovation, Passion &amp; expertise\",\"publisher\":{\"@id\":\"https:\/\/www.churchill1795.com\/en\/#organization\"},\"potentialAction\":[{\"@type\":\"SearchAction\",\"target\":{\"@type\":\"EntryPoint\",\"urlTemplate\":\"https:\/\/www.churchill1795.com\/en\/?s={search_term_string}\"},\"query-input\":{\"@type\":\"PropertyValueSpecification\",\"valueRequired\":true,\"valueName\":\"search_term_string\"}}],\"inLanguage\":\"de\"},{\"@type\":\"Organization\",\"@id\":\"https:\/\/www.churchill1795.com\/en\/#organization\",\"name\":\"Churchill\",\"url\":\"https:\/\/www.churchill1795.com\/en\/\",\"logo\":{\"@type\":\"ImageObject\",\"inLanguage\":\"de\",\"@id\":\"https:\/\/www.churchill1795.com\/en\/#\/schema\/logo\/image\/\",\"url\":\"https:\/\/www.churchill1795.com\/wp-content\/uploads\/2024\/09\/logo-1.webp\",\"contentUrl\":\"https:\/\/www.churchill1795.com\/wp-content\/uploads\/2024\/09\/logo-1.webp\",\"width\":240,\"height\":88,\"caption\":\"Churchill\"},\"image\":{\"@id\":\"https:\/\/www.churchill1795.com\/en\/#\/schema\/logo\/image\/\"}}]}<\/script>\n<!-- \/ Yoast SEO plugin. -->","yoast_head_json":{"title":"Churchill Monochrome Sapphire Blue Espresso Becher 10cl","description":"F\u00fcr den professionellen Einsatz hergestellt und f\u00fcr Haltbarkeit verglast. Monochrome ist eine handwerklich Geschirrserie mit reaktiven Farbglasuren.","robots":{"index":"index","follow":"follow","max-snippet":"max-snippet:-1","max-image-preview":"max-image-preview:large","max-video-preview":"max-video-preview:-1"},"canonical":"https:\/\/www.churchill1795.com\/de\/produkt\/becher-10cl-28\/","og_locale":"de_DE","og_type":"article","og_title":"Churchill Monochrome Sapphire Blue Espresso Becher 10cl","og_description":"F\u00fcr den professionellen Einsatz hergestellt und f\u00fcr Haltbarkeit verglast. Monochrome ist eine handwerklich Geschirrserie mit reaktiven Farbglasuren.","og_url":"https:\/\/www.churchill1795.com\/de\/produkt\/becher-10cl-28\/","og_site_name":"Churchill","article_modified_time":"2026-01-15T08:20:33+00:00","og_image":[{"width":1000,"height":1000,"url":"https:\/\/www.churchill1795.com\/wp-content\/uploads\/2024\/05\/MOBLCEB91.png","type":"image\/png"}],"twitter_card":"summary_large_image","schema":{"@context":"https:\/\/schema.org","@graph":[{"@type":"WebPage","@id":"https:\/\/www.churchill1795.com\/de\/produkt\/becher-10cl-28\/","url":"https:\/\/www.churchill1795.com\/de\/produkt\/becher-10cl-28\/","name":"Churchill Monochrome Sapphire Blue Espresso Becher 10cl","isPartOf":{"@id":"https:\/\/www.churchill1795.com\/en\/#website"},"primaryImageOfPage":{"@id":"https:\/\/www.churchill1795.com\/de\/produkt\/becher-10cl-28\/#primaryimage"},"image":{"@id":"https:\/\/www.churchill1795.com\/de\/produkt\/becher-10cl-28\/#primaryimage"},"thumbnailUrl":"https:\/\/www.churchill1795.com\/wp-content\/uploads\/2024\/05\/MOBLCEB91.png","datePublished":"2018-04-30T23:00:00+00:00","dateModified":"2026-01-15T08:20:33+00:00","description":"F\u00fcr den professionellen Einsatz hergestellt und f\u00fcr Haltbarkeit verglast. Monochrome ist eine handwerklich Geschirrserie mit reaktiven Farbglasuren.","breadcrumb":{"@id":"https:\/\/www.churchill1795.com\/de\/produkt\/becher-10cl-28\/#breadcrumb"},"inLanguage":"de","potentialAction":[{"@type":"ReadAction","target":["https:\/\/www.churchill1795.com\/de\/produkt\/becher-10cl-28\/"]}]},{"@type":"ImageObject","inLanguage":"de","@id":"https:\/\/www.churchill1795.com\/de\/produkt\/becher-10cl-28\/#primaryimage","url":"https:\/\/www.churchill1795.com\/wp-content\/uploads\/2024\/05\/MOBLCEB91.png","contentUrl":"https:\/\/www.churchill1795.com\/wp-content\/uploads\/2024\/05\/MOBLCEB91.png","width":1000,"height":1000},{"@type":"BreadcrumbList","@id":"https:\/\/www.churchill1795.com\/de\/produkt\/becher-10cl-28\/#breadcrumb","itemListElement":[{"@type":"ListItem","position":1,"name":"Home","item":"https:\/\/www.churchill1795.com\/de\/"},{"@type":"ListItem","position":2,"name":"BECHER 10CL"}]},{"@type":"WebSite","@id":"https:\/\/www.churchill1795.com\/en\/#website","url":"https:\/\/www.churchill1795.com\/en\/","name":"Churchill","description":"Innovation, Passion &amp; expertise","publisher":{"@id":"https:\/\/www.churchill1795.com\/en\/#organization"},"potentialAction":[{"@type":"SearchAction","target":{"@type":"EntryPoint","urlTemplate":"https:\/\/www.churchill1795.com\/en\/?s={search_term_string}"},"query-input":{"@type":"PropertyValueSpecification","valueRequired":true,"valueName":"search_term_string"}}],"inLanguage":"de"},{"@type":"Organization","@id":"https:\/\/www.churchill1795.com\/en\/#organization","name":"Churchill","url":"https:\/\/www.churchill1795.com\/en\/","logo":{"@type":"ImageObject","inLanguage":"de","@id":"https:\/\/www.churchill1795.com\/en\/#\/schema\/logo\/image\/","url":"https:\/\/www.churchill1795.com\/wp-content\/uploads\/2024\/09\/logo-1.webp","contentUrl":"https:\/\/www.churchill1795.com\/wp-content\/uploads\/2024\/09\/logo-1.webp","width":240,"height":88,"caption":"Churchill"},"image":{"@id":"https:\/\/www.churchill1795.com\/en\/#\/schema\/logo\/image\/"}}]}},"_links":{"self":[{"href":"https:\/\/www.churchill1795.com\/de\/wp-json\/wp\/v2\/product\/45618","targetHints":{"allow":["GET"]}}],"collection":[{"href":"https:\/\/www.churchill1795.com\/de\/wp-json\/wp\/v2\/product"}],"about":[{"href":"https:\/\/www.churchill1795.com\/de\/wp-json\/wp\/v2\/types\/product"}],"wp:featuredmedia":[{"embeddable":true,"href":"https:\/\/www.churchill1795.com\/de\/wp-json\/wp\/v2\/media\/8704"}],"wp:attachment":[{"href":"https:\/\/www.churchill1795.com\/de\/wp-json\/wp\/v2\/media?parent=45618"}],"wp:term":[{"taxonomy":"product_brand","embeddable":true,"href":"https:\/\/www.churchill1795.com\/de\/wp-json\/wp\/v2\/product_brand?post=45618"},{"taxonomy":"product_cat","embeddable":true,"href":"https:\/\/www.churchill1795.com\/de\/wp-json\/wp\/v2\/product_cat?post=45618"},{"taxonomy":"product_tag","embeddable":true,"href":"https:\/\/www.churchill1795.com\/de\/wp-json\/wp\/v2\/product_tag?post=45618"}],"curies":[{"name":"wp","href":"https:\/\/api.w.org\/{rel}","templated":true}]}}