{"id":45600,"date":"2018-05-01T00:00:00","date_gmt":"2018-04-30T23:00:00","guid":{"rendered":"https:\/\/www.churchill1795.com\/?post_type=product&#038;p=45600"},"modified":"2025-12-19T08:58:45","modified_gmt":"2025-12-19T08:58:45","slug":"teekanne-42-6cl-13","status":"publish","type":"product","link":"https:\/\/www.churchill1795.com\/de\/produkt\/teekanne-42-6cl-13\/","title":{"rendered":"TEEKANNE 42.6CL"},"content":{"rendered":"<p>Monochrome erinnert an handwerkliche T\u00f6pferkunst und wird per Hand in drei reaktive Farbglasuren getaucht. W\u00e4hlen Sie eine der farbigen Untertassen oder servieren Sie mit einer wei\u00dfen Untertasse.<\/p>\n","protected":false},"excerpt":{"rendered":"<p>Monochrome h\u00e4lt die Erinnerung an handget\u00f6pferte Produkte wach und wandelt Tradition in Innovation. Die Serie besteht aus Trinkgeschirr in drei reaktiven Farbrichtungen, die im Tauchverfahren dekoriert werden.<\/p>\n","protected":false},"featured_media":8684,"template":"","meta":{"_acf_changed":false,"content-type":""},"product_brand":[],"product_cat":[3582,3587],"product_tag":[],"class_list":{"0":"post-45600","1":"product","2":"type-product","3":"status-publish","4":"has-post-thumbnail","6":"product_cat-getraenke","7":"product_cat-teekanne-und-kaffeekanne","8":"pa_colour-cinnamon-brown-de","9":"pa_filter-capacity-31-60cl-10-4-20-2oz-de","10":"pa_filter-colour-braun-de","11":"pa_filter-material-keramik","12":"pa_filter-width-10-14cm-4-5-5-de","13":"pa_material-churchill-super-vitrified-de","14":"pa_shape-rund","15":"pa_size-42-6cl-15oz-de","16":"range-monochrome","17":"brand-churchill-super-vitrified","18":"shape-code-sb151","20":"first","21":"instock","22":"purchasable","23":"product-type-simple","24":"add-to-wishlist-after_add_to_cart"},"acf":[],"yoast_head":"<!-- This site is optimized with the Yoast SEO plugin v27.2 - https:\/\/yoast.com\/product\/yoast-seo-wordpress\/ -->\n<title>Churchill Monochrome Cinnamon Teekanne 42.6cl<\/title>\n<meta name=\"description\" content=\"F\u00fcr den professionellen Einsatz hergestellt und f\u00fcr Haltbarkeit verglast. Monochrome ist eine handwerklich Geschirrserie mit reaktiven Farbglasuren.\" \/>\n<meta name=\"robots\" content=\"index, follow, max-snippet:-1, max-image-preview:large, max-video-preview:-1\" \/>\n<link rel=\"canonical\" href=\"https:\/\/www.churchill1795.com\/de\/produkt\/teekanne-42-6cl-13\/\" \/>\n<meta property=\"og:locale\" content=\"de_DE\" \/>\n<meta property=\"og:type\" content=\"article\" \/>\n<meta property=\"og:title\" content=\"Churchill Monochrome Cinnamon Teekanne 42.6cl\" \/>\n<meta property=\"og:description\" content=\"F\u00fcr den professionellen Einsatz hergestellt und f\u00fcr Haltbarkeit verglast. Monochrome ist eine handwerklich Geschirrserie mit reaktiven Farbglasuren.\" \/>\n<meta property=\"og:url\" content=\"https:\/\/www.churchill1795.com\/de\/produkt\/teekanne-42-6cl-13\/\" \/>\n<meta property=\"og:site_name\" content=\"Churchill\" \/>\n<meta property=\"article:modified_time\" content=\"2025-12-19T08:58:45+00:00\" \/>\n<meta property=\"og:image\" content=\"https:\/\/www.churchill1795.com\/wp-content\/uploads\/2024\/05\/MOBRSB151.png\" \/>\n\t<meta property=\"og:image:width\" content=\"1000\" \/>\n\t<meta property=\"og:image:height\" content=\"1000\" \/>\n\t<meta property=\"og:image:type\" content=\"image\/png\" \/>\n<meta name=\"twitter:card\" content=\"summary_large_image\" \/>\n<script type=\"application\/ld+json\" class=\"yoast-schema-graph\">{\"@context\":\"https:\/\/schema.org\",\"@graph\":[{\"@type\":\"WebPage\",\"@id\":\"https:\/\/www.churchill1795.com\/de\/produkt\/teekanne-42-6cl-13\/\",\"url\":\"https:\/\/www.churchill1795.com\/de\/produkt\/teekanne-42-6cl-13\/\",\"name\":\"Churchill Monochrome Cinnamon Teekanne 42.6cl\",\"isPartOf\":{\"@id\":\"https:\/\/www.churchill1795.com\/en\/#website\"},\"primaryImageOfPage\":{\"@id\":\"https:\/\/www.churchill1795.com\/de\/produkt\/teekanne-42-6cl-13\/#primaryimage\"},\"image\":{\"@id\":\"https:\/\/www.churchill1795.com\/de\/produkt\/teekanne-42-6cl-13\/#primaryimage\"},\"thumbnailUrl\":\"https:\/\/www.churchill1795.com\/wp-content\/uploads\/2024\/05\/MOBRSB151.png\",\"datePublished\":\"2018-04-30T23:00:00+00:00\",\"dateModified\":\"2025-12-19T08:58:45+00:00\",\"description\":\"F\u00fcr den professionellen Einsatz hergestellt und f\u00fcr Haltbarkeit verglast. Monochrome ist eine handwerklich Geschirrserie mit reaktiven Farbglasuren.\",\"breadcrumb\":{\"@id\":\"https:\/\/www.churchill1795.com\/de\/produkt\/teekanne-42-6cl-13\/#breadcrumb\"},\"inLanguage\":\"de\",\"potentialAction\":[{\"@type\":\"ReadAction\",\"target\":[\"https:\/\/www.churchill1795.com\/de\/produkt\/teekanne-42-6cl-13\/\"]}]},{\"@type\":\"ImageObject\",\"inLanguage\":\"de\",\"@id\":\"https:\/\/www.churchill1795.com\/de\/produkt\/teekanne-42-6cl-13\/#primaryimage\",\"url\":\"https:\/\/www.churchill1795.com\/wp-content\/uploads\/2024\/05\/MOBRSB151.png\",\"contentUrl\":\"https:\/\/www.churchill1795.com\/wp-content\/uploads\/2024\/05\/MOBRSB151.png\",\"width\":1000,\"height\":1000},{\"@type\":\"BreadcrumbList\",\"@id\":\"https:\/\/www.churchill1795.com\/de\/produkt\/teekanne-42-6cl-13\/#breadcrumb\",\"itemListElement\":[{\"@type\":\"ListItem\",\"position\":1,\"name\":\"Home\",\"item\":\"https:\/\/www.churchill1795.com\/de\/\"},{\"@type\":\"ListItem\",\"position\":2,\"name\":\"TEEKANNE 42.6CL\"}]},{\"@type\":\"WebSite\",\"@id\":\"https:\/\/www.churchill1795.com\/en\/#website\",\"url\":\"https:\/\/www.churchill1795.com\/en\/\",\"name\":\"Churchill\",\"description\":\"Innovation, Passion &amp; expertise\",\"publisher\":{\"@id\":\"https:\/\/www.churchill1795.com\/en\/#organization\"},\"potentialAction\":[{\"@type\":\"SearchAction\",\"target\":{\"@type\":\"EntryPoint\",\"urlTemplate\":\"https:\/\/www.churchill1795.com\/en\/?s={search_term_string}\"},\"query-input\":{\"@type\":\"PropertyValueSpecification\",\"valueRequired\":true,\"valueName\":\"search_term_string\"}}],\"inLanguage\":\"de\"},{\"@type\":\"Organization\",\"@id\":\"https:\/\/www.churchill1795.com\/en\/#organization\",\"name\":\"Churchill\",\"url\":\"https:\/\/www.churchill1795.com\/en\/\",\"logo\":{\"@type\":\"ImageObject\",\"inLanguage\":\"de\",\"@id\":\"https:\/\/www.churchill1795.com\/en\/#\/schema\/logo\/image\/\",\"url\":\"https:\/\/www.churchill1795.com\/wp-content\/uploads\/2024\/09\/logo-1.webp\",\"contentUrl\":\"https:\/\/www.churchill1795.com\/wp-content\/uploads\/2024\/09\/logo-1.webp\",\"width\":240,\"height\":88,\"caption\":\"Churchill\"},\"image\":{\"@id\":\"https:\/\/www.churchill1795.com\/en\/#\/schema\/logo\/image\/\"}}]}<\/script>\n<!-- \/ Yoast SEO plugin. -->","yoast_head_json":{"title":"Churchill Monochrome Cinnamon Teekanne 42.6cl","description":"F\u00fcr den professionellen Einsatz hergestellt und f\u00fcr Haltbarkeit verglast. Monochrome ist eine handwerklich Geschirrserie mit reaktiven Farbglasuren.","robots":{"index":"index","follow":"follow","max-snippet":"max-snippet:-1","max-image-preview":"max-image-preview:large","max-video-preview":"max-video-preview:-1"},"canonical":"https:\/\/www.churchill1795.com\/de\/produkt\/teekanne-42-6cl-13\/","og_locale":"de_DE","og_type":"article","og_title":"Churchill Monochrome Cinnamon Teekanne 42.6cl","og_description":"F\u00fcr den professionellen Einsatz hergestellt und f\u00fcr Haltbarkeit verglast. Monochrome ist eine handwerklich Geschirrserie mit reaktiven Farbglasuren.","og_url":"https:\/\/www.churchill1795.com\/de\/produkt\/teekanne-42-6cl-13\/","og_site_name":"Churchill","article_modified_time":"2025-12-19T08:58:45+00:00","og_image":[{"width":1000,"height":1000,"url":"https:\/\/www.churchill1795.com\/wp-content\/uploads\/2024\/05\/MOBRSB151.png","type":"image\/png"}],"twitter_card":"summary_large_image","schema":{"@context":"https:\/\/schema.org","@graph":[{"@type":"WebPage","@id":"https:\/\/www.churchill1795.com\/de\/produkt\/teekanne-42-6cl-13\/","url":"https:\/\/www.churchill1795.com\/de\/produkt\/teekanne-42-6cl-13\/","name":"Churchill Monochrome Cinnamon Teekanne 42.6cl","isPartOf":{"@id":"https:\/\/www.churchill1795.com\/en\/#website"},"primaryImageOfPage":{"@id":"https:\/\/www.churchill1795.com\/de\/produkt\/teekanne-42-6cl-13\/#primaryimage"},"image":{"@id":"https:\/\/www.churchill1795.com\/de\/produkt\/teekanne-42-6cl-13\/#primaryimage"},"thumbnailUrl":"https:\/\/www.churchill1795.com\/wp-content\/uploads\/2024\/05\/MOBRSB151.png","datePublished":"2018-04-30T23:00:00+00:00","dateModified":"2025-12-19T08:58:45+00:00","description":"F\u00fcr den professionellen Einsatz hergestellt und f\u00fcr Haltbarkeit verglast. Monochrome ist eine handwerklich Geschirrserie mit reaktiven Farbglasuren.","breadcrumb":{"@id":"https:\/\/www.churchill1795.com\/de\/produkt\/teekanne-42-6cl-13\/#breadcrumb"},"inLanguage":"de","potentialAction":[{"@type":"ReadAction","target":["https:\/\/www.churchill1795.com\/de\/produkt\/teekanne-42-6cl-13\/"]}]},{"@type":"ImageObject","inLanguage":"de","@id":"https:\/\/www.churchill1795.com\/de\/produkt\/teekanne-42-6cl-13\/#primaryimage","url":"https:\/\/www.churchill1795.com\/wp-content\/uploads\/2024\/05\/MOBRSB151.png","contentUrl":"https:\/\/www.churchill1795.com\/wp-content\/uploads\/2024\/05\/MOBRSB151.png","width":1000,"height":1000},{"@type":"BreadcrumbList","@id":"https:\/\/www.churchill1795.com\/de\/produkt\/teekanne-42-6cl-13\/#breadcrumb","itemListElement":[{"@type":"ListItem","position":1,"name":"Home","item":"https:\/\/www.churchill1795.com\/de\/"},{"@type":"ListItem","position":2,"name":"TEEKANNE 42.6CL"}]},{"@type":"WebSite","@id":"https:\/\/www.churchill1795.com\/en\/#website","url":"https:\/\/www.churchill1795.com\/en\/","name":"Churchill","description":"Innovation, Passion &amp; expertise","publisher":{"@id":"https:\/\/www.churchill1795.com\/en\/#organization"},"potentialAction":[{"@type":"SearchAction","target":{"@type":"EntryPoint","urlTemplate":"https:\/\/www.churchill1795.com\/en\/?s={search_term_string}"},"query-input":{"@type":"PropertyValueSpecification","valueRequired":true,"valueName":"search_term_string"}}],"inLanguage":"de"},{"@type":"Organization","@id":"https:\/\/www.churchill1795.com\/en\/#organization","name":"Churchill","url":"https:\/\/www.churchill1795.com\/en\/","logo":{"@type":"ImageObject","inLanguage":"de","@id":"https:\/\/www.churchill1795.com\/en\/#\/schema\/logo\/image\/","url":"https:\/\/www.churchill1795.com\/wp-content\/uploads\/2024\/09\/logo-1.webp","contentUrl":"https:\/\/www.churchill1795.com\/wp-content\/uploads\/2024\/09\/logo-1.webp","width":240,"height":88,"caption":"Churchill"},"image":{"@id":"https:\/\/www.churchill1795.com\/en\/#\/schema\/logo\/image\/"}}]}},"_links":{"self":[{"href":"https:\/\/www.churchill1795.com\/de\/wp-json\/wp\/v2\/product\/45600","targetHints":{"allow":["GET"]}}],"collection":[{"href":"https:\/\/www.churchill1795.com\/de\/wp-json\/wp\/v2\/product"}],"about":[{"href":"https:\/\/www.churchill1795.com\/de\/wp-json\/wp\/v2\/types\/product"}],"wp:featuredmedia":[{"embeddable":true,"href":"https:\/\/www.churchill1795.com\/de\/wp-json\/wp\/v2\/media\/8684"}],"wp:attachment":[{"href":"https:\/\/www.churchill1795.com\/de\/wp-json\/wp\/v2\/media?parent=45600"}],"wp:term":[{"taxonomy":"product_brand","embeddable":true,"href":"https:\/\/www.churchill1795.com\/de\/wp-json\/wp\/v2\/product_brand?post=45600"},{"taxonomy":"product_cat","embeddable":true,"href":"https:\/\/www.churchill1795.com\/de\/wp-json\/wp\/v2\/product_cat?post=45600"},{"taxonomy":"product_tag","embeddable":true,"href":"https:\/\/www.churchill1795.com\/de\/wp-json\/wp\/v2\/product_tag?post=45600"}],"curies":[{"name":"wp","href":"https:\/\/api.w.org\/{rel}","templated":true}]}}