{"id":45556,"date":"2019-09-01T00:00:00","date_gmt":"2019-08-31T23:00:00","guid":{"rendered":"https:\/\/www.churchill1795.com\/?post_type=product&#038;p=45556"},"modified":"2025-12-19T08:53:52","modified_gmt":"2025-12-19T08:53:52","slug":"tiefes-coupe-teller-25-5cm-32","status":"publish","type":"product","link":"https:\/\/www.churchill1795.com\/de\/produkt\/tiefes-coupe-teller-25-5cm-32\/","title":{"rendered":"TIEFES COUPE TELLER 25.5CM"},"content":{"rendered":"<p>Die markante und elegante Isla-Pr\u00e4gung feiert die nat\u00fcrliche Sch\u00f6nheit und die Formen der nat\u00fcrlichen K\u00fcstenlandschaft. Die raffinierte Isla-Pr\u00e4gung wird durch die von Hand dekorierte Farbe &#8222;Shale Grey&#8220; noch hervorgehoben. Der neutrale Farbton l\u00e4\u00dft sich ideal mit den anderen Isla Farben kombinieren.<\/p>\n","protected":false},"excerpt":{"rendered":"<p>Das raffinierte Isla-Design ist von Formen und Texturen inspiriert, die man am Meer findet, und bietet ein umfassendes Sortiment an Ess- und Trinkgeschirr.<\/p>\n","protected":false},"featured_media":7156,"template":"","meta":{"_acf_changed":false,"content-type":""},"product_brand":[],"product_cat":[3598,3597],"product_tag":[],"class_list":{"0":"post-45556","1":"product","2":"type-product","3":"status-publish","4":"has-post-thumbnail","6":"product_cat-coupe-teller","7":"product_cat-teller","8":"pa_colour-shale-grey-de","9":"pa_filter-colour-grau-de","10":"pa_filter-material-keramik","11":"pa_filter-width-21-25cm-8-2-10-de","12":"pa_material-churchill-super-vitrified-de","13":"pa_shape-rund","14":"pa_size-25-5cm-10-de","15":"range-isla","16":"brand-churchill-super-vitrified","17":"tabletop-cool-greys-de","18":"tabletop-neutrals-de","19":"shape-code-id251","21":"first","22":"instock","23":"purchasable","24":"product-type-simple","25":"add-to-wishlist-after_add_to_cart"},"acf":[],"yoast_head":"<!-- This site is optimized with the Yoast SEO plugin v27.3 - https:\/\/yoast.com\/product\/yoast-seo-wordpress\/ -->\n<title>Churchill Isla Shale Grey Spinwash Tiefer Coupe Teller 25.5cm<\/title>\n<meta name=\"description\" content=\"Ein gepr\u00e4gtes Muster, das mit einem Shale Grey Spinwash verziert wurde. Eine glasierte Geschirrkollektion f\u00fcr den professionellen Einsatz.\" \/>\n<meta name=\"robots\" content=\"index, follow, max-snippet:-1, max-image-preview:large, max-video-preview:-1\" \/>\n<link rel=\"canonical\" href=\"https:\/\/www.churchill1795.com\/de\/produkt\/tiefes-coupe-teller-25-5cm-32\/\" \/>\n<meta property=\"og:locale\" content=\"de_DE\" \/>\n<meta property=\"og:type\" content=\"article\" \/>\n<meta property=\"og:title\" content=\"Churchill Isla Shale Grey Spinwash Tiefer Coupe Teller 25.5cm\" \/>\n<meta property=\"og:description\" content=\"Ein gepr\u00e4gtes Muster, das mit einem Shale Grey Spinwash verziert wurde. Eine glasierte Geschirrkollektion f\u00fcr den professionellen Einsatz.\" \/>\n<meta property=\"og:url\" content=\"https:\/\/www.churchill1795.com\/de\/produkt\/tiefes-coupe-teller-25-5cm-32\/\" \/>\n<meta property=\"og:site_name\" content=\"Churchill\" \/>\n<meta property=\"article:modified_time\" content=\"2025-12-19T08:53:52+00:00\" \/>\n<meta property=\"og:image\" content=\"https:\/\/www.churchill1795.com\/wp-content\/uploads\/2024\/05\/SHISID251.png\" \/>\n\t<meta property=\"og:image:width\" content=\"1000\" \/>\n\t<meta property=\"og:image:height\" content=\"1000\" \/>\n\t<meta property=\"og:image:type\" content=\"image\/png\" \/>\n<meta name=\"twitter:card\" content=\"summary_large_image\" \/>\n<script type=\"application\/ld+json\" class=\"yoast-schema-graph\">{\"@context\":\"https:\\\/\\\/schema.org\",\"@graph\":[{\"@type\":\"WebPage\",\"@id\":\"https:\\\/\\\/www.churchill1795.com\\\/de\\\/produkt\\\/tiefes-coupe-teller-25-5cm-32\\\/\",\"url\":\"https:\\\/\\\/www.churchill1795.com\\\/de\\\/produkt\\\/tiefes-coupe-teller-25-5cm-32\\\/\",\"name\":\"Churchill Isla Shale Grey Spinwash Tiefer Coupe Teller 25.5cm\",\"isPartOf\":{\"@id\":\"https:\\\/\\\/www.churchill1795.com\\\/en\\\/#website\"},\"primaryImageOfPage\":{\"@id\":\"https:\\\/\\\/www.churchill1795.com\\\/de\\\/produkt\\\/tiefes-coupe-teller-25-5cm-32\\\/#primaryimage\"},\"image\":{\"@id\":\"https:\\\/\\\/www.churchill1795.com\\\/de\\\/produkt\\\/tiefes-coupe-teller-25-5cm-32\\\/#primaryimage\"},\"thumbnailUrl\":\"https:\\\/\\\/www.churchill1795.com\\\/wp-content\\\/uploads\\\/2024\\\/05\\\/SHISID251.png\",\"datePublished\":\"2019-08-31T23:00:00+00:00\",\"dateModified\":\"2025-12-19T08:53:52+00:00\",\"description\":\"Ein gepr\u00e4gtes Muster, das mit einem Shale Grey Spinwash verziert wurde. Eine glasierte Geschirrkollektion f\u00fcr den professionellen Einsatz.\",\"breadcrumb\":{\"@id\":\"https:\\\/\\\/www.churchill1795.com\\\/de\\\/produkt\\\/tiefes-coupe-teller-25-5cm-32\\\/#breadcrumb\"},\"inLanguage\":\"de\",\"potentialAction\":[{\"@type\":\"ReadAction\",\"target\":[\"https:\\\/\\\/www.churchill1795.com\\\/de\\\/produkt\\\/tiefes-coupe-teller-25-5cm-32\\\/\"]}]},{\"@type\":\"ImageObject\",\"inLanguage\":\"de\",\"@id\":\"https:\\\/\\\/www.churchill1795.com\\\/de\\\/produkt\\\/tiefes-coupe-teller-25-5cm-32\\\/#primaryimage\",\"url\":\"https:\\\/\\\/www.churchill1795.com\\\/wp-content\\\/uploads\\\/2024\\\/05\\\/SHISID251.png\",\"contentUrl\":\"https:\\\/\\\/www.churchill1795.com\\\/wp-content\\\/uploads\\\/2024\\\/05\\\/SHISID251.png\",\"width\":1000,\"height\":1000},{\"@type\":\"BreadcrumbList\",\"@id\":\"https:\\\/\\\/www.churchill1795.com\\\/de\\\/produkt\\\/tiefes-coupe-teller-25-5cm-32\\\/#breadcrumb\",\"itemListElement\":[{\"@type\":\"ListItem\",\"position\":1,\"name\":\"Home\",\"item\":\"https:\\\/\\\/www.churchill1795.com\\\/de\\\/\"},{\"@type\":\"ListItem\",\"position\":2,\"name\":\"TIEFES COUPE TELLER 25.5CM\"}]},{\"@type\":\"WebSite\",\"@id\":\"https:\\\/\\\/www.churchill1795.com\\\/en\\\/#website\",\"url\":\"https:\\\/\\\/www.churchill1795.com\\\/en\\\/\",\"name\":\"Churchill\",\"description\":\"Innovation, Passion &amp; expertise\",\"publisher\":{\"@id\":\"https:\\\/\\\/www.churchill1795.com\\\/en\\\/#organization\"},\"potentialAction\":[{\"@type\":\"SearchAction\",\"target\":{\"@type\":\"EntryPoint\",\"urlTemplate\":\"https:\\\/\\\/www.churchill1795.com\\\/en\\\/?s={search_term_string}\"},\"query-input\":{\"@type\":\"PropertyValueSpecification\",\"valueRequired\":true,\"valueName\":\"search_term_string\"}}],\"inLanguage\":\"de\"},{\"@type\":\"Organization\",\"@id\":\"https:\\\/\\\/www.churchill1795.com\\\/en\\\/#organization\",\"name\":\"Churchill\",\"url\":\"https:\\\/\\\/www.churchill1795.com\\\/en\\\/\",\"logo\":{\"@type\":\"ImageObject\",\"inLanguage\":\"de\",\"@id\":\"https:\\\/\\\/www.churchill1795.com\\\/en\\\/#\\\/schema\\\/logo\\\/image\\\/\",\"url\":\"https:\\\/\\\/www.churchill1795.com\\\/wp-content\\\/uploads\\\/2024\\\/09\\\/logo-1.webp\",\"contentUrl\":\"https:\\\/\\\/www.churchill1795.com\\\/wp-content\\\/uploads\\\/2024\\\/09\\\/logo-1.webp\",\"width\":240,\"height\":88,\"caption\":\"Churchill\"},\"image\":{\"@id\":\"https:\\\/\\\/www.churchill1795.com\\\/en\\\/#\\\/schema\\\/logo\\\/image\\\/\"}}]}<\/script>\n<!-- \/ Yoast SEO plugin. -->","yoast_head_json":{"title":"Churchill Isla Shale Grey Spinwash Tiefer Coupe Teller 25.5cm","description":"Ein gepr\u00e4gtes Muster, das mit einem Shale Grey Spinwash verziert wurde. Eine glasierte Geschirrkollektion f\u00fcr den professionellen Einsatz.","robots":{"index":"index","follow":"follow","max-snippet":"max-snippet:-1","max-image-preview":"max-image-preview:large","max-video-preview":"max-video-preview:-1"},"canonical":"https:\/\/www.churchill1795.com\/de\/produkt\/tiefes-coupe-teller-25-5cm-32\/","og_locale":"de_DE","og_type":"article","og_title":"Churchill Isla Shale Grey Spinwash Tiefer Coupe Teller 25.5cm","og_description":"Ein gepr\u00e4gtes Muster, das mit einem Shale Grey Spinwash verziert wurde. Eine glasierte Geschirrkollektion f\u00fcr den professionellen Einsatz.","og_url":"https:\/\/www.churchill1795.com\/de\/produkt\/tiefes-coupe-teller-25-5cm-32\/","og_site_name":"Churchill","article_modified_time":"2025-12-19T08:53:52+00:00","og_image":[{"width":1000,"height":1000,"url":"https:\/\/www.churchill1795.com\/wp-content\/uploads\/2024\/05\/SHISID251.png","type":"image\/png"}],"twitter_card":"summary_large_image","schema":{"@context":"https:\/\/schema.org","@graph":[{"@type":"WebPage","@id":"https:\/\/www.churchill1795.com\/de\/produkt\/tiefes-coupe-teller-25-5cm-32\/","url":"https:\/\/www.churchill1795.com\/de\/produkt\/tiefes-coupe-teller-25-5cm-32\/","name":"Churchill Isla Shale Grey Spinwash Tiefer Coupe Teller 25.5cm","isPartOf":{"@id":"https:\/\/www.churchill1795.com\/en\/#website"},"primaryImageOfPage":{"@id":"https:\/\/www.churchill1795.com\/de\/produkt\/tiefes-coupe-teller-25-5cm-32\/#primaryimage"},"image":{"@id":"https:\/\/www.churchill1795.com\/de\/produkt\/tiefes-coupe-teller-25-5cm-32\/#primaryimage"},"thumbnailUrl":"https:\/\/www.churchill1795.com\/wp-content\/uploads\/2024\/05\/SHISID251.png","datePublished":"2019-08-31T23:00:00+00:00","dateModified":"2025-12-19T08:53:52+00:00","description":"Ein gepr\u00e4gtes Muster, das mit einem Shale Grey Spinwash verziert wurde. Eine glasierte Geschirrkollektion f\u00fcr den professionellen Einsatz.","breadcrumb":{"@id":"https:\/\/www.churchill1795.com\/de\/produkt\/tiefes-coupe-teller-25-5cm-32\/#breadcrumb"},"inLanguage":"de","potentialAction":[{"@type":"ReadAction","target":["https:\/\/www.churchill1795.com\/de\/produkt\/tiefes-coupe-teller-25-5cm-32\/"]}]},{"@type":"ImageObject","inLanguage":"de","@id":"https:\/\/www.churchill1795.com\/de\/produkt\/tiefes-coupe-teller-25-5cm-32\/#primaryimage","url":"https:\/\/www.churchill1795.com\/wp-content\/uploads\/2024\/05\/SHISID251.png","contentUrl":"https:\/\/www.churchill1795.com\/wp-content\/uploads\/2024\/05\/SHISID251.png","width":1000,"height":1000},{"@type":"BreadcrumbList","@id":"https:\/\/www.churchill1795.com\/de\/produkt\/tiefes-coupe-teller-25-5cm-32\/#breadcrumb","itemListElement":[{"@type":"ListItem","position":1,"name":"Home","item":"https:\/\/www.churchill1795.com\/de\/"},{"@type":"ListItem","position":2,"name":"TIEFES COUPE TELLER 25.5CM"}]},{"@type":"WebSite","@id":"https:\/\/www.churchill1795.com\/en\/#website","url":"https:\/\/www.churchill1795.com\/en\/","name":"Churchill","description":"Innovation, Passion &amp; expertise","publisher":{"@id":"https:\/\/www.churchill1795.com\/en\/#organization"},"potentialAction":[{"@type":"SearchAction","target":{"@type":"EntryPoint","urlTemplate":"https:\/\/www.churchill1795.com\/en\/?s={search_term_string}"},"query-input":{"@type":"PropertyValueSpecification","valueRequired":true,"valueName":"search_term_string"}}],"inLanguage":"de"},{"@type":"Organization","@id":"https:\/\/www.churchill1795.com\/en\/#organization","name":"Churchill","url":"https:\/\/www.churchill1795.com\/en\/","logo":{"@type":"ImageObject","inLanguage":"de","@id":"https:\/\/www.churchill1795.com\/en\/#\/schema\/logo\/image\/","url":"https:\/\/www.churchill1795.com\/wp-content\/uploads\/2024\/09\/logo-1.webp","contentUrl":"https:\/\/www.churchill1795.com\/wp-content\/uploads\/2024\/09\/logo-1.webp","width":240,"height":88,"caption":"Churchill"},"image":{"@id":"https:\/\/www.churchill1795.com\/en\/#\/schema\/logo\/image\/"}}]}},"_links":{"self":[{"href":"https:\/\/www.churchill1795.com\/de\/wp-json\/wp\/v2\/product\/45556","targetHints":{"allow":["GET"]}}],"collection":[{"href":"https:\/\/www.churchill1795.com\/de\/wp-json\/wp\/v2\/product"}],"about":[{"href":"https:\/\/www.churchill1795.com\/de\/wp-json\/wp\/v2\/types\/product"}],"wp:featuredmedia":[{"embeddable":true,"href":"https:\/\/www.churchill1795.com\/de\/wp-json\/wp\/v2\/media\/7156"}],"wp:attachment":[{"href":"https:\/\/www.churchill1795.com\/de\/wp-json\/wp\/v2\/media?parent=45556"}],"wp:term":[{"taxonomy":"product_brand","embeddable":true,"href":"https:\/\/www.churchill1795.com\/de\/wp-json\/wp\/v2\/product_brand?post=45556"},{"taxonomy":"product_cat","embeddable":true,"href":"https:\/\/www.churchill1795.com\/de\/wp-json\/wp\/v2\/product_cat?post=45556"},{"taxonomy":"product_tag","embeddable":true,"href":"https:\/\/www.churchill1795.com\/de\/wp-json\/wp\/v2\/product_tag?post=45556"}],"curies":[{"name":"wp","href":"https:\/\/api.w.org\/{rel}","templated":true}]}}