{"id":45501,"date":"2019-01-01T00:00:00","date_gmt":"2019-01-01T00:00:00","guid":{"rendered":"https:\/\/www.churchill1795.com\/?post_type=product&#038;p=45501"},"modified":"2025-12-19T08:48:31","modified_gmt":"2025-12-19T08:48:31","slug":"teller-mit-standfuessen-und-erhoehtem-rand-27-6cm-8","status":"publish","type":"product","link":"https:\/\/www.churchill1795.com\/de\/produkt\/teller-mit-standfuessen-und-erhoehtem-rand-27-6cm-8\/","title":{"rendered":"TELLER MIT STANDF\u00dc\u00dfEN UND ERH\u00d6HTEM RAND 27.6CM"},"content":{"rendered":"<p>Das moderne und raffinierte Design von Isla lehnt sich stark an die Formen und Texturen von K\u00fcstenlandschaften an. Das gepr\u00e4gte Design findet sich auf einer sehr breiten Palette von Formen und Gr\u00f6\u00dfen, von Ess- und Trinkgeschirr, so dass ein komplettes Tischbild kreiert werden kann.<\/p>\n","protected":false},"excerpt":{"rendered":"<p>Das raffinierte Isla-Design ist von Formen und Texturen inspiriert, die man am Meer findet, und bietet ein umfassendes Sortiment an Ess- und Trinkgeschirr.<\/p>\n","protected":false},"featured_media":4704,"template":"","meta":{"_acf_changed":false,"content-type":""},"product_brand":[],"product_cat":[3597,3600],"product_tag":[],"class_list":{"0":"post-45501","1":"product","2":"type-product","3":"status-publish","4":"has-post-thumbnail","6":"product_cat-teller","7":"product_cat-teller-mit-rand","8":"pa_colour-white-de","9":"pa_filter-colour-weis","10":"pa_filter-material-keramik","11":"pa_filter-width-26-32cm-10-2-12-5-de","12":"pa_material-churchill-super-vitrified-de","13":"pa_shape-rund","14":"pa_size-27-6cm-10-7-8-de","15":"range-isla","16":"brand-churchill-super-vitrified","17":"shape-code-if581","19":"first","20":"instock","21":"purchasable","22":"product-type-simple","23":"add-to-wishlist-after_add_to_cart"},"acf":[],"yoast_head":"<!-- This site is optimized with the Yoast SEO plugin v27.3 - https:\/\/yoast.com\/product\/yoast-seo-wordpress\/ -->\n<title>Churchill Isla Teller mit Standf\u00fc\u00dfen Und Erh\u00f6htem Rand 27.6cm<\/title>\n<meta name=\"description\" content=\"Das gepr\u00e4gte Design von Isla ist von der K\u00fcstenlinie inspiriert. Eine Serie f\u00fcr den professionellen Einsatz, verglast f\u00fcr zus\u00e4tzliche Festigkeit.\" \/>\n<meta name=\"robots\" content=\"index, follow, max-snippet:-1, max-image-preview:large, max-video-preview:-1\" \/>\n<link rel=\"canonical\" href=\"https:\/\/www.churchill1795.com\/de\/produkt\/teller-mit-standfuessen-und-erhoehtem-rand-27-6cm-8\/\" \/>\n<meta property=\"og:locale\" content=\"de_DE\" \/>\n<meta property=\"og:type\" content=\"article\" \/>\n<meta property=\"og:title\" content=\"Churchill Isla Teller mit Standf\u00fc\u00dfen Und Erh\u00f6htem Rand 27.6cm\" \/>\n<meta property=\"og:description\" content=\"Das gepr\u00e4gte Design von Isla ist von der K\u00fcstenlinie inspiriert. Eine Serie f\u00fcr den professionellen Einsatz, verglast f\u00fcr zus\u00e4tzliche Festigkeit.\" \/>\n<meta property=\"og:url\" content=\"https:\/\/www.churchill1795.com\/de\/produkt\/teller-mit-standfuessen-und-erhoehtem-rand-27-6cm-8\/\" \/>\n<meta property=\"og:site_name\" content=\"Churchill\" \/>\n<meta property=\"article:modified_time\" content=\"2025-12-19T08:48:31+00:00\" \/>\n<meta property=\"og:image\" content=\"https:\/\/www.churchill1795.com\/wp-content\/uploads\/2024\/05\/WHISIF581.png\" \/>\n\t<meta property=\"og:image:width\" content=\"1000\" \/>\n\t<meta property=\"og:image:height\" content=\"1000\" \/>\n\t<meta property=\"og:image:type\" content=\"image\/png\" \/>\n<meta name=\"twitter:card\" content=\"summary_large_image\" \/>\n<script type=\"application\/ld+json\" class=\"yoast-schema-graph\">{\"@context\":\"https:\\\/\\\/schema.org\",\"@graph\":[{\"@type\":\"WebPage\",\"@id\":\"https:\\\/\\\/www.churchill1795.com\\\/de\\\/produkt\\\/teller-mit-standfuessen-und-erhoehtem-rand-27-6cm-8\\\/\",\"url\":\"https:\\\/\\\/www.churchill1795.com\\\/de\\\/produkt\\\/teller-mit-standfuessen-und-erhoehtem-rand-27-6cm-8\\\/\",\"name\":\"Churchill Isla Teller mit Standf\u00fc\u00dfen Und Erh\u00f6htem Rand 27.6cm\",\"isPartOf\":{\"@id\":\"https:\\\/\\\/www.churchill1795.com\\\/en\\\/#website\"},\"primaryImageOfPage\":{\"@id\":\"https:\\\/\\\/www.churchill1795.com\\\/de\\\/produkt\\\/teller-mit-standfuessen-und-erhoehtem-rand-27-6cm-8\\\/#primaryimage\"},\"image\":{\"@id\":\"https:\\\/\\\/www.churchill1795.com\\\/de\\\/produkt\\\/teller-mit-standfuessen-und-erhoehtem-rand-27-6cm-8\\\/#primaryimage\"},\"thumbnailUrl\":\"https:\\\/\\\/www.churchill1795.com\\\/wp-content\\\/uploads\\\/2024\\\/05\\\/WHISIF581.png\",\"datePublished\":\"2019-01-01T00:00:00+00:00\",\"dateModified\":\"2025-12-19T08:48:31+00:00\",\"description\":\"Das gepr\u00e4gte Design von Isla ist von der K\u00fcstenlinie inspiriert. Eine Serie f\u00fcr den professionellen Einsatz, verglast f\u00fcr zus\u00e4tzliche Festigkeit.\",\"breadcrumb\":{\"@id\":\"https:\\\/\\\/www.churchill1795.com\\\/de\\\/produkt\\\/teller-mit-standfuessen-und-erhoehtem-rand-27-6cm-8\\\/#breadcrumb\"},\"inLanguage\":\"de\",\"potentialAction\":[{\"@type\":\"ReadAction\",\"target\":[\"https:\\\/\\\/www.churchill1795.com\\\/de\\\/produkt\\\/teller-mit-standfuessen-und-erhoehtem-rand-27-6cm-8\\\/\"]}]},{\"@type\":\"ImageObject\",\"inLanguage\":\"de\",\"@id\":\"https:\\\/\\\/www.churchill1795.com\\\/de\\\/produkt\\\/teller-mit-standfuessen-und-erhoehtem-rand-27-6cm-8\\\/#primaryimage\",\"url\":\"https:\\\/\\\/www.churchill1795.com\\\/wp-content\\\/uploads\\\/2024\\\/05\\\/WHISIF581.png\",\"contentUrl\":\"https:\\\/\\\/www.churchill1795.com\\\/wp-content\\\/uploads\\\/2024\\\/05\\\/WHISIF581.png\",\"width\":1000,\"height\":1000},{\"@type\":\"BreadcrumbList\",\"@id\":\"https:\\\/\\\/www.churchill1795.com\\\/de\\\/produkt\\\/teller-mit-standfuessen-und-erhoehtem-rand-27-6cm-8\\\/#breadcrumb\",\"itemListElement\":[{\"@type\":\"ListItem\",\"position\":1,\"name\":\"Home\",\"item\":\"https:\\\/\\\/www.churchill1795.com\\\/de\\\/\"},{\"@type\":\"ListItem\",\"position\":2,\"name\":\"TELLER MIT STANDF\u00dc\u00dfEN UND ERH\u00d6HTEM RAND 27.6CM\"}]},{\"@type\":\"WebSite\",\"@id\":\"https:\\\/\\\/www.churchill1795.com\\\/en\\\/#website\",\"url\":\"https:\\\/\\\/www.churchill1795.com\\\/en\\\/\",\"name\":\"Churchill\",\"description\":\"Innovation, Passion &amp; expertise\",\"publisher\":{\"@id\":\"https:\\\/\\\/www.churchill1795.com\\\/en\\\/#organization\"},\"potentialAction\":[{\"@type\":\"SearchAction\",\"target\":{\"@type\":\"EntryPoint\",\"urlTemplate\":\"https:\\\/\\\/www.churchill1795.com\\\/en\\\/?s={search_term_string}\"},\"query-input\":{\"@type\":\"PropertyValueSpecification\",\"valueRequired\":true,\"valueName\":\"search_term_string\"}}],\"inLanguage\":\"de\"},{\"@type\":\"Organization\",\"@id\":\"https:\\\/\\\/www.churchill1795.com\\\/en\\\/#organization\",\"name\":\"Churchill\",\"url\":\"https:\\\/\\\/www.churchill1795.com\\\/en\\\/\",\"logo\":{\"@type\":\"ImageObject\",\"inLanguage\":\"de\",\"@id\":\"https:\\\/\\\/www.churchill1795.com\\\/en\\\/#\\\/schema\\\/logo\\\/image\\\/\",\"url\":\"https:\\\/\\\/www.churchill1795.com\\\/wp-content\\\/uploads\\\/2024\\\/09\\\/logo-1.webp\",\"contentUrl\":\"https:\\\/\\\/www.churchill1795.com\\\/wp-content\\\/uploads\\\/2024\\\/09\\\/logo-1.webp\",\"width\":240,\"height\":88,\"caption\":\"Churchill\"},\"image\":{\"@id\":\"https:\\\/\\\/www.churchill1795.com\\\/en\\\/#\\\/schema\\\/logo\\\/image\\\/\"}}]}<\/script>\n<!-- \/ Yoast SEO plugin. -->","yoast_head_json":{"title":"Churchill Isla Teller mit Standf\u00fc\u00dfen Und Erh\u00f6htem Rand 27.6cm","description":"Das gepr\u00e4gte Design von Isla ist von der K\u00fcstenlinie inspiriert. Eine Serie f\u00fcr den professionellen Einsatz, verglast f\u00fcr zus\u00e4tzliche Festigkeit.","robots":{"index":"index","follow":"follow","max-snippet":"max-snippet:-1","max-image-preview":"max-image-preview:large","max-video-preview":"max-video-preview:-1"},"canonical":"https:\/\/www.churchill1795.com\/de\/produkt\/teller-mit-standfuessen-und-erhoehtem-rand-27-6cm-8\/","og_locale":"de_DE","og_type":"article","og_title":"Churchill Isla Teller mit Standf\u00fc\u00dfen Und Erh\u00f6htem Rand 27.6cm","og_description":"Das gepr\u00e4gte Design von Isla ist von der K\u00fcstenlinie inspiriert. Eine Serie f\u00fcr den professionellen Einsatz, verglast f\u00fcr zus\u00e4tzliche Festigkeit.","og_url":"https:\/\/www.churchill1795.com\/de\/produkt\/teller-mit-standfuessen-und-erhoehtem-rand-27-6cm-8\/","og_site_name":"Churchill","article_modified_time":"2025-12-19T08:48:31+00:00","og_image":[{"width":1000,"height":1000,"url":"https:\/\/www.churchill1795.com\/wp-content\/uploads\/2024\/05\/WHISIF581.png","type":"image\/png"}],"twitter_card":"summary_large_image","schema":{"@context":"https:\/\/schema.org","@graph":[{"@type":"WebPage","@id":"https:\/\/www.churchill1795.com\/de\/produkt\/teller-mit-standfuessen-und-erhoehtem-rand-27-6cm-8\/","url":"https:\/\/www.churchill1795.com\/de\/produkt\/teller-mit-standfuessen-und-erhoehtem-rand-27-6cm-8\/","name":"Churchill Isla Teller mit Standf\u00fc\u00dfen Und Erh\u00f6htem Rand 27.6cm","isPartOf":{"@id":"https:\/\/www.churchill1795.com\/en\/#website"},"primaryImageOfPage":{"@id":"https:\/\/www.churchill1795.com\/de\/produkt\/teller-mit-standfuessen-und-erhoehtem-rand-27-6cm-8\/#primaryimage"},"image":{"@id":"https:\/\/www.churchill1795.com\/de\/produkt\/teller-mit-standfuessen-und-erhoehtem-rand-27-6cm-8\/#primaryimage"},"thumbnailUrl":"https:\/\/www.churchill1795.com\/wp-content\/uploads\/2024\/05\/WHISIF581.png","datePublished":"2019-01-01T00:00:00+00:00","dateModified":"2025-12-19T08:48:31+00:00","description":"Das gepr\u00e4gte Design von Isla ist von der K\u00fcstenlinie inspiriert. Eine Serie f\u00fcr den professionellen Einsatz, verglast f\u00fcr zus\u00e4tzliche Festigkeit.","breadcrumb":{"@id":"https:\/\/www.churchill1795.com\/de\/produkt\/teller-mit-standfuessen-und-erhoehtem-rand-27-6cm-8\/#breadcrumb"},"inLanguage":"de","potentialAction":[{"@type":"ReadAction","target":["https:\/\/www.churchill1795.com\/de\/produkt\/teller-mit-standfuessen-und-erhoehtem-rand-27-6cm-8\/"]}]},{"@type":"ImageObject","inLanguage":"de","@id":"https:\/\/www.churchill1795.com\/de\/produkt\/teller-mit-standfuessen-und-erhoehtem-rand-27-6cm-8\/#primaryimage","url":"https:\/\/www.churchill1795.com\/wp-content\/uploads\/2024\/05\/WHISIF581.png","contentUrl":"https:\/\/www.churchill1795.com\/wp-content\/uploads\/2024\/05\/WHISIF581.png","width":1000,"height":1000},{"@type":"BreadcrumbList","@id":"https:\/\/www.churchill1795.com\/de\/produkt\/teller-mit-standfuessen-und-erhoehtem-rand-27-6cm-8\/#breadcrumb","itemListElement":[{"@type":"ListItem","position":1,"name":"Home","item":"https:\/\/www.churchill1795.com\/de\/"},{"@type":"ListItem","position":2,"name":"TELLER MIT STANDF\u00dc\u00dfEN UND ERH\u00d6HTEM RAND 27.6CM"}]},{"@type":"WebSite","@id":"https:\/\/www.churchill1795.com\/en\/#website","url":"https:\/\/www.churchill1795.com\/en\/","name":"Churchill","description":"Innovation, Passion &amp; expertise","publisher":{"@id":"https:\/\/www.churchill1795.com\/en\/#organization"},"potentialAction":[{"@type":"SearchAction","target":{"@type":"EntryPoint","urlTemplate":"https:\/\/www.churchill1795.com\/en\/?s={search_term_string}"},"query-input":{"@type":"PropertyValueSpecification","valueRequired":true,"valueName":"search_term_string"}}],"inLanguage":"de"},{"@type":"Organization","@id":"https:\/\/www.churchill1795.com\/en\/#organization","name":"Churchill","url":"https:\/\/www.churchill1795.com\/en\/","logo":{"@type":"ImageObject","inLanguage":"de","@id":"https:\/\/www.churchill1795.com\/en\/#\/schema\/logo\/image\/","url":"https:\/\/www.churchill1795.com\/wp-content\/uploads\/2024\/09\/logo-1.webp","contentUrl":"https:\/\/www.churchill1795.com\/wp-content\/uploads\/2024\/09\/logo-1.webp","width":240,"height":88,"caption":"Churchill"},"image":{"@id":"https:\/\/www.churchill1795.com\/en\/#\/schema\/logo\/image\/"}}]}},"_links":{"self":[{"href":"https:\/\/www.churchill1795.com\/de\/wp-json\/wp\/v2\/product\/45501","targetHints":{"allow":["GET"]}}],"collection":[{"href":"https:\/\/www.churchill1795.com\/de\/wp-json\/wp\/v2\/product"}],"about":[{"href":"https:\/\/www.churchill1795.com\/de\/wp-json\/wp\/v2\/types\/product"}],"wp:featuredmedia":[{"embeddable":true,"href":"https:\/\/www.churchill1795.com\/de\/wp-json\/wp\/v2\/media\/4704"}],"wp:attachment":[{"href":"https:\/\/www.churchill1795.com\/de\/wp-json\/wp\/v2\/media?parent=45501"}],"wp:term":[{"taxonomy":"product_brand","embeddable":true,"href":"https:\/\/www.churchill1795.com\/de\/wp-json\/wp\/v2\/product_brand?post=45501"},{"taxonomy":"product_cat","embeddable":true,"href":"https:\/\/www.churchill1795.com\/de\/wp-json\/wp\/v2\/product_cat?post=45501"},{"taxonomy":"product_tag","embeddable":true,"href":"https:\/\/www.churchill1795.com\/de\/wp-json\/wp\/v2\/product_tag?post=45501"}],"curies":[{"name":"wp","href":"https:\/\/api.w.org\/{rel}","templated":true}]}}