{"id":45484,"date":"2010-01-01T00:00:00","date_gmt":"2010-01-01T00:00:00","guid":{"rendered":"https:\/\/www.churchill1795.com\/?post_type=product&#038;p=45484"},"modified":"2025-12-19T08:46:53","modified_gmt":"2025-12-19T08:46:53","slug":"coupe-teller-28-8cm-104","status":"publish","type":"product","link":"https:\/\/www.churchill1795.com\/de\/produkt\/coupe-teller-28-8cm-104\/","title":{"rendered":"COUPE TELLER 28.8CM"},"content":{"rendered":"<p>Die elegante und schlichte Evolve-Serie ist eine vielseitige Serie von Coupe-Formen. Das weiche, randlose Profil eignet sich perfekt f\u00fcr klassische sowohl als auch moderne K\u00fcchen.<\/p>\n","protected":false},"excerpt":{"rendered":"<p>Die elegante und schlichte Evolve-Serie ist eine vielseitige Reihe von Coupe-Gerichte. Das weiche, randlose Profil passt perfekt zu klassischen oder modernen Stilen.<\/p>\n","protected":false},"featured_media":5404,"template":"","meta":{"_acf_changed":false,"content-type":""},"product_brand":[],"product_cat":[3598,3597],"product_tag":[],"class_list":{"0":"post-45484","1":"product","2":"type-product","3":"status-publish","4":"has-post-thumbnail","6":"product_cat-coupe-teller","7":"product_cat-teller","8":"pa_colour-white-de","9":"pa_filter-colour-weis","10":"pa_filter-material-keramik","11":"pa_filter-width-26-32cm-10-2-12-5-de","12":"pa_material-churchill-super-vitrified-de","13":"pa_shape-rund","14":"pa_size-28-8cm-11-1-4-de","15":"range-evolve","16":"brand-churchill-super-vitrified","17":"shape-code-ev111","19":"first","20":"instock","21":"purchasable","22":"product-type-simple","23":"add-to-wishlist-after_add_to_cart"},"acf":[],"yoast_head":"<!-- This site is optimized with the Yoast SEO plugin v27.3 - https:\/\/yoast.com\/product\/yoast-seo-wordpress\/ -->\n<title>Churchill Evolve White Coupe Teller 28.8cm<\/title>\n<meta name=\"description\" content=\"Schlichte wei\u00dfe Coupe-Teller. Weiche Form f\u00fcr moderne und vielseitige Verwendung. F\u00fcr den professionellen Einsatz entwickelt. Vollst\u00e4ndig verglast.\" \/>\n<meta name=\"robots\" content=\"index, follow, max-snippet:-1, max-image-preview:large, max-video-preview:-1\" \/>\n<link rel=\"canonical\" href=\"https:\/\/www.churchill1795.com\/de\/produkt\/coupe-teller-28-8cm-104\/\" \/>\n<meta property=\"og:locale\" content=\"de_DE\" \/>\n<meta property=\"og:type\" content=\"article\" \/>\n<meta property=\"og:title\" content=\"Churchill Evolve White Coupe Teller 28.8cm\" \/>\n<meta property=\"og:description\" content=\"Schlichte wei\u00dfe Coupe-Teller. Weiche Form f\u00fcr moderne und vielseitige Verwendung. F\u00fcr den professionellen Einsatz entwickelt. Vollst\u00e4ndig verglast.\" \/>\n<meta property=\"og:url\" content=\"https:\/\/www.churchill1795.com\/de\/produkt\/coupe-teller-28-8cm-104\/\" \/>\n<meta property=\"og:site_name\" content=\"Churchill\" \/>\n<meta property=\"article:modified_time\" content=\"2025-12-19T08:46:53+00:00\" \/>\n<meta property=\"og:image\" content=\"https:\/\/www.churchill1795.com\/wp-content\/uploads\/2024\/05\/WH-EV111.png\" \/>\n\t<meta property=\"og:image:width\" content=\"1000\" \/>\n\t<meta property=\"og:image:height\" content=\"1000\" \/>\n\t<meta property=\"og:image:type\" content=\"image\/png\" \/>\n<meta name=\"twitter:card\" content=\"summary_large_image\" \/>\n<script type=\"application\/ld+json\" class=\"yoast-schema-graph\">{\"@context\":\"https:\\\/\\\/schema.org\",\"@graph\":[{\"@type\":\"WebPage\",\"@id\":\"https:\\\/\\\/www.churchill1795.com\\\/de\\\/produkt\\\/coupe-teller-28-8cm-104\\\/\",\"url\":\"https:\\\/\\\/www.churchill1795.com\\\/de\\\/produkt\\\/coupe-teller-28-8cm-104\\\/\",\"name\":\"Churchill Evolve White Coupe Teller 28.8cm\",\"isPartOf\":{\"@id\":\"https:\\\/\\\/www.churchill1795.com\\\/en\\\/#website\"},\"primaryImageOfPage\":{\"@id\":\"https:\\\/\\\/www.churchill1795.com\\\/de\\\/produkt\\\/coupe-teller-28-8cm-104\\\/#primaryimage\"},\"image\":{\"@id\":\"https:\\\/\\\/www.churchill1795.com\\\/de\\\/produkt\\\/coupe-teller-28-8cm-104\\\/#primaryimage\"},\"thumbnailUrl\":\"https:\\\/\\\/www.churchill1795.com\\\/wp-content\\\/uploads\\\/2024\\\/05\\\/WH-EV111.png\",\"datePublished\":\"2010-01-01T00:00:00+00:00\",\"dateModified\":\"2025-12-19T08:46:53+00:00\",\"description\":\"Schlichte wei\u00dfe Coupe-Teller. Weiche Form f\u00fcr moderne und vielseitige Verwendung. F\u00fcr den professionellen Einsatz entwickelt. Vollst\u00e4ndig verglast.\",\"breadcrumb\":{\"@id\":\"https:\\\/\\\/www.churchill1795.com\\\/de\\\/produkt\\\/coupe-teller-28-8cm-104\\\/#breadcrumb\"},\"inLanguage\":\"de\",\"potentialAction\":[{\"@type\":\"ReadAction\",\"target\":[\"https:\\\/\\\/www.churchill1795.com\\\/de\\\/produkt\\\/coupe-teller-28-8cm-104\\\/\"]}]},{\"@type\":\"ImageObject\",\"inLanguage\":\"de\",\"@id\":\"https:\\\/\\\/www.churchill1795.com\\\/de\\\/produkt\\\/coupe-teller-28-8cm-104\\\/#primaryimage\",\"url\":\"https:\\\/\\\/www.churchill1795.com\\\/wp-content\\\/uploads\\\/2024\\\/05\\\/WH-EV111.png\",\"contentUrl\":\"https:\\\/\\\/www.churchill1795.com\\\/wp-content\\\/uploads\\\/2024\\\/05\\\/WH-EV111.png\",\"width\":1000,\"height\":1000},{\"@type\":\"BreadcrumbList\",\"@id\":\"https:\\\/\\\/www.churchill1795.com\\\/de\\\/produkt\\\/coupe-teller-28-8cm-104\\\/#breadcrumb\",\"itemListElement\":[{\"@type\":\"ListItem\",\"position\":1,\"name\":\"Home\",\"item\":\"https:\\\/\\\/www.churchill1795.com\\\/de\\\/\"},{\"@type\":\"ListItem\",\"position\":2,\"name\":\"COUPE TELLER 28.8CM\"}]},{\"@type\":\"WebSite\",\"@id\":\"https:\\\/\\\/www.churchill1795.com\\\/en\\\/#website\",\"url\":\"https:\\\/\\\/www.churchill1795.com\\\/en\\\/\",\"name\":\"Churchill\",\"description\":\"Innovation, Passion &amp; expertise\",\"publisher\":{\"@id\":\"https:\\\/\\\/www.churchill1795.com\\\/en\\\/#organization\"},\"potentialAction\":[{\"@type\":\"SearchAction\",\"target\":{\"@type\":\"EntryPoint\",\"urlTemplate\":\"https:\\\/\\\/www.churchill1795.com\\\/en\\\/?s={search_term_string}\"},\"query-input\":{\"@type\":\"PropertyValueSpecification\",\"valueRequired\":true,\"valueName\":\"search_term_string\"}}],\"inLanguage\":\"de\"},{\"@type\":\"Organization\",\"@id\":\"https:\\\/\\\/www.churchill1795.com\\\/en\\\/#organization\",\"name\":\"Churchill\",\"url\":\"https:\\\/\\\/www.churchill1795.com\\\/en\\\/\",\"logo\":{\"@type\":\"ImageObject\",\"inLanguage\":\"de\",\"@id\":\"https:\\\/\\\/www.churchill1795.com\\\/en\\\/#\\\/schema\\\/logo\\\/image\\\/\",\"url\":\"https:\\\/\\\/www.churchill1795.com\\\/wp-content\\\/uploads\\\/2024\\\/09\\\/logo-1.webp\",\"contentUrl\":\"https:\\\/\\\/www.churchill1795.com\\\/wp-content\\\/uploads\\\/2024\\\/09\\\/logo-1.webp\",\"width\":240,\"height\":88,\"caption\":\"Churchill\"},\"image\":{\"@id\":\"https:\\\/\\\/www.churchill1795.com\\\/en\\\/#\\\/schema\\\/logo\\\/image\\\/\"}}]}<\/script>\n<!-- \/ Yoast SEO plugin. -->","yoast_head_json":{"title":"Churchill Evolve White Coupe Teller 28.8cm","description":"Schlichte wei\u00dfe Coupe-Teller. Weiche Form f\u00fcr moderne und vielseitige Verwendung. F\u00fcr den professionellen Einsatz entwickelt. Vollst\u00e4ndig verglast.","robots":{"index":"index","follow":"follow","max-snippet":"max-snippet:-1","max-image-preview":"max-image-preview:large","max-video-preview":"max-video-preview:-1"},"canonical":"https:\/\/www.churchill1795.com\/de\/produkt\/coupe-teller-28-8cm-104\/","og_locale":"de_DE","og_type":"article","og_title":"Churchill Evolve White Coupe Teller 28.8cm","og_description":"Schlichte wei\u00dfe Coupe-Teller. Weiche Form f\u00fcr moderne und vielseitige Verwendung. F\u00fcr den professionellen Einsatz entwickelt. Vollst\u00e4ndig verglast.","og_url":"https:\/\/www.churchill1795.com\/de\/produkt\/coupe-teller-28-8cm-104\/","og_site_name":"Churchill","article_modified_time":"2025-12-19T08:46:53+00:00","og_image":[{"width":1000,"height":1000,"url":"https:\/\/www.churchill1795.com\/wp-content\/uploads\/2024\/05\/WH-EV111.png","type":"image\/png"}],"twitter_card":"summary_large_image","schema":{"@context":"https:\/\/schema.org","@graph":[{"@type":"WebPage","@id":"https:\/\/www.churchill1795.com\/de\/produkt\/coupe-teller-28-8cm-104\/","url":"https:\/\/www.churchill1795.com\/de\/produkt\/coupe-teller-28-8cm-104\/","name":"Churchill Evolve White Coupe Teller 28.8cm","isPartOf":{"@id":"https:\/\/www.churchill1795.com\/en\/#website"},"primaryImageOfPage":{"@id":"https:\/\/www.churchill1795.com\/de\/produkt\/coupe-teller-28-8cm-104\/#primaryimage"},"image":{"@id":"https:\/\/www.churchill1795.com\/de\/produkt\/coupe-teller-28-8cm-104\/#primaryimage"},"thumbnailUrl":"https:\/\/www.churchill1795.com\/wp-content\/uploads\/2024\/05\/WH-EV111.png","datePublished":"2010-01-01T00:00:00+00:00","dateModified":"2025-12-19T08:46:53+00:00","description":"Schlichte wei\u00dfe Coupe-Teller. Weiche Form f\u00fcr moderne und vielseitige Verwendung. F\u00fcr den professionellen Einsatz entwickelt. Vollst\u00e4ndig verglast.","breadcrumb":{"@id":"https:\/\/www.churchill1795.com\/de\/produkt\/coupe-teller-28-8cm-104\/#breadcrumb"},"inLanguage":"de","potentialAction":[{"@type":"ReadAction","target":["https:\/\/www.churchill1795.com\/de\/produkt\/coupe-teller-28-8cm-104\/"]}]},{"@type":"ImageObject","inLanguage":"de","@id":"https:\/\/www.churchill1795.com\/de\/produkt\/coupe-teller-28-8cm-104\/#primaryimage","url":"https:\/\/www.churchill1795.com\/wp-content\/uploads\/2024\/05\/WH-EV111.png","contentUrl":"https:\/\/www.churchill1795.com\/wp-content\/uploads\/2024\/05\/WH-EV111.png","width":1000,"height":1000},{"@type":"BreadcrumbList","@id":"https:\/\/www.churchill1795.com\/de\/produkt\/coupe-teller-28-8cm-104\/#breadcrumb","itemListElement":[{"@type":"ListItem","position":1,"name":"Home","item":"https:\/\/www.churchill1795.com\/de\/"},{"@type":"ListItem","position":2,"name":"COUPE TELLER 28.8CM"}]},{"@type":"WebSite","@id":"https:\/\/www.churchill1795.com\/en\/#website","url":"https:\/\/www.churchill1795.com\/en\/","name":"Churchill","description":"Innovation, Passion &amp; expertise","publisher":{"@id":"https:\/\/www.churchill1795.com\/en\/#organization"},"potentialAction":[{"@type":"SearchAction","target":{"@type":"EntryPoint","urlTemplate":"https:\/\/www.churchill1795.com\/en\/?s={search_term_string}"},"query-input":{"@type":"PropertyValueSpecification","valueRequired":true,"valueName":"search_term_string"}}],"inLanguage":"de"},{"@type":"Organization","@id":"https:\/\/www.churchill1795.com\/en\/#organization","name":"Churchill","url":"https:\/\/www.churchill1795.com\/en\/","logo":{"@type":"ImageObject","inLanguage":"de","@id":"https:\/\/www.churchill1795.com\/en\/#\/schema\/logo\/image\/","url":"https:\/\/www.churchill1795.com\/wp-content\/uploads\/2024\/09\/logo-1.webp","contentUrl":"https:\/\/www.churchill1795.com\/wp-content\/uploads\/2024\/09\/logo-1.webp","width":240,"height":88,"caption":"Churchill"},"image":{"@id":"https:\/\/www.churchill1795.com\/en\/#\/schema\/logo\/image\/"}}]}},"_links":{"self":[{"href":"https:\/\/www.churchill1795.com\/de\/wp-json\/wp\/v2\/product\/45484","targetHints":{"allow":["GET"]}}],"collection":[{"href":"https:\/\/www.churchill1795.com\/de\/wp-json\/wp\/v2\/product"}],"about":[{"href":"https:\/\/www.churchill1795.com\/de\/wp-json\/wp\/v2\/types\/product"}],"wp:featuredmedia":[{"embeddable":true,"href":"https:\/\/www.churchill1795.com\/de\/wp-json\/wp\/v2\/media\/5404"}],"wp:attachment":[{"href":"https:\/\/www.churchill1795.com\/de\/wp-json\/wp\/v2\/media?parent=45484"}],"wp:term":[{"taxonomy":"product_brand","embeddable":true,"href":"https:\/\/www.churchill1795.com\/de\/wp-json\/wp\/v2\/product_brand?post=45484"},{"taxonomy":"product_cat","embeddable":true,"href":"https:\/\/www.churchill1795.com\/de\/wp-json\/wp\/v2\/product_cat?post=45484"},{"taxonomy":"product_tag","embeddable":true,"href":"https:\/\/www.churchill1795.com\/de\/wp-json\/wp\/v2\/product_tag?post=45484"}],"curies":[{"name":"wp","href":"https:\/\/api.w.org\/{rel}","templated":true}]}}